{"id":3252,"date":"2024-07-11T11:25:03","date_gmt":"2024-07-11T09:25:03","guid":{"rendered":"https:\/\/us.edu.pl\/instytut\/ij\/?page_id=3252"},"modified":"2024-07-11T11:25:03","modified_gmt":"2024-07-11T09:25:03","slug":"2022-2","status":"publish","type":"page","link":"https:\/\/us.edu.pl\/instytut\/ij\/konferencje-2\/2022-2\/","title":{"rendered":"2022"},"content":{"rendered":"<p>[vc_row el_class=&#8221;container&#8221;][vc_column width=&#8221;2\/3&#8243;]\r\n                <div class=\"text-modules\">\r\n                    <div class=\"container\">\r\n                        \r\n                        <div class=\"text-modules__content\"><\/p>\n<h3><strong><em>V Sosnowieckie Forum J\u0119zykoznawcze<\/em><\/strong><\/h3>\n<p><strong>Data: <\/strong>26-27.09.2022 r.<\/p>\n<p><strong>Miejsce: <\/strong>Wydzia\u0142 Humanistyczny Uniwersytetu \u015al\u0105skiego w Sosnowcu (ul. Grota Roweckiego 5) oraz online na platformie MS Teams<\/p>\n<p><strong>Organizatorzy: <\/strong>Instytut J\u0119zykoznawstwa Wydzia\u0142u Humanistycznego Uniwersytetu \u015al\u0105skiego<\/p>\n<p><strong>Zakres problemowy:\u00a0<\/strong>V Sosnowieckie Forum J\u0119zykoznawcze to mi\u0119dzynarodowa konferencja, kt\u00f3rej cykl spotka\u0144 trwa od 2014 roku. Ka\u017cdorazowo stanowi\u0105 mo\u017cliwo\u015b\u0107 zaprezentowania r\u00f3\u017cnorodnych perspektyw badawczych we wsp\u00f3\u0142czesnym j\u0119zykoznawstwie, szczeg\u00f3lnie slawistycznym, z uwzgl\u0119dnieniem zar\u00f3wno tradycyjnych, jak i nowych uj\u0119\u0107 metodologicznych.\u00a0W tegorocznej edycji zostan\u0105 zaprezentowane takie sekcje tematyczne jak:<\/p>\n<ul>\n<li>badania por\u00f3wnawcze w obr\u0119bie j\u0119zyk\u00f3w s\u0142owia\u0144skich,<\/li>\n<li>kulturowe i spo\u0142eczne aspekty j\u0119zyka,<\/li>\n<li>badania korpusowe w analizie lingwistycznej,<\/li>\n<li>dyskurs w badaniach slawistycznych,<\/li>\n<li>j\u0119zykoznawstwo a dydaktyka j\u0119zyk\u00f3w obcych.<\/li>\n<\/ul>\n<p><strong>Komitet organizacyjny:\u00a0<\/strong>dr Gabriela Wilk,\u00a0dr Ewa Kapela,\u00a0dr Alicja Mr\u00f3zek,\u00a0dr Ja\u015bmina \u015amiech,\u00a0dr Joanna Woch,\u00a0dr Maciej Walczak,\u00a0dr Maciej Labocha,\u00a0mgr Aleksandra Zi\u0119ba<\/p>\n<\/div>\r\n                    <\/div>\r\n                <\/div>[vc_separator]\r\n                <div class=\"text-modules\">\r\n                    <div class=\"container\">\r\n                        \r\n                        <div class=\"text-modules__content\"><\/p>\n<h3><em><strong>Konferencja pn. \u201eDyskursy pami\u0119ci. Praktyki, no\u015bniki, media\u201d<\/strong><\/em><\/h3>\n<p><strong>Data: <\/strong>8-10.06.2022 r.<\/p>\n<p><strong>Miejsce: <\/strong>Wydzia\u0142 Humanistyczny Uniwersytetu \u015al\u0105skiego w Katowicach (ul. Uniwersytecka 4)<\/p>\n<p><strong>Organizatorzy: <\/strong>Instytut J\u0119zykoznawstwa Wydzia\u0142u Humanistycznego Uniwersytetu \u015al\u0105skiego<\/p>\n<p><strong>Zakres problemowy: <\/strong>Konferencja jest ju\u017c trzeci\u0105 z cyklu konferencji dyskursologicznych (wcze\u015bniejsze to: \u201eDyskurs i jego odmiany\u201d oraz \u201eReprezentacje \u015bwiata w dyskursach (modele, obrazy, wizje)\u201d) organizowanych przez j\u0119zykoznawc\u00f3w z Uniwersytetu \u015al\u0105skiego w Katowicach. Tym razem konferencja jest wsp\u00f3\u0142organizowana przez przedstawicieli trzech instytucji badawczych, a jej temat zwi\u0105zany jest nie tylko z dyskursem i jego odmianami czy reprezentacjami, ale r\u00f3wnie\u017c z pami\u0119ci\u0105 jako fenomenem jednostki czy zbiorowo\u015bci.<\/p>\n<p>Pami\u0119\u0107 zbiorowa, spo\u0142eczna czy historyczna jest zawsze pochodn\u0105 dyskursywnie uwarunkowanych proces\u00f3w komunikacyjnych. Dyskursy pami\u0119ci jako zesp\u00f3\u0142 zorganizowanych praktyk komunikacyjnych i multimodalnych okre\u015blonych spo\u0142eczno\u015bci umo\u017cliwiaj\u0105 w trakcie r\u00f3\u017cnorodnych interakcji negocjacj\u0119 obraz\u00f3w przesz\u0142o\u015bci wynikaj\u0105cych z konkretnych potrzeb kulturowych i politycznych tera\u017aniejszo\u015bci. Wychodzimy z za\u0142o\u017cenia, \u017ce w procesie dyskursywnego modelowania pami\u0119ci kluczow\u0105 rol\u0119 odgrywa j\u0119zyk. J\u0119zyk staje si\u0119 medium pami\u0119ci, przyjmuj\u0105c w dyskursach funkcj\u0119 budulca i no\u015bnika pami\u0119ci. Bez dyskurs\u00f3w, ich medi\u00f3w, praktyk i no\u015bnik\u00f3w, proces zapami\u0119tywania i upami\u0119tniania oraz zapominania i wypierania pami\u0119ci nie by\u0142by mo\u017cliwy.<\/p>\n<p>Celem og\u00f3lnopolskiej konferencji jest pog\u0142\u0119biona refleksja nad procesem negocjowania wizji pami\u0119ci m. in. przy u\u017cyciu r\u00f3\u017cnych praktyk komunikacyjnych i multimodalnych, no\u015bnik\u00f3w oraz medi\u00f3w.<\/p>\n<p><strong>Komitet organizacyjny:\u00a0<\/strong>prof. dr hab. UW Waldemar Czachur (Uniwersytet Warszawski),\u00a0dr Beata Duda (Uniwersytet \u015al\u0105ski w Katowicach),\u00a0dr prof. U\u015a Katarzyna Sujkowska-Sobisz (Uniwersytet \u015al\u0105ski w Katowicach),\u00a0dr hab. prof. UMCS Marta W\u00f3jcicka (Uniwersytet Marii Curie-Sk\u0142odowskiej w Lublinie)<\/p>\n<p><strong>Strona konferencji:<\/strong> <a href=\"https:\/\/www.konferencjadyskurs.edu.pl\/program-konferencji\/\">www.konferencjadyskurs.edu.pl<\/a><\/p>\n<\/div>\r\n                    <\/div>\r\n                <\/div>[vc_separator]\r\n                <div class=\"text-modules\">\r\n                    <div class=\"container\">\r\n                        \r\n                        <div class=\"text-modules__content\"><\/p>\n<h3><strong><em>33. ICFSLA Mi\u0119dzynarodowa konferencja naukowa pt. \u201eNowoczesne technologie w nauczaniu i uczeniu si\u0119 j\u0119zyka obcego\u2026\u201d<\/em><\/strong><\/h3>\n<p><strong>Data: <\/strong>19-21.05.2022 r.<\/p>\n<p><strong>Miejsce: <\/strong>Szczyrk, Hotel Meta<\/p>\n<p><strong>Organizatorzy: <\/strong>Instytut J\u0119zykoznawstwa Wydzia\u0142u Humanistycznego Uniwersytetu \u015al\u0105skiego<\/p>\n<p><strong>Zakres problemowy: <\/strong>Tematem przewodnim konferencji s\u0105 nowoczesne technologie w nauczaniu, uczeniu si\u0119 j\u0119zyka obcego oraz w badaniach naukowych.\u00a0Obecno\u015b\u0107 nowoczesnych technologii nie jest nowym tematem, poniewa\u017c zar\u00f3wno kontekst dydaktyczny, jak i aspekty badawcze s\u0105 od dziesi\u0119cioleci inspirowane ich rozwojem w edukacji j\u0119zykowej. Jednak g\u0142\u00f3wna idea przewodnia tematu konferencji wywodzi si\u0119 z najnowszych do\u015bwiadcze\u0144 zwi\u0105zanych z funkcjonowaniem w bardzo odmiennym \u015brodowisku nauczania, uczenia si\u0119 i prowadzenia bada\u0144 online.<\/p>\n<p>W zwi\u0105zku z tym doroczna konferencja po\u015bwi\u0119cona zagadnieniu przyswajania j\u0119zyka obcego w okresie pandemii to dobre forum wymiany nowych pomys\u0142\u00f3w, kt\u00f3re zrodzi\u0142y si\u0119 w tym trudnym okresie.<\/p>\n<p><strong>Komitet organizacyjny:<\/strong> prof. dr hab. Danuta Gabry\u015b-Barker, dr hab. Adam Wojtaszek, prof. U\u015a, dr Katarzyna Papaja<\/p>\n<\/div>\r\n                    <\/div>\r\n                <\/div>[\/vc_column][vc_column width=&#8221;1\/3&#8243;][\/vc_column][\/vc_row]<\/p>","protected":false},"excerpt":{"rendered":"<p>[vc_row el_class=&#8221;container&#8221;][vc_column width=&#8221;2\/3&#8243;][vc_separator][vc_separator][\/vc_column][vc_column width=&#8221;1\/3&#8243;][\/vc_column][\/vc_row] [&#8230;]<\/p>\n<p><a class=\"btn btn-secondary understrap-read-more-link\" href=\"https:\/\/us.edu.pl\/instytut\/ij\/konferencje-2\/2022-2\/\">Read More&#8230;<\/a><\/p>\n","protected":false},"author":4930,"featured_media":0,"parent":1253,"menu_order":0,"comment_status":"closed","ping_status":"closed","template":"","meta":{"_expiration-date-status":"","_expiration-date":0,"_expiration-date-type":"","_expiration-date-categories":[],"_expiration-date-options":[]},"acf":[],"_links":{"self":[{"href":"https:\/\/us.edu.pl\/instytut\/ij\/wp-json\/wp\/v2\/pages\/3252"}],"collection":[{"href":"https:\/\/us.edu.pl\/instytut\/ij\/wp-json\/wp\/v2\/pages"}],"about":[{"href":"https:\/\/us.edu.pl\/instytut\/ij\/wp-json\/wp\/v2\/types\/page"}],"author":[{"embeddable":true,"href":"https:\/\/us.edu.pl\/instytut\/ij\/wp-json\/wp\/v2\/users\/4930"}],"replies":[{"embeddable":true,"href":"https:\/\/us.edu.pl\/instytut\/ij\/wp-json\/wp\/v2\/comments?post=3252"}],"version-history":[{"count":1,"href":"https:\/\/us.edu.pl\/instytut\/ij\/wp-json\/wp\/v2\/pages\/3252\/revisions"}],"predecessor-version":[{"id":3253,"href":"https:\/\/us.edu.pl\/instytut\/ij\/wp-json\/wp\/v2\/pages\/3252\/revisions\/3253"}],"up":[{"embeddable":true,"href":"https:\/\/us.edu.pl\/instytut\/ij\/wp-json\/wp\/v2\/pages\/1253"}],"wp:attachment":[{"href":"https:\/\/us.edu.pl\/instytut\/ij\/wp-json\/wp\/v2\/media?parent=3252"}],"curies":[{"name":"wp","href":"https:\/\/api.w.org\/{rel}","templated":true}]}}