{"id":3255,"date":"2024-07-11T11:51:25","date_gmt":"2024-07-11T09:51:25","guid":{"rendered":"https:\/\/us.edu.pl\/instytut\/ij\/?page_id=3255"},"modified":"2024-07-11T11:51:25","modified_gmt":"2024-07-11T09:51:25","slug":"2023-2","status":"publish","type":"page","link":"https:\/\/us.edu.pl\/instytut\/ij\/konferencje-2\/2023-2\/","title":{"rendered":"2023"},"content":{"rendered":"<p>[vc_row el_class=&#8221;container&#8221;][vc_column width=&#8221;2\/3&#8243;]\r\n                <div class=\"text-modules\">\r\n                    <div class=\"container\">\r\n                        \r\n                        <div class=\"text-modules__content\"><\/p>\n<h3><em><strong>VIII edycja konferencji pt. \u201ePrzestrzenie przek\u0142adu\u201d<\/strong><\/em><\/h3>\n<p><strong>Data: <\/strong>19-20.10.2023 r.<\/p>\n<p><strong>Miejsce:<\/strong> Wydzia\u0142 Humanistyczny Uniwersytetu \u015al\u0105skiego w Katowicach (ul. Uniwersytecka 4)<\/p>\n<p><strong>Organizatorzy:<\/strong> Instytut J\u0119zykoznawstwa Wydzia\u0142u Humanistycznego Uniwersytetu \u015al\u0105skiego<\/p>\n<p><strong>Zakres problemowy:<\/strong> Konferencja \u201ePrzestrzenie przek\u0142adu 9\u201d by\u0142a okazj\u0105 do spotkania traduktolog\u00f3w reprezentuj\u0105cych o\u015brodki krajowe i zagraniczne. Szerokie rozumienie tematu, zawarte w nazwie konferencji, pozwala na prezentacj\u0119 wynik\u00f3w bada\u0144 uwzgl\u0119dniaj\u0105cych r\u00f3\u017cne podej\u015bcia metodologiczne w uj\u0119ciu interdyscyplinarnym. Przedmiotem refleksji by\u0142y zar\u00f3wno zagadnienia o charakterze og\u00f3lnym, jak te\u017c szczeg\u00f3\u0142owe zjawiska analizowane na podstawie przek\u0142ad\u00f3w tekst\u00f3w literackich i specjalistycznych. Wyra\u017camy przekonanie, \u017ce nasze propozycje tematyczne pozwalaj\u0105 na uchwycenie r\u00f3\u017cnorodno\u015bci kontekst\u00f3w i rejestr\u00f3w, w obr\u0119bie kt\u00f3rych poruszaj\u0105 si\u0119 wsp\u00f3\u0142cze\u015bni badacze przek\u0142adu.<\/p>\n<p><strong>Komitet organizacyjny:<\/strong> dr Anna Paszkowska \u2013 przewodnicz\u0105ca komitetu organizacyjnego, mgr Katarzyna Akartel, mgr Krystsina Artamonava, mgr Aleksandra Gnyp, mgr Ruslana Korshunova, mgr Maria Lukosek, mgr Jakub Bober<\/p>\n<p><strong>Strona konferencji:<\/strong> <a href=\"https:\/\/www.przestrzenieprzekladu.us.edu.pl\/przestrzenie-przekladu-9\/\">www.przestrzenieprzekladu.us.edu.pl<\/a><\/p>\n<\/div>\r\n                    <\/div>\r\n                <\/div>[vc_separator]\r\n                <div class=\"text-modules\">\r\n                    <div class=\"container\">\r\n                        \r\n                        <div class=\"text-modules__content\"><\/p>\n<h3><em><strong>Konferencja naukowa po\u015bwi\u0119cona j\u0119zykowi hiszpa\u0144skiemu \u201eEl espa\u00f1ol como lengua extranjera en Europa Central (2004\u20132020). Enfoque demoling\u00fc\u00edstico\u201d<\/strong><\/em><\/h3>\n<p><strong>Data: <\/strong>19.10.2023 r.<\/p>\n<p><strong>Miejsce:<\/strong> Uniwersytet Po\u0142udniowoczeski w Czeskich Budziejowicach<\/p>\n<p><strong>Organizatorzy:<\/strong> Instytutu J\u0119zykoznawstwa Wydzia\u0142 Humanistyczny Uniwersytetu \u015al\u0105skiego w Katowicach, Uniwersytet Jagiello\u0144ski, Uniwersytet w Bratys\u0142awie, Uniwersytet Po\u0142udniowoczeski w Czeskich Budziejowicach oraz Uniwersytet Segedy\u0144ski<\/p>\n<p><strong>Zakres problemowy: <\/strong>Wydarzenie organizowane jest w ramach grantu wyszehradzkiego przyznanego za projekt \u201eSpanish as a Foreign Language in Central Europe: A Demolinguistic Approach (2004\u20132020)\u201d. Wsp\u00f3\u0142organizatorem konferencji jest dr Cecylia Tatoj z Instytutu J\u0119zykoznawstwa U\u015a.<\/p>\n<p>Celem przedsi\u0119wzi\u0119cia jest analiza sytuacji j\u0119zyka hiszpa\u0144skiego na r\u00f3\u017cnych poziomach edukacji w Polsce, Czechach, S\u0142owacji i na W\u0119grzech.<\/p>\n<p><strong>Komitet organizacyjny:<\/strong> Andrzej Zieli\u0144ski, H\u00e9ctor \u00c1lvarez Mella, Tibor Berta<br \/>\nMaria Medveczk\u00e1, Jana Pe\u0161kov\u00e1, Radana \u0160trb\u00e1kov\u00e1, Cecylia Tatoj<\/p>\n<p><strong>Strona konferencji:<\/strong> <a href=\"https:\/\/spanish.filg.uj.edu.pl\/about-the-project\">www.spanish.filg.uj.edu.pl<\/a><\/p>\n<\/div>\r\n                    <\/div>\r\n                <\/div>[vc_separator]\r\n                <div class=\"text-modules\">\r\n                    <div class=\"container\">\r\n                        \r\n                        <div class=\"text-modules__content\"><\/p>\n<h3><strong><em>I Og\u00f3lnopolska Konferencja Logopedyczna \u201eDiagnoza i terapia logopedyczna w \u015bwietle bada\u0144\u201d<\/em><\/strong><\/h3>\n<p><strong>Data: <\/strong>30.09.2023 r.<\/p>\n<p><strong>Miejsce:<\/strong> Wydzia\u0142 Humanistyczny Uniwersytetu \u015al\u0105skiego w Katowicach (ul. Uniwersytecka 4)<\/p>\n<p><strong>Organizatorzy: <\/strong>Instytut J\u0119zykoznawstwa Wydzia\u0142u Humanistycznego Uniwersytetu \u015al\u0105skiego<\/p>\n<p><strong>Zakres problemowy:<\/strong> Celem konferencji jest naukowa dyskusja na temat najnowszych wynik\u00f3w bada\u0144 dotycz\u0105cych diagnozy i terapii zaburze\u0144 mowy, co wpisuje si\u0119 w promowan\u0105 po\u015br\u00f3d logoped\u00f3w formu\u0142\u0119 Evidence-Based Practice, czyli praktyki opartej na dowodach naukowych w logopedii oraz wynikami naukowej kwerendy prowadzonej w odniesieniu do diagnozy i terapii zaburze\u0144 mowy.<\/p>\n<p><strong>Komitet organizacyjny:<\/strong> prof. dr hab. Danuta Pluta-Wojciechowska, dr Kamila Kuros-Kowalska<\/p>\n<\/div>\r\n                    <\/div>\r\n                <\/div>[vc_separator]\r\n                <div class=\"text-modules\">\r\n                    <div class=\"container\">\r\n                        \r\n                        <div class=\"text-modules__content\"><\/p>\n<h3><em><strong>III Mi\u0119dzynarodowa Konferencja na temat Gie\u0142kotu (the 3rd World Conference on Cluttering)<\/strong><\/em><\/h3>\n<p><strong>Data: <\/strong>16-17.09.2023 r.<\/p>\n<p><strong>Miejsce:<\/strong> Wydzia\u0142 Humanistyczny Uniwersytetu \u015al\u0105skiego w Katowicach (ul. Uniwersytecka 4)<\/p>\n<p><strong>Organizatorzy: <\/strong>Instytut J\u0119zykoznawstwa Wydzia\u0142u Humanistycznego Uniwersytetu \u015al\u0105skiego<\/p>\n<p><strong>Zakres problemowy:<\/strong> Konferencja mia\u0142a charakter przegl\u0105dowy. W czasie obrad omawiane by\u0142y r\u00f3\u017cnorodne tematy zwi\u0105zane z t\u0105 problematyk\u0105 \u2013 przede wszystkim w odniesieniu do profilaktyki, diagnozy i terapii gie\u0142kotu. Mia\u0142a za zadanie umo\u017cliwi\u0107 zacie\u015bnienie wsp\u00f3\u0142pracy pomi\u0119dzy partnerami zagranicznymi i polskimi oraz przyczyni\u0107 si\u0119 do upowszechnienia na poziomie mi\u0119dzynarodowym ich osi\u0105gni\u0119\u0107 w tym zakresie. W programie konferencji znalaz\u0142y si\u0119 wyst\u0105pienia praktyk\u00f3w i teoretyk\u00f3w specjalizuj\u0105cych si\u0119 w zaburzeniach p\u0142ynno\u015bci mowy, kt\u00f3rzy reprezentuj\u0105 zar\u00f3wno krajowe, jak zagraniczne o\u015brodki naukowo-badawcze. W\u015br\u00f3d go\u015bci znale\u017ali si\u0119 ekspertki i eksperci z Australii, Francji, Izraela, Kr\u00f3lestwa Niderland\u00f3w, Litwy, Polski, Niemiec, Norwegii, Turcji, USA, W\u0119gier i Wielkiej Brytanii. Zaprezentowali si\u0119 r\u00f3wnie\u017c przedstawiciele i przedstawicielki \u015bl\u0105skiego o\u015brodka logopedycznego.<\/p>\n<p><strong>Komitet organizacyjny:<\/strong> dr hab. Katarzyna W\u0119sierska prof. U\u015a<\/p>\n<\/div>\r\n                    <\/div>\r\n                <\/div>[vc_separator]\r\n                <div class=\"text-modules\">\r\n                    <div class=\"container\">\r\n                        \r\n                        <div class=\"text-modules__content\"><\/p>\n<h3><em><strong>II Kongres Historyk\u00f3w J\u0119zyka<\/strong><\/em><\/h3>\n<p><strong>Data: <\/strong>27-28.06.2023 r.<\/p>\n<p><strong>Miejsce:<\/strong> Wydzia\u0142 Humanistyczny Uniwersytetu \u015al\u0105skiego w Katowicach (ul. Uniwersytecka 4)<\/p>\n<p><strong>Organizatorzy: <\/strong>Instytut J\u0119zykoznawstwa Wydzia\u0142u Humanistycznego Uniwersytetu \u015al\u0105skiego<\/p>\n<p><strong>Zakres problemowy:<\/strong> Celem wydarzenia jest namys\u0142 nad problemami odnosz\u0105cymi si\u0119 do opisu i interpretacji zjawisk historycznych lub maj\u0105cych swoje \u017ar\u00f3d\u0142a w historii j\u0119zyka. Spotkanie jest platform\u0105 dyskusji nad dokonaniami naukowymi dyscypliny, a tak\u017ce refleksji nad kondycj\u0105 j\u0119zykoznawstwa diachronicznego, jego mo\u017cliwo\u015bci, ogranicze\u0144 oraz miejsca we wsp\u00f3\u0142czesnej lingwistyce.<\/p>\n<p><strong>Komitet organizacyjny:<\/strong> prof. dr hab. Magdalena Pastuch; dr hab. Misros\u0142awa Siuciak, prof. U\u015a; dr hab. Barbara Mitrenga, prof. U\u015a; dr hab. Jarso\u0142aw Pacu\u0142a, prof. U\u015a; dr Beata Kiszka-Pytel; dr Kinga W\u0105si\u0144ska<\/p>\n<p><strong>Strona konferencji:<\/strong> <a href=\"https:\/\/kongreshistorykowjezyka2023.us.edu.pl\/\">kongreshistorykowjezyka2023.us.edu.pl<\/a><\/p>\n<\/div>\r\n                    <\/div>\r\n                <\/div>[vc_separator]\r\n                <div class=\"text-modules\">\r\n                    <div class=\"container\">\r\n                        \r\n                        <div class=\"text-modules__content\"><\/p>\n<h3><em><strong>34. mi\u0119dzynarodowa konferencja na temat przyswajania j\u0119zyka obcego\/drugiego <\/strong><\/em><em><strong>\u201e<\/strong><\/em><em><strong>Psychologiczne perspektywy uczenia si\u0119 i nauczania drugiego\/obcego j\u0119zyka<\/strong><\/em><em><strong>\u201d<\/strong><\/em><\/h3>\n<p><strong>Data: <\/strong>18-20.05.2023 r.<\/p>\n<p><strong>Miejsce:<\/strong> Szczyrk, Hotel Meta<\/p>\n<p><strong>Organizatorzy: <\/strong>Instytut J\u0119zykoznawstwa Wydzia\u0142u Humanistycznego Uniwersytetu \u015al\u0105skiego<\/p>\n<p><strong>Zakres problemowy:<\/strong> Jest to cykliczna konferencja, organizowana od ponad 30 lat przez Instytut J\u0119zykoznawstwa (dawniej Instytut J\u0119zyka Angielskiego). Tematem tegorocznego spotkania jest: Tegorocznym tematem przewodnim s\u0105 \u201ePsychological perspectives on second\/foreign language learning and teaching\u201d, czyli psychologiczne aspekty procesu przyswajania i uczenia si\u0119 j\u0119zyka obcego.<\/p>\n<p><strong>Komitet organizacyjny:<\/strong> prof. dr hab. Danuta Gabry\u015b-Barker, dr hab. Adam Wojtaszek, prof. U\u015a, dr Katarzyna Papaja<strong><br \/>\n<\/strong><\/p>\n<p><strong>Strona konferencji:<\/strong> <a href=\"https:\/\/www.icfsla.us.edu.pl\/\">www.icfsla.us.edu.pl<\/a><\/p>\n<\/div>\r\n                    <\/div>\r\n                <\/div>[vc_separator]\r\n                <div class=\"text-modules\">\r\n                    <div class=\"container\">\r\n                        \r\n                        <div class=\"text-modules__content\"><\/p>\n<h3><em><strong>Oriental Meetings in Sosnowiec 2023<\/strong><\/em><\/h3>\n<p><strong>Data: <\/strong>13.03.2023 r.<\/p>\n<p><strong>Miejsce: <\/strong>Wydzia\u0142 Humanistyczny Uniwersytetu \u015al\u0105skiego w Sosnowcu (ul. Grota Roweckiego 5) oraz online na platformie MS Teams<\/p>\n<p><strong>Organizatorzy: <\/strong>Instytut J\u0119zykoznawstwa Wydzia\u0142u Humanistycznego Uniwersytetu \u015al\u0105skiego<\/p>\n<p><strong>Zakres problemowy: <\/strong>Oriental Meetings in Sosnowiec, czyli Sosnowieckie Spotkania Orientalistyczne to interdyscyplinarna konferencja organizowana przez Instytut J\u0119zykoznawstwa Uniwersytetu \u015al\u0105skiego, promuj\u0105ca dialog mi\u0119dzykulturowy Indii oraz kraj\u00f3w Bliskiego i Dalekiego Wschodu.\u00a0Inicjatywa jest skierowana do student\u00f3w, doktorant\u00f3w i m\u0142odych adept\u00f3w nauki. Zakres tematyczny konferencji obejmuje szerokie spektrum zagadnie\u0144 dotycz\u0105cych zar\u00f3wno staro\u017cytnych cywilizacji, jak i wsp\u00f3\u0142czesnego oblicza tych region\u00f3w z ca\u0142ym bogactwem ich kultur oraz j\u0119zyk\u00f3w.<\/p>\n<p>Konferencja prowadzona jest w dw\u00f3ch j\u0119zykach: polskim i angielskim.<\/p>\n<p><strong>Komitet organizacyjny:<\/strong> dr Katarzyna Ba\u0144ka-Or\u0142owska, dr Maria Spiechowicz, mgr Dariusz Jakubowski, mgr Aleksander Bogusz, mgr Joanna Ryszka, mgr Martyna Stanisz<\/p>\n<\/div>\r\n                    <\/div>\r\n                <\/div>[\/vc_column][vc_column width=&#8221;1\/3&#8243;][\/vc_column][\/vc_row]<\/p>","protected":false},"excerpt":{"rendered":"<p>[vc_row el_class=&#8221;container&#8221;][vc_column width=&#8221;2\/3&#8243;][vc_separator][vc_separator][vc_separator][vc_separator][vc_separator][vc_separator][\/vc_column][vc_column width=&#8221;1\/3&#8243;][\/vc_column][\/vc_row] [&#8230;]<\/p>\n<p><a class=\"btn btn-secondary understrap-read-more-link\" href=\"https:\/\/us.edu.pl\/instytut\/ij\/konferencje-2\/2023-2\/\">Read More&#8230;<\/a><\/p>\n","protected":false},"author":4930,"featured_media":0,"parent":1253,"menu_order":0,"comment_status":"closed","ping_status":"closed","template":"","meta":{"_expiration-date-status":"","_expiration-date":0,"_expiration-date-type":"","_expiration-date-categories":[],"_expiration-date-options":[]},"acf":[],"_links":{"self":[{"href":"https:\/\/us.edu.pl\/instytut\/ij\/wp-json\/wp\/v2\/pages\/3255"}],"collection":[{"href":"https:\/\/us.edu.pl\/instytut\/ij\/wp-json\/wp\/v2\/pages"}],"about":[{"href":"https:\/\/us.edu.pl\/instytut\/ij\/wp-json\/wp\/v2\/types\/page"}],"author":[{"embeddable":true,"href":"https:\/\/us.edu.pl\/instytut\/ij\/wp-json\/wp\/v2\/users\/4930"}],"replies":[{"embeddable":true,"href":"https:\/\/us.edu.pl\/instytut\/ij\/wp-json\/wp\/v2\/comments?post=3255"}],"version-history":[{"count":1,"href":"https:\/\/us.edu.pl\/instytut\/ij\/wp-json\/wp\/v2\/pages\/3255\/revisions"}],"predecessor-version":[{"id":3256,"href":"https:\/\/us.edu.pl\/instytut\/ij\/wp-json\/wp\/v2\/pages\/3255\/revisions\/3256"}],"up":[{"embeddable":true,"href":"https:\/\/us.edu.pl\/instytut\/ij\/wp-json\/wp\/v2\/pages\/1253"}],"wp:attachment":[{"href":"https:\/\/us.edu.pl\/instytut\/ij\/wp-json\/wp\/v2\/media?parent=3255"}],"curies":[{"name":"wp","href":"https:\/\/api.w.org\/{rel}","templated":true}]}}