{"id":3258,"date":"2024-07-11T12:31:26","date_gmt":"2024-07-11T10:31:26","guid":{"rendered":"https:\/\/us.edu.pl\/instytut\/ij\/?page_id=3258"},"modified":"2026-02-19T13:58:16","modified_gmt":"2026-02-19T12:58:16","slug":"2024-2","status":"publish","type":"page","link":"https:\/\/us.edu.pl\/instytut\/ij\/konferencje-2\/2024-2\/","title":{"rendered":"2024"},"content":{"rendered":"<p>[vc_row el_class=&#8221;container&#8221;][vc_column width=&#8221;2\/3&#8243;]\r\n                <div class=\"text-modules\">\r\n                    <div class=\"container\">\r\n                        \r\n                        <div class=\"text-modules__content\"><\/p>\n<h3><em><strong>IV Mi\u0119dzynarodowy Kongres Stowarzyszenia Italianist\u00f3w Polskich (SIP IV): <\/strong><\/em><\/h3>\n<h3><em><strong>\u201eZwroty badawcze we wsp\u00f3\u0142czesnych italianistycznych badaniach literaturoznawczych, j\u0119zykoznawczych i glottodydaktycznych\u201d<\/strong><\/em><\/h3>\n<p><strong>Data: <\/strong>9-11.12.2024 r.<\/p>\n<p><strong>Miejsce:<\/strong> Wydzia\u0142 Humanistyczny Uniwersytetu \u015al\u0105skiego w Katowicach, Budynek Neofilologii w Sosnowcu (ul. Grota-Roweckiego 5); budynek spinPLACE w Katowicach (ul. Bankowa 5) .<\/p>\n<p><strong>Organizatorzy: <\/strong>Instytut J\u0119zykoznawstwa Uniwersytetu \u015al\u0105skiego w Katowicach oraz Stowarzyszenie Italianist\u00f3w Polskich<\/p>\n<p><strong>Zakres problemowy: <\/strong><\/p>\n<p>Kolejna, czwarta ju\u017c, edycja cyklicznych spotka\u0144 naukowych europejskich italianist\u00f3w ma na celu refleksj\u0119 nad rol\u0105 paradygmat\u00f3w teoretycznych i metodologii we wsp\u00f3\u0142czesnym literaturoznawstwie, j\u0119zykoznawstwie i dydaktyce j\u0119zyka. Namys\u0142 taki wydaje si\u0119 by\u0107 uzasadniony zw\u0142aszcza obecnie, kiedy wraz z pojawieniem si\u0119 <em>cultural studies<\/em> w latach 90 XX wieku, akcent w badaniach humanistycznych zosta\u0142 przesuni\u0119ty z teorii na praktyk\u0119, z metodologii na pragmatyk\u0119 bada\u0144 naukowych. Badacze zdaj\u0105 si\u0119 rezygnowa\u0107 ze wszelkich uniwersalistycznych postaw, podkre\u015blaj\u0105c raczej znaczenie wielo\u015bci interpretacji w wydobywaniu wielorakich kontekst\u00f3w, w kt\u00f3ry mog\u0105 funkcjonowa\u0107 dzie\u0142a literackie, jednostki j\u0119zyka czy dydaktyczne zadania. Konferencja proponuje refleksj\u0119 nad sposobami definicji poj\u0119cia zwrotu, jego typologi\u0105, wyznaczonymi celami i przedmiotami bada\u0144, powi\u0105zaniem z tradycyjnymi metodologiami badawczymi oraz zasi\u0119giem i znaczeniem dla szerszych zjawisk kultury, wychodz\u0105cych poza ramy literaturoznawstwa, j\u0119zykoznawstwa i dydaktyki.<\/p>\n<p><strong>Komitet organizacyjny:<\/strong> dr hab. Joanna Janusz, prof. U\u015a \u2013 przewodnicz\u0105ca komitetu organizacyjnego; dr Aleksandra Paliczuk &#8211; sekretarz; dr Dominika Dykta; dr Ma\u0142gorzata Puto; mgr Martyna Zmuda<\/p>\n<p><strong>Strona konferencji:<\/strong>\u00a0 <a href=\"https:\/\/sip4convegno2024.us.edu.pl\/\">https:\/\/sip4convegno2024.us.edu.pl\/<\/a><\/p>\n<\/div>\r\n                    <\/div>\r\n                <\/div>\r\n                <div class=\"text-modules\">\r\n                    <div class=\"container\">\r\n                        \r\n                        <div class=\"text-modules__content\"><\/p>\n<h3><strong><em>IX edycja konferencji pt. \u201ePrzestrzenie przek\u0142adu\u201d<\/em><\/strong><\/h3>\n<p><strong>Data: <\/strong>14-15.10.2024 r.<\/p>\n<p><strong>Miejsce:<\/strong> Wydzia\u0142 Humanistyczny Uniwersytetu \u015al\u0105skiego w Katowiach (ul. Uniwersytecka 4); budynek spinPLACE w Katowiach (ul. Bankowa 5) oraz online na platformie MS Teams<\/p>\n<p><strong>Organizatorzy:<\/strong> Instytut J\u0119zykoznawstwa Uniwersytetu \u015al\u0105skiego w Katowicach oraz Komisja Przek\u0142adoznawcza przy Mi\u0119dzynarodowym Komitecie Slawist\u00f3w<\/p>\n<p><strong>Zakres problemowy:<\/strong>Konferencja \u201ePrzestrzenie przek\u0142adu 9\u201d jest okazj\u0105 do spotkania traduktolog\u00f3w reprezentuj\u0105cych o\u015brodki krajowe i zagraniczne. Szerokie rozumienie tematu, zawarte w nazwie konferencji, pozwala na prezentacj\u0119 wynik\u00f3w bada\u0144 uwzgl\u0119dniaj\u0105cych r\u00f3\u017cne podej\u015bcia metodologiczne w uj\u0119ciu interdyscyplinarnym. Przedmiotem refleksji b\u0119d\u0105 zar\u00f3wno zagadnienia o charakterze og\u00f3lnym, jak te\u017c szczeg\u00f3\u0142owe zjawiska analizowane na podstawie przek\u0142ad\u00f3w tekst\u00f3w literackich i specjalistycznych. Wyra\u017camy przekonanie, \u017ce nasze propozycje tematyczne pozwol\u0105 na uchwycenie r\u00f3\u017cnorodno\u015bci kontekst\u00f3w i rejestr\u00f3w, w obr\u0119bie kt\u00f3rych poruszaj\u0105 si\u0119 wsp\u00f3\u0142cze\u015bni badacze przek\u0142adu.<\/p>\n<p><strong>Komitet organizacyjny:<\/strong> dr Anna Paszkowska \u2013 przewodnicz\u0105ca komitetu organizacyjnego; mgr Katarzyna Akartel; mgr Krystsina Artamonava; mgr Aleksandra Gnyp; mgr Ruslana Korshunova; mgr Maria Lukosek; mgr Jakub Bober<\/p>\n<p><strong>Strona konferencji:<\/strong> <a href=\"https:\/\/www.przestrzenieprzekladu.us.edu.pl\/przestrzenie-przekladu-9\/\">www.przestrzenieprzekladu.us.edu.pl<\/a><\/p>\n<\/div>\r\n                    <\/div>\r\n                <\/div>[vc_separator]\r\n                <div class=\"text-modules\">\r\n                    <div class=\"container\">\r\n                        \r\n                        <div class=\"text-modules__content\"><\/p>\n<h3><em><strong>\u201eJ\u0119zykoznawstwo Kognitywne w Roku 2024\u201d<\/strong><\/em><\/h3>\n<p><strong>Data: <\/strong>18-20.09.2024 r.<\/p>\n<p><strong>Miejsce:<\/strong> Wydzia\u0142 Humanistyczny Uniwersytetu \u015al\u0105skiego w Katowicach (ul. Uniwersytecka 4)<\/p>\n<p><strong>Organizatorzy:<\/strong> Instytut J\u0119zykoznawstwa Wydzia\u0142u Humanistycznego Uniwersytetu \u015al\u0105skiego w Katowicach oraz Polskie Towarzystwo J\u0119zykoznawstwa Kognitywnego<\/p>\n<p><strong>Zakres problemowy:<\/strong> Motywacja w j\u0119zyku, rozumiana jako wp\u0142yw ca\u0142ego szeregu czynnik\u00f3w na dowolny wymiar jednostki j\u0119zykowej, jest jednym z wa\u017cnych obszar\u00f3w badawczych prowadzonych w ramach lingwistyki kognitywnej. Mo\u017cna go prze\u015bledzi\u0107 na wszystkich poziomach organizacji j\u0119zykowej i scharakteryzowa\u0107 z r\u00f3\u017cnych perspektyw poznawczych: spo\u0142eczno-kulturowej, uciele\u015bnionej, komunikacyjnej, historycznej, empirycznej, psychologicznej i dowolnej innej.<\/p>\n<p><strong>Komitet organizacyjny:<\/strong> dr hab. Grzegorz Dro\u017cd\u017c, prof. U\u015a; dr Barbara Taraszka-Dro\u017cd\u017c; dr Marcin Kuczok; mgr Joanna Ryszka; mgr Marlena Moskal; mgr Natalia Supernak-Polnik<\/p>\n<p><strong>Strona internetowa:<\/strong> <a href=\"https:\/\/ptjk2024.us.edu.pl\/\">https:\/\/ptjk2024.us.edu.pl\/<\/a><\/p>\n<\/div>\r\n                    <\/div>\r\n                <\/div>[vc_separator]\r\n                <div class=\"text-modules\">\r\n                    <div class=\"container\">\r\n                        \r\n                        <div class=\"text-modules__content\"><\/p>\n<h3><em><strong>Konferencja naukowa \u201eAfter Shock: New Perspectives in Literary Studies and Linguistics\u201d<\/strong><\/em><\/h3>\n<p><strong>Data: <\/strong>10-11.06.2024 r.<\/p>\n<p><strong>Miejsce:<\/strong> Uniwersytet Rzymski &#8222;La Sapienza&#8221; (W\u0142ochy)<\/p>\n<p><strong>Organizatorzy:<\/strong> Instytut J\u0119zykoznawstwa Wydzia\u0142u Humanistycznego Uniwersytetu \u015al\u0105skiego oraz Uniwersytet Rzymski \u201eLa Sapienza\u201d<\/p>\n<p><strong>Zakres problemowy:<\/strong> Konferencja jest okazj\u0105 do dyskusji nad tym, jaki \u015blad odciskaj\u0105 na j\u0119zyku oraz literaturze wydarzenia uznawane za wstrz\u0105saj\u0105ce i szokuj\u0105ce.<\/p>\n<p><strong>Komitet organizacyjny:<\/strong> Hal Coase, Paolo D\u2019Indinosante, Sophie Eyssette, Giulia Magro, Sara Riccetti, Joanna Ryszka<\/p>\n<p><strong>Strona internetowa:<\/strong> <a href=\"https:\/\/aftershock2024.us.edu.pl\/\">aftershock2024.us.edu.pl<\/a><\/p>\n<\/div>\r\n                    <\/div>\r\n                <\/div>[vc_separator]\r\n                <div class=\"text-modules\">\r\n                    <div class=\"container\">\r\n                        \r\n                        <div class=\"text-modules__content\"><\/p>\n<h3><strong><em>35. Mi\u0119dzynarodowa Konferencja na temat Przyswajania J\u0119zyka Obcego\/Drugiego<\/em><\/strong><\/h3>\n<p><strong>Data: <\/strong>23-25.05.2024 r.<\/p>\n<p><strong>Miejsce:<\/strong> Szczyrk, Hotel Meta<\/p>\n<p><strong>Organizatorzy: <\/strong>Instytut J\u0119zykoznawstwa Wydzia\u0142u Humanistycznego Uniwersytetu \u015al\u0105skiego<\/p>\n<p><strong>Zakres problemowy:<\/strong> Jest to cykliczna konferencja, organizowana od ponad 30 lat przez Instytut J\u0119zykoznawstwa (dawniej Instytut J\u0119zyka Angielskiego). Tematem tegorocznego spotkania jest: \u201eInstitutions Promoting Positive Language Learning and Teaching Environments\u201d, czyli instytucje promuj\u0105ce pozytywne \u015brodowiska uczenia si\u0119 i nauczania j\u0119zyk\u00f3w obcych.<\/p>\n<p><strong>Komitet organizacyjny:<\/strong> dr hab. Adam Wojtaszek, prof. U\u015a; dr Katarzyna Papaja; dr Aleksandra Szyma\u0144ska-Tworek<\/p>\n<p><strong>Strona internetowa:<\/strong> <a href=\"https:\/\/www.icfsla.us.edu.pl\/\">www.icfsla.us.edu.pl<\/a><\/p>\n<\/div>\r\n                    <\/div>\r\n                <\/div>[vc_separator]\r\n                <div class=\"text-modules\">\r\n                    <div class=\"container\">\r\n                        \r\n                        <div class=\"text-modules__content\"><\/p>\n<h3><em><strong>Konferencja \u201eEl espa\u00f1ol como lengua extranjera en Europa Central (2004-2020). Enfoque demoling\u00fc\u00edstico\u201d<\/strong><\/em><\/h3>\n<p><strong>Data: <\/strong>25-26.04.2024 r.<\/p>\n<p><strong>Miejsce:<\/strong> Uniwersytet Kome\u0144ski w Bratys\u0142awie (S\u0142owacja)<\/p>\n<p><strong>Organizatorzy:<\/strong> Instytutu J\u0119zykoznawstwa Wydzia\u0142 Humanistyczny Uniwersytetu \u015al\u0105skiego w Katowicach, Uniwersytet Jagiello\u0144ski, Uniwersytet w Bratys\u0142awie, Uniwersytet Po\u0142udniowoczeski w Czeskich Budziejowicach oraz Uniwersytet Segedy\u0144ski<\/p>\n<p><strong>Zakres problemowy:<\/strong> Wydarzenie jest realizowane w ramach grantu wyszehradzkiego przyznanego na projekt \u201eSpanish as a Foreign Language in Central Europe: A Demolinguistic Approach (2004-2020)\u201d (<a href=\"https:\/\/spanish.filg.uj.edu.pl\/about-the-project\">https:\/\/spanish.filg.uj.edu.pl\/about-the-project<\/a>).<br \/>\nPierwsza cz\u0119\u015b\u0107 wynik\u00f3w zosta\u0142a zaprezentowana podczas konferencji organizowanej w pa\u017adzierniku w Uniwersytecie Po\u0142udniowoczeskim w Czeskich Budziejowicach. Celem wydarzenia jest analiza sytuacji j\u0119zyka hiszpa\u0144skiego na r\u00f3\u017cnych poziomach edukacji w Polsce, Czechach, na S\u0142owacji i na W\u0119grzech.<br \/>\nProjekt \u201eSpanish as a Foreign Language in Central Europe: A Demolinguistic Approach (2004-2020)\u201d jest prowadzony w ramach sieci badawczej \u201eEl Espa\u00f1ol en Europa\u201d, kt\u00f3rej celem jest ilo\u015bciowy i jako\u015bciowy opis geografii j\u0119zykowej i kulturowej j\u0119zyka hiszpa\u0144skiego i jego u\u017cytkownik\u00f3w we wszystkich krajach europejskich.<\/p>\n<p><strong>Komitet organizacyjny:<\/strong> dr Cecylia Tatoj<strong><br \/>\n<\/strong><\/p>\n<p><strong>Strona internetowa:<\/strong> <a href=\"https:\/\/spanish.filg.uj.edu.pl\/bratislava-2024?fbclid=IwAR1i4I8t55lYysfrUoJUCaj6Ib0Lmh7l_TEXsd-ZxL1gSGs1OCGrvR8zvAY_aem_AWvGKnA7VwV4jZFOJHNeszMVFBk_fQ19pqfaiKMvUYy0BswMq6p74Gres0Q1wLuu2e-VUdOc3Wj1bM4Aw5yhTlnK\">www.spanish.filg.uj.edu.pl<\/a><\/p>\n<\/div>\r\n                    <\/div>\r\n                <\/div>[vc_separator]\r\n                <div class=\"text-modules\">\r\n                    <div class=\"container\">\r\n                        \r\n                        <div class=\"text-modules__content\"><\/p>\n<h3><em><strong>Oriental Meetings in Sosnowiec 2024<\/strong><\/em><\/h3>\n<p><strong>Data: <\/strong>25.03.2024 r.<\/p>\n<p><strong>Miejsce: <\/strong>Wydzia\u0142 Humanistyczny Uniwersytetu \u015al\u0105skiego w Sosnowcu (ul. Grota Roweckiego 5) oraz online na platformie MS Teams<\/p>\n<p><strong>Organizatorzy: <\/strong>Instytut J\u0119zykoznawstwa Wydzia\u0142u Humanistycznego Uniwersytetu \u015al\u0105skiego<\/p>\n<p><strong>Zakres problemowy:<\/strong> Konferencja jest wydarzeniem interdyscyplinarnym, promuj\u0105cym dialog mi\u0119dzykulturowy. Spotkanie jest skierowane do m\u0142odych adept\u00f3w nauki \u2013 tak\u017ce doktorant\u00f3w i student\u00f3w \u2013 zajmuj\u0105cych si\u0119 w swych badaniach j\u0119zykami, kulturami oraz spo\u0142ecze\u0144stwami kraj\u00f3w orientalnych \u2013 szeroko poj\u0119tego Bliskiego oraz Dalekiego Wschodu, a tak\u017ce Indii.<\/p>\n<p><strong>Komitet organizacyjny:<\/strong> Uniwersytet \u015al\u0105ski w Katowicach (Polska): dr hab. Agnieszka Solska, prof. U\u015a, dr Katarzyna Ba\u0144ka-Or\u0142owska, mgr Joanna Ryszka, mgr Martyna Stanisz, mgr Dariusz Jakubowski;\u00a0Northeastern University (Chiny): prof. Boran Wang, prof. Gefei Dong, prof. Yang Li, prof. Lixin Gao, prof. Rui Guo<\/p>\n<p><strong>Strona internetowa:<\/strong> <a href=\"https:\/\/omis.us.edu.pl\/index.php\/omis-2024\/\">www.omis.us.edu.pl<\/a><\/p>\n<\/div>\r\n                    <\/div>\r\n                <\/div>[\/vc_column][vc_column width=&#8221;1\/3&#8243;][\/vc_column][\/vc_row]<\/p>","protected":false},"excerpt":{"rendered":"<p>[vc_row el_class=&#8221;container&#8221;][vc_column width=&#8221;2\/3&#8243;][vc_separator][vc_separator][vc_separator][vc_separator][vc_separator][\/vc_column][vc_column width=&#8221;1\/3&#8243;][\/vc_column][\/vc_row] [&#8230;]<\/p>\n<p><a class=\"btn btn-secondary understrap-read-more-link\" href=\"https:\/\/us.edu.pl\/instytut\/ij\/konferencje-2\/2024-2\/\">Read More&#8230;<\/a><\/p>\n","protected":false},"author":4930,"featured_media":0,"parent":1253,"menu_order":0,"comment_status":"closed","ping_status":"closed","template":"","meta":{"_expiration-date-status":"","_expiration-date":0,"_expiration-date-type":"","_expiration-date-categories":[],"_expiration-date-options":[]},"acf":[],"_links":{"self":[{"href":"https:\/\/us.edu.pl\/instytut\/ij\/wp-json\/wp\/v2\/pages\/3258"}],"collection":[{"href":"https:\/\/us.edu.pl\/instytut\/ij\/wp-json\/wp\/v2\/pages"}],"about":[{"href":"https:\/\/us.edu.pl\/instytut\/ij\/wp-json\/wp\/v2\/types\/page"}],"author":[{"embeddable":true,"href":"https:\/\/us.edu.pl\/instytut\/ij\/wp-json\/wp\/v2\/users\/4930"}],"replies":[{"embeddable":true,"href":"https:\/\/us.edu.pl\/instytut\/ij\/wp-json\/wp\/v2\/comments?post=3258"}],"version-history":[{"count":4,"href":"https:\/\/us.edu.pl\/instytut\/ij\/wp-json\/wp\/v2\/pages\/3258\/revisions"}],"predecessor-version":[{"id":3965,"href":"https:\/\/us.edu.pl\/instytut\/ij\/wp-json\/wp\/v2\/pages\/3258\/revisions\/3965"}],"up":[{"embeddable":true,"href":"https:\/\/us.edu.pl\/instytut\/ij\/wp-json\/wp\/v2\/pages\/1253"}],"wp:attachment":[{"href":"https:\/\/us.edu.pl\/instytut\/ij\/wp-json\/wp\/v2\/media?parent=3258"}],"curies":[{"name":"wp","href":"https:\/\/api.w.org\/{rel}","templated":true}]}}