{"id":3714,"date":"2025-05-13T14:51:58","date_gmt":"2025-05-13T12:51:58","guid":{"rendered":"https:\/\/us.edu.pl\/instytut\/ij\/?page_id=3714"},"modified":"2026-02-19T13:56:51","modified_gmt":"2026-02-19T12:56:51","slug":"2025-2","status":"publish","type":"page","link":"https:\/\/us.edu.pl\/instytut\/ij\/konferencje-2\/2025-2\/","title":{"rendered":"2025"},"content":{"rendered":"<p>[vc_row el_class=&#8221;container&#8221;][vc_column width=&#8221;2\/3&#8243;]\r\n                <div class=\"text-modules\">\r\n                    <div class=\"container\">\r\n                        \r\n                        <div class=\"text-modules__content\"><\/p>\n<h3><strong><em>36. Mi\u0119dzynarodowa Konferencja na temat Przyswajania J\u0119zyka Obcego\/Drugiego<\/em><\/strong><\/h3>\n<p><strong>Data: <\/strong>22-24.05.2025 r.<\/p>\n<p><strong>Miejsce:<\/strong> Szczyrk, Hotel Meta<\/p>\n<p><strong>Organizatorzy: <\/strong>Instytut J\u0119zykoznawstwa Wydzia\u0142u Humanistycznego Uniwersytetu \u015al\u0105skiego<\/p>\n<p><strong>Zakres problemowy:<\/strong> Tematem tegorocznej edycji jest: \u201eArtificial Intelligence in Second Language Acquisition and Foreign Language Learning and Teaching\u201d. Temat ten odnosi si\u0119 do wp\u0142ywu sztucznej inteligencji na wsp\u00f3\u0142czesn\u0105 edukacj\u0119 j\u0119zykow\u0105, obejmuj\u0105cy zar\u00f3wno jej zastosowania, jak i potencjalne zagro\u017cenia oraz przysz\u0142y rozw\u00f3j technologii.<\/p>\n<p><strong>Komitet organizacyjny:<\/strong> dr hab. Adam Wojtaszek, prof. U\u015a; dr Katarzyna Papaja; dr Aleksandra Szyma\u0144ska-Tworek<\/p>\n<p><strong>Strona internetowa:<\/strong> <a href=\"https:\/\/www.icfsla.us.edu.pl\/\">www.icfsla.us.edu.pl<\/a><\/p>\n<\/div>\r\n                    <\/div>\r\n                <\/div>\r\n                <div class=\"text-modules\">\r\n                    <div class=\"container\">\r\n                        \r\n                        <div class=\"text-modules__content\"><p><strong><em>Konferencja \u201eDictionnaire et polylexicalit\u00e9\u201d<\/em><\/strong><\/p>\n<p><strong>Data:<\/strong> 26-27 maja 2025 r.<\/p>\n<p><strong>Miejsce:<\/strong> Sosnowiec, ul. Grota-Roweckiego 5<\/p>\n<p><strong>Organizatorzy:<\/strong> Instytut J\u0119zykoznawstwa Uniwersytetu \u015al\u0105skiego w Katowicach, Uniwersytet im. Aldo Moro w Bari, Uniwersytet Sorbonne Paris Nord.<\/p>\n<p><strong>Zakres problemowy:<\/strong> Polileksykalno\u015b\u0107, termin wprowadzony do j\u0119zykoznawstwa francuskiego przez Gr\u00e9ciano (1983) i szeroko rozpowszechniony przez Mejri (1997\u20132004), odnosi si\u0119 do zjawiska, w kt\u00f3rym co najmniej dwa leksemy \u0142\u0105cz\u0105 si\u0119, tworz\u0105c jedn\u0105, sp\u00f3jn\u0105 jednostk\u0119 j\u0119zykow\u0105. Jak wskazuje Su\u0142kowska (2013), zjawisko to stanowi punkt wyj\u015bcia do analizy w\u0142a\u015bciwo\u015bci wyra\u017ce\u0144 sta\u0142ych. Gross (1996) oraz Perko (2011) podkre\u015blaj\u0105, \u017ce polileksykalno\u015b\u0107 odgrywa kluczow\u0105 rol\u0119 w stabilizacji takich wyra\u017ce\u0144, natomiast N\u00e1ray-Szab\u00f3 (2002) postrzega j\u0105 jako podstaw\u0119 frazeologii. Sulikowska i wsp\u00f3\u0142autorzy (2012) zauwa\u017caj\u0105, \u017ce cho\u0107 identyfikacja polileksykalno\u015bci jest relatywnie nieskomplikowana, w j\u0119zykach o nietypowych strukturach gramatycznych mo\u017ce stanowi\u0107 wyzwanie. Jednostki polileksykalne s\u0105 r\u00f3wnie\u017c szczeg\u00f3lnie problematyczne dla leksykograf\u00f3w, poniewa\u017c ich znaczenie cz\u0119sto wykracza poza prost\u0105 sum\u0119 znacze\u0144 ich komponent\u00f3w. Fakt ten sprawia, \u017ce zrozumienie i opanowanie tego zjawiska jest niezwykle istotne dla praktyki leksykograficznej.<\/p>\n<p><strong>Komitet organizacyjny:<\/strong> dr Pawe\u0142 Golda, dr Joanna Ryszka, dr Judyta M\u0119\u017cyk<\/p>\n<p><strong>Strona internetowa:<\/strong> <a href=\"https:\/\/dictionnaireetpolylexicalite.us.edu.pl\/\">https:\/\/dictionnaireetpolylexicalite.us.edu.pl\/<\/a><\/p>\n<\/div>\r\n                    <\/div>\r\n                <\/div>[vc_separator][\/vc_column][vc_column width=&#8221;1\/3&#8243;][\/vc_column][\/vc_row]<\/p>","protected":false},"excerpt":{"rendered":"<p>[vc_row el_class=&#8221;container&#8221;][vc_column width=&#8221;2\/3&#8243;][vc_separator][\/vc_column][vc_column width=&#8221;1\/3&#8243;][\/vc_column][\/vc_row] [&#8230;]<\/p>\n<p><a class=\"btn btn-secondary understrap-read-more-link\" href=\"https:\/\/us.edu.pl\/instytut\/ij\/konferencje-2\/2025-2\/\">Read More&#8230;<\/a><\/p>\n","protected":false},"author":4930,"featured_media":0,"parent":1253,"menu_order":0,"comment_status":"closed","ping_status":"closed","template":"","meta":{"_expiration-date-status":"","_expiration-date":0,"_expiration-date-type":"","_expiration-date-categories":[],"_expiration-date-options":[]},"acf":[],"_links":{"self":[{"href":"https:\/\/us.edu.pl\/instytut\/ij\/wp-json\/wp\/v2\/pages\/3714"}],"collection":[{"href":"https:\/\/us.edu.pl\/instytut\/ij\/wp-json\/wp\/v2\/pages"}],"about":[{"href":"https:\/\/us.edu.pl\/instytut\/ij\/wp-json\/wp\/v2\/types\/page"}],"author":[{"embeddable":true,"href":"https:\/\/us.edu.pl\/instytut\/ij\/wp-json\/wp\/v2\/users\/4930"}],"replies":[{"embeddable":true,"href":"https:\/\/us.edu.pl\/instytut\/ij\/wp-json\/wp\/v2\/comments?post=3714"}],"version-history":[{"count":2,"href":"https:\/\/us.edu.pl\/instytut\/ij\/wp-json\/wp\/v2\/pages\/3714\/revisions"}],"predecessor-version":[{"id":3964,"href":"https:\/\/us.edu.pl\/instytut\/ij\/wp-json\/wp\/v2\/pages\/3714\/revisions\/3964"}],"up":[{"embeddable":true,"href":"https:\/\/us.edu.pl\/instytut\/ij\/wp-json\/wp\/v2\/pages\/1253"}],"wp:attachment":[{"href":"https:\/\/us.edu.pl\/instytut\/ij\/wp-json\/wp\/v2\/media?parent=3714"}],"curies":[{"name":"wp","href":"https:\/\/api.w.org\/{rel}","templated":true}]}}