{"id":3967,"date":"2026-02-20T10:59:59","date_gmt":"2026-02-20T09:59:59","guid":{"rendered":"https:\/\/us.edu.pl\/instytut\/ij\/?page_id=3967"},"modified":"2026-04-02T10:24:54","modified_gmt":"2026-04-02T08:24:54","slug":"2026-2","status":"publish","type":"page","link":"https:\/\/us.edu.pl\/instytut\/ij\/konferencje-2\/2026-2\/","title":{"rendered":"2026"},"content":{"rendered":"<p>[vc_row el_class=&#8221;container&#8221;][vc_column width=&#8221;2\/3&#8243;]\r\n                <div class=\"text-modules\">\r\n                    <div class=\"container\">\r\n                        \r\n                        <div class=\"text-modules__content\"><\/p>\n<div id=\"forwardbody1\" style=\"font-size: 12pt; font-family: 'Times New Roman',Times,serif;\">\n<div class=\"WordSection1\">\n<p><strong>J\u0118ZYK \u2013 LITERATURA \u2013 KULTURA \u2013 PRZEK\u0141AD. Studencka Konferencja Romanistyczna<\/strong><\/p>\n<p><strong>Data: <\/strong><span style=\"font-size: 12pt; font-family: 'Times New Roman',serif;\">30 wrze\u015bnia 2026 r.<\/span><\/p>\n<p><strong>Miejsce: <\/strong><span style=\"font-size: 12pt; font-family: 'Times New Roman',serif;\">Sosnowiec, ul. Grota-Roweckiego 5, Polska<\/span><\/p>\n<p><strong>Organizatorzy: <\/strong><span style=\"font-size: 12pt; font-family: 'Times New Roman',serif;\">Instytut J\u0119zykoznawstwa Uniwersytetu \u015al\u0105skiego w Katowicach<\/span><\/p>\n<p><strong>Zakres problemowy: <\/strong><span style=\"font-size: 12pt; font-family: 'Times New Roman',serif;\">Konferencja po\u015bwi\u0119cona jest zagadnieniom j\u0119zyka, literatury, kultury oraz przek\u0142adu w obr\u0119bie j\u0119zyk\u00f3w i kultur roma\u0144skich. Wydarzenie ma na celu prezentacj\u0119 wynik\u00f3w bada\u0144 m\u0142odych naukowc\u00f3w, w szczeg\u00f3lno\u015bci upowszechnienie wynik\u00f3w analiz realizowanych w ramach prac dyplomowych.<\/span><\/p>\n<p><strong>Komitet organizacyjny:<\/strong><span style=\"font-size: 12pt; font-family: 'Times New Roman',serif;\"> dr Pawe\u0142 Golda, dr Aleksandra Paliczuk, dr Dominika Topa-Bryniarska, mgr Katarzyna Dziekan, lic. Kamila Ga\u0142ga\u0144ska<\/span><\/p>\n<p><strong>Formularz zg\u0142oszeniowy:<\/strong><span style=\"font-size: 12pt; font-family: 'Times New Roman',serif;\"> <a href=\"https:\/\/docs.google.com\/document\/d\/1a0np1SmEv_aQFhB2nft3NvXwP_-kiua2\/edit?usp=sharing&amp;ouid=112190409124806924084&amp;rtpof=true&amp;sd=true\">https:\/\/docs.google.com\/document\/d\/1a0np1SmEv_aQFhB2nft3NvXwP_-kiua2\/edit?usp=sharing&amp;ouid=112190409124806924084&amp;rtpof=true&amp;sd=true<\/a>\u00a0<\/span><\/p>\n<p><strong>Kontakt:<\/strong><span style=\"font-size: 12pt; font-family: 'Times New Roman',serif;\"> <a href=\"mailto:stud.konf.rom@us.edu.pl\">stud.konf.rom@us.edu.pl<\/a>\u00a0<\/span><\/p>\n<\/div>\n<\/div>\n<p>\n<\/div>\r\n                    <\/div>\r\n                <\/div>[vc_separator][\/vc_column][vc_column width=&#8221;1\/3&#8243;][\/vc_column][\/vc_row][vc_row el_class=&#8221;container&#8221;][vc_column width=&#8221;2\/3&#8243;]\r\n                <div class=\"text-modules\">\r\n                    <div class=\"container\">\r\n                        \r\n                        <div class=\"text-modules__content\"><\/p>\n<div id=\"forwardbody1\" style=\"font-size: 12pt; font-family: 'Times New Roman',Times,serif;\">\n<p><strong>\u201eWe wsp\u00f3\u0142pracy o wsp\u00f3\u0142pracy: badania j\u0119zykoznawcze w zespo\u0142ach polsko-francuskich\u201d<\/strong><\/p>\n<p><strong>Data:<\/strong> 9\u201310 lipca 2026 r.<\/p>\n<p><strong>Miejsce: <\/strong>Polska Akademia Nauk \u2014 Stacja Naukowa w Pary\u017cu, 74 Rue Lauriston, 75116 Pary\u017c, Francja<\/p>\n<p><strong>Organizatorzy: <\/strong>Polska Akademia Nauk \u2013 Stacja Naukowa w Pary\u017cu oraz Instytut J\u0119zykoznawstwa Uniwersytetu \u015al\u0105skiego w Katowicach<\/p>\n<p><strong>Zakres problemowy:<\/strong> Konferencja po\u015bwi\u0119cona jest wsp\u00f3\u0142pracy naukowej w j\u0119zykoznawstwie, w szczeg\u00f3lno\u015bci w kontek\u015bcie wsp\u00f3\u0142pracy polsko-francuskiej. Wydarzenie ma na celu prezentacj\u0119 projekt\u00f3w realizowanych w zespo\u0142ach mi\u0119dzynarodowych, upowszechnienie wynik\u00f3w bada\u0144, wymian\u0119 do\u015bwiadcze\u0144 dotycz\u0105cych wsp\u00f3\u0142pracy oraz refleksj\u0119 nad mechanizmami instytucjonalnymi, finansowaniem, mobilno\u015bci\u0105 naukowc\u00f3w oraz doktoryzacj\u0105 w formule cotutelle.<\/p>\n<p><strong>Komitet organizacyjny: <\/strong>dr Pawe\u0142 Golda, dr Judyta M\u0119\u017cyk<\/p>\n<p><strong>Strona internetowa: <\/strong><a href=\"https:\/\/collab2026.us.edu.pl\/\" target=\"_blank\" rel=\"noopener noreferrer\">https:\/\/collab2026.us.edu.pl\/<\/a><\/p>\n<p><strong>Kontakt:<\/strong> <a href=\"mailto:collabfrpl@us.edu.pl\" rel=\"noreferrer\">collabfrpl@us.edu.pl<\/a><\/p>\n<\/div>\n<p>\n<\/div>\r\n                    <\/div>\r\n                <\/div>[vc_separator][\/vc_column][vc_column width=&#8221;1\/3&#8243;][\/vc_column][\/vc_row]<\/p>","protected":false},"excerpt":{"rendered":"<p>[vc_row el_class=&#8221;container&#8221;][vc_column width=&#8221;2\/3&#8243;][vc_separator][\/vc_column][vc_column width=&#8221;1\/3&#8243;][\/vc_column][\/vc_row][vc_row el_class=&#8221;container&#8221;][vc_column width=&#8221;2\/3&#8243;][vc_separator][\/vc_column][vc_column width=&#8221;1\/3&#8243;][\/vc_column][\/vc_row] [&#8230;]<\/p>\n<p><a class=\"btn btn-secondary understrap-read-more-link\" href=\"https:\/\/us.edu.pl\/instytut\/ij\/konferencje-2\/2026-2\/\">Read More&#8230;<\/a><\/p>\n","protected":false},"author":7270,"featured_media":0,"parent":1253,"menu_order":0,"comment_status":"closed","ping_status":"closed","template":"","meta":{"_expiration-date-status":"","_expiration-date":0,"_expiration-date-type":"","_expiration-date-categories":[],"_expiration-date-options":[]},"acf":[],"_links":{"self":[{"href":"https:\/\/us.edu.pl\/instytut\/ij\/wp-json\/wp\/v2\/pages\/3967"}],"collection":[{"href":"https:\/\/us.edu.pl\/instytut\/ij\/wp-json\/wp\/v2\/pages"}],"about":[{"href":"https:\/\/us.edu.pl\/instytut\/ij\/wp-json\/wp\/v2\/types\/page"}],"author":[{"embeddable":true,"href":"https:\/\/us.edu.pl\/instytut\/ij\/wp-json\/wp\/v2\/users\/7270"}],"replies":[{"embeddable":true,"href":"https:\/\/us.edu.pl\/instytut\/ij\/wp-json\/wp\/v2\/comments?post=3967"}],"version-history":[{"count":2,"href":"https:\/\/us.edu.pl\/instytut\/ij\/wp-json\/wp\/v2\/pages\/3967\/revisions"}],"predecessor-version":[{"id":4184,"href":"https:\/\/us.edu.pl\/instytut\/ij\/wp-json\/wp\/v2\/pages\/3967\/revisions\/4184"}],"up":[{"embeddable":true,"href":"https:\/\/us.edu.pl\/instytut\/ij\/wp-json\/wp\/v2\/pages\/1253"}],"wp:attachment":[{"href":"https:\/\/us.edu.pl\/instytut\/ij\/wp-json\/wp\/v2\/media?parent=3967"}],"curies":[{"name":"wp","href":"https:\/\/api.w.org\/{rel}","templated":true}]}}