{"id":137,"date":"2020-01-20T12:57:26","date_gmt":"2020-01-20T11:57:26","guid":{"rendered":"http:\/\/us.edu.pl\/instytut\/il\/?page_id=137"},"modified":"2022-10-04T07:06:10","modified_gmt":"2022-10-04T05:06:10","slug":"dyrekcja-instytutu","status":"publish","type":"page","link":"https:\/\/us.edu.pl\/instytut\/il\/o-instytucie\/dyrekcja-instytutu\/","title":{"rendered":"dyrekcja instytutu"},"content":{"rendered":"<p>[vc_row][vc_column]\r\n                <div class=\"text-modules\">\r\n                    <div class=\"container\">\r\n                        \r\n                        <div class=\"text-modules__content\"><p><strong><span style=\"font-size: 12pt;\">dr hab. Jan Kucharski, prof. U\u015a<\/span><\/strong><br \/>\n<span style=\"font-size: 12pt;\">Dyrektor Instytutu Literaturoznawstwa<\/span><\/p>\n<p><span style=\"font-size: 12pt;\">tel.: 32 2009 409<\/span><\/p>\n<p><span style=\"font-size: 12pt;\">e-mail:\u00a0<a href=\"mailto:jan.kucharski@us.edu.pl\" rel=\"noreferrer\">jan.kucharski@us.edu.pl<\/a><\/span><\/p>\n<p>&nbsp;<\/p>\n<p><strong><span style=\"font-size: 12pt;\">dr hab. Joanna Warmuzi\u0144ska-Rog\u00f3\u017c, prof. U\u015a<br \/>\n<\/span><\/strong><span style=\"font-size: 12pt;\">Zast\u0119pca Dyrektora Instytutu<\/span><\/p>\n<p><span style=\"font-size: 12pt;\">tel.: 32 364 08 99<\/span><\/p>\n<p><span style=\"font-size: 12pt;\">e-mail: <a href=\"mailto:joanna.warmuzinska-rogoz@us.edu.pl\" rel=\"noreferrer\">joanna.warmuzinska-rogoz@us.edu.pl<\/a><\/span><\/p>\n<p>&nbsp;<\/p>\n<p><strong><span style=\"font-size: 12pt;\">dr hab. Pawe\u0142 Tomczok, prof. U\u015a<\/span><\/strong><br \/>\n<span style=\"font-size: 12pt;\">Zast\u0119pca Dyrektora Instytutu<\/span><\/p>\n<p><span style=\"font-size: 12pt;\">tel.: 32 2009 409<\/span><\/p>\n<p><span style=\"font-size: 12pt;\">e-mail: <a href=\"mailto:pawel.tomczok@us.edu.pl\" rel=\"noreferrer\">pawel.tomczok@us.edu.pl<\/a><\/span><\/p>\n<\/div>\r\n                    <\/div>\r\n                <\/div>[\/vc_column][\/vc_row][vc_row][vc_column][vc_column_text]<\/p>","protected":false},"excerpt":{"rendered":"<p>[vc_row][vc_column][\/vc_column][\/vc_row][vc_row][vc_column][vc_column_text] [&#8230;]<\/p>\n<p><a class=\"btn btn-secondary understrap-read-more-link\" href=\"https:\/\/us.edu.pl\/instytut\/il\/o-instytucie\/dyrekcja-instytutu\/\">Read More&#8230;<\/a><\/p>\n","protected":false},"author":32,"featured_media":0,"parent":129,"menu_order":0,"comment_status":"closed","ping_status":"closed","template":"","meta":{"_expiration-date-status":"","_expiration-date":0,"_expiration-date-type":"","_expiration-date-categories":[],"_expiration-date-options":[]},"acf":[],"_links":{"self":[{"href":"https:\/\/us.edu.pl\/instytut\/il\/wp-json\/wp\/v2\/pages\/137"}],"collection":[{"href":"https:\/\/us.edu.pl\/instytut\/il\/wp-json\/wp\/v2\/pages"}],"about":[{"href":"https:\/\/us.edu.pl\/instytut\/il\/wp-json\/wp\/v2\/types\/page"}],"author":[{"embeddable":true,"href":"https:\/\/us.edu.pl\/instytut\/il\/wp-json\/wp\/v2\/users\/32"}],"replies":[{"embeddable":true,"href":"https:\/\/us.edu.pl\/instytut\/il\/wp-json\/wp\/v2\/comments?post=137"}],"version-history":[{"count":11,"href":"https:\/\/us.edu.pl\/instytut\/il\/wp-json\/wp\/v2\/pages\/137\/revisions"}],"predecessor-version":[{"id":3958,"href":"https:\/\/us.edu.pl\/instytut\/il\/wp-json\/wp\/v2\/pages\/137\/revisions\/3958"}],"up":[{"embeddable":true,"href":"https:\/\/us.edu.pl\/instytut\/il\/wp-json\/wp\/v2\/pages\/129"}],"wp:attachment":[{"href":"https:\/\/us.edu.pl\/instytut\/il\/wp-json\/wp\/v2\/media?parent=137"}],"curies":[{"name":"wp","href":"https:\/\/api.w.org\/{rel}","templated":true}]}}