{"id":139,"date":"2020-01-20T12:57:59","date_gmt":"2020-01-20T11:57:59","guid":{"rendered":"http:\/\/us.edu.pl\/instytut\/il\/?page_id=139"},"modified":"2020-11-26T14:48:31","modified_gmt":"2020-11-26T13:48:31","slug":"instytut-dawniej-i-dzis","status":"publish","type":"page","link":"https:\/\/us.edu.pl\/instytut\/il\/o-instytucie\/instytut-dawniej-i-dzis\/","title":{"rendered":"instytut dawniej i dzi\u015b"},"content":{"rendered":"<p>[vc_row el_class=&#8221;container&#8221;][vc_column width=&#8221;2\/3&#8243;]\r\n                <div class=\"text-modules\">\r\n                    <div class=\"container\">\r\n                        \r\n                        <div class=\"text-modules__content\"><p><span style=\"font-size: 12pt\">Instytut Literaturoznawstwa Wydzia\u0142u Humanistycznego Uniwersytetu \u015al\u0105skiego powsta\u0142 1 pa\u017adziernika 2019 roku. W jego sk\u0142ad weszli pracownicy, kt\u00f3rzy zadeklarowali udzia\u0142 w dyscyplinie literaturoznawstwo, a kt\u00f3rzy wcze\u015bniej zatrudnieni byli w nast\u0119puj\u0105cych jednostkach:<\/span><\/p>\n<ul>\n<li><span style=\"font-size: 12pt\">Instytucie Nauk o Literaturze Polskiej im. Ireneusza Opackiego,<\/span><\/li>\n<li><span style=\"font-size: 12pt\">Instytucie Bibliotekoznawstwa i Informacji Naukowej,<\/span><\/li>\n<li><span style=\"font-size: 12pt\">Instytucie Nauk o Kulturze i Studi\u00f3w Interdyscyplinarnych,<\/span><\/li>\n<li><span style=\"font-size: 12pt\">Instytucie Filologii Wschodnios\u0142owia\u0144skiej,<\/span><\/li>\n<li><span style=\"font-size: 12pt\">Instytucie J\u0119zyka Angielskiego,<\/span><\/li>\n<li><span style=\"font-size: 12pt\">Instytucie Kultur i Literatur Angloj\u0119zycznych,<\/span><\/li>\n<li><span style=\"font-size: 12pt\">Instytucie J\u0119zyk\u00f3w Roma\u0144skich i Translatoryki,<\/span><\/li>\n<li><span style=\"font-size: 12pt\">Instytucie Filologii Germa\u0144skiej,<\/span><\/li>\n<li><span style=\"font-size: 12pt\">Instytucie Filologii S\u0142owia\u0144skiej,<\/span><\/li>\n<li><span style=\"font-size: 12pt\">Katedrze Dydaktyki J\u0119zyka i Literatury Polskiej,<\/span><\/li>\n<li><span style=\"font-size: 12pt\">Katedrze Filologii Klasycznej,<\/span><\/li>\n<li>Katedrze Literatury Por\u00f3wnawczej,<\/li>\n<li>Katedrze Mi\u0119dzynarodowych Studi\u00f3w Polskich,<\/li>\n<li>Katedrze Pedagogiki Wczesnoszkolnej.<\/li>\n<\/ul>\n<p>\n<\/div>\r\n                    <\/div>\r\n                <\/div>[\/vc_column][vc_column width=&#8221;1\/3&#8243;][\/vc_column][\/vc_row]<\/p>","protected":false},"excerpt":{"rendered":"<p>[vc_row el_class=&#8221;container&#8221;][vc_column width=&#8221;2\/3&#8243;][\/vc_column][vc_column width=&#8221;1\/3&#8243;][\/vc_column][\/vc_row] [&#8230;]<\/p>\n<p><a class=\"btn btn-secondary understrap-read-more-link\" href=\"https:\/\/us.edu.pl\/instytut\/il\/o-instytucie\/instytut-dawniej-i-dzis\/\">Read More&#8230;<\/a><\/p>\n","protected":false},"author":32,"featured_media":0,"parent":129,"menu_order":0,"comment_status":"closed","ping_status":"closed","template":"","meta":{"_expiration-date-status":"saved","_expiration-date":0,"_expiration-date-type":"","_expiration-date-categories":[],"_expiration-date-options":[]},"acf":[],"_links":{"self":[{"href":"https:\/\/us.edu.pl\/instytut\/il\/wp-json\/wp\/v2\/pages\/139"}],"collection":[{"href":"https:\/\/us.edu.pl\/instytut\/il\/wp-json\/wp\/v2\/pages"}],"about":[{"href":"https:\/\/us.edu.pl\/instytut\/il\/wp-json\/wp\/v2\/types\/page"}],"author":[{"embeddable":true,"href":"https:\/\/us.edu.pl\/instytut\/il\/wp-json\/wp\/v2\/users\/32"}],"replies":[{"embeddable":true,"href":"https:\/\/us.edu.pl\/instytut\/il\/wp-json\/wp\/v2\/comments?post=139"}],"version-history":[{"count":4,"href":"https:\/\/us.edu.pl\/instytut\/il\/wp-json\/wp\/v2\/pages\/139\/revisions"}],"predecessor-version":[{"id":2158,"href":"https:\/\/us.edu.pl\/instytut\/il\/wp-json\/wp\/v2\/pages\/139\/revisions\/2158"}],"up":[{"embeddable":true,"href":"https:\/\/us.edu.pl\/instytut\/il\/wp-json\/wp\/v2\/pages\/129"}],"wp:attachment":[{"href":"https:\/\/us.edu.pl\/instytut\/il\/wp-json\/wp\/v2\/media?parent=139"}],"curies":[{"name":"wp","href":"https:\/\/api.w.org\/{rel}","templated":true}]}}