{"id":141,"date":"2020-01-20T12:58:37","date_gmt":"2020-01-20T11:58:37","guid":{"rendered":"http:\/\/us.edu.pl\/instytut\/il\/?page_id=141"},"modified":"2025-07-15T11:25:56","modified_gmt":"2025-07-15T09:25:56","slug":"rada-naukowa","status":"publish","type":"page","link":"https:\/\/us.edu.pl\/instytut\/il\/o-instytucie\/rada-naukowa\/","title":{"rendered":"rada naukowa"},"content":{"rendered":"<p>[vc_row][vc_column]\r\n                <div class=\"text-modules\">\r\n                    <div class=\"container\">\r\n                        \r\n                        <div class=\"text-modules__content\"><\/p>\n<h2 style=\"text-align: center;\"><span style=\"font-size: 12pt;\"><strong>SK\u0141AD RADY NAUKOWEJ INSTYTUTU LITERATUROZNAWSTWA<\/strong><\/span><\/h2>\n<hr \/>\n<p><span style=\"font-size: 12pt;\"><strong>DYREKCJA INSTYTUTU:<\/strong><\/span><\/p>\n<ul>\n<li><span style=\"font-size: 12pt;\">dr hab. Jan Kucharski, prof. U\u015a \u2013 przewodnicz\u0105cy<\/span><\/li>\n<li><span style=\"font-size: 12pt;\">dr hab. Joanna Warmuzi\u0144ska-Rog\u00f3\u017c, prof. U\u015a \u2013 zast\u0119pczyni<\/span><\/li>\n<li><span style=\"font-size: 12pt;\">dr hab. Pawe\u0142 Tomczok, prof. U\u015a \u2013 zast\u0119pca<\/span><\/li>\n<\/ul>\n<hr \/>\n<p><span style=\"font-size: 12pt;\"><strong>PROFESOROWIE TYTULARNI:<br \/>\n<\/strong><\/span><\/p>\n<ul>\n<li><span style=\"font-size: 12pt;\">prof. dr hab. Zbigniew Bia\u0142as<\/span><\/li>\n<li><span style=\"font-size: 12pt;\">prof. dr hab. Renata Dampc-Jarosz<\/span><\/li>\n<li><span style=\"font-size: 12pt;\">prof. dr hab. Leszek Drong<\/span><\/li>\n<li><span style=\"font-size: 12pt;\">prof. dr hab. Adam Dziadek<\/span><\/li>\n<li><span style=\"font-size: 12pt;\">prof. dr hab. Katarzyna Gadomska<\/span><\/li>\n<li><span style=\"font-size: 12pt;\">prof. dr hab. Krzysztof Jarosz<\/span><\/li>\n<li><span style=\"font-size: 12pt;\">prof. dr hab. Przemys\u0142aw Marciniak<\/span><\/li>\n<li><span style=\"font-size: 12pt;\">prof. dr hab. Bo\u017cena Mazurek<\/span><\/li>\n<li><span style=\"font-size: 12pt;\">prof. dr hab. Lech Miody\u0144ski<\/span><\/li>\n<li><span style=\"font-size: 12pt;\">prof. dr hab. Agnieszka Po\u015bpiech<\/span><\/li>\n<li><span style=\"font-size: 12pt;\">prof. dr hab. Tomasz Sapota<\/span><\/li>\n<li><span style=\"font-size: 12pt;\">prof. dr hab. Marta Tomczok<\/span><\/li>\n<\/ul>\n<hr \/>\n<p><span style=\"font-size: 12pt;\"><strong>CZ\u0141ONKOWIE RADY WY\u0141ONIENI NA PODSTAWIE DOROBKU:<br \/>\n<\/strong><\/span><\/p>\n<ul>\n<li><span style=\"font-size: 12pt;\">dr Alicja Bemben<\/span><\/li>\n<li><span style=\"font-size: 12pt;\">dr Bartosz Stopel, prof. U\u015a<\/span><\/li>\n<li><span style=\"font-size: 12pt;\">dr Aleksandra Musia\u0142-Pude\u0142ko<\/span><\/li>\n<li><span style=\"font-size: 12pt;\">dr Katarzyna Frukacz-Lewandowska<\/span><\/li>\n<li><span style=\"font-size: 12pt;\">dr Agata Ewa Sowi\u0144ska<\/span><\/li>\n<li><span style=\"font-size: 12pt;\">dr hab. Lucyna Sadzikowska, prof. U\u015a<\/span><\/li>\n<li><span style=\"font-size: 12pt;\">dr hab. Sonia Front, prof. U\u015a<\/span><\/li>\n<li><span style=\"font-size: 12pt;\">dr hab. Marek Krisch, prof. U\u015a<\/span><\/li>\n<li><span style=\"font-size: 12pt;\">dr hab. Miros\u0142aw Michalska-Suchanek, prof. U\u015a<\/span><\/li>\n<li><span style=\"font-size: 12pt;\">dr hab. Iwona S\u0142omak, prof. U\u015a<\/span><\/li>\n<li><span style=\"font-size: 12pt;\">dr hab. Wac\u0142aw Forajter, prof. U\u015a<\/span><\/li>\n<li><span style=\"font-size: 12pt;\">dr hab. Micha\u0142 K\u0142osi\u0144ski, prof. U\u015a<\/span><\/li>\n<li><span style=\"font-size: 12pt;\">dr hab. Wojciech \u015amieja, prof. U\u015a<\/span><\/li>\n<li><span style=\"font-size: 12pt;\">dr hab. Katarzyna Szopa, prof. U\u015a<\/span><\/li>\n<li><span style=\"font-size: 12pt;\">dr Justyna Jajszczok<\/span><\/li>\n<li><span style=\"font-size: 12pt;\">dr hab. Anna Ka\u0142u\u017ca, prof. U\u015a<\/span><\/li>\n<li><span style=\"font-size: 12pt;\">dr hab. Beata Stuchlik-Surowiak, prof. U\u015a<\/span><\/li>\n<li><span style=\"font-size: 12pt;\">dr hab. Ewa Mazurkiewicz, prof. U\u015a<\/span><\/li>\n<li><span style=\"font-size: 12pt;\">dr hab. Jacek Mydla, prof. U\u015a<\/span><\/li>\n<li><span style=\"font-size: 12pt;\">dr Katarzyna Piotrowska<\/span><\/li>\n<li><span style=\"font-size: 12pt;\">dr Joanna So\u0107ko<\/span><\/li>\n<li><span style=\"font-size: 12pt;\">dr hab. Maciej Tramer, prof. U\u015a<\/span><\/li>\n<li><span style=\"font-size: 12pt;\">dr hab. Anna Czarnowus, prof. U\u015a<\/span><\/li>\n<li><span style=\"font-size: 12pt;\">dr hab. Karsten Dahlmanns, prof. U\u015a<\/span><\/li>\n<li><span style=\"font-size: 12pt;\">dr hab. Tomasz Kali\u015bciak, prof. U\u015a<\/span><\/li>\n<li><span style=\"font-size: 12pt;\">dr Edyta Gryksa-Paj\u0105k<\/span><\/li>\n<\/ul>\n<p>\n<\/div>\r\n                    <\/div>\r\n                <\/div>[\/vc_column][\/vc_row][vc_column][\/vc_column]<\/p>","protected":false},"excerpt":{"rendered":"<p>[vc_row][vc_column][\/vc_column][\/vc_row][vc_column][\/vc_column] [&#8230;]<\/p>\n<p><a class=\"btn btn-secondary understrap-read-more-link\" href=\"https:\/\/us.edu.pl\/instytut\/il\/o-instytucie\/rada-naukowa\/\">Read More&#8230;<\/a><\/p>\n","protected":false},"author":32,"featured_media":0,"parent":129,"menu_order":0,"comment_status":"closed","ping_status":"closed","template":"","meta":{"_expiration-date-status":"","_expiration-date":0,"_expiration-date-type":"","_expiration-date-categories":[],"_expiration-date-options":[]},"acf":[],"_links":{"self":[{"href":"https:\/\/us.edu.pl\/instytut\/il\/wp-json\/wp\/v2\/pages\/141"}],"collection":[{"href":"https:\/\/us.edu.pl\/instytut\/il\/wp-json\/wp\/v2\/pages"}],"about":[{"href":"https:\/\/us.edu.pl\/instytut\/il\/wp-json\/wp\/v2\/types\/page"}],"author":[{"embeddable":true,"href":"https:\/\/us.edu.pl\/instytut\/il\/wp-json\/wp\/v2\/users\/32"}],"replies":[{"embeddable":true,"href":"https:\/\/us.edu.pl\/instytut\/il\/wp-json\/wp\/v2\/comments?post=141"}],"version-history":[{"count":10,"href":"https:\/\/us.edu.pl\/instytut\/il\/wp-json\/wp\/v2\/pages\/141\/revisions"}],"predecessor-version":[{"id":6154,"href":"https:\/\/us.edu.pl\/instytut\/il\/wp-json\/wp\/v2\/pages\/141\/revisions\/6154"}],"up":[{"embeddable":true,"href":"https:\/\/us.edu.pl\/instytut\/il\/wp-json\/wp\/v2\/pages\/129"}],"wp:attachment":[{"href":"https:\/\/us.edu.pl\/instytut\/il\/wp-json\/wp\/v2\/media?parent=141"}],"curies":[{"name":"wp","href":"https:\/\/api.w.org\/{rel}","templated":true}]}}