{"id":151,"date":"2020-01-20T13:02:13","date_gmt":"2020-01-20T12:02:13","guid":{"rendered":"http:\/\/us.edu.pl\/instytut\/il\/?page_id=151"},"modified":"2024-03-03T16:54:03","modified_gmt":"2024-03-03T15:54:03","slug":"projekty-badawcze","status":"publish","type":"page","link":"https:\/\/us.edu.pl\/instytut\/il\/nauka\/projekty-badawcze\/","title":{"rendered":"projekty badawcze"},"content":{"rendered":"<p>[vc_row el_class=&#8221;container&#8221;][vc_column]\r\n                <div class=\"text-modules\">\r\n                    <div class=\"container\">\r\n                        <h3 class=\"page-title text__title\">Projekt badawczy: Badania literatury polskiej i klasycznej<\/h3>\r\n                        <div class=\"text-modules__content\"><p><span style=\"font-size: 14pt;\"><strong>Lider zespo\u0142u badawczego: dr hab. Jan Kucharski, prof. U\u015a\u00a0<\/strong><\/span><\/p>\n<p><span style=\"font-size: 12pt;\"><span style=\"font-size: 14pt;\"><strong>Cel projektu:<\/strong><\/span>\u00a0 wszechstronne badania literatury polskiej obejmuj\u0105ce prace historycznoliterackie, krytycznoliterackie, interpretacyjne, a tak\u017ce edycje dzie\u0142 literackich czy badania nad kultur\u0105 literack\u0105 r\u00f3\u017cnych epok, \u015bci\u015ble koresponduj\u0105ce ze wskazanymi w strategii Instytutu Literaturoznawstwa U\u015a na lata 2020-2025 obszarami badawczymi (nowa humanistyka, badania historycznoliterackie w uj\u0119ciu kulturowym, literatura w uj\u0119ciach interdyscyplinarnych, komparatystyka literacka i dydaktyka literatury. Zakres tematyczny projektu obejmuje mi\u0119dzy innymi: badania nad dawn\u0105 literatur\u0105 okoliczno\u015bciow\u0105, pi\u015bmiennictwem u\u017cytkowym, epistolografi\u0105 i r\u00f3\u017cnego typu oracjami, poszerzenie wiedzy o literaturze polskiej wiek\u00f3w XVIII i XIX oraz o dziedzictwie kulturowym o\u015bwiecenia i romantyzmu w wieku XX, systematyczne badanie d\u0142ugiego trwania polskiej nowoczesno\u015bci literackiej i dyskurs\u00f3w z ni\u0105 spowinowaconych, opis przemian dotycz\u0105cych zmiany paradygmatu (modernizm\/postmodernizm), zar\u00f3wno w zakresie teoretyzowania, jak i w obr\u0119bie praktycznych, tak\u017ce politycznych, uwarunkowa\u0144 kultury, literatur\u0119 staropolska i jej dziedzictwo w pi\u015bmiennictwie epok p\u00f3\u017aniejszych, badanie literatury XX i XXI wieku \u2013 obieg\u00f3w wydawniczych, ewolucji poetyk, kanonu literackiego i czytelniczego, opracowywanie problematyki polskiej kultury literackiej, rozw\u00f3j bada\u0144 teoretycznoliterackich, nowoczesne i ponowoczesne perspektywy podmiotowo\u015bci, to\u017csamo\u015bci, p\u0142ciowo\u015bci oraz seksualno\u015bci, opis nowych zjawisk i\u202ftendencji w\u202fliteraturze polskiej, estetycznych przeobra\u017ce\u0144 sfery kulturowo-politycznej, zmian statusu i\u202ffunkcji krytyki literackiej, roli literatury popularnej we\u202fwsp\u00f3\u0142czesnej kulturze, badania nad literatur\u0105 dla dzieci i m\u0142odzie\u017cy, problematyk\u0119 organiczn\u0105 w tekstach literackich, ekokrytyk\u0119, somatopoetyk\u0119, <em>animal\u00a0studies<\/em>,\u00a0<em>plant\u00a0studies<\/em>, recepcj\u0119 literatury polskiej w \u015bwiecie, komparatystyczne zwi\u0105zki przestrzenne w literaturze polskiej i \u015bwiatowej, strategie czytelnicze i interpretacyjne w szkolnym dyskursie edukacyjnym, podr\u00f3\u017copisarstwo dawne i wsp\u00f3\u0142czesne, literatura regionalna, studia klasyczne i bizanty\u0144skie.\u00a0<\/span><\/p>\n<\/div>\r\n                    <\/div>\r\n                <\/div>[\/vc_column][\/vc_row][vc_row el_class=&#8221;container&#8221;][vc_column]\r\n                <div class=\"text-modules\">\r\n                    <div class=\"container\">\r\n                        <h3 class=\"page-title text__title\">Projekt badawczy: Badania literatur obcych<\/h3>\r\n                        <div class=\"text-modules__content\"><p><span style=\"font-size: 14pt;\"><strong>Lider zespo\u0142u badawczego: dr hab.\u00a0Joanna Warmuzi\u0144ska-Rog\u00f3\u017c, prof. U\u015a\u00a0<\/strong><\/span><\/p>\n<p><span style=\"font-size: 12pt;\"><span style=\"font-size: 14pt;\"><strong>Cel\u00a0projektu<\/strong>:\u00a0<\/span>szeroko zakrojone i wieloaspektowe badania literatur obcych oraz literatur klasycznych, \u015bci\u015ble koresponduj\u0105ce ze wskazanymi w strategii Instytutu Literaturoznawstwa U\u015a na lata 2020-2025 obszarami badawczymi (nowa humanistyka, badania historycznoliterackie w uj\u0119ciu kulturowym, literatura w uj\u0119ciach interdyscyplinarnych, komparatystyka literacka i dydaktyka literatury). Badania prowadzone b\u0119d\u0105 przy zastosowaniu najnowszych \u202fliteraturoznawczych i przek\u0142adoznawczych\u202fmetodologii badawczych, ze szczeg\u00f3lnym uwzgl\u0119dnieniem\u202fkontekstu kulturowego, spo\u0142ecznego i filozoficznego. Zakres tematyczny projektu obejmuje mi\u0119dzy innymi: badania nad hybrydyczno\u015bci\u0105 w literaturze, interdyscyplinarne badania nad\u202fwpisuj\u0105cymi si\u0119 w estetyk\u0119 ponowoczesno\u015bci i postkolonializmu\u202fwsp\u00f3\u0142czesnymi niemetropolitalnymi literaturami francusko-, hispano- i angielskoj\u0119zycznego obszaru j\u0119zykowego; amerykanistyczne badania hemisferyczne oraz badania transoceaniczne; kanadyjskie studia kulturowe; badania nad wsp\u00f3\u0142czesn\u0105 kultur\u0105, literatur\u0105 oraz nowymi mediami w zakresie, jaki pozwala uchwyci\u0107 ich osadzenie w kontek\u015bcie spo\u0142ecznym, politycznym i historycznym, a tak\u017ce relacje intertekstualne mi\u0119dzy tym sferami; badania nad rozwijaj\u0105cymi si\u0119 formami kultury i uczestnictwem w kulturze, w tym: grami cyfrowymi i fabularnymi, tradycyjnymi oraz innymi formami narracji interaktywnych; tradycje europejskie w kulturze popularnej; tropy przesz\u0142o\u015bci i tera\u017aniejszo\u015bci w brytyjskich studiach kulturowych i literackich; badania nad literatur\u0105 niemieckoj\u0119zyczn\u0105 z wykorzystaniem wsp\u00f3\u0142czesnych teorii i modeli literaturoznawczych oraz kulturoznawczych, np. teorii przestrzeni, recepcji, gender, postkolonialnych czy narratologii; badania niemieckoj\u0119zycznej literatury XX i XXI wieku ze szczeg\u00f3lnym uwzgl\u0119dnieniem dramatu i teatru kraj\u00f3w niemieckoj\u0119zycznych i skandynawskich; badania literatury niemieckiej i pi\u015bmiennictwa na G\u00f3rnym \u015al\u0105sku oraz niemieckoj\u0119zycznej literatury kobiet; interpretacja najwa\u017cniejszych zjawisk i tendencji\u202frozwojowych literatury rosyjskiej XIX\u2013XXI wieku w\u202fdziedzinie prozy, dramatu i krytyki literackiej z\u202fwykorzystaniem nowoczesnych narz\u0119dzi literaturoznawczych; badania literatury i kultury S\u0142owian zachodnich i po\u0142udniowych.\u00a0\u00a0\u00a0<\/span><\/p>\n<\/div>\r\n                    <\/div>\r\n                <\/div>[\/vc_column][\/vc_row]<\/p>","protected":false},"excerpt":{"rendered":"<p>[vc_row el_class=&#8221;container&#8221;][vc_column][\/vc_column][\/vc_row][vc_row el_class=&#8221;container&#8221;][vc_column][\/vc_column][\/vc_row] [&#8230;]<\/p>\n<p><a class=\"btn btn-secondary understrap-read-more-link\" href=\"https:\/\/us.edu.pl\/instytut\/il\/nauka\/projekty-badawcze\/\">Read More&#8230;<\/a><\/p>\n","protected":false},"author":32,"featured_media":0,"parent":131,"menu_order":0,"comment_status":"closed","ping_status":"closed","template":"","meta":{"_expiration-date-status":"","_expiration-date":0,"_expiration-date-type":"","_expiration-date-categories":[],"_expiration-date-options":[]},"acf":[],"_links":{"self":[{"href":"https:\/\/us.edu.pl\/instytut\/il\/wp-json\/wp\/v2\/pages\/151"}],"collection":[{"href":"https:\/\/us.edu.pl\/instytut\/il\/wp-json\/wp\/v2\/pages"}],"about":[{"href":"https:\/\/us.edu.pl\/instytut\/il\/wp-json\/wp\/v2\/types\/page"}],"author":[{"embeddable":true,"href":"https:\/\/us.edu.pl\/instytut\/il\/wp-json\/wp\/v2\/users\/32"}],"replies":[{"embeddable":true,"href":"https:\/\/us.edu.pl\/instytut\/il\/wp-json\/wp\/v2\/comments?post=151"}],"version-history":[{"count":10,"href":"https:\/\/us.edu.pl\/instytut\/il\/wp-json\/wp\/v2\/pages\/151\/revisions"}],"predecessor-version":[{"id":4860,"href":"https:\/\/us.edu.pl\/instytut\/il\/wp-json\/wp\/v2\/pages\/151\/revisions\/4860"}],"up":[{"embeddable":true,"href":"https:\/\/us.edu.pl\/instytut\/il\/wp-json\/wp\/v2\/pages\/131"}],"wp:attachment":[{"href":"https:\/\/us.edu.pl\/instytut\/il\/wp-json\/wp\/v2\/media?parent=151"}],"curies":[{"name":"wp","href":"https:\/\/api.w.org\/{rel}","templated":true}]}}