{"id":2307,"date":"2021-02-03T10:24:01","date_gmt":"2021-02-03T09:24:01","guid":{"rendered":"https:\/\/us.edu.pl\/instytut\/il\/?page_id=2307"},"modified":"2022-07-13T13:28:02","modified_gmt":"2022-07-13T11:28:02","slug":"2021-2","status":"publish","type":"page","link":"https:\/\/us.edu.pl\/instytut\/il\/konferencje\/2021-2\/","title":{"rendered":"2021"},"content":{"rendered":"<p>[vc_row el_class=&#8221;container&#8221;][vc_column]\r\n                <div class=\"text-modules\">\r\n                    <div class=\"container\">\r\n                        <h3 class=\"page-title text__title\">Seminarium naukowe \u201cTransfiguracje weganizmu. Materialne i nie-materialne aspekty diety bezmi\u0119snej\u201d<\/h3>\r\n                        <div class=\"text-modules__content\"><p><span style=\"font-size: 12pt;\"><strong>Termin<\/strong>: 16 grudnia 2021 roku <\/span><\/p>\n<p><span style=\"font-size: 12pt;\"><strong>Miejsce<\/strong>: seminarium online<\/span><\/p>\n<p><span style=\"font-size: 12pt;\"><strong>Organizatorzy<\/strong>:Uniwersytet \u015al\u0105ski w Katowicach i Wy\u017csza Szko\u0142a Humanitas w Sosnowcu<\/span><\/p>\n<p><span style=\"font-size: 12pt;\"><strong>Opis<\/strong>: <\/span><span style=\"font-size: 12pt;\">Koncepcja ludzkiej diety odrzucaj\u0105cej konsumpcj\u0119 produkt\u00f3w pochodzenia zwierz\u0119cego \u2013 czy to w wersji wega\u0144skiej czy te\u017c wegetaria\u0144skiej \u2013 rozwija si\u0119 na przestrzeni wiek\u00f3w i ewoluuje osi\u0105gaj\u0105c w ostatnich latach niespotykan\u0105 dot\u0105d popularno\u015b\u0107. O\u017cywieniu w tym obszarze towarzysz\u0105 debaty, spory, analizy, interpretacje i polemiki, kt\u00f3re wskazuj\u0105 na fakt, i\u017c kwestia diety bezmi\u0119snej \u2013 a co za tym idzie, praw zwierz\u0105t, zwi\u0105zk\u00f3w przemys\u0142u mi\u0119snego ze stanem \u015brodowiska, czy wreszcie wp\u0142ywu diety mi\u0119snej na zdrowie ludzkie \u2013\u00a0 jest dzisiaj jednym z tych zagadnie\u0144 spo\u0142eczno-polityczno-kulturowych, w kt\u00f3rym jak w soczewce skupia si\u0119 wiele problem\u00f3w wsp\u00f3\u0142czesno\u015bci.<\/span><\/p>\n<p><span style=\"font-size: 12pt;\">B\u0119d\u0105c ide\u0105 no\u015bn\u0105 i ewoluuj\u0105c\u0105 \u2013 chocia\u017c dla wielu wci\u0105\u017c jeszcze kontrowersyjn\u0105\u00a0 \u2013 \u00a0weganizm odciska sw\u00f3j \u015blad r\u00f3wnie\u017c w przestrzeni kultury materialnej. Rekwizyty kultury wega\u0144skiej \u2013\u00a0 takie jak na przyk\u0142ad ksi\u0105\u017cki kucharskie czy te\u017c moda i sztuka wega\u0144ska\u00a0 \u2013\u00a0 stanowi\u0105 manifestacj\u0119 kulturotw\u00f3rczego potencja\u0142u my\u015bli wega\u0144skiej na poziomie materialnym w mikro- i makro-skali: wskazuj\u0105 na rol\u0119, jak\u0105 materialny wymiar weganizmu mo\u017ce odgrywa\u0107 w kszta\u0142towaniu to\u017csamo\u015bci wsp\u00f3\u0142czesnych wegan i weganek oraz ods\u0142aniaj\u0105 uwik\u0142ania ekonomiczno-polityczne \u015bwiatowej produkcji mi\u0119sa.<\/span><\/p>\n<p><span style=\"font-size: 12pt;\">Organizatorzy seminarium zapraszaj\u0105 badaczki i badaczy pragn\u0105cych pochyli\u0107 si\u0119 nad proponowan\u0105 tematyk\u0105 z perspektywy bada\u0144 kulturoznawczych, literaturoznawczych, filozoficznych, socjologicznych i historycznych. Proponowane zagadnienia obejmuj\u0105, mi\u0119dzy innymi:<\/span><\/p>\n<ul>\n<li><span style=\"font-size: 12pt;\">psychologiczny wymiar diety bezmi\u0119snej<\/span><\/li>\n<li><span style=\"font-size: 12pt;\">miejsce wegan w spo\u0142eczno\u015bci wega\u0144skiej i nie-wega\u0144skiej<\/span><\/li>\n<li><span style=\"font-size: 12pt;\">historyczne ewolucje dyskursu wega\u0144skiego<\/span><\/li>\n<li><span style=\"font-size: 12pt;\">rekwizyty diety wega\u0144skiej<\/span><\/li>\n<li><span style=\"font-size: 12pt;\">kultur\u0119 materialn\u0105 weganizmu<\/span><\/li>\n<li><span style=\"font-size: 12pt;\">zwi\u0105zki weganizmu i mody<\/span><\/li>\n<li><span style=\"font-size: 12pt;\">weganizm w kulturach \u015bwiata<\/span><\/li>\n<li><span style=\"font-size: 12pt;\">ruchy wega\u0144skie<\/span><\/li>\n<li><span style=\"font-size: 12pt;\">historyczne ewolucje postaw (od buntownika do celebryty)<\/span><\/li>\n<li><span style=\"font-size: 12pt;\">weganizm a ruchy ekologiczne<\/span><\/li>\n<li><span style=\"font-size: 12pt;\">zwi\u0105zki weganizmu z polityk\u0105<\/span><\/li>\n<\/ul>\n<p>\n<\/div>\r\n                    <\/div>\r\n                <\/div>[\/vc_column][\/vc_row][vc_row el_class=&#8221;container&#8221;][vc_column]\r\n                <div class=\"text-modules\">\r\n                    <div class=\"container\">\r\n                        <h3 class=\"page-title text__title\">4. Literacka Konferencja Naukowa \u201ePrzed i po \u2013 Wis\u0142awa Szymborska\u201d<\/h3>\r\n                        <div class=\"text-modules__content\"><p><span style=\"font-size: 12pt;\"><strong>Termin<\/strong>: 25-26 pa\u017adziernika 2021 roku<\/span><\/p>\n<p><span style=\"font-size: 12pt;\"><strong>Miejsce<\/strong>: Zabrze<\/span><\/p>\n<p><span style=\"font-size: 12pt;\"><strong>Opis<\/strong>: \u201ePrzed i\u00a0po. Wis\u0142awa Szymborska\u201d \u2013 c\u00f3\u017c to znaczy? Koncepcja merytoryczna jest prosta i\u00a0w kontek\u015bcie tego, co si\u0119 we wsp\u00f3\u0142czesnej humanistyce (\u201eposthumanistyce\u201d?, \u201enowej humanistyce\u201d?) dzieje, wydaje si\u0119 anachroniczna. Przyjrzyjmy si\u0119 raz jeszcze wielkiemu dzie\u0142u Wis\u0142awy Szymborskiej, podejmijmy trud reinterpretacji kanonicznych odczyta\u0144 jej utwor\u00f3w, zapytajmy o\u00a0to, jakie zjawiska kulturowe, literackie, historyczne \u201eprzygotowa\u0142y\u201d jej pojawienie si\u0119 polskiej kulturze. Zapytajmy te\u017c o\u00a0\u201epo\u015bmiertne \u017cycie\u201d tego dzie\u0142a, jak t\u0119 poetk\u0119 i\u00a0jej wiersze, eseje oraz powie\u015bci \u201e\u017cyj\u0105\u201d w\u00a0pami\u0119ci zbiorowej, w\u00a0recepcji, w\u00a0ko\u0144cu w\u00a0tw\u00f3rczo\u015bci pisarzy m\u0142odszych, tak\u017ce najm\u0142odszych\u2026 Czy Szymborska ma nam \u2013 wsp\u00f3\u0142czesnym, do\u015bwiadczaj\u0105cym czas\u00f3w \u201eDobrej Zmiany\u201d \u2013 jeszcze cokolwiek do powiedzenia? Dyskusje i\u00a0ju\u017c opublikowane (Schulz, Gombrowicz), a\u00a0tak\u017ce czekaj\u0105ce na druk (Mi\u0142osz) teksty stawiaj\u0105ce podobne pytania dzie\u0142om autora <em>Sklep\u00f3w cynamonowych<\/em>, autora <em>Ferdydurke<\/em> i\u00a0autora <em>Zniewolonego umys\u0142u<\/em> s\u0105 \u015bwietn\u0105 ilustracj\u0105, \u017ce nie s\u0105 to pytania bezzasadne czy banalne\u2026 \u017be literatura wielkich polskich modernist\u00f3w to ci\u0105gle jeszcze lekcja, kt\u00f3r\u0105 w\u00a0naszej wsp\u00f3\u0142czesnej kulturze musimy \u201eodrobi\u0107\u201d. \u00a0 <\/span><\/p>\n<\/div>\r\n                    <\/div>\r\n                <\/div>[\/vc_column][\/vc_row][vc_row el_class=&#8221;container&#8221;][vc_column]\r\n                <div class=\"text-modules\">\r\n                    <div class=\"container\">\r\n                        <h3 class=\"page-title text__title\">,,Erich Maria Remarque czytany wsp\u00f3\u0142cze\u015bnie. W pi\u0119\u0107dziesi\u0105t\u0105 rocznic\u0119 \u015bmierci pisarza\u201d<\/h3>\r\n                        <div class=\"text-modules__content\"><p><span style=\"font-size: 12pt;\"><strong>Termin<\/strong>: 11-13 pa\u017adziernika 2021 roku<\/span><\/p>\n<p><span style=\"font-size: 12pt;\"><strong>Miejsce<\/strong>: Centrum Informacji Naukowej i Biblioteka Akademicka w Katowicach<\/span><\/p>\n<p><span style=\"font-size: 12pt;\"><strong>Organizatorzy<\/strong>: Instytut Literaturoznawstwa, Erich Maria Remarque-Friedenszentrum \/ Universit\u00e4t Osnabr\u00fcck<\/span><\/p>\n<p><span style=\"font-size: 12pt;\"><strong>Opis<\/strong>: Mi\u0119dzynarodowa konferencja naukowa wraz z wystaw\u0105 towarzysz\u0105c\u0105 b\u0119d\u0105 po\u015bwi\u0119cone \u017cyciu i tw\u00f3rczo\u015bci Ericha Marii Remarque\u2019a (1898\u20131970). Czytelnikom r\u00f3\u017cnych pokole\u0144 na ca\u0142ym \u015bwiecie Remarque pozostaje znany przede wszystkim jako autor bestsellerowej powie\u015bci pt. \u201cNa Zachodzie bez zmian\u201d. Dzi\u0119ki milionowi sprzedanych egzemplarzy dzie\u0142a w ci\u0105gu zaledwie szesnastu miesi\u0119cy pochodz\u0105cy z Osnabr\u00fcck pisarz znalaz\u0142 si\u0119 w gronie najpopularniejszych niemieckich autor\u00f3w wszechczas\u00f3w. Dzi\u015b, pomimo wielu przemian spo\u0142ecznych i politycznych, tematy podejmowane przez Remarque\u2019a zdaj\u0105 si\u0119 by\u0107 bardziej aktualne ni\u017c kiedykolwiek wcze\u015bniej: migracja, ucieczka, to\u017csamo\u015b\u0107, opresja, empatia, pacyfizm, cywilizacja, humanitaryzm\u2026 W pi\u0119\u0107dziesi\u0105t\u0105 rocznic\u0119 \u015bmierci pisarza te i inne aspekty rzucaj\u0105 nowe \u015bwiat\u0142o na jego tw\u00f3rczo\u015b\u0107, w szczeg\u00f3lno\u015bci w odniesieniu do wsp\u00f3\u0142czesnej recepcji Remarque\u2019a w r\u00f3\u017cnych kontekstach kulturowych i politycznych. Tematy przewodnie konferencji to mi\u0119dzy innymi: tw\u00f3rczo\u015b\u0107 Remarque\u2019a z punktu widzenia wsp\u00f3\u0142czesnych teorii kulturoznawczych, wsp\u00f3\u0142czesna recepcja utwor\u00f3w Remarque\u2019a w r\u00f3\u017cnych mediach, humanitaryzm w dzia\u0142ach Remarque\u2019a z perspektywy XXI wieku, literackie przyja\u017anie Remarque\u2019a, czy te\u017c problemy przek\u0142adu jego dzie\u0142.<\/span><\/p>\n<p><span style=\"font-size: 12pt;\">Celem projektu jest podj\u0119cie refleksji na temat znaczenia dzie\u0142 pisarza i jego recepcji w Europie, a tak\u017ce zainicjowanie dyskusji o wa\u017cnych dla Remarque\u2019a poj\u0119ciach: pokoju i obco\u015bci w \u015bwiecie.<\/span><\/p>\n<p><span style=\"font-size: 12pt;\">Projekt uzyska\u0142 dofinansowanie Fundacji Wsp\u00f3\u0142pracy Polsko-Niemieckiej.<\/span><\/p>\n<\/div>\r\n                    <\/div>\r\n                <\/div>[\/vc_column][\/vc_row][vc_row el_class=&#8221;container&#8221;][vc_column]\r\n                <div class=\"text-modules\">\r\n                    <div class=\"container\">\r\n                        <h3 class=\"page-title text__title\">III Kolokwium Czesko-Polskie: \u201eZ naszych warsztat\u00f3w badawczych\u201d<\/h3>\r\n                        <div class=\"text-modules__content\"><p><span style=\"font-size: 12pt;\"><strong>Termin<\/strong>: 6 pa\u017adziernika 2021 roku<\/span><\/p>\n<p><span style=\"font-size: 12pt;\"><strong>Miejsce<\/strong>: Centrum Polskie (budynek Polskiego Zwi\u0105zku Kulturalno-O\u015bwiatowego w RC, ul. Strzelnicza\/St\u0159elni\u010dn\u00ed 28, Czeski Cieszyn)<\/span><\/p>\n<p><span style=\"font-size: 12pt;\"><strong>Organizatorzy<\/strong>: Instytut Literaturoznawstwa Wydzia\u0142u Humanistycznego Uniwersytetu \u015al\u0105skiego w Katowicach, Katedra Slawistyki Uniwersytetu Ostrawskiego, Pracownia Zarz\u0105dzania Wiedz\u0105.<\/span><\/p>\n<p><span style=\"font-size: 12pt;\"><strong>Opis<\/strong>: Celem spotkania jest prezentacja obszar\u00f3w bada\u0144, metod i perspektyw badawczych w kr\u0119gach badaczy literatury i kultury staropolskiej Instytutu Literaturoznawstwa Wydzia\u0142u Humanistycznego Uniwersytetu \u015al\u0105skiego <\/span><span style=\"font-size: 12pt;\">w Katowicach oraz Katedry Slawistyki Wydzia\u0142u Filozoficznego Uniwersytetu Ostrawskiego. Cz\u0119\u015bci\u0105 konferencji jest te\u017c zwiedzanie wystawy Sonii Rammer Him\u00e1lajsk\u00e9 Legendy oraz Aleksandra Radziszewskiego Baltsk\u00e9 Legendy (Galerie P\u016fda, ul. Strzelnicza 256\/1).<\/span><\/p>\n<\/div>\r\n                    <\/div>\r\n                <\/div>[\/vc_column][\/vc_row][vc_row el_class=&#8221;container&#8221;][vc_column]\r\n                <div class=\"text-modules\">\r\n                    <div class=\"container\">\r\n                        <h3 class=\"page-title text__title\">Mi\u0119dzynarodowa konferencja naukowa online \u201cO(d)graniczenia w perspektywie literaturo- i j\u0119zykoznawczej\u201d<\/h3>\r\n                        <div class=\"text-modules__content\"><p><span style=\"font-size: 12pt;\"><strong>Termin<\/strong>: 29-30 wrze\u015bnia 2021 roku<\/span><\/p>\n<p><span style=\"font-size: 12pt;\"><strong>Miejsce<\/strong>: konferencja online<\/span><\/p>\n<p><span style=\"font-size: 12pt;\"><strong>Organizatorzy<\/strong>: Instytut Literaturoznawstwa oraz Instytut J\u0119zykoznawstwa U\u015a<\/span><\/p>\n<p><span style=\"font-size: 12pt;\"><strong>Opis<\/strong>: Mi\u0119dzynarodowa konferencja naukowa online po\u015bwi\u0119cona zosta\u0142a szeroko rozumianemu problemowi ogranicze\u0144. Obrady toczy\u0142y si\u0119 w j\u0119zyku niemieckim.<\/span><\/p>\n<\/div>\r\n                    <\/div>\r\n                <\/div>[\/vc_column][\/vc_row][vc_row el_class=&#8221;container&#8221;][vc_column]\r\n                <div class=\"text-modules\">\r\n                    <div class=\"container\">\r\n                        <h3 class=\"page-title text__title\">Wok\u00f3\u0142 \u201cTchacos\u201d. Kodeks Tchacos i literatura pokrewna: seminarium naukowe<\/h3>\r\n                        <div class=\"text-modules__content\"><p><span style=\"font-size: 12pt;\"><strong>Termin<\/strong>: 16 wrze\u015bnia 2021 roku<\/span><\/p>\n<p><span style=\"font-size: 12pt;\"><strong>Miejsce<\/strong>: seminarium online<\/span><\/p>\n<p><span style=\"font-size: 12pt;\"><strong>Organizatorzy<\/strong>: Instytut Literaturoznawstwa U\u015a<\/span><\/p>\n<p><span style=\"font-size: 12pt;\"><strong>Opis<\/strong>: Go\u015bciem-prelegenetm by\u0142 dr Filip Taterka\u00a0\u2013 znawca pisma hieroglificznego, adiunkt w Instytucie Kultur \u015ar\u00f3dziemnomorskich i Orientalnych PAN, absolwent Uniwersytetu im. Adama Mickiewicza w Poznaniu oraz Sorbonne Universit\u00e9 w Pary\u017cu, gdzie w 2018 r. obroni\u0142 prac\u0119 doktorsk\u0105 po\u015bwi\u0119con\u0105 egipskim wyprawom do Puntu (<em>Les exp\u00e9ditions au pays de Pount sous la XVIIIe dynastie \u00e9gyptienne: Essai de compr\u00e9hension du r\u00f4le id\u00e9ologique des missions \u00abcommerciales\u00bb<\/em>). Laureat licznych stypendi\u00f3w i wyr\u00f3\u017cnie\u0144. Uczestnik misji archeologicznych pracuj\u0105cych w \u015bwi\u0105tyniach Hatszepsut i Thotmesa III w Deir el-Bahari. Autor licznych publikacji naukowych, w tym ksi\u0105\u017cki \u201cOpowie\u015bci znad Nilu. Opowiadania egipskie z okresu \u015aredniego Pa\u0144stwa\u201d (Warszawa 2017), pierwszego polskiego przek\u0142adu zachowanych fragment\u00f3w dzie\u0142 Manethona z Sebennytos (Pozna\u0144 2017) oraz monografii \u201cPrzez morze do Ziemi Boga: Egipskie wyprawy do krainy Punt i ich znaczenie w religii i ideologii w\u0142adzy kraju faraon\u00f3w\u201d (Warszawa 2020).<\/span><\/p>\n<\/div>\r\n                    <\/div>\r\n                <\/div>[\/vc_column][\/vc_row][vc_row el_class=&#8221;container&#8221;][vc_column]\r\n                <div class=\"text-modules\">\r\n                    <div class=\"container\">\r\n                        <h3 class=\"page-title text__title\">Og\u00f3lnopolska Konferencja Naukowa`` Jak dobrze sp\u0119dzi\u0107 czas \u2013 gry, zabawy, rozrywka w czasach antycznych i wiekach p\u00f3\u017aniejszych``<\/h3>\r\n                        <div class=\"text-modules__content\"><p><span style=\"font-size: 12pt;\"><strong>Termin<\/strong>: 28 maja 2021 roku<\/span><\/p>\n<p><span style=\"font-size: 12pt;\"><strong>Organizatorzy<\/strong>: Filologia klasyczna i Mediteranistyka Uniwersytetu \u015al\u0105skiego w Katowicach<\/span><\/p>\n<p><span style=\"font-size: 12pt;\"><strong>Opis:<\/strong> Og\u00f3lnopolska konferencja naukowa odby\u0142a si\u0119 w dniu 28 maja 2021 w trybie zdalnym (za po\u015brednictwem platformy MSTeams). W wydarzeniu udzia\u0142 wzi\u0119li studenci, doktoranci, pracownicy naukowi i dydaktyczni zar\u00f3wno z Uniwersytetu \u015al\u0105skiego, jak i innych o\u015brodk\u00f3w naukowych (m.in. Uniwersytet im. Miko\u0142aja Kopernika w Toruniu, Uniwersytet Jagiello\u0144ski, \u015al\u0105ski Uniwersytet Medyczny; Uniwersytet Warszawski, Uniwersytet \u0141\u00f3dzki, Uniwersytet Opolski, KUL, UMCS, UKSW, Uniwersytet Gda\u0144ski). Celem podj\u0119tych dyskusji i wyst\u0105pie\u0144 tematycznych by\u0142o ukazanie interesuj\u0105cych mo\u017cliwo\u015bci sp\u0119dzania wolnego czasu znanych z czas\u00f3w staro\u017cytnych i wiek\u00f3w p\u00f3\u017aniejszych. W\u015br\u00f3d poruszanych przez prelegent\u00f3w zagadnie\u0144 pojawi\u0142y si\u0119 m.in. odwo\u0142ania do gier, ta\u0144ca czy rozgrywek sportowych z uwzgl\u0119dnieniem ich historii, tradycji i modyfikacji, jakim ulega\u0142y z biegiem lat. Koncentrowano si\u0119 ponadto na szeroko poj\u0119tych aspektach literackich, filmowych i podj\u0119to dyskusje nad sposobami wykorzystania gier i rozrywek w procesie dydaktycznym. Wybrane teksty wyst\u0105pie\u0144 (kt\u00f3re uzyska\u0142y pozytywn\u0105 ocen\u0119 w procesie recenzji) zosta\u0142y opublikowane w tomie Classica Catoviciensia. Scripta Minora. Fasc. 24\/2021 (Wydawnictwo Biblos, Tarn\u00f3w 2021, ss. 91, red. Edyta Gryksa, Andrzej Lewandowski).<\/span><\/p>\n<\/div>\r\n                    <\/div>\r\n                <\/div>[\/vc_column][\/vc_row]<\/p>","protected":false},"excerpt":{"rendered":"<p>[vc_row el_class=&#8221;container&#8221;][vc_column][\/vc_column][\/vc_row][vc_row el_class=&#8221;container&#8221;][vc_column][\/vc_column][\/vc_row][vc_row el_class=&#8221;container&#8221;][vc_column][\/vc_column][\/vc_row][vc_row el_class=&#8221;container&#8221;][vc_column][\/vc_column][\/vc_row][vc_row el_class=&#8221;container&#8221;][vc_column][\/vc_column][\/vc_row][vc_row el_class=&#8221;container&#8221;][vc_column][\/vc_column][\/vc_row][vc_row el_class=&#8221;container&#8221;][vc_column][\/vc_column][\/vc_row] [&#8230;]<\/p>\n<p><a class=\"btn btn-secondary understrap-read-more-link\" href=\"https:\/\/us.edu.pl\/instytut\/il\/konferencje\/2021-2\/\">Read More&#8230;<\/a><\/p>\n","protected":false},"author":1,"featured_media":0,"parent":133,"menu_order":0,"comment_status":"closed","ping_status":"closed","template":"","meta":{"_expiration-date-status":"","_expiration-date":0,"_expiration-date-type":"","_expiration-date-categories":[],"_expiration-date-options":[]},"acf":[],"_links":{"self":[{"href":"https:\/\/us.edu.pl\/instytut\/il\/wp-json\/wp\/v2\/pages\/2307"}],"collection":[{"href":"https:\/\/us.edu.pl\/instytut\/il\/wp-json\/wp\/v2\/pages"}],"about":[{"href":"https:\/\/us.edu.pl\/instytut\/il\/wp-json\/wp\/v2\/types\/page"}],"author":[{"embeddable":true,"href":"https:\/\/us.edu.pl\/instytut\/il\/wp-json\/wp\/v2\/users\/1"}],"replies":[{"embeddable":true,"href":"https:\/\/us.edu.pl\/instytut\/il\/wp-json\/wp\/v2\/comments?post=2307"}],"version-history":[{"count":10,"href":"https:\/\/us.edu.pl\/instytut\/il\/wp-json\/wp\/v2\/pages\/2307\/revisions"}],"predecessor-version":[{"id":3870,"href":"https:\/\/us.edu.pl\/instytut\/il\/wp-json\/wp\/v2\/pages\/2307\/revisions\/3870"}],"up":[{"embeddable":true,"href":"https:\/\/us.edu.pl\/instytut\/il\/wp-json\/wp\/v2\/pages\/133"}],"wp:attachment":[{"href":"https:\/\/us.edu.pl\/instytut\/il\/wp-json\/wp\/v2\/media?parent=2307"}],"curies":[{"name":"wp","href":"https:\/\/api.w.org\/{rel}","templated":true}]}}