{"id":3861,"date":"2022-07-13T13:11:17","date_gmt":"2022-07-13T11:11:17","guid":{"rendered":"https:\/\/us.edu.pl\/instytut\/il\/?page_id=3861"},"modified":"2022-07-26T08:00:54","modified_gmt":"2022-07-26T06:00:54","slug":"2022-2","status":"publish","type":"page","link":"https:\/\/us.edu.pl\/instytut\/il\/konferencje\/2022-2\/","title":{"rendered":"2022"},"content":{"rendered":"<p>[vc_row el_class=&#8221;container&#8221;][vc_column]\r\n                <div class=\"text-modules\">\r\n                    <div class=\"container\">\r\n                        <h3 class=\"page-title text__title\">Historia Zofii Kossak. Do\u015bwiadczenia i konteksty<\/h3>\r\n                        <div class=\"text-modules__content\"><p><span style=\"font-size: 12pt;\"><strong>Termin<\/strong>: 13 czerwca 2022 r.<\/span><\/p>\n<p><span style=\"font-size: 12pt;\"><strong>Miejsce<\/strong>: Wydzia\u0142 Humanistyczny Uniwersytetu \u015al\u0105skiego w Katowicach<\/span><\/p>\n<p><span style=\"font-size: 12pt;\"><strong>Organizatorzy<\/strong>: Uniwersytet \u015al\u0105ski w Katowicach<\/span><\/p>\n<p><span style=\"font-size: 12pt;\"><strong>Wsp\u00f3\u0142organizatorzy<\/strong>: Biblioteka \u015al\u0105ska<\/span><\/p>\n<p><span style=\"font-size: 12pt;\"><strong>Patronaty<\/strong>: Patronat Honorowy Rektora Uniwersytetu \u015al\u0105skiego w Katowicach, Honorowy Patronat Marsza\u0142ka Wojew\u00f3dztwa \u015al\u0105skiego Jakuba Che\u0142stowskiego, prof. Fran\u00e7ois Rosset<\/span><\/p>\n<p><span style=\"font-size: 12pt;\"><strong>Patronat medialny<\/strong>: &#8222;Gazeta Uniwersytecka U\u015a&#8221;, &#8222;Forum Akademickie&#8221;<\/span><\/p>\n<p><span style=\"font-size: 12pt;\"><strong>Opis<\/strong>: <span class=\"markedContent\"><span dir=\"ltr\" role=\"presentation\">Konferencja naukowa zorganizowana jest w zwi\u0105zku z jubileuszem <\/span><span dir=\"ltr\" role=\"presentation\">100. rocznicy debiutu literackiego Zofii Kossak. Konferencji towarzyszy wystawa pierwodruk\u00f3w, t\u0142umacze\u0144 oraz wyda\u0144 zagranicznych ksi\u0105\u017cek Zofii Kossak ze zbior\u00f3w Biblioteki \u015al\u0105skiej.<\/span><\/span> <\/span><\/p>\n<\/div>\r\n                    <\/div>\r\n                <\/div>[\/vc_column][\/vc_row][vc_row][vc_column]\r\n                <div class=\"text-modules\">\r\n                    <div class=\"container\">\r\n                        <h3 class=\"page-title text__title\">La journ\u00e9e d\u2019\u00e9tudes: Autour de l\u2019\u0153uvre d\u2019Ananda Devi<\/h3>\r\n                        <div class=\"text-modules__content\"><p><span style=\"font-size: 12pt;\"><strong>Termin<\/strong>: 9 czerwca 2022 r.<\/span><\/p>\n<p><span style=\"font-size: 12pt;\"><strong>Miejsce<\/strong>: seminarium online<\/span><\/p>\n<p><span style=\"font-size: 12pt;\"><strong>Organizatorzy<\/strong>: Instytut Literaturoznawstwa Uniwersytetu \u015al\u0105skiego w Katowicach<\/span><\/p>\n<p><span style=\"font-size: 12pt;\"><strong>Patronat<\/strong>: Plejada. Akademickie Towarzystwo Humanist\u00f3w Polskich <\/span><\/p>\n<p><span style=\"font-size: 12pt;\"><strong>Opis<\/strong>: Seminarium naukowe po\u015bwi\u0119cone tw\u00f3rczo\u015bci Anandy Devi zosta\u0142o zorganizowane jako wydarzenie towarzysz\u0105ce nadaniu tytu\u0142u doktora <em>honoris causa<\/em> pisarce. <\/span><\/p>\n<\/div>\r\n                    <\/div>\r\n                <\/div>[\/vc_column][\/vc_row]<\/p>","protected":false},"excerpt":{"rendered":"<p>[vc_row el_class=&#8221;container&#8221;][vc_column][\/vc_column][\/vc_row][vc_row][vc_column][\/vc_column][\/vc_row] [&#8230;]<\/p>\n<p><a class=\"btn btn-secondary understrap-read-more-link\" href=\"https:\/\/us.edu.pl\/instytut\/il\/konferencje\/2022-2\/\">Read More&#8230;<\/a><\/p>\n","protected":false},"author":2113,"featured_media":0,"parent":133,"menu_order":0,"comment_status":"closed","ping_status":"closed","template":"","meta":{"_expiration-date-status":"","_expiration-date":0,"_expiration-date-type":"","_expiration-date-categories":[],"_expiration-date-options":[]},"acf":[],"_links":{"self":[{"href":"https:\/\/us.edu.pl\/instytut\/il\/wp-json\/wp\/v2\/pages\/3861"}],"collection":[{"href":"https:\/\/us.edu.pl\/instytut\/il\/wp-json\/wp\/v2\/pages"}],"about":[{"href":"https:\/\/us.edu.pl\/instytut\/il\/wp-json\/wp\/v2\/types\/page"}],"author":[{"embeddable":true,"href":"https:\/\/us.edu.pl\/instytut\/il\/wp-json\/wp\/v2\/users\/2113"}],"replies":[{"embeddable":true,"href":"https:\/\/us.edu.pl\/instytut\/il\/wp-json\/wp\/v2\/comments?post=3861"}],"version-history":[{"count":6,"href":"https:\/\/us.edu.pl\/instytut\/il\/wp-json\/wp\/v2\/pages\/3861\/revisions"}],"predecessor-version":[{"id":3882,"href":"https:\/\/us.edu.pl\/instytut\/il\/wp-json\/wp\/v2\/pages\/3861\/revisions\/3882"}],"up":[{"embeddable":true,"href":"https:\/\/us.edu.pl\/instytut\/il\/wp-json\/wp\/v2\/pages\/133"}],"wp:attachment":[{"href":"https:\/\/us.edu.pl\/instytut\/il\/wp-json\/wp\/v2\/media?parent=3861"}],"curies":[{"name":"wp","href":"https:\/\/api.w.org\/{rel}","templated":true}]}}