{"id":4836,"date":"2024-02-27T18:13:28","date_gmt":"2024-02-27T17:13:28","guid":{"rendered":"https:\/\/us.edu.pl\/instytut\/il\/?page_id=4836"},"modified":"2025-03-09T14:28:25","modified_gmt":"2025-03-09T13:28:25","slug":"2024-2","status":"publish","type":"page","link":"https:\/\/us.edu.pl\/instytut\/il\/nauka\/monografie\/2024-2\/","title":{"rendered":"2024"},"content":{"rendered":"<p>[vc_row][vc_column]\r\n                <div class=\"text-modules reverse\">\r\n                    <div class=\"container\">\r\n                         \r\n                        <div class=\"row m-0\">\r\n                            <div class=\"text-modules__content\">\r\n                                <span style=\"font-size: 12pt;\"><strong>Anna Kucz:\u00a0<em>Kobiety i milczenie w \u201ePervigilium Veneris\u201d<\/em>. Wydawnictwo Uniwersytetu \u015al\u0105skiego. Katowice 2024. DOI: <a href=\"https:\/\/doi.org\/10.31261\/PN.4214\">https:\/\/doi.org\/10.31261\/PN.4214<\/a><\/strong><\/span><\/p>\n<p><span style=\"font-size: 12pt;\">Ksi\u0105\u017cka jest pierwsz\u0105 w j\u0119zyku polskim monografi\u0105 na temat anonimowego poematu\u00a0<em>Pervigilium Veneris<\/em>, kt\u00f3ry doczeka\u0142 si\u0119 wielu inspiruj\u0105cych interpretacji literackich, jak i instrumentalno-wokalnych. Przeanalizowanie niezwyk\u0142ych podobie\u0144stw zwrot\u00f3w i motyw\u00f3w, jakie pojawiaj\u0105 si\u0119 tak w\u00a0<em>Pervigilium<\/em>, jak i w poezji Nemezjana, przyczyni\u0142o si\u0119 do potwierdzenia tezy Monceaux, \u017ce autorem dzie\u0142a mo\u017ce by\u0107 Nemezjan, kartagi\u0144ski poeta tworz\u0105cy w III w. n.e. Autorka analizuje techniki portretowania bogi\u0144 Diany i Wenus oraz si\u00f3str Filomeli i Prokne, zestawiaj\u0105c je z prefiguracjami zawartymi w poematach m.in. Lukrecjusza, Katullusa, Stacjusza i Nemezjana. Przedmiotem refleksji s\u0105 r\u00f3wnie\u017c enigmatyczne s\u0142owa\u00a0<em>Terei puella<\/em>\u00a0oraz\u00a0<em>Illa cantat, nos tacemus<\/em>, kt\u00f3re nawi\u0105zuj\u0105 do motywu milczenia kobiet, mocno podkre\u015blonego w literaturze antycznej.<\/span><\/p>\n<p><span style=\"font-size: 12pt;\">Dzia\u0142ania badawcze wsparte ze \u015brodk\u00f3w przyznanych w ramach programu Inicjatywa Doskona\u0142o\u015bci Badawczej Uniwersytetu \u015al\u0105skiego w Katowicach.<\/span><\/p>\n<p><span style=\"font-size: 12pt;\">Ksi\u0105\u017ck\u0119 mo\u017cna pobra\u0107 bezp\u0142atnie ze strony\u00a0<a href=\"https:\/\/monograph.us.edu.pl\/index.php\/wydawnictwo\/catalog\/book\/PN.4214\">Uniwersytet \u015al\u0105ski. Monografie<\/a>.\u00a0<\/span> \r\n                                <div class=\"mt-3\"><\/div>\r\n                            <\/div>\r\n                            \r\n                            <div class=\"text-modules__img\"><img src=\"https:\/\/us.edu.pl\/instytut\/il\/wp-content\/uploads\/sites\/27\/Bez-kategorii\/submission_86_89_coverImage_pl_PL-196x300.jpg\" alt=\"img\"><\/div>\r\n                        <\/div>\r\n                    <\/div>\r\n                <\/div>[\/vc_column][\/vc_row][vc_row][vc_column]\r\n                <div class=\"text-modules reverse\">\r\n                    <div class=\"container\">\r\n                         \r\n                        <div class=\"row m-0\">\r\n                            <div class=\"text-modules__content\">\r\n                                <span style=\"font-size: 12pt;\"><strong>Agnieszka Adamowicz-Po\u015bpiech, Nathalie Martiniere, Veronique Pauly (eds): <em>Conrad\u2019s Presence in Contemporary Culture: Adaptations and Appropriations<\/em>. Brill<\/strong><strong>. Leiden \u2013 Boston. 2024. ISBN: 978-90-04-69197-1, ss. 251.<\/strong><\/span><\/p>\n<p><span style=\"font-size: 12pt;\">Antologia sk\u0142ada si\u0119 z esej\u00f3w autor\u00f3w r\u00f3\u017cnych narodowo\u015bci, reprezentuj\u0105cych odmienne kultury, j\u0119zyki i tradycje. Badacze podejmuj\u0105 temat obecno\u015bci Conrada w wielu formach medi\u00f3w, od literatury po film, komiksy i powie\u015bci graficzne. Kolekcja ta jest wyj\u0105tkowa, poniewa\u017c autorzy skoncentrowali si\u0119 na obecno\u015bci Conrada we wsp\u00f3\u0142czesnej, dynamicznie zmieniaj\u0105cej si\u0119 kulturze, zamiast pod\u0105\u017ca\u0107 utartymi szlakami. Analiza dzie\u0142 sztuki z Polski, Francji, W\u0142och, Hiszpanii, Anglii i Stan\u00f3w Zjednoczonych podkre\u015bla oryginalno\u015b\u0107 pisarza. Arty\u015bci omawiani w zwi\u0105zku z Conradem to mi\u0119dzy innymi Olga Tokarczuk, Stanis\u0142aw Lem, Robert Silveberg, Loic Godart, Christian Bobin, Christian Perrissin, Tom Tirabosco, Eduardo Berti, J.M. Coetzee, Michelangelo Antonioni. Tom zawiera 20 kolorowych reprodukcji, pochodz\u0105cych z film\u00f3w, powie\u015bci graficznych oraz komiks\u00f3w, kt\u00f3re stanowi\u0105 wizualne dope\u0142nienie omawianych tre\u015bci.<\/span> \r\n                                <div class=\"mt-3\"><\/div>\r\n                            <\/div>\r\n                            \r\n                            <div class=\"text-modules__img\"><img src=\"https:\/\/us.edu.pl\/instytut\/il\/wp-content\/uploads\/sites\/27\/Bez-kategorii\/conrads-1-197x300.jpg\" alt=\"img\"><\/div>\r\n                        <\/div>\r\n                    <\/div>\r\n                <\/div>[\/vc_column][\/vc_row][vc_row][vc_column]\r\n                <div class=\"text-modules reverse\">\r\n                    <div class=\"container\">\r\n                         \r\n                        <div class=\"row m-0\">\r\n                            <div class=\"text-modules__content\">\r\n                                <strong><span style=\"font-size: 12pt;\"><em>New Zealand Medievalism: Reframing the Medieval<\/em>. Anna Czarnowus (ed.) and Janet M. Wilson (ed.). Milton Park, Abingdon and New York: Routledge, 2024. ISBN 9781032262574. ss. 236<\/span><\/strong><\/p>\n<p><span style=\"font-size: 12pt;\">This volume maps the phenomenon of medievalism in Aotearoa, initially as an import by the early white settler society, and as a form of nation building that would reinforce Britishness and ancestral belonging. This colonial narrative underpins the volume\u2019s focus on the imperial relationship in chapters on the academic study of the Middle Ages, on medievalism in film and music, in manuscript and book collections, and colonial stained glass and architecture. Through the alternative 21st-century frameworks of a global Middle Ages and Aotearoa\u2019s bicultural nationalism, the volume also introduces Maori understandings of the ancestral past that parallel the European epoch and, at the opposite end of the spectrum, the phenomenon of global right-wing medievalism, as evidenced in the Alt-right extremism underpinning the Christchurch mosque attack of 2019.<\/span><\/p>\n<p><span style=\"font-size: 12pt;\">The 11 chapters trace the transcultural moves and networks that comprise the shift from the 20th-century study of the Middle Ages as an historical period to manifestations of medievalism as the reception and interpretation of the medieval past in postmedieval times. Collectively these are viewed as indications of the changing public perception about the meaning and practice of the European heritage from the colonial to contemporary era.<\/span> \r\n                                <div class=\"mt-3\"><\/div>\r\n                            <\/div>\r\n                            \r\n                            <div class=\"text-modules__img\"><img src=\"https:\/\/us.edu.pl\/instytut\/il\/wp-content\/uploads\/sites\/27\/Bez-kategorii\/9781032262574.jpg\" alt=\"img\"><\/div>\r\n                        <\/div>\r\n                    <\/div>\r\n                <\/div>[\/vc_column][\/vc_row][vc_row][vc_column]\r\n                <div class=\"text-modules reverse\">\r\n                    <div class=\"container\">\r\n                         \r\n                        <div class=\"row m-0\">\r\n                            <div class=\"text-modules__content\">\r\n                                <strong><span style=\"font-size: 12pt;\">Paulina Charko-Klekot: <em>Dramat zaanga\u017cowany i anga\u017cuj\u0105cy. Wsp\u00f3\u0142czesna dramaturgia rosyjska wobec zagadnienia kobieco\u015bci<\/em>. Wydawnictwo Naukowe \u201e\u015al\u0105sk\u201d. Katowice 2024. ISBN: \u00a0978-83-8183-226-7, ss. 250.<\/span><\/strong><\/p>\n<p><span style=\"font-size: 12pt;\">Niniejsza publikacja podejmuje pr\u00f3b\u0119 namys\u0142u nad zaanga\u017cowaniem wsp\u00f3\u0142czesnej dramaturgii rosyjskiej w zakresie definiowania i przedefiniowywania roli kobiety we wsp\u00f3\u0142czesnym \u015bwiecie. Przyjmuj\u0105c za\u0142o\u017cenie, \u017ce figura autora jest wa\u017cnym elementem sk\u0142adowym powstaj\u0105cego tekstu oraz bior\u0105c pod uwag\u0119 wielowiekow\u0105 dominacj\u0119 pisarstwa m\u0119skiego nad kobiecym, autorka zdecydowa\u0142a si\u0119 podda\u0107 analizie wy\u0142\u0105cznie sztuki napisane przez kobiety. Punktem wyj\u015bcia dla rozwa\u017ca\u0144 w rozprawie by\u0142o prze\u015bwiadczenie, \u017ce ka\u017cdy kobiecy g\u0142os w literaturze zaburza m\u0119sk\u0105 hegemoni\u0119, rozszerza perspektyw\u0119 postrzegania \u015bwiata i umo\u017cliwia wypowiedzenie tego, co dot\u0105d by\u0142o niemo\u017cliwe. Takie stanowisko pozwoli\u0142o na interpretacj\u0119 tw\u00f3rczo\u015bci kobiet-dramatopisarek z uwzgl\u0119dnieniem ich zwi\u0105zk\u00f3w z polityczno\u015bci\u0105 i zaanga\u017cowaniem spo\u0142ecznym literatury.<\/span><\/p>\n<p><span style=\"font-size: 12pt;\">Studium po\u015bwi\u0119cone zosta\u0142o tw\u00f3rczo\u015bci najm\u0142odszego pokolenia dramatopisarek rosyjskich, tzn. tych, kt\u00f3rych debiut przypad\u0142 na pocz\u0105tek XXI wieku lub p\u00f3\u017aniej. Uwaga zosta\u0142a skierowana na utwory takich autorek jak Jaros\u0142awa Pulinowicz, Olga Szylajewa, Irina Wa\u015bkowska, Polina Borodina, Swiet\u0142ana Pietrijczuk czy Natalia Mi\u0142antjewa. Autorce monografii przy\u015bwieca\u0142a nadzieja, \u017ce zawarte w niej rozwa\u017cania przyczyni\u0105 si\u0119 do rozszerzenia perspektywy bada\u0144 nad dramatem rosyjskim i b\u0119d\u0105 interesuj\u0105cym g\u0142osem na tym obszarze badawczym.<\/span> \r\n                                <div class=\"mt-3\"><\/div>\r\n                            <\/div>\r\n                            \r\n                            <div class=\"text-modules__img\"><img src=\"https:\/\/us.edu.pl\/instytut\/il\/wp-content\/uploads\/sites\/27\/Bez-kategorii\/charko_okladka-max-219x300.jpg\" alt=\"img\"><\/div>\r\n                        <\/div>\r\n                    <\/div>\r\n                <\/div>[\/vc_column][\/vc_row][vc_row][vc_column]\r\n                <div class=\"text-modules reverse\">\r\n                    <div class=\"container\">\r\n                         \r\n                        <div class=\"row m-0\">\r\n                            <div class=\"text-modules__content\">\r\n                                <strong><span style=\"font-size: 12pt;\">Wojciech \u015amieja: <em>Po m\u0119stwie<\/em>. Wydawnictwo Czarne. Wo\u0142owiec 2024. ISBN: 978-83-8191-976-0, ss. 516.<\/span><\/strong><\/p>\n<p><span style=\"font-size: 12pt;\">Praca Wojciecha \u015amiei stanowi pr\u00f3b\u0119 opisania kulturowej historii m\u0119sko\u015bci w Polsce. Autor, korzystaj\u0105c z metodologii wypracowanych w ramach krytycznych studi\u00f3w nad m\u0119sko\u015bciami i m\u0119\u017cczyznami (m.in.: R. W. Connell, M. Kimmel), przedstawia, jak w specyficznie polskich warunkach wytwarzano nowoczesne koncepcje m\u0119sko\u015bci pod koniec XIX wieku i jakie losy spotyka\u0142y je w stuleciu XX i na pocz\u0105tku XXI. M\u0119sko\u015b\u0107 w tym uj\u0119ciu jest poj\u0119ciem niestabilnym i nieostrym, a jej &#8222;hegemoniczne&#8221; i dominuj\u0105ce w danym momencie modele s\u0105 nieustannie kwestionowane przez grupy podporz\u0105dkowanych, zmarginalizowanych czy te\u017c otwarcie kwestionuj\u0105cych obowi\u0105zuj\u0105ce hierarchie m\u0119\u017cczyzn. Autor skupia si\u0119 na przedstawieniu tego, jak na \u017cycie m\u0119\u017cczyzn wp\u0142ywa\u0142o zwi\u0105zanie m\u0119sko\u015bci z kategori\u0105 honoru (mi\u0119dzywojnie), pracy i awansu spo\u0142ecznego (okres Polski Ludowej) i wreszcie indywidualnego sukcesu (okres transformacji ustrojowej). W konkluzji pracy \u015amieja stara si\u0119 opisa\u0107 aktualne przemiany definicyjne m\u0119sko\u015bci i zarysowa\u0107 scenariusze na przysz\u0142o\u015b\u0107.\u00a0\u00a0<\/span> \r\n                                <div class=\"mt-3\"><\/div>\r\n                            <\/div>\r\n                            \r\n                            <div class=\"text-modules__img\"><img src=\"https:\/\/us.edu.pl\/instytut\/il\/wp-content\/uploads\/sites\/27\/Bez-kategorii\/medium_po_mestwie_x-185x300.png\" alt=\"img\"><\/div>\r\n                        <\/div>\r\n                    <\/div>\r\n                <\/div>[\/vc_column][\/vc_row][vc_row][vc_column]\r\n                <div class=\"text-modules reverse\">\r\n                    <div class=\"container\">\r\n                         \r\n                        <div class=\"row m-0\">\r\n                            <div class=\"text-modules__content\">\r\n                                <strong><span style=\"font-size: 12pt;\">Edyta Gryksa-Paj\u0105k: <em>&#8222;Cynegetica&#8221; Gracjusza Faliskusa czyli polowania w czasach antycznych<\/em>. Wydawnictwo Uniwersytetu \u015al\u0105skiego. Katowice 2024. ISBN: 978-83-226-4542-0, ss. 148.<\/span><\/strong><\/p>\n<p><span style=\"font-size: 12pt;\">Monografia pt. \u201e<em>Cynegetica<\/em> Gracjusza Faliskusa czyli polowania w czasach antycznych\u201d jest pierwsz\u0105 polsk\u0105 monografi\u0105 za temat \u0142aci\u0144skiego poety i jego dzie\u0142a. G\u0142\u00f3wny nacisk w przeprowadzonych analizach po\u0142o\u017cony zosta\u0142 na relacj\u0119 polowanie vs. wojna oraz poluj\u0105cy vs. zwierzyna. Tekst podzielony zosta\u0142 na dwie cz\u0119\u015bci. Pierwsza zawiera najwa\u017cniejsze informacje dotycz\u0105ce staro\u017cytnych polowa\u0144 oraz tekstu <em>Cynegetica. <\/em>Autorka opisuje w niej m.in. posta\u0107 Gracjusza, datowanie poematu oraz jego form\u0119: nawi\u0105zania do wypraw wojennych, terminologi\u0119 dydaktyczn\u0105 oraz \u0142owieck\u0105. W tym miejscu pojawiaj\u0105 si\u0119 tak\u017ce informacje o wydaniach dzie\u0142a oraz problemach z numeracj\u0105 wers\u00f3w w dost\u0119pnych dla czytelnik\u00f3w edycjach. W drugiej cz\u0119\u015bci monografii zaproponowane zosta\u0142o pierwsze polskie t\u0142umaczenie poematu <em>Cynegetica <\/em>opatrzone komentarzem filologicznym. Badania nad tekstem \u0142aci\u0144skim koncentrowa\u0142y si\u0119 na zastosowanych przez Gracjusza \u015brodkach artystycznego wyrazu, zjawiskach j\u0119zykowych, nawi\u0105zaniach do staro\u017cytnych mitologii czy wyd\u017awi\u0119kach politycznych poematu.<\/span> \r\n                                <div class=\"mt-3\"><\/div>\r\n                            <\/div>\r\n                            \r\n                            <div class=\"text-modules__img\"><img src=\"https:\/\/us.edu.pl\/instytut\/il\/wp-content\/uploads\/sites\/27\/Bez-kategorii\/submission_165_168_coverImage_pl_PL-1-196x300.jpg\" alt=\"img\"><\/div>\r\n                        <\/div>\r\n                    <\/div>\r\n                <\/div>[\/vc_column][\/vc_row]<\/p>","protected":false},"excerpt":{"rendered":"<p>[vc_row][vc_column][\/vc_column][\/vc_row][vc_row][vc_column][\/vc_column][\/vc_row][vc_row][vc_column][\/vc_column][\/vc_row][vc_row][vc_column][\/vc_column][\/vc_row][vc_row][vc_column][\/vc_column][\/vc_row][vc_row][vc_column][\/vc_column][\/vc_row] [&#8230;]<\/p>\n<p><a class=\"btn btn-secondary understrap-read-more-link\" href=\"https:\/\/us.edu.pl\/instytut\/il\/nauka\/monografie\/2024-2\/\">Read More&#8230;<\/a><\/p>\n","protected":false},"author":2113,"featured_media":0,"parent":149,"menu_order":0,"comment_status":"closed","ping_status":"closed","template":"","meta":{"_expiration-date-status":"","_expiration-date":0,"_expiration-date-type":"","_expiration-date-categories":[],"_expiration-date-options":[]},"acf":[],"_links":{"self":[{"href":"https:\/\/us.edu.pl\/instytut\/il\/wp-json\/wp\/v2\/pages\/4836"}],"collection":[{"href":"https:\/\/us.edu.pl\/instytut\/il\/wp-json\/wp\/v2\/pages"}],"about":[{"href":"https:\/\/us.edu.pl\/instytut\/il\/wp-json\/wp\/v2\/types\/page"}],"author":[{"embeddable":true,"href":"https:\/\/us.edu.pl\/instytut\/il\/wp-json\/wp\/v2\/users\/2113"}],"replies":[{"embeddable":true,"href":"https:\/\/us.edu.pl\/instytut\/il\/wp-json\/wp\/v2\/comments?post=4836"}],"version-history":[{"count":10,"href":"https:\/\/us.edu.pl\/instytut\/il\/wp-json\/wp\/v2\/pages\/4836\/revisions"}],"predecessor-version":[{"id":5782,"href":"https:\/\/us.edu.pl\/instytut\/il\/wp-json\/wp\/v2\/pages\/4836\/revisions\/5782"}],"up":[{"embeddable":true,"href":"https:\/\/us.edu.pl\/instytut\/il\/wp-json\/wp\/v2\/pages\/149"}],"wp:attachment":[{"href":"https:\/\/us.edu.pl\/instytut\/il\/wp-json\/wp\/v2\/media?parent=4836"}],"curies":[{"name":"wp","href":"https:\/\/api.w.org\/{rel}","templated":true}]}}