{"id":974,"date":"2020-03-02T23:05:58","date_gmt":"2020-03-02T22:05:58","guid":{"rendered":"http:\/\/us.edu.pl\/instytut\/il\/?page_id=974"},"modified":"2020-11-08T22:21:47","modified_gmt":"2020-11-08T21:21:47","slug":"2019-2","status":"publish","type":"page","link":"https:\/\/us.edu.pl\/instytut\/il\/konferencje\/2019-2\/","title":{"rendered":"2019"},"content":{"rendered":"<p>[vc_row][vc_column]\r\n                <div class=\"text-modules\">\r\n                    <div class=\"container\">\r\n                        <h3 class=\"page-title text__title\">\u201eCz\u0142owiek w relacji do zwierz\u0105t. Mity \u2013 stereotypy \u2013 uprzedzenia\u201d<\/h3>\r\n                        <div class=\"text-modules__content\"><p><span style=\"font-size: 12pt\"><strong>Termin:<\/strong> 26-27 wrze\u015bnia 2019 roku<\/span><\/p>\n<p><span style=\"font-size: 12pt\"><strong>Miejsce:<\/strong> Wydzia\u0142 Filologiczny U\u015a w Sosnowcu<\/span><\/p>\n<p><span style=\"font-size: 12pt\"><strong>Organizatorzy:<\/strong> Instytut Filologii Wschodnios\u0142owia\u0144skiej (dr hab. Justyna Tymieniecka-Suchanek), Instytut Nauk o Kulturze i Studi\u00f3w Interdyscyplinarnych (dr hab. Dobros\u0142awa W\u0119\u017cowicz-Zi\u00f3\u0142kowska), Katedra Literatury Por\u00f3wnawczej (dr Alina Mitek-Dziemba)<\/span><\/p>\n<p><span style=\"font-size: 12pt\"><strong>Opis:<\/strong> To czwarta edycja mi\u0119dzynarodowej interdyscyplinarnej konferencji naukowej z cyklu \u201eCz\u0142owiek \u2013 Inny \/ Obcy Byt\u201d, w kt\u00f3rej udzia\u0142 wzi\u0119li badacze z Polski, Rosji, \u0141otwy, Czech, Wielkiej Brytanii i Holandii. J\u0119zykami konferencji by\u0142y polski, angielski oraz rosyjski, za\u015b dyskusje odbywa\u0142y si\u0119 jednocze\u015bnie w trzech sekcjach. W trakcie konferencji wyg\u0142oszonych zosta\u0142o sze\u015b\u0107 wyk\u0142ad\u00f3w plenarnych (w tym wyst\u0105pienie prof. Ruth Padel z King\u2019s College London, praprawnuczki Karola Darwina), a tak\u017ce szereg referat\u00f3w rozwa\u017caj\u0105cych rol\u0119 stereotyp\u00f3w i mit\u00f3w obecnych w nastawieniach ludzi do zwierz\u0105t w rozmaitych modelach badawczych. Opr\u00f3cz prezentacji z zakresu literaturoznawstwa i j\u0119zykoznawstwa mo\u017cna by\u0142o pos\u0142ucha\u0107 mi\u0119dzy innymi wyst\u0105pie\u0144 socjologicznych, prawniczych, religioznawczych, kulturoznawczych, filozoficznych czy biologicznych. Wa\u017cn\u0105 cz\u0119\u015b\u0107 dyskusji stanowi\u0142a powracaj\u0105ca my\u015bl na temat antropocenu jako nowej epoki geologicznej, epoki, w kt\u00f3rej los zwierz\u0105t, ich dobrobyt i dalsze istnienie le\u017cy ca\u0142kowicie w r\u0119kach cz\u0142owieka. Konferencji towarzyszy\u0142a wystawa i aukcja prac polskiej malarki mieszkaj\u0105cej w Hiszpanii \u2013 Renaty Domagalskiej, specjalizuj\u0105cej si\u0119 w tematyce zwierz\u0119cej (doch\u00f3d ze sprzedanych prac przekazany zosta\u0142 na rzecz Azylu dla \u015bwi\u0144 Chrumkowo).<\/span><\/p>\n<\/div>\r\n                    <\/div>\r\n                <\/div>[\/vc_column][\/vc_row][vc_row][vc_column]\r\n                <div class=\"text-modules\">\r\n                    <div class=\"container\">\r\n                        <h3 class=\"page-title text__title\">\u201eDydaktyka polonistyczna i jej nauki\u201d<\/h3>\r\n                        <div class=\"text-modules__content\"><p><span style=\"font-size: 12pt\"><strong>Termin:<\/strong> 9-10 pa\u017adziernika 2019 roku<\/span><\/p>\n<p><span style=\"font-size: 12pt\"><strong>Miejsce:<\/strong> Uniwersytet \u015al\u0105ski w Katowicach<\/span><\/p>\n<p><span style=\"font-size: 12pt\"><strong>Organizatorzy:<\/strong> Katedry Dydaktyki J\u0119zyka i Literatury Polskiej (prof. Ewa Jask\u00f3\u0142a, dr hab. Krystyna Kozio\u0142ek, dr Magdalena Ochwat), Zak\u0142ad Filmoznawstwa i Wiedzy o Mediach (dr Justyna Hanna Budzik)<\/span><\/p>\n<p><span style=\"font-size: 12pt\"><strong>Opis:<\/strong> Konferencja by\u0142a udan\u0105 pr\u00f3b\u0105 spotkania ponad murami dyscyplin. Zaproszenie do udzia\u0142u w spotkaniu przyj\u0119li dydaktycy akademiccy i nauczyciele poloni\u015bci oraz przedstawicieli innych nauk. W trakcie obrad i warsztat\u00f3w szukano odpowiedzi na pytania:<\/span><\/p>\n<ul>\n<li><span style=\"font-size: 12pt\">Jakie s\u0105 niewykorzystane mo\u017cliwo\u015bci dydaktyki polonistycznej w zakresie korzystania z dorobku pozosta\u0142ych nauk?<\/span><\/li>\n<li><span style=\"font-size: 12pt\">Jak w spos\u00f3b metodycznie \u015bwiadomy, efektywny i odpowiedzialny korzysta\u0107 z wiedzy poszczeg\u00f3lnych nauk na lekcjach j\u0119zyka polskiego?<\/span><\/li>\n<li><span style=\"font-size: 12pt\">Co dydaktyka polonistyczna mo\u017ce zaoferowa\u0107 dydaktyce innych nauk?<\/span><\/li>\n<li><span style=\"font-size: 12pt\">Czy mo\u017cna pomy\u015ble\u0107 o innych dyscyplinach jako o naukach pomocniczych dydaktyki literatury?<\/span><\/li>\n<\/ul>\n<p>\n<\/div>\r\n                    <\/div>\r\n                <\/div>[\/vc_column][\/vc_row][vc_row][vc_column]\r\n                <div class=\"text-modules\">\r\n                    <div class=\"container\">\r\n                        <h3 class=\"page-title text__title\">\u201ePrzed i po. Czes\u0142aw Mi\u0142osz\u201d<\/h3>\r\n                        <div class=\"text-modules__content\"><p><span style=\"font-size: 12pt\"><strong>Termin:<\/strong> 10-11 pa\u017adziernika 2019 roku<\/span><\/p>\n<p><span style=\"font-size: 12pt\"><strong>Miejsce:<\/strong> Zabrze<\/span><\/p>\n<p><span style=\"font-size: 12pt\"><strong>Organizatorzy:<\/strong> Urz\u0105d Miejski w Zabrzu, Instytut Nauk o Literaturze Polskiej im. Ireneusza Opackiego U\u015a (prof. J\u00f3zef Olejniczak)<\/span><\/p>\n<p><span style=\"font-size: 12pt\"><strong>Opis:<\/strong> Og\u00f3lnopolska konferencja naukowa po\u015bwi\u0119cona tw\u00f3rczo\u015bci Czes\u0142awa Mi\u0142osza, w kt\u00f3rej udzia\u0142 wzi\u0119\u0142o dwudziestu pi\u0119ciu wybitnych znawc\u00f3w dzie\u0142a noblisty. Konferencja poprzedzona by\u0142a spotkaniem autorskim z poet\u0105 litewskim i przyjacielem Mi\u0142osza Tomasem Venclow\u0105 oraz panelem dyskusyjnym <em>Wspominamy Mistrza<\/em>, w kt\u00f3rym udzia\u0142 wzi\u0119li m.in. Tomas Venclowa, Tony Mi\u0142osz, Aleksander Fiut, Leonard Neuger i Jerzy Illg, a towarzyszy\u0142a jej wystawa obraz\u00f3w Stanis\u0142awa Baja pt. <em>Rzeka<\/em> oraz pokaz filmu Joanna Helander <em>Walc z Czes\u0142awem Mi\u0142oszem<\/em>, a tak\u017ce prezentacja prywatnych fotografii Krystyny Chwin z wizyt Czes\u0142awa Mi\u0142osza w Gda\u0144sku po 1981 roku.<\/span><\/p>\n<\/div>\r\n                    <\/div>\r\n                <\/div>\r\n                <div class=\"text-modules\">\r\n                    <div class=\"container\">\r\n                        <h3 class=\"page-title text__title\">\u201eAntyk dla ka\u017cdego\u201d<\/h3>\r\n                        <div class=\"text-modules__content\"><p><span style=\"font-size: 12pt\"><strong>Termin:<\/strong> 12 kwietnia 2019 roku<\/span><\/p>\n<p><span style=\"font-size: 12pt\"><strong>Miejsce:<\/strong> Wydzia\u0142 Filologiczny U\u015a, Katowice<br \/>\n<\/span><\/p>\n<p><span style=\"font-size: 12pt\"><strong>Organizatorzy:<\/strong> dr Edyta Gryksa (z dr Patrycj\u0105 Matusiak)<\/span><\/p>\n<p><strong><span style=\"font-size: 12pt\">Dzie\u0144 Otwarty Filologii Klasycznej<\/span><\/strong><\/p>\n<p><span style=\"font-size: 12pt\">Integracyjnymi cz\u0119\u015bciami w\/w wydarzenia by\u0142y: konferencja naukowa \u201eAntyk dla ka\u017cdego\u201d oraz konkurs \u201eAntyk oczami wsp\u00f3\u0142czesnych\u201d (wsp\u00f3\u0142organizowany przez Ko\u0142o M\u0142odych Klasyk\u00f3w) \u2013 skierowany do uczni\u00f3w szk\u00f3\u0142 ponadgimnazjalnych. Laureatami konkursu zostali uczniowie IV LO z Oddzia\u0142ami Dwuj\u0119zycznymi im. S. Staszica w Sosnowcu.<\/span><\/p>\n<p><span style=\"font-size: 12pt\"><strong>Opis:<\/strong> Konferencja mia\u0142a na celu zach\u0119cenie przysz\u0142ych student\u00f3w do nauki j\u0119zyk\u00f3w klasycznych oraz podejmowania studi\u00f3w na kierunkach bezpo\u015brednio z nimi zwi\u0105zanych. Przedstawione referaty dowodzi\u0142y, \u017ce tematyka antyku jest wci\u0105\u017c interesuj\u0105ca i aktualna, a na co dzie\u0144 przydatna nie tylko dla samych filolog\u00f3w, lecz tak\u017ce dla historyk\u00f3w,teolog\u00f3w, prawnik\u00f3w i przedstawicieli wielu innych dziedzin. Zaprezentowane wyst\u0105pienia dotyczy\u0142y m.in. antyku w sztukach wizualnych i grafice u\u017cytkowej; greki i \u0142aciny jako instrumentarium niezb\u0119dnego do bada\u0144 prowadzonych przez reprezentant\u00f3w innych dziedzin naukowych (historii, teologii, medycyny); leksykografii \u0142aci\u0144skiej; problemu spolszczania nazw \u0142aci\u0144skich.<br \/>\n<\/span><\/p>\n<\/div>\r\n                    <\/div>\r\n                <\/div>\r\n                <div class=\"text-modules\">\r\n                    <div class=\"container\">\r\n                        <h3 class=\"page-title text__title\">\u201eMi\u0119dzy mitem a cz\u0142owiekiem. Percepcja mitologii przez wieki\u201d<\/h3>\r\n                        <div class=\"text-modules__content\"><p><span style=\"font-size: 12pt\"><strong>Termin:<\/strong> 31 maja 2019 roku<\/span><\/p>\n<p><span style=\"font-size: 12pt\"><strong>Miejsce:<\/strong> Wydzia\u0142 Filologiczny U\u015a, Katowice<br \/>\n<\/span><\/p>\n<p><span style=\"font-size: 12pt\"><strong>Organizatorzy:<\/strong> dr Edyta Gryksa (z Ko\u0142em M\u0142odych Klasyk\u00f3w)<br \/>\n<\/span><\/p>\n<p><span style=\"font-size: 12pt\"><strong>Opis:<\/strong> Celem konferencji by\u0142o przybli\u017cenie zagadnie\u0144 zwi\u0105zanych z mitologiami \u2013 ich powstaniem, rozwojem i tradycj\u0105 na przestrzeni wiek\u00f3w. Poruszone zosta\u0142y kwestie wykorzystania mitologii w \u017cyciu codziennym oraz w sztuce, filmie, literaturze. Opr\u00f3cz w\u0105tk\u00f3w greckich i rzymskich, prelegenci odnosili si\u0119 do mitologii skandynawskiej, egipskiej, a tak\u017ce nawi\u0105zywali do tradycji mitu w religii \u017cydowskiej. Motywy mitologiczne naniesiono tak\u017ce na kanw\u0119 epok p\u00f3\u017aniejszych (tw\u00f3rczo\u015b\u0107 Italo Calvino, Iana Hamiltona Finlaya, braci Grimm czy Dostojewskiego).<br \/>\n<\/span><\/p>\n<\/div>\r\n                    <\/div>\r\n                <\/div>\r\n                <div class=\"text-modules\">\r\n                    <div class=\"container\">\r\n                        <h3 class=\"page-title text__title\">Sympozjum \u201eTravelling in Geographical and Spiritual Dimensions: A Thomas Merton Day in Sosnowiec``\u201d<\/h3>\r\n                        <div class=\"text-modules__content\"><p><span style=\"font-size: 12pt\"><strong>Termin:<\/strong> 22 pa\u017adziernika 2019 roku<\/span><\/p>\n<p><span style=\"font-size: 12pt\"><strong>Miejsce:<\/strong> Instytut Literaturoznawstwa, Sosnowiec<br \/>\n<\/span><\/p>\n<p><span style=\"font-size: 12pt\"><strong>Organizatorzy:<\/strong> dr Ma\u0142gorzata Poks<\/span><\/p>\n<p><span style=\"font-size: 12pt\"><strong>Zaproszeni wyk\u0142adowcy zagraniczni<\/strong>: prof. Maciej Bielawski (Universit\u00e0 degli Studi di Verona, W\u0142ochy), Kathleen Witkowski Tarr (Alaska Writing Center &amp; 49 Writers, USA).<br \/>\n<\/span><\/p>\n<\/div>\r\n                    <\/div>\r\n                <\/div>[\/vc_column][\/vc_row]<\/p>","protected":false},"excerpt":{"rendered":"<p>[vc_row][vc_column][\/vc_column][\/vc_row][vc_row][vc_column][\/vc_column][\/vc_row][vc_row][vc_column][\/vc_column][\/vc_row] [&#8230;]<\/p>\n<p><a class=\"btn btn-secondary understrap-read-more-link\" href=\"https:\/\/us.edu.pl\/instytut\/il\/konferencje\/2019-2\/\">Read More&#8230;<\/a><\/p>\n","protected":false},"author":32,"featured_media":0,"parent":133,"menu_order":0,"comment_status":"closed","ping_status":"closed","template":"","meta":{"_expiration-date-status":"saved","_expiration-date":0,"_expiration-date-type":"","_expiration-date-categories":[],"_expiration-date-options":[]},"acf":[],"_links":{"self":[{"href":"https:\/\/us.edu.pl\/instytut\/il\/wp-json\/wp\/v2\/pages\/974"}],"collection":[{"href":"https:\/\/us.edu.pl\/instytut\/il\/wp-json\/wp\/v2\/pages"}],"about":[{"href":"https:\/\/us.edu.pl\/instytut\/il\/wp-json\/wp\/v2\/types\/page"}],"author":[{"embeddable":true,"href":"https:\/\/us.edu.pl\/instytut\/il\/wp-json\/wp\/v2\/users\/32"}],"replies":[{"embeddable":true,"href":"https:\/\/us.edu.pl\/instytut\/il\/wp-json\/wp\/v2\/comments?post=974"}],"version-history":[{"count":7,"href":"https:\/\/us.edu.pl\/instytut\/il\/wp-json\/wp\/v2\/pages\/974\/revisions"}],"predecessor-version":[{"id":2046,"href":"https:\/\/us.edu.pl\/instytut\/il\/wp-json\/wp\/v2\/pages\/974\/revisions\/2046"}],"up":[{"embeddable":true,"href":"https:\/\/us.edu.pl\/instytut\/il\/wp-json\/wp\/v2\/pages\/133"}],"wp:attachment":[{"href":"https:\/\/us.edu.pl\/instytut\/il\/wp-json\/wp\/v2\/media?parent=974"}],"curies":[{"name":"wp","href":"https:\/\/api.w.org\/{rel}","templated":true}]}}