{"id":10,"date":"2019-10-28T10:59:57","date_gmt":"2019-10-28T09:59:57","guid":{"rendered":"http:\/\/us.edu.pl\/instytut\/im\/?page_id=10"},"modified":"2019-11-04T09:29:03","modified_gmt":"2019-11-04T08:29:03","slug":"mapa-strony","status":"publish","type":"page","link":"https:\/\/us.edu.pl\/instytut\/im\/mapa-strony\/","title":{"rendered":"Mapa strony"},"content":{"rendered":"<p>[vc_row][vc_column]\r\n                <div class=\"text-modules\">\r\n                    <div class=\"container\">\r\n                        <h3 class=\"page-title text__title\">Mapa strony<\/h3>\r\n                        <div class=\"text-modules__content\"><div class=\"wsp-container\"><h2 class=\"wsp-pages-title\">Pages<\/h2>\n<ul class=\"wsp-pages-list\">\n<li class=\"page_item page-item-5 page_item_has_children\"><a href=\"https:\/\/us.edu.pl\/instytut\/im\/\">Strona g\u0142\u00f3wna IM<\/a>\n<ul class='children'>\n\t<li class=\"page_item page-item-778 page_item_has_children\"><a href=\"https:\/\/us.edu.pl\/instytut\/im\/strona-glownaim\/pracownicy-emerytowani\/\">Pracownicy emerytowani<\/a>\n\t<ul class='children'>\n\t\t<li class=\"page_item page-item-6074\"><a href=\"https:\/\/us.edu.pl\/instytut\/im\/strona-glownaim\/pracownicy-emerytowani\/dr-jozef-kalinowski\/\">dr J\u00f3zef Kalinowski<\/a><\/li>\n\t<\/ul>\n<\/li>\n\t<li class=\"page_item page-item-807 page_item_has_children\"><a href=\"https:\/\/us.edu.pl\/instytut\/im\/strona-glownaim\/kontakt\/\">Kontakt<\/a>\n\t<ul class='children'>\n\t\t<li class=\"page_item page-item-8\"><a href=\"https:\/\/us.edu.pl\/instytut\/im\/strona-glownaim\/kontakt\/mapa\/\">Szczeg\u00f3\u0142y dojazdu<\/a><\/li>\n\t<\/ul>\n<\/li>\n\t<li class=\"page_item page-item-1079 page_item_has_children\"><a href=\"https:\/\/us.edu.pl\/instytut\/im\/strona-glownaim\/studia\/\">Studia<\/a>\n\t<ul class='children'>\n\t\t<li class=\"page_item page-item-3114\"><a href=\"https:\/\/us.edu.pl\/instytut\/im\/strona-glownaim\/studia\/projekty\/\">Projekty wsp\u00f3\u0142finansowane przez Fundusze Europejskie<\/a><\/li>\n\t\t<li class=\"page_item page-item-1386\"><a href=\"https:\/\/us.edu.pl\/instytut\/im\/strona-glownaim\/studia\/dziekanat\/\">Dziekanat<\/a><\/li>\n\t\t<li class=\"page_item page-item-1671\"><a href=\"https:\/\/us.edu.pl\/instytut\/im\/strona-glownaim\/studia\/specjalnosci\/\">Oferta specjalno\u015bci na kierunku matematyka<\/a><\/li>\n\t\t<li class=\"page_item page-item-7048\"><a href=\"https:\/\/us.edu.pl\/instytut\/im\/strona-glownaim\/studia\/regulamin-dyplomowania\/\">Organizacja procesu uzyskania dyplomu<\/a><\/li>\n\t\t<li class=\"page_item page-item-2268\"><a href=\"https:\/\/us.edu.pl\/instytut\/im\/strona-glownaim\/studia\/serwisy-dydaktyczne\/\">Serwisy dydaktyczne<\/a><\/li>\n\t\t<li class=\"page_item page-item-3039\"><a href=\"https:\/\/us.edu.pl\/instytut\/im\/strona-glownaim\/studia\/organizacja-roku-akademickiego\/\">Organizacja roku akademickiego<\/a><\/li>\n\t\t<li class=\"page_item page-item-226 page_item_has_children\"><a href=\"https:\/\/us.edu.pl\/instytut\/im\/strona-glownaim\/studia\/plany-zajec\/\">Plany zaj\u0119\u0107<\/a>\n\t\t<ul class='children'>\n\t\t\t<li class=\"page_item page-item-1092\"><a href=\"https:\/\/us.edu.pl\/instytut\/im\/strona-glownaim\/studia\/plany-zajec\/plany-stac-lic\/\">Studia stacjonarne licencjackie<\/a><\/li>\n\t\t\t<li class=\"page_item page-item-1100\"><a href=\"https:\/\/us.edu.pl\/instytut\/im\/strona-glownaim\/studia\/plany-zajec\/plany-stac-mgr\/\">Studia stacjonarne magisterskie<\/a><\/li>\n\t\t\t<li class=\"page_item page-item-1132\"><a href=\"https:\/\/us.edu.pl\/instytut\/im\/strona-glownaim\/studia\/plany-zajec\/plany-niestac-lic\/\">Studia niestacjonarne licencjackie<\/a><\/li>\n\t\t\t<li class=\"page_item page-item-1138\"><a href=\"https:\/\/us.edu.pl\/instytut\/im\/strona-glownaim\/studia\/plany-zajec\/plany-niestac-mgr\/\">Studia niestacjonarne magisterskie<\/a><\/li>\n\t\t<\/ul>\n<\/li>\n\t\t<li class=\"page_item page-item-2284\"><a href=\"https:\/\/us.edu.pl\/instytut\/im\/strona-glownaim\/studia\/rejestracje\/\">Informacje o rejestracji na przedmioty<\/a><\/li>\n\t<\/ul>\n<\/li>\n\t<li class=\"page_item page-item-334\"><a href=\"https:\/\/us.edu.pl\/instytut\/im\/strona-glownaim\/historia-instytutu\/\">Historia Instytutu<\/a><\/li>\n\t<li class=\"page_item page-item-132\"><a href=\"https:\/\/us.edu.pl\/instytut\/im\/strona-glownaim\/dyrekcja-instytutu\/\">Dyrekcja Instytutu<\/a><\/li>\n\t<li class=\"page_item page-item-447\"><a href=\"https:\/\/us.edu.pl\/instytut\/im\/strona-glownaim\/lacza\/\">Przydatne \u0142\u0105cza<\/a><\/li>\n\t<li class=\"page_item page-item-249\"><a href=\"https:\/\/us.edu.pl\/instytut\/im\/strona-glownaim\/sekretariaty\/\">Biuro ewaluacji i obs\u0142ugi Instytutu<\/a><\/li>\n<\/ul>\n<\/li>\n<li class=\"page_item page-item-10\"><a href=\"https:\/\/us.edu.pl\/instytut\/im\/mapa-strony\/\">Mapa strony<\/a><\/li>\n<li class=\"page_item page-item-4134\"><a href=\"https:\/\/us.edu.pl\/instytut\/im\/edycja-stron\/\">Edycja strony profilowej pracownika &#8211; pierwsze kroki<\/a><\/li>\n<li class=\"page_item page-item-3911\"><a href=\"https:\/\/us.edu.pl\/instytut\/im\/o-instytucie\/\">O Instytucie<\/a><\/li>\n<li class=\"page_item page-item-2381 page_item_has_children\"><a href=\"https:\/\/us.edu.pl\/instytut\/im\/pamietamy\/\">Pami\u0119tamy o&#8230;<\/a>\n<ul class='children'>\n\t<li class=\"page_item page-item-5656\"><a href=\"https:\/\/us.edu.pl\/instytut\/im\/pamietamy\/sp-dr-anna-kucia\/\">\u015ap. dr Anna Kucia<\/a><\/li>\n\t<li class=\"page_item page-item-2373\"><a href=\"https:\/\/us.edu.pl\/instytut\/im\/pamietamy\/prof-andrzej-lasota\/\">\u015ap. prof. Andrzej Lasota<\/a><\/li>\n\t<li class=\"page_item page-item-7247\"><a href=\"https:\/\/us.edu.pl\/instytut\/im\/pamietamy\/sp-prof-jan-ligeza\/\">\u015ap. dr hab. Jan Lig\u0119za, Prof. U\u015a<\/a><\/li>\n\t<li class=\"page_item page-item-2438\"><a href=\"https:\/\/us.edu.pl\/instytut\/im\/pamietamy\/prof-tadeusz-dlotko\/\">\u015ap. prof. Tadeusz D\u0142otko<\/a><\/li>\n\t<li class=\"page_item page-item-7302\"><a href=\"https:\/\/us.edu.pl\/instytut\/im\/pamietamy\/sp-dr-marek-szyjewski\/\">\u015ap. dr Marek Szyjewski<\/a><\/li>\n\t<li class=\"page_item page-item-2971\"><a href=\"https:\/\/us.edu.pl\/instytut\/im\/pamietamy\/sp-prof-antoni-wakulicz\/\">\u015ap. prof. Antoni Wakulicz<\/a><\/li>\n\t<li class=\"page_item page-item-2976\"><a href=\"https:\/\/us.edu.pl\/instytut\/im\/pamietamy\/sp-mgr-bronislawa-blaszczyk\/\">\u015ap. mgr Bronis\u0142awa B\u0142aszczyk-\u015awi\u0105tkiewicz<\/a><\/li>\n\t<li class=\"page_item page-item-2984\"><a href=\"https:\/\/us.edu.pl\/instytut\/im\/pamietamy\/sp-prof-jan-mikusinski\/\">\u015ap. prof. Jan Mikusi\u0144ski<\/a><\/li>\n\t<li class=\"page_item page-item-2989\"><a href=\"https:\/\/us.edu.pl\/instytut\/im\/pamietamy\/sp-dr-marzena-ciemala\/\">\u015ap. dr Marzena Ciema\u0142a<\/a><\/li>\n\t<li class=\"page_item page-item-2991\"><a href=\"https:\/\/us.edu.pl\/instytut\/im\/pamietamy\/sp-mgr-grazyna-fudala\/\">\u015ap. mgr Gra\u017cyna Fuda\u0142a<\/a><\/li>\n\t<li class=\"page_item page-item-2994\"><a href=\"https:\/\/us.edu.pl\/instytut\/im\/pamietamy\/sp-dr-zbigniew-gajda\/\">\u015ap. dr Zbigniew Gajda<\/a><\/li>\n\t<li class=\"page_item page-item-2996\"><a href=\"https:\/\/us.edu.pl\/instytut\/im\/pamietamy\/blp-mgr-bernard-glat\/\">B\u0142.p. mgr Bernard Glat<\/a><\/li>\n\t<li class=\"page_item page-item-2998\"><a href=\"https:\/\/us.edu.pl\/instytut\/im\/pamietamy\/sp-mgr-eugeniusz-glowacki\/\">\u015ap. mgr Eugeniusz G\u0142owacki<\/a><\/li>\n\t<li class=\"page_item page-item-3000\"><a href=\"https:\/\/us.edu.pl\/instytut\/im\/pamietamy\/sp-mgr-martin-grinc\/\">\u015ap. mgr Martin Grin\u010d<\/a><\/li>\n\t<li class=\"page_item page-item-3002\"><a href=\"https:\/\/us.edu.pl\/instytut\/im\/pamietamy\/sp-mgr-jozef-kozyra\/\">\u015ap. mgr J\u00f3zef Kozyra<\/a><\/li>\n\t<li class=\"page_item page-item-3005\"><a href=\"https:\/\/us.edu.pl\/instytut\/im\/pamietamy\/sp-dr-marian-panczakiewicz\/\">\u015ap. dr Marian Panczakiewicz<\/a><\/li>\n\t<li class=\"page_item page-item-3007\"><a href=\"https:\/\/us.edu.pl\/instytut\/im\/pamietamy\/sp-prof-tadeusz-pruncal\/\">\u015ap. prof. Tadeusz Prucnal<\/a><\/li>\n\t<li class=\"page_item page-item-3010\"><a href=\"https:\/\/us.edu.pl\/instytut\/im\/pamietamy\/sp-mgr-stefan-sedlak\/\">\u015ap. mgr Stefan Sedlak<\/a><\/li>\n\t<li class=\"page_item page-item-3012\"><a href=\"https:\/\/us.edu.pl\/instytut\/im\/pamietamy\/sp-dr-krystyna-skornik\/\">\u015ap. dr Krystyna Sk\u00f3rnik<\/a><\/li>\n\t<li class=\"page_item page-item-2502\"><a href=\"https:\/\/us.edu.pl\/instytut\/im\/pamietamy\/sp-prof-piotr-antosik\/\">\u015ap. prof. Piotr Antosik<\/a><\/li>\n\t<li class=\"page_item page-item-3017\"><a href=\"https:\/\/us.edu.pl\/instytut\/im\/pamietamy\/sp-mgr-marek-strok\/\">\u015ap. mgr Marek Strok<\/a><\/li>\n\t<li class=\"page_item page-item-2507\"><a href=\"https:\/\/us.edu.pl\/instytut\/im\/pamietamy\/sp-prof-lech-dubikajtis\/\">\u015ap. prof. Lech Dubikajtis<\/a><\/li>\n\t<li class=\"page_item page-item-3019\"><a href=\"https:\/\/us.edu.pl\/instytut\/im\/pamietamy\/sp-mgr-bonifacy-szczepanik\/\">\u015ap. mgr Bonifacy Szczepanik<\/a><\/li>\n\t<li class=\"page_item page-item-3022\"><a href=\"https:\/\/us.edu.pl\/instytut\/im\/pamietamy\/sp-mgr-antoni-tomala\/\">\u015ap. mgr Antoni Tomala<\/a><\/li>\n\t<li class=\"page_item page-item-2511\"><a href=\"https:\/\/us.edu.pl\/instytut\/im\/pamietamy\/sp-prof-jerzy-gorski\/\">\u015ap. prof. Jerzy G\u00f3rski<\/a><\/li>\n\t<li class=\"page_item page-item-3024\"><a href=\"https:\/\/us.edu.pl\/instytut\/im\/pamietamy\/sp-dr-zdzislaw-wyderka\/\">\u015ap. dr Zdzis\u0142aw Wyderka<\/a><\/li>\n\t<li class=\"page_item page-item-6866\"><a href=\"https:\/\/us.edu.pl\/instytut\/im\/pamietamy\/sp-prof-witold-adam-pogorzelski\/\">\u015ap. prof. Witold Adam Pogorzelski<\/a><\/li>\n\t<li class=\"page_item page-item-2515\"><a href=\"https:\/\/us.edu.pl\/instytut\/im\/pamietamy\/sp-prof-czeslaw-kluczny\/\">\u015ap. prof. Czes\u0142aw Kluczny<\/a><\/li>\n\t<li class=\"page_item page-item-3027\"><a href=\"https:\/\/us.edu.pl\/instytut\/im\/pamietamy\/sp-mgr-maria-zajaczkowska\/\">\u015ap. mgr Maria Zaj\u0105czkowska<\/a><\/li>\n\t<li class=\"page_item page-item-3030\"><a href=\"https:\/\/us.edu.pl\/instytut\/im\/pamietamy\/sp-dr-kazimierz-zima\/\">\u015ap. dr Kazimierz Zima<\/a><\/li>\n\t<li class=\"page_item page-item-2520\"><a href=\"https:\/\/us.edu.pl\/instytut\/im\/pamietamy\/sp-jan-konior\/\">\u015ap. prof. Jan Konior<\/a><\/li>\n\t<li class=\"page_item page-item-2526\"><a href=\"https:\/\/us.edu.pl\/instytut\/im\/pamietamy\/sp-prof-mieczyslaw-kucharzewski\/\">\u015ap. prof. Mieczys\u0142aw Kucharzewski<\/a><\/li>\n\t<li class=\"page_item page-item-2531\"><a href=\"https:\/\/us.edu.pl\/instytut\/im\/pamietamy\/sp-prof-marek-kuczma\/\">\u015ap. prof. Marek Kuczma<\/a><\/li>\n\t<li class=\"page_item page-item-2536\"><a href=\"https:\/\/us.edu.pl\/instytut\/im\/pamietamy\/sp-prof-kazimierz-szymiczek\/\">\u015ap. prof. Kazimierz Szymiczek<\/a><\/li>\n<\/ul>\n<\/li>\n<li class=\"page_item page-item-3672 page_item_has_children\"><a href=\"https:\/\/us.edu.pl\/instytut\/im\/wspolpraca\/\">Wsp\u00f3\u0142praca<\/a>\n<ul class='children'>\n\t<li class=\"page_item page-item-3675\"><a href=\"https:\/\/us.edu.pl\/instytut\/im\/wspolpraca\/szkoly\/\">Szko\u0142y wsp\u00f3\u0142pracuj\u0105ce z Instytutem Matematyki<\/a><\/li>\n\t<li class=\"page_item page-item-3682\"><a href=\"https:\/\/us.edu.pl\/instytut\/im\/wspolpraca\/realmaths\/\">Program Realmaths \u2013 Mathematics for Real World Applications<\/a><\/li>\n\t<li class=\"page_item page-item-3693\"><a href=\"https:\/\/us.edu.pl\/instytut\/im\/wspolpraca\/stmp\/\">Short Track Master&#8217;s Programme<\/a><\/li>\n<\/ul>\n<\/li>\n<li class=\"page_item page-item-1440 page_item_has_children\"><a href=\"https:\/\/us.edu.pl\/instytut\/im\/sklad-rady-instytutu\/\">Rada Naukowa Instytutu Matematyki<\/a>\n<ul class='children'>\n\t<li class=\"page_item page-item-218\"><a href=\"https:\/\/us.edu.pl\/instytut\/im\/sklad-rady-instytutu\/dokumenty-rady-instytut\/\">Dokumenty Rady Naukowej Instytutu<\/a><\/li>\n<\/ul>\n<\/li>\n<li class=\"page_item page-item-4259 page_item_has_children\"><a href=\"https:\/\/us.edu.pl\/instytut\/im\/pracownicy\/\">Pracownicy<\/a>\n<ul class='children'>\n\t<li class=\"page_item page-item-1024\"><a href=\"https:\/\/us.edu.pl\/instytut\/im\/pracownicy\/dr-radoslaw-wieczorek\/\">dr Rados\u0142aw Wieczorek<\/a><\/li>\n\t<li class=\"page_item page-item-1282\"><a href=\"https:\/\/us.edu.pl\/instytut\/im\/pracownicy\/dr-hab-tomasz-szostok\/\">dr hab. Tomasz Szostok<\/a><\/li>\n\t<li class=\"page_item page-item-261\"><a href=\"https:\/\/us.edu.pl\/instytut\/im\/pracownicy\/dr-dawid-czapla\/\">dr Dawid Czapla<\/a><\/li>\n\t<li class=\"page_item page-item-1286 page_item_has_children\"><a href=\"https:\/\/us.edu.pl\/instytut\/im\/pracownicy\/dr-marcin-zygmunt\/\">dr Marcin Zygmunt<\/a>\n\t<ul class='children'>\n\t\t<li class=\"page_item page-item-1980\"><a href=\"https:\/\/us.edu.pl\/instytut\/im\/pracownicy\/dr-marcin-zygmunt\/materialy-dodatkowe-dla-studentow\/\">Materia\u0142y dodatkowe (dla student\u00f3w)<\/a><\/li>\n\t<\/ul>\n<\/li>\n\t<li class=\"page_item page-item-1289\"><a href=\"https:\/\/us.edu.pl\/instytut\/im\/pracownicy\/prof-jan-cholewa\/\">prof. dr hab. Jan Cholewa<\/a><\/li>\n\t<li class=\"page_item page-item-1036\"><a href=\"https:\/\/us.edu.pl\/instytut\/im\/pracownicy\/dr-hab-henryk-gacki\/\">dr hab. Henryk Gacki<\/a><\/li>\n\t<li class=\"page_item page-item-1292\"><a href=\"https:\/\/us.edu.pl\/instytut\/im\/pracownicy\/dr-hab-radoslaw-czaja\/\">dr hab. Rados\u0142aw Czaja<\/a><\/li>\n\t<li class=\"page_item page-item-781\"><a href=\"https:\/\/us.edu.pl\/instytut\/im\/pracownicy\/dr-marta-nowakowska\/\">dr Marta Nowakowska<\/a><\/li>\n\t<li class=\"page_item page-item-1297\"><a href=\"https:\/\/us.edu.pl\/instytut\/im\/pracownicy\/dr-lukasz-dawidowski\/\">dr \u0141ukasz Dawidowski<\/a><\/li>\n\t<li class=\"page_item page-item-789\"><a href=\"https:\/\/us.edu.pl\/instytut\/im\/pracownicy\/dr-beata-rothkegel\/\">dr Beata Rothkegel<\/a><\/li>\n\t<li class=\"page_item page-item-1301\"><a href=\"https:\/\/us.edu.pl\/instytut\/im\/pracownicy\/dr-maria-kania-blaszczyk\/\">dr Maria Kania-B\u0142aszczyk<\/a><\/li>\n\t<li class=\"page_item page-item-1303\"><a href=\"https:\/\/us.edu.pl\/instytut\/im\/pracownicy\/prof-tomasz-dlotko\/\">prof. dr hab. Tomasz D\u0142otko<\/a><\/li>\n\t<li class=\"page_item page-item-793\"><a href=\"https:\/\/us.edu.pl\/instytut\/im\/pracownicy\/dr-anna-rzepka\/\">dr Anna Rzepka<\/a><\/li>\n\t<li class=\"page_item page-item-1307\"><a href=\"https:\/\/us.edu.pl\/instytut\/im\/pracownicy\/dr-maria-gornioczek\/\">dr Maria G\u00f3rnioczek<\/a><\/li>\n\t<li class=\"page_item page-item-1309\"><a href=\"https:\/\/us.edu.pl\/instytut\/im\/pracownicy\/dr-agnieszka-kulawik\/\">dr Agnieszka Kulawik<\/a><\/li>\n\t<li class=\"page_item page-item-1311\"><a href=\"https:\/\/us.edu.pl\/instytut\/im\/pracownicy\/dr-agata-lewicka\/\">dr Agata Lewicka<\/a><\/li>\n\t<li class=\"page_item page-item-289\"><a href=\"https:\/\/us.edu.pl\/instytut\/im\/pracownicy\/prof-dr-hab-katarzyna-horbacz\/\">prof. dr hab. Katarzyna Horbacz<\/a><\/li>\n\t<li class=\"page_item page-item-1313\"><a href=\"https:\/\/us.edu.pl\/instytut\/im\/pracownicy\/dr-wojciech-bielas\/\">dr Wojciech Bielas<\/a><\/li>\n\t<li class=\"page_item page-item-1323\"><a href=\"https:\/\/us.edu.pl\/instytut\/im\/pracownicy\/dr-anna-brzeska\/\">dr Anna Brzeska<\/a><\/li>\n\t<li class=\"page_item page-item-301\"><a href=\"https:\/\/us.edu.pl\/instytut\/im\/pracownicy\/dr-hanna-wojewodka\/\">dr hab. Hanna Wojew\u00f3dka-\u015aci\u0105\u017cko<\/a><\/li>\n\t<li class=\"page_item page-item-1326\"><a href=\"https:\/\/us.edu.pl\/instytut\/im\/pracownicy\/dr-hab-andrzej-kucharski\/\">dr hab. Andrzej Kucharski<\/a><\/li>\n\t<li class=\"page_item page-item-1330\"><a href=\"https:\/\/us.edu.pl\/instytut\/im\/pracownicy\/prof-szymon-plewik\/\">prof. dr hab. Szymon Plewik<\/a><\/li>\n\t<li class=\"page_item page-item-1344\"><a href=\"https:\/\/us.edu.pl\/instytut\/im\/pracownicy\/dr-maciej-sleczka\/\">dr Maciej \u015al\u0119czka<\/a><\/li>\n\t<li class=\"page_item page-item-321 page_item_has_children\"><a href=\"https:\/\/us.edu.pl\/instytut\/im\/pracownicy\/dr-joanna-kubieniec\/\">dr Joanna Kubieniec<\/a>\n\t<ul class='children'>\n\t\t<li class=\"page_item page-item-1535\"><a href=\"https:\/\/us.edu.pl\/instytut\/im\/pracownicy\/dr-joanna-kubieniec\/materialy\/\">Materia\u0142y<\/a><\/li>\n\t<\/ul>\n<\/li>\n\t<li class=\"page_item page-item-6980\"><a href=\"https:\/\/us.edu.pl\/instytut\/im\/pracownicy\/grzegorz-mos\/\">mgr Grzegorz Mo\u015b<\/a><\/li>\n\t<li class=\"page_item page-item-838\"><a href=\"https:\/\/us.edu.pl\/instytut\/im\/pracownicy\/prof-karol-baron\/\">prof. dr hab. Karol Baron<\/a><\/li>\n\t<li class=\"page_item page-item-3401\"><a href=\"https:\/\/us.edu.pl\/instytut\/im\/pracownicy\/prof-dr-hab-roman-ger\/\">prof. dr hab. Roman Ger<\/a><\/li>\n\t<li class=\"page_item page-item-7010\"><a href=\"https:\/\/us.edu.pl\/instytut\/im\/pracownicy\/mateusz-pulikowski\/\">mgr Mateusz Pulikowski<\/a><\/li>\n\t<li class=\"page_item page-item-613\"><a href=\"https:\/\/us.edu.pl\/instytut\/im\/pracownicy\/dr-hab-pawel-gladki\/\">dr hab. Pawe\u0142 G\u0142adki<\/a><\/li>\n\t<li class=\"page_item page-item-639\"><a href=\"https:\/\/us.edu.pl\/instytut\/im\/pracownicy\/dr-przemyslaw-koprowski\/\">dr hab. Przemys\u0142aw Koprowski<\/a><\/li>\n\t<li class=\"page_item page-item-903\"><a href=\"https:\/\/us.edu.pl\/instytut\/im\/pracownicy\/dr-hab-janusz-morawiec\/\">dr hab. Janusz Morawiec<\/a><\/li>\n\t<li class=\"page_item page-item-906\"><a href=\"https:\/\/us.edu.pl\/instytut\/im\/pracownicy\/dr-grazyna-lydzinska\/\">dr Gra\u017cyna \u0141ydzi\u0144ska<\/a><\/li>\n\t<li class=\"page_item page-item-909\"><a href=\"https:\/\/us.edu.pl\/instytut\/im\/pracownicy\/dr-michal-poplawski\/\">dr Micha\u0142 Pop\u0142awski<\/a><\/li>\n\t<li class=\"page_item page-item-1168\"><a href=\"https:\/\/us.edu.pl\/instytut\/im\/pracownicy\/dr-natalia-cieslar\/\">dr Natalia Cie\u015blar<\/a><\/li>\n\t<li class=\"page_item page-item-913\"><a href=\"https:\/\/us.edu.pl\/instytut\/im\/pracownicy\/dr-dariusz-sokolowski\/\">dr Dariusz Soko\u0142owski<\/a><\/li>\n\t<li class=\"page_item page-item-1171\"><a href=\"https:\/\/us.edu.pl\/instytut\/im\/pracownicy\/dr-sylwia-kania\/\">dr Sylwia Kania<\/a><\/li>\n\t<li class=\"page_item page-item-917\"><a href=\"https:\/\/us.edu.pl\/instytut\/im\/pracownicy\/dr-thomas-zurcher\/\">dr Thomas Z\u00fcrcher<\/a><\/li>\n\t<li class=\"page_item page-item-1177\"><a href=\"https:\/\/us.edu.pl\/instytut\/im\/pracownicy\/dr-joanna-samsel\/\">dr Joanna Samsel-Opalla<\/a><\/li>\n\t<li class=\"page_item page-item-669\"><a href=\"https:\/\/us.edu.pl\/instytut\/im\/pracownicy\/dr-jolanta-marzec\/\">dr Jolanta Marzec<\/a><\/li>\n\t<li class=\"page_item page-item-1209\"><a href=\"https:\/\/us.edu.pl\/instytut\/im\/pracownicy\/michal-baczynski\/\">prof. dr hab. Micha\u0142 Baczy\u0144ski<\/a><\/li>\n\t<li class=\"page_item page-item-2749\"><a href=\"https:\/\/us.edu.pl\/instytut\/im\/pracownicy\/dr-anna-szczerba\/\">dr Anna Szczerba-Zubek<\/a><\/li>\n\t<li class=\"page_item page-item-1219\"><a href=\"https:\/\/us.edu.pl\/instytut\/im\/pracownicy\/dr-pawel-blaszczyk\/\">dr Pawe\u0142 B\u0142aszczyk<\/a><\/li>\n\t<li class=\"page_item page-item-1223\"><a href=\"https:\/\/us.edu.pl\/instytut\/im\/pracownicy\/dr-piotr-helbin\/\">dr Piotr Helbin<\/a><\/li>\n\t<li class=\"page_item page-item-1228\"><a href=\"https:\/\/us.edu.pl\/instytut\/im\/pracownicy\/dr-pawel-kozyra\/\">dr Pawe\u0142 Kozyra<\/a><\/li>\n\t<li class=\"page_item page-item-1233\"><a href=\"https:\/\/us.edu.pl\/instytut\/im\/pracownicy\/dr-katarzyna-mis\/\">dr Katarzyna Mi\u015b<\/a><\/li>\n\t<li class=\"page_item page-item-1236\"><a href=\"https:\/\/us.edu.pl\/instytut\/im\/pracownicy\/dr-hab-sebastian-sitarz\/\">dr hab. Sebastian Sitarz<\/a><\/li>\n\t<li class=\"page_item page-item-1239\"><a href=\"https:\/\/us.edu.pl\/instytut\/im\/pracownicy\/dr-rafal-tyrala\/\">dr Rafa\u0142 Tyrala<\/a><\/li>\n\t<li class=\"page_item page-item-1244\"><a href=\"https:\/\/us.edu.pl\/instytut\/im\/pracownicy\/dr-jolanta-sobera\/\">dr Jolanta Sobera<\/a><\/li>\n\t<li class=\"page_item page-item-1248\"><a href=\"https:\/\/us.edu.pl\/instytut\/im\/pracownicy\/dr-anna-glenszczyk\/\">dr Anna Glenszczyk<\/a><\/li>\n\t<li class=\"page_item page-item-1252\"><a href=\"https:\/\/us.edu.pl\/instytut\/im\/pracownicy\/dr-hab-tomasz-polacik\/\">dr hab. Tomasz Po\u0142acik<\/a><\/li>\n\t<li class=\"page_item page-item-1003\"><a href=\"https:\/\/us.edu.pl\/instytut\/im\/pracownicy\/dr-hab-katarzyna-pichor\/\">dr hab. Katarzyna Pich\u00f3r<\/a><\/li>\n\t<li class=\"page_item page-item-2797\"><a href=\"https:\/\/us.edu.pl\/instytut\/im\/pracownicy\/dr-hab-oleksandr-maslyuchenko\/\">dr hab. Oleksandr Maslyuchenko<\/a><\/li>\n\t<li class=\"page_item page-item-1262\"><a href=\"https:\/\/us.edu.pl\/instytut\/im\/pracownicy\/dr-hab-roman-badora\/\">dr hab. Roman Badora<\/a><\/li>\n\t<li class=\"page_item page-item-1265 page_item_has_children\"><a href=\"https:\/\/us.edu.pl\/instytut\/im\/pracownicy\/dr-radoslaw-lukasik\/\">dr Rados\u0142aw \u0141ukasik<\/a>\n\t<ul class='children'>\n\t\t<li class=\"page_item page-item-2059\"><a href=\"https:\/\/us.edu.pl\/instytut\/im\/pracownicy\/dr-radoslaw-lukasik\/materialy-dodatkowe\/\">Materia\u0142y dodatkowe<\/a><\/li>\n\t<\/ul>\n<\/li>\n\t<li class=\"page_item page-item-1010\"><a href=\"https:\/\/us.edu.pl\/instytut\/im\/pracownicy\/dr-andrzej-tomski\/\">dr Andrzej Tomski<\/a><\/li>\n\t<li class=\"page_item page-item-1269\"><a href=\"https:\/\/us.edu.pl\/instytut\/im\/pracownicy\/dr-hab-andrzej-olbrys\/\">dr hab. Andrzej Olbry\u015b<\/a><\/li>\n\t<li class=\"page_item page-item-1272\"><a href=\"https:\/\/us.edu.pl\/instytut\/im\/pracownicy\/prof-maciej-sablik\/\">prof. dr hab. Maciej Sablik<\/a><\/li>\n\t<li class=\"page_item page-item-1018\"><a href=\"https:\/\/us.edu.pl\/instytut\/im\/pracownicy\/prof-marta-tyran\/\">prof. dr hab. Marta Tyran-Kami\u0144ska<\/a><\/li>\n\t<li class=\"page_item page-item-1275\"><a href=\"https:\/\/us.edu.pl\/instytut\/im\/pracownicy\/dr-hab-ekaterina-shulman\/\">dr hab. Ekaterina Shulman<\/a><\/li>\n\t<li class=\"page_item page-item-1279\"><a href=\"https:\/\/us.edu.pl\/instytut\/im\/pracownicy\/dr-hab-justyna-sikorska\/\">dr hab. Justyna Sikorska<\/a><\/li>\n<\/ul>\n<\/li>\n<li class=\"page_item page-item-3515\"><a href=\"https:\/\/us.edu.pl\/instytut\/im\/swieto-liczby-pi-krzyzowka\/\">\u015awi\u0119to Liczby Pi &#8211; Krzy\u017c\u00f3wka<\/a><\/li>\n<li class=\"page_item page-item-197 page_item_has_children\"><a href=\"https:\/\/us.edu.pl\/instytut\/im\/badanie-naukowe\/\">Badanie naukowe<\/a>\n<ul class='children'>\n\t<li class=\"page_item page-item-3603\"><a href=\"https:\/\/us.edu.pl\/instytut\/im\/badanie-naukowe\/zespoly-badawcze\/\">Zespo\u0142y badawcze i badacze indywidualni<\/a><\/li>\n\t<li class=\"page_item page-item-1825\"><a href=\"https:\/\/us.edu.pl\/instytut\/im\/badanie-naukowe\/konkurs-im-marka-kuczmy\/\">Konkurs im. Marka Kuczmy<\/a><\/li>\n\t<li class=\"page_item page-item-1574\"><a href=\"https:\/\/us.edu.pl\/instytut\/im\/badanie-naukowe\/granty\/\">Granty finansowane zewn\u0119trznie<\/a><\/li>\n\t<li class=\"page_item page-item-1600 page_item_has_children\"><a href=\"https:\/\/us.edu.pl\/instytut\/im\/badanie-naukowe\/konferencje\/\">Konferencje (wsp\u00f3\u0142)organizowane<\/a>\n\t<ul class='children'>\n\t\t<li class=\"page_item page-item-2857\"><a href=\"https:\/\/us.edu.pl\/instytut\/im\/badanie-naukowe\/konferencje\/lsim\/\">Letnia Szko\u0142a Instytutu Matematyki<\/a><\/li>\n\t<\/ul>\n<\/li>\n\t<li class=\"page_item page-item-200 page_item_has_children\"><a href=\"https:\/\/us.edu.pl\/instytut\/im\/badanie-naukowe\/awanse\/\">Awanse naukowe<\/a>\n\t<ul class='children'>\n\t\t<li class=\"page_item page-item-368\"><a href=\"https:\/\/us.edu.pl\/instytut\/im\/badanie-naukowe\/awanse\/postepowania-o-nadanie-tytulu-profesora\/\">Post\u0119powania o nadanie tytu\u0142u profesora<\/a><\/li>\n\t\t<li class=\"page_item page-item-203\"><a href=\"https:\/\/us.edu.pl\/instytut\/im\/badanie-naukowe\/awanse\/przewody-doktorskie\/\">Post\u0119powania doktorskie<\/a><\/li>\n\t\t<li class=\"page_item page-item-205\"><a href=\"https:\/\/us.edu.pl\/instytut\/im\/badanie-naukowe\/awanse\/przewody-habilitacyjne\/\">Post\u0119powania habilitacyjne<\/a><\/li>\n\t<\/ul>\n<\/li>\n\t<li class=\"page_item page-item-208\"><a href=\"https:\/\/us.edu.pl\/instytut\/im\/badanie-naukowe\/seminaria\/\">Seminaria<\/a><\/li>\n\t<li class=\"page_item page-item-5604\"><a href=\"https:\/\/us.edu.pl\/instytut\/im\/badanie-naukowe\/zespoly-badawcze-20r\/\">Zespo\u0142y badawcze i badacze indywidualni<\/a><\/li>\n\t<li class=\"page_item page-item-1768\"><a href=\"https:\/\/us.edu.pl\/instytut\/im\/badanie-naukowe\/czasopisma\/\">Czasopisma i serie prac naukowych<\/a><\/li>\n\t<li class=\"page_item page-item-1773\"><a href=\"https:\/\/us.edu.pl\/instytut\/im\/badanie-naukowe\/wyklad-im-prof-andrzeja-lasoty\/\">Wyk\u0142ad im. Profesora Andrzeja Lasoty<\/a><\/li>\n<\/ul>\n<\/li>\n<\/ul>\n<\/div>\n<\/div>\r\n                    <\/div>\r\n                <\/div>[\/vc_column][\/vc_row]<\/p>","protected":false},"excerpt":{"rendered":"<p>[vc_row][vc_column][\/vc_column][\/vc_row] [&#8230;]<\/p>\n<p><a class=\"btn btn-secondary understrap-read-more-link\" href=\"https:\/\/us.edu.pl\/instytut\/im\/mapa-strony\/\">Read More&#8230;<\/a><\/p>\n","protected":false},"author":24,"featured_media":0,"parent":0,"menu_order":0,"comment_status":"closed","ping_status":"closed","template":"page-templates\/sitemap-template.php","meta":{"_expiration-date-status":"saved","_expiration-date":0,"_expiration-date-type":"","_expiration-date-categories":[],"_expiration-date-options":[]},"acf":[],"_links":{"self":[{"href":"https:\/\/us.edu.pl\/instytut\/im\/wp-json\/wp\/v2\/pages\/10"}],"collection":[{"href":"https:\/\/us.edu.pl\/instytut\/im\/wp-json\/wp\/v2\/pages"}],"about":[{"href":"https:\/\/us.edu.pl\/instytut\/im\/wp-json\/wp\/v2\/types\/page"}],"author":[{"embeddable":true,"href":"https:\/\/us.edu.pl\/instytut\/im\/wp-json\/wp\/v2\/users\/24"}],"replies":[{"embeddable":true,"href":"https:\/\/us.edu.pl\/instytut\/im\/wp-json\/wp\/v2\/comments?post=10"}],"version-history":[{"count":1,"href":"https:\/\/us.edu.pl\/instytut\/im\/wp-json\/wp\/v2\/pages\/10\/revisions"}],"predecessor-version":[{"id":11,"href":"https:\/\/us.edu.pl\/instytut\/im\/wp-json\/wp\/v2\/pages\/10\/revisions\/11"}],"wp:attachment":[{"href":"https:\/\/us.edu.pl\/instytut\/im\/wp-json\/wp\/v2\/media?parent=10"}],"curies":[{"name":"wp","href":"https:\/\/api.w.org\/{rel}","templated":true}]}}