{"id":1018,"date":"2020-02-15T01:59:13","date_gmt":"2020-02-15T00:59:13","guid":{"rendered":"http:\/\/us.edu.pl\/instytut\/im\/?page_id=1018"},"modified":"2022-03-23T14:32:37","modified_gmt":"2022-03-23T13:32:37","slug":"prof-marta-tyran","status":"publish","type":"page","link":"https:\/\/us.edu.pl\/instytut\/im\/pracownicy\/prof-marta-tyran\/","title":{"rendered":"prof. dr hab. Marta Tyran-Kami\u0144ska"},"content":{"rendered":"<p>[vc_row][vc_column width=&#8221;1\/4&#8243;][vc_single_image image=&#8221;1019&#8243; img_size=&#8221;medium&#8221; style=&#8221;vc_box_shadow_3d&#8221; onclick=&#8221;link_image&#8221;][\/vc_column][vc_column width=&#8221;3\/4&#8243;][vc_column_text]<\/p>\n<table style=\"border-collapse: collapse;width: 100%;height: 258px\">\n<tbody>\n<tr style=\"height: 258px\">\n<td style=\"width: 9.866161829387964%;vertical-align: top;height: 258px\"><span style=\"font-family: 'trebuchet ms', geneva, sans-serif;font-size: 12pt;color: #003366\">Stanowisko:<\/span><\/p>\n<p><span style=\"color: #003366;font-family: 'trebuchet ms', geneva, sans-serif;font-size: 12pt\">Grupa:<\/span><\/p>\n<p><span style=\"color: #003366;font-family: 'trebuchet ms', geneva, sans-serif;font-size: 12pt\">Specjalno\u015b\u0107:<\/span><\/p>\n<p><span style=\"font-family: 'trebuchet ms', geneva, sans-serif;font-size: 12pt;color: #003366\">Pok\u00f3j:<\/span><\/p>\n<p><span style=\"font-family: 'trebuchet ms', geneva, sans-serif;font-size: 12pt;color: #003366\">Telefon:<\/span><\/p>\n<p><span style=\"font-family: 'trebuchet ms', geneva, sans-serif;font-size: 12pt;color: #003366\">e-mail:<\/span><\/p>\n<p><span style=\"font-size: 12pt;color: #003366\"><img class=\"size-full wp-image-275\" src=\"http:\/\/us.edu.pl\/instytut\/im\/wp-content\/uploads\/sites\/43\/Nieprzypisane\/ORCID.png\" alt=\"Logo ORCID\" width=\"71\" height=\"22\" \/><\/span><\/td>\n<td style=\"width: 64.81749758903781%;vertical-align: top;height: 258px\"><span style=\"font-family: 'trebuchet ms', geneva, sans-serif;font-size: 12pt;color: #000000\"><strong>Profesor<\/strong><\/span><\/p>\n<p><span style=\"font-family: 'trebuchet ms', geneva, sans-serif;font-size: 12pt;color: #000000\"><strong>Pracownicy badawczo-dydaktyczni<\/strong><\/span><\/p>\n<p><span style=\"color: #000000;font-family: 'trebuchet ms', geneva, sans-serif;font-size: 12pt\"><strong>Biomatematyka<\/strong><\/span><\/p>\n<p><span style=\"font-family: 'trebuchet ms', geneva, sans-serif;font-size: 12pt;color: #000000\"><strong>563<\/strong><\/span><\/p>\n<p><span style=\"font-size: 12pt\"><strong><span style=\"font-family: 'trebuchet ms', geneva, sans-serif\">(32) 359 21 90<\/span><\/strong><\/span><\/p>\n<p><span style=\"text-decoration: underline\"><a href=\"mailto:marta.tyran-kaminska@us.edu.pl\"><strong><span style=\"font-family: 'trebuchet ms', geneva, sans-serif;font-size: 12pt;color: #000080;text-decoration: underline\">marta.tyran-kaminska@us.edu.pl<\/span><\/strong><\/a><\/span><\/p>\n<p><a href=\"https:\/\/orcid.org\/0000-0002-2630-792X\"><span style=\"font-family: 'trebuchet ms', geneva, sans-serif;font-size: 12pt;color: #000080\"><strong style=\"color: #000080\"><span style=\"text-decoration: underline\">0000-0002-2630-792X<\/span><\/strong><\/span><\/a><\/td>\n<\/tr>\n<\/tbody>\n<\/table>\n<p>[\/vc_column_text][\/vc_column][\/vc_row][vc_row][vc_column css=&#8221;.vc_custom_1581725343105{margin-left: -15px !important;}&#8221;]\r\n\t\t\t\t<div class='container'>\r\n\t\t\t\t\t<div class='list-links list-links_blue'>\r\n\t\t\t\t\t\t  \r\n\t\t\t\t\t\t  <ul>\r\n\t\t\t\t\t\t\t\t<li><a href='http:\/\/www.math.us.edu.pl\/mtyran\/'><p>Materia\u0142y dodatkowe<\/p><\/a><\/li><\/ul>\r\n\t\t\t\t\t<\/div>\r\n\t\t\t\t<\/div>   \r\n\t\t\t\t\t[\/vc_column][\/vc_row]<\/p>","protected":false},"excerpt":{"rendered":"<p>[vc_row][vc_column width=&#8221;1\/4&#8243;][vc_single_image image=&#8221;1019&#8243; img_size=&#8221;medium&#8221; style=&#8221;vc_box_shadow_3d&#8221; onclick=&#8221;link_image&#8221;][\/vc_column][vc_column width=&#8221;3\/4&#8243;][vc_column_text] Stanowisko: Grupa: Specjalno\u015b\u0107: Pok\u00f3j: Telefon: e-mail: Profesor Pracownicy badawczo-dydaktyczni Biomatematyka 563 (32) 359 21 90 marta.tyran-kaminska@us.edu.pl 0000-0002-2630-792X [\/vc_column_text][\/vc_column][\/vc_row][vc_row][vc_column css=&#8221;.vc_custom_1581725343105{margin-left: -15px !important;}&#8221;][\/vc_column][\/vc_row] [&#8230;]<\/p>\n<p><a class=\"btn btn-secondary understrap-read-more-link\" href=\"https:\/\/us.edu.pl\/instytut\/im\/pracownicy\/prof-marta-tyran\/\">Read More&#8230;<\/a><\/p>\n","protected":false},"author":2163,"featured_media":0,"parent":4259,"menu_order":0,"comment_status":"closed","ping_status":"closed","template":"page-templates\/page-with-bookmarks.php","meta":{"_expiration-date-status":"saved","_expiration-date":0,"_expiration-date-type":"","_expiration-date-categories":[],"_expiration-date-options":[]},"acf":[],"_links":{"self":[{"href":"https:\/\/us.edu.pl\/instytut\/im\/wp-json\/wp\/v2\/pages\/1018"}],"collection":[{"href":"https:\/\/us.edu.pl\/instytut\/im\/wp-json\/wp\/v2\/pages"}],"about":[{"href":"https:\/\/us.edu.pl\/instytut\/im\/wp-json\/wp\/v2\/types\/page"}],"author":[{"embeddable":true,"href":"https:\/\/us.edu.pl\/instytut\/im\/wp-json\/wp\/v2\/users\/2163"}],"replies":[{"embeddable":true,"href":"https:\/\/us.edu.pl\/instytut\/im\/wp-json\/wp\/v2\/comments?post=1018"}],"version-history":[{"count":11,"href":"https:\/\/us.edu.pl\/instytut\/im\/wp-json\/wp\/v2\/pages\/1018\/revisions"}],"predecessor-version":[{"id":5056,"href":"https:\/\/us.edu.pl\/instytut\/im\/wp-json\/wp\/v2\/pages\/1018\/revisions\/5056"}],"up":[{"embeddable":true,"href":"https:\/\/us.edu.pl\/instytut\/im\/wp-json\/wp\/v2\/pages\/4259"}],"wp:attachment":[{"href":"https:\/\/us.edu.pl\/instytut\/im\/wp-json\/wp\/v2\/media?parent=1018"}],"curies":[{"name":"wp","href":"https:\/\/api.w.org\/{rel}","templated":true}]}}