{"id":1036,"date":"2020-02-15T02:48:18","date_gmt":"2020-02-15T01:48:18","guid":{"rendered":"http:\/\/us.edu.pl\/instytut\/im\/?page_id=1036"},"modified":"2022-03-29T01:41:08","modified_gmt":"2022-03-28T23:41:08","slug":"dr-hab-henryk-gacki","status":"publish","type":"page","link":"https:\/\/us.edu.pl\/instytut\/im\/pracownicy\/dr-hab-henryk-gacki\/","title":{"rendered":"dr hab. Henryk Gacki"},"content":{"rendered":"<p>[vc_row][vc_column width=&#8221;1\/4&#8243;][vc_single_image image=&#8221;1037&#8243; img_size=&#8221;medium&#8221; style=&#8221;vc_box_shadow_3d&#8221; onclick=&#8221;link_image&#8221;][\/vc_column][vc_column width=&#8221;3\/4&#8243;][vc_column_text]<\/p>\n<table style=\"border-collapse: collapse; width: 100%; height: 170px;\">\n<tbody>\n<tr style=\"height: 170px;\">\n<td style=\"width: 13.788667287297587%; vertical-align: top; height: 170px;\"><span style=\"font-family: 'trebuchet ms', geneva, sans-serif; font-size: 12pt; color: #003366;\">Stanowisko:<\/span><\/p>\n<p><span style=\"color: #003366; font-family: 'trebuchet ms', geneva, sans-serif; font-size: 12pt;\">Grupa:<\/span><\/p>\n<p><span style=\"color: #003366; font-family: 'trebuchet ms', geneva, sans-serif; font-size: 12pt;\">Specjalno\u015b\u0107:<\/span><\/p>\n<p><span style=\"font-family: 'trebuchet ms', geneva, sans-serif; font-size: 12pt; color: #003366;\">Pok\u00f3j:<\/span><\/p>\n<p><span style=\"font-family: 'trebuchet ms', geneva, sans-serif; font-size: 12pt; color: #003366;\">Telefon:<\/span><\/p>\n<p><span style=\"font-family: 'trebuchet ms', geneva, sans-serif; font-size: 12pt; color: #003366;\">e-mail:<\/span><\/p>\n<p><span style=\"font-size: 12pt; color: #003366;\"><img class=\"size-full wp-image-275\" src=\"http:\/\/us.edu.pl\/instytut\/im\/wp-content\/uploads\/sites\/43\/Nieprzypisane\/ORCID.png\" alt=\"Logo ORCID\" width=\"71\" height=\"22\" \/><\/span><\/td>\n<td style=\"width: 94.0093815304888%; vertical-align: top; height: 170px;\"><span style=\"font-family: 'trebuchet ms', geneva, sans-serif; font-size: 12pt; color: #000000;\"><strong>Profesor Uczelni<\/strong><\/span><\/p>\n<p><span style=\"font-family: 'trebuchet ms', geneva, sans-serif; font-size: 12pt; color: #000000;\"><strong>Pracownicy dydaktyczni<\/strong><\/span><\/p>\n<p><span style=\"color: #000000; font-family: 'trebuchet ms', geneva, sans-serif; font-size: 12pt;\"><strong>Teoria Prawdopodobie\u0144stwa<\/strong><\/span><\/p>\n<p><span style=\"font-family: 'trebuchet ms', geneva, sans-serif; font-size: 12pt; color: #000000;\"><strong>545<\/strong><\/span><\/p>\n<p><span style=\"font-family: 'trebuchet ms', geneva, sans-serif; font-size: 12pt; color: #000000;\"><strong>(32) 359 21 88<\/strong><\/span><\/p>\n<p><strong><span style=\"color: #333399;\"><span style=\"font-family: 'trebuchet ms', geneva, sans-serif; font-size: 12pt; color: #000080;\"><a style=\"color: #000080;\" href=\"mailto:henryk.gacki@us.edu.pl\"><span style=\"text-decoration: underline;\">henryk.gacki@us.edu.pl<\/span><\/a><\/span><\/span><\/strong><\/p>\n<p><span style=\"font-family: 'trebuchet ms', geneva, sans-serif; font-size: 12pt; color: #000080;\"><a style=\"color: #000080;\" href=\"https:\/\/orcid.org\/0000-0002-0181-1185\"><strong><span style=\"text-decoration: underline;\">0000-0002-0181-1185<\/span><\/strong><\/a><\/span><\/td>\n<\/tr>\n<\/tbody>\n<\/table>\n<p>[\/vc_column_text][\/vc_column][\/vc_row][vc_row css=&#8221;.vc_custom_1581720352465{margin-left: -15px !important;}&#8221;][vc_column css=&#8221;.vc_custom_1581722271759{margin-left: -15px !important;}&#8221;]\r\n\t\t\t\t<div class='container'>\r\n\t\t\t\t\t<div class='list-links list-links_blue'>\r\n\t\t\t\t\t\t  \r\n\t\t\t\t\t\t  <ul>\r\n\t\t\t\t\t\t\t\t<li><a href='http:\/\/www.math.us.edu.pl\/gacki\/'><p>Materia\u0142y dodatkowe<\/p><\/a><\/li><\/ul>\r\n\t\t\t\t\t<\/div>\r\n\t\t\t\t<\/div>   \r\n\t\t\t\t\t[\/vc_column][\/vc_row]<\/p>","protected":false},"excerpt":{"rendered":"<p>[vc_row][vc_column width=&#8221;1\/4&#8243;][vc_single_image image=&#8221;1037&#8243; img_size=&#8221;medium&#8221; style=&#8221;vc_box_shadow_3d&#8221; onclick=&#8221;link_image&#8221;][\/vc_column][vc_column width=&#8221;3\/4&#8243;][vc_column_text] Stanowisko: Grupa: Specjalno\u015b\u0107: Pok\u00f3j: Telefon: e-mail: Profesor Uczelni Pracownicy dydaktyczni Teoria Prawdopodobie\u0144stwa 545 (32) 359 21 88 henryk.gacki@us.edu.pl 0000-0002-0181-1185 [\/vc_column_text][\/vc_column][\/vc_row][vc_row css=&#8221;.vc_custom_1581720352465{margin-left: -15px !important;}&#8221;][vc_column css=&#8221;.vc_custom_1581722271759{margin-left: -15px !important;}&#8221;][\/vc_column][\/vc_row] [&#8230;]<\/p>\n<p><a class=\"btn btn-secondary understrap-read-more-link\" href=\"https:\/\/us.edu.pl\/instytut\/im\/pracownicy\/dr-hab-henryk-gacki\/\">Read More&#8230;<\/a><\/p>\n","protected":false},"author":1966,"featured_media":0,"parent":4259,"menu_order":0,"comment_status":"closed","ping_status":"closed","template":"page-templates\/page-with-bookmarks.php","meta":{"_expiration-date-status":"saved","_expiration-date":0,"_expiration-date-type":"","_expiration-date-categories":[],"_expiration-date-options":[]},"acf":[],"_links":{"self":[{"href":"https:\/\/us.edu.pl\/instytut\/im\/wp-json\/wp\/v2\/pages\/1036"}],"collection":[{"href":"https:\/\/us.edu.pl\/instytut\/im\/wp-json\/wp\/v2\/pages"}],"about":[{"href":"https:\/\/us.edu.pl\/instytut\/im\/wp-json\/wp\/v2\/types\/page"}],"author":[{"embeddable":true,"href":"https:\/\/us.edu.pl\/instytut\/im\/wp-json\/wp\/v2\/users\/1966"}],"replies":[{"embeddable":true,"href":"https:\/\/us.edu.pl\/instytut\/im\/wp-json\/wp\/v2\/comments?post=1036"}],"version-history":[{"count":10,"href":"https:\/\/us.edu.pl\/instytut\/im\/wp-json\/wp\/v2\/pages\/1036\/revisions"}],"predecessor-version":[{"id":5074,"href":"https:\/\/us.edu.pl\/instytut\/im\/wp-json\/wp\/v2\/pages\/1036\/revisions\/5074"}],"up":[{"embeddable":true,"href":"https:\/\/us.edu.pl\/instytut\/im\/wp-json\/wp\/v2\/pages\/4259"}],"wp:attachment":[{"href":"https:\/\/us.edu.pl\/instytut\/im\/wp-json\/wp\/v2\/media?parent=1036"}],"curies":[{"name":"wp","href":"https:\/\/api.w.org\/{rel}","templated":true}]}}