{"id":1209,"date":"2020-02-16T05:57:50","date_gmt":"2020-02-16T04:57:50","guid":{"rendered":"http:\/\/us.edu.pl\/instytut\/im\/?page_id=1209"},"modified":"2024-07-29T22:19:14","modified_gmt":"2024-07-29T20:19:14","slug":"michal-baczynski","status":"publish","type":"page","link":"https:\/\/us.edu.pl\/instytut\/im\/pracownicy\/michal-baczynski\/","title":{"rendered":"prof. dr hab. Micha\u0142 Baczy\u0144ski"},"content":{"rendered":"<p>[vc_row][vc_column][vc_column_text][\/vc_column_text][\/vc_column][\/vc_row][vc_row][vc_column width=&#8221;1\/4&#8243;][vc_single_image image=&#8221;4495&#8243; img_size=&#8221;medium&#8221; style=&#8221;vc_box_shadow_3d&#8221; onclick=&#8221;link_image&#8221;][\/vc_column][vc_column width=&#8221;3\/4&#8243;][vc_column_text]<\/p>\n<table style=\"border-collapse: collapse; width: 100%; height: 258px;\">\n<tbody>\n<tr style=\"height: 258px;\">\n<td style=\"width: 23.4326%; vertical-align: top; height: 258px;\"><span style=\"font-family: 'trebuchet ms', geneva, sans-serif; font-size: 12pt; color: #003366;\">Stanowisko:<\/span><\/p>\n<p><span style=\"color: #003366; font-family: 'trebuchet ms', geneva, sans-serif; font-size: 12pt;\">Tytu\u0142 naukowy:<\/span><\/p>\n<p><span style=\"color: #003366; font-family: 'trebuchet ms', geneva, sans-serif; font-size: 12pt;\">Grupa:<\/span><\/p>\n<p><span style=\"color: #003366; font-family: 'trebuchet ms', geneva, sans-serif; font-size: 12pt;\">Zainteresowania naukowe:<\/span><\/p>\n<p><span style=\"font-family: 'trebuchet ms', geneva, sans-serif; font-size: 12pt; color: #003366;\">Pok\u00f3j:<\/span><\/p>\n<p><span style=\"font-family: 'trebuchet ms', geneva, sans-serif; font-size: 12pt; color: #003366;\">e-mail:<\/span><\/p>\n<p><span style=\"font-size: 12pt; color: #003366;\"><img class=\"size-full wp-image-275\" src=\"http:\/\/us.edu.pl\/instytut\/im\/wp-content\/uploads\/sites\/43\/Nieprzypisane\/ORCID.png\" alt=\"Logo ORCID\" width=\"71\" height=\"22\" \/><\/span><\/td>\n<td style=\"width: 40.0353%; vertical-align: top; height: 258px;\"><span style=\"font-family: 'trebuchet ms', geneva, sans-serif; font-size: 12pt; color: #000000;\"><strong>Profesor<\/strong><\/span><\/p>\n<p><span style=\"font-family: 'trebuchet ms', geneva, sans-serif; font-size: 12pt; color: #000000;\"><strong>Profesor (Profesor nauk in\u017cynieryjno-technicznych)<br \/>\n<\/strong><\/span><\/p>\n<p><span style=\"font-family: 'trebuchet ms', geneva, sans-serif; font-size: 12pt; color: #000000;\"><strong>Pracownicy badawczo-dydaktyczni<\/strong><\/span><\/p>\n<p><span style=\"color: #000000; font-family: 'trebuchet ms', geneva, sans-serif; font-size: 12pt;\"><strong>Inteligencja obliczeniowa, logika rozmyta<br \/>\n<\/strong><\/span><\/p>\n<p><span style=\"font-family: 'trebuchet ms', geneva, sans-serif; font-size: 12pt; color: #000000;\"><strong>339<\/strong><\/span><\/p>\n<p><a href=\"mailto:michal.baczynski@us.edu.pl\"><strong><span style=\"color: #000080; font-family: trebuchet ms, geneva, sans-serif; font-size: medium;\"><span style=\"text-decoration: underline;\">michal.baczynski@us.edu.pl<\/span><\/span><\/strong><\/a><\/p>\n<p><strong><span style=\"font-family: 'trebuchet ms', geneva, sans-serif;\"><a href=\"http:\/\/www.orcid.org\/0000-0002-4442-2112\"><span style=\"color: #000080; font-size: 12pt;\"><span style=\"text-decoration: underline;\">0000-0002-4442-2112<\/span><\/span><\/a><\/span><\/strong><\/td>\n<\/tr>\n<\/tbody>\n<\/table>\n<p>[\/vc_column_text][\/vc_column][\/vc_row][vc_row][vc_column][vc_column_text][\/vc_column_text][\/vc_column][\/vc_row]<\/p>","protected":false},"excerpt":{"rendered":"<p>[vc_row][vc_column][vc_column_text][\/vc_column_text][\/vc_column][\/vc_row][vc_row][vc_column width=&#8221;1\/4&#8243;][vc_single_image image=&#8221;4495&#8243; img_size=&#8221;medium&#8221; style=&#8221;vc_box_shadow_3d&#8221; onclick=&#8221;link_image&#8221;][\/vc_column][vc_column width=&#8221;3\/4&#8243;][vc_column_text] Stanowisko: Tytu\u0142 naukowy: Grupa: Zainteresowania naukowe: Pok\u00f3j: e-mail: Profesor Profesor (Profesor nauk in\u017cynieryjno-technicznych) Pracownicy badawczo-dydaktyczni Inteligencja obliczeniowa, logika rozmyta 339 michal.baczynski@us.edu.pl 0000-0002-4442-2112 [\/vc_column_text][\/vc_column][\/vc_row][vc_row][vc_column][vc_column_text][\/vc_column_text][\/vc_column][\/vc_row] [&#8230;]<\/p>\n<p><a class=\"btn btn-secondary understrap-read-more-link\" href=\"https:\/\/us.edu.pl\/instytut\/im\/pracownicy\/michal-baczynski\/\">Read More&#8230;<\/a><\/p>\n","protected":false},"author":823,"featured_media":0,"parent":4259,"menu_order":0,"comment_status":"closed","ping_status":"closed","template":"page-templates\/page-with-bookmarks.php","meta":{"_expiration-date-status":"saved","_expiration-date":0,"_expiration-date-type":"","_expiration-date-categories":[],"_expiration-date-options":[]},"acf":[],"_links":{"self":[{"href":"https:\/\/us.edu.pl\/instytut\/im\/wp-json\/wp\/v2\/pages\/1209"}],"collection":[{"href":"https:\/\/us.edu.pl\/instytut\/im\/wp-json\/wp\/v2\/pages"}],"about":[{"href":"https:\/\/us.edu.pl\/instytut\/im\/wp-json\/wp\/v2\/types\/page"}],"author":[{"embeddable":true,"href":"https:\/\/us.edu.pl\/instytut\/im\/wp-json\/wp\/v2\/users\/823"}],"replies":[{"embeddable":true,"href":"https:\/\/us.edu.pl\/instytut\/im\/wp-json\/wp\/v2\/comments?post=1209"}],"version-history":[{"count":11,"href":"https:\/\/us.edu.pl\/instytut\/im\/wp-json\/wp\/v2\/pages\/1209\/revisions"}],"predecessor-version":[{"id":6555,"href":"https:\/\/us.edu.pl\/instytut\/im\/wp-json\/wp\/v2\/pages\/1209\/revisions\/6555"}],"up":[{"embeddable":true,"href":"https:\/\/us.edu.pl\/instytut\/im\/wp-json\/wp\/v2\/pages\/4259"}],"wp:attachment":[{"href":"https:\/\/us.edu.pl\/instytut\/im\/wp-json\/wp\/v2\/media?parent=1209"}],"curies":[{"name":"wp","href":"https:\/\/api.w.org\/{rel}","templated":true}]}}