{"id":1223,"date":"2020-02-16T07:24:54","date_gmt":"2020-02-16T06:24:54","guid":{"rendered":"http:\/\/us.edu.pl\/instytut\/im\/?page_id=1223"},"modified":"2022-10-14T18:43:57","modified_gmt":"2022-10-14T16:43:57","slug":"dr-piotr-helbin","status":"publish","type":"page","link":"https:\/\/us.edu.pl\/instytut\/im\/pracownicy\/dr-piotr-helbin\/","title":{"rendered":"dr Piotr Helbin"},"content":{"rendered":"<p>[vc_row][vc_column width=&#8221;1\/4&#8243;][vc_single_image image=&#8221;1901&#8243; img_size=&#8221;medium&#8221; style=&#8221;vc_box_shadow_3d&#8221; onclick=&#8221;link_image&#8221;][\/vc_column][vc_column width=&#8221;3\/4&#8243;][vc_column_text]<\/p>\n<table style=\"border-collapse: collapse;width: 100%;height: 258px\">\n<tbody>\n<tr style=\"height: 258px\">\n<td style=\"width: 8.234046643910489%;vertical-align: top;height: 258px\"><span style=\"font-family: 'trebuchet ms', geneva, sans-serif;font-size: 12pt;color: #003366\">Stanowisko:<\/span><\/p>\n<p><span style=\"color: #003366;font-family: 'trebuchet ms', geneva, sans-serif;font-size: 12pt\">Grupa:<\/span><\/p>\n<p><span style=\"color: #003366;font-family: 'trebuchet ms', geneva, sans-serif;font-size: 12pt\">Specjalno\u015b\u0107:<\/span><\/p>\n<p><span style=\"font-family: 'trebuchet ms', geneva, sans-serif;font-size: 12pt;color: #003366\">Pok\u00f3j:<\/span><\/p>\n<p><span style=\"font-family: 'trebuchet ms', geneva, sans-serif;font-size: 12pt;color: #003366\">Telefon:<\/span><\/p>\n<p><span style=\"font-family: 'trebuchet ms', geneva, sans-serif;font-size: 12pt;color: #003366\">e-mail:<\/span><\/p>\n<p><span style=\"font-size: 12pt;color: #003366\"><img class=\"size-full wp-image-275\" src=\"http:\/\/us.edu.pl\/instytut\/im\/wp-content\/uploads\/sites\/43\/Nieprzypisane\/ORCID.png\" alt=\"Logo ORCID\" width=\"71\" height=\"22\" \/><\/span><\/td>\n<td style=\"width: 55.233886556359366%;vertical-align: top;height: 258px\"><span style=\"font-family: 'trebuchet ms', geneva, sans-serif;font-size: 12pt;color: #000000\"><strong>Adiunkt<\/strong><\/span><\/p>\n<p><span style=\"font-family: 'trebuchet ms', geneva, sans-serif;font-size: 12pt;color: #000000\"><strong>Pracownicy badawczo-dydaktyczni<\/strong><\/span><\/p>\n<p><span style=\"color: #000000;font-family: 'trebuchet ms', geneva, sans-serif;font-size: 12pt\"><strong>Systemy inteligencji obliczeniowej<\/strong><\/span><\/p>\n<p><span style=\"font-family: 'trebuchet ms', geneva, sans-serif;font-size: 12pt;color: #000000\"><strong>338<\/strong><\/span><\/p>\n<p><span style=\"font-size: 12pt\"><strong><span style=\"font-family: 'trebuchet ms', geneva, sans-serif\">(32) 258 29 76<\/span><\/strong><\/span><\/p>\n<p><span style=\"text-decoration: underline\"><a href=\"mailto:piotr.helbin@us.edu.pl\"><strong><span style=\"color: #000080;font-family: 'trebuchet ms', geneva, sans-serif;font-size: medium;text-decoration: underline\">piotr.helbin@us.edu.pl<\/span><\/strong><\/a><\/span><\/p>\n<p><strong><span style=\"font-family: 'trebuchet ms', geneva, sans-serif\"><a href=\"http:\/\/www.orcid.org\/0000-0001-5961-3010\"><span style=\"color: #000080;font-size: 12pt\"><span style=\"text-decoration: underline\">0000-0001-5961-3010<\/span><\/span><\/a><\/span><\/strong><\/td>\n<\/tr>\n<\/tbody>\n<\/table>\n<p>[\/vc_column_text][\/vc_column][\/vc_row][vc_row][vc_column css=&#8221;.vc_custom_1581723370613{margin-left: -15px !important;}&#8221;]\r\n\t\t\t\t<div class='container'>\r\n\t\t\t\t\t<div class='list-links list-links_blue'>\r\n\t\t\t\t\t\t  \r\n\t\t\t\t\t\t  <ul>\r\n\t\t\t\t\t\t\t\t<li><a href=' http:\/\/us.edu.pl\/instytut\/im\/strona-glownaim\/pracownicy\/informatyka\/dr-piotr-helbin'><p>Materia\u0142y dodatkowe<\/p><\/a><\/li><\/ul>\r\n\t\t\t\t\t<\/div>\r\n\t\t\t\t<\/div>   \r\n\t\t\t\t\t[\/vc_column][\/vc_row]<\/p>","protected":false},"excerpt":{"rendered":"<p>[vc_row][vc_column width=&#8221;1\/4&#8243;][vc_single_image image=&#8221;1901&#8243; img_size=&#8221;medium&#8221; style=&#8221;vc_box_shadow_3d&#8221; onclick=&#8221;link_image&#8221;][\/vc_column][vc_column width=&#8221;3\/4&#8243;][vc_column_text] Stanowisko: Grupa: Specjalno\u015b\u0107: Pok\u00f3j: Telefon: e-mail: Adiunkt Pracownicy badawczo-dydaktyczni Systemy inteligencji obliczeniowej 338 (32) 258 29 76 piotr.helbin@us.edu.pl 0000-0001-5961-3010 [\/vc_column_text][\/vc_column][\/vc_row][vc_row][vc_column css=&#8221;.vc_custom_1581723370613{margin-left: -15px !important;}&#8221;][\/vc_column][\/vc_row] [&#8230;]<\/p>\n<p><a class=\"btn btn-secondary understrap-read-more-link\" href=\"https:\/\/us.edu.pl\/instytut\/im\/pracownicy\/dr-piotr-helbin\/\">Read More&#8230;<\/a><\/p>\n","protected":false},"author":1719,"featured_media":0,"parent":4259,"menu_order":0,"comment_status":"closed","ping_status":"closed","template":"page-templates\/page-with-bookmarks.php","meta":{"_expiration-date-status":"saved","_expiration-date":0,"_expiration-date-type":"","_expiration-date-categories":[],"_expiration-date-options":[]},"acf":[],"_links":{"self":[{"href":"https:\/\/us.edu.pl\/instytut\/im\/wp-json\/wp\/v2\/pages\/1223"}],"collection":[{"href":"https:\/\/us.edu.pl\/instytut\/im\/wp-json\/wp\/v2\/pages"}],"about":[{"href":"https:\/\/us.edu.pl\/instytut\/im\/wp-json\/wp\/v2\/types\/page"}],"author":[{"embeddable":true,"href":"https:\/\/us.edu.pl\/instytut\/im\/wp-json\/wp\/v2\/users\/1719"}],"replies":[{"embeddable":true,"href":"https:\/\/us.edu.pl\/instytut\/im\/wp-json\/wp\/v2\/comments?post=1223"}],"version-history":[{"count":11,"href":"https:\/\/us.edu.pl\/instytut\/im\/wp-json\/wp\/v2\/pages\/1223\/revisions"}],"predecessor-version":[{"id":5292,"href":"https:\/\/us.edu.pl\/instytut\/im\/wp-json\/wp\/v2\/pages\/1223\/revisions\/5292"}],"up":[{"embeddable":true,"href":"https:\/\/us.edu.pl\/instytut\/im\/wp-json\/wp\/v2\/pages\/4259"}],"wp:attachment":[{"href":"https:\/\/us.edu.pl\/instytut\/im\/wp-json\/wp\/v2\/media?parent=1223"}],"curies":[{"name":"wp","href":"https:\/\/api.w.org\/{rel}","templated":true}]}}