{"id":1311,"date":"2020-02-16T23:12:38","date_gmt":"2020-02-16T22:12:38","guid":{"rendered":"http:\/\/us.edu.pl\/instytut\/im\/?page_id=1311"},"modified":"2021-11-12T21:07:21","modified_gmt":"2021-11-12T20:07:21","slug":"dr-agata-lewicka","status":"publish","type":"page","link":"https:\/\/us.edu.pl\/instytut\/im\/pracownicy\/dr-agata-lewicka\/","title":{"rendered":"dr Agata Lewicka"},"content":{"rendered":"<p>[vc_row][vc_column width=&#8221;1\/4&#8243;][vc_single_image image=&#8221;782&#8243; img_size=&#8221;medium&#8221; style=&#8221;vc_box_shadow_3d&#8221; onclick=&#8221;link_image&#8221;][\/vc_column][vc_column width=&#8221;3\/4&#8243;][vc_column_text]<\/p>\n<table style=\"border-collapse: collapse;width: 100%\">\n<tbody>\n<tr>\n<td style=\"width: 9.866161829387964%;vertical-align: top\"><span style=\"font-family: 'trebuchet ms', geneva, sans-serif;font-size: 12pt;color: #003366\">Stanowisko:<\/span><\/p>\n<p><span style=\"color: #003366;font-family: 'trebuchet ms', geneva, sans-serif;font-size: 12pt\">Grupa:<\/span><\/p>\n<p><span style=\"color: #003366;font-family: 'trebuchet ms', geneva, sans-serif;font-size: 12pt\">Specjalno\u015b\u0107:<\/span><\/p>\n<p><span style=\"font-family: 'trebuchet ms', geneva, sans-serif;font-size: 12pt;color: #003366\">Pok\u00f3j:<\/span><\/p>\n<p><span style=\"font-family: 'trebuchet ms', geneva, sans-serif;font-size: 12pt;color: #003366\">Telefon:<\/span><\/p>\n<p><span style=\"font-family: 'trebuchet ms', geneva, sans-serif;font-size: 12pt;color: #003366\">e-mail:<\/span><\/p>\n<p><span style=\"font-size: 12pt;color: #003366\"><img class=\"size-full wp-image-275\" src=\"http:\/\/us.edu.pl\/instytut\/im\/wp-content\/uploads\/sites\/43\/Nieprzypisane\/ORCID.png\" alt=\"Logo ORCID\" width=\"71\" height=\"22\" \/><\/span><\/td>\n<td style=\"width: 64.81749758903781%;vertical-align: top\"><span style=\"font-family: 'trebuchet ms', geneva, sans-serif;font-size: 12pt;color: #000000\"><strong>Adiunkt<\/strong><\/span><\/p>\n<p><span style=\"font-family: 'trebuchet ms', geneva, sans-serif;font-size: 12pt;color: #000000\"><strong>Pracownicy dydaktyczni<\/strong><\/span><\/p>\n<p><span style=\"color: #000000;font-family: 'trebuchet ms', geneva, sans-serif;font-size: 12pt\"><strong>Statystyka i Matematyka Finansowa<\/strong><\/span><\/p>\n<p><span style=\"font-family: 'trebuchet ms', geneva, sans-serif;font-size: 12pt;color: #000000\"><strong>569<\/strong><\/span><\/p>\n<p><span style=\"font-size: 12pt;color: #000000\"><strong><span style=\"font-family: 'trebuchet ms', geneva, sans-serif\">(32) 359-17-85<\/span><\/strong><\/span><\/p>\n<p><span style=\"color: #000080;font-family: trebuchet ms, geneva, sans-serif;font-size: medium\"><span style=\"color: #000080\"><a style=\"color: #000080\" href=\"mailto:agata.nowak@us.edu.pl\"><b>agata.nowak@us.edu.pl<\/b><\/a><\/span><span style=\"color: #000000\">, <span style=\"text-decoration: underline\"><a href=\"mailto:tnga@poczta.onet.pl\"><strong><span style=\"color: #000080;font-family: 'trebuchet ms', geneva, sans-serif;font-size: medium;text-decoration: underline\">tnga@poczta.onet.pl<\/span><\/strong><\/a><\/span><\/span><\/span><\/p>\n<p><span style=\"text-decoration: underline\"><a href=\"http:\/\/www.orcid.org\/0000-0001-9985-6981\"><span style=\"font-family: 'trebuchet ms', geneva, sans-serif;font-size: 12pt\"><span style=\"color: #808080\"><strong><span style=\"color: #000080;text-decoration: underline\">0000-0001-9985-6981<\/span><\/strong><\/span><\/span><\/a><\/span><\/p>\n<p>&nbsp;<\/td>\n<\/tr>\n<\/tbody>\n<\/table>\n<p>[\/vc_column_text][\/vc_column][\/vc_row][vc_row][vc_column css=&#8221;.vc_custom_1581723704291{margin-left: -15px !important;}&#8221;]\r\n\t\t\t\t<div class='container'>\r\n\t\t\t\t\t<div class='list-links list-links_blue'>\r\n\t\t\t\t\t\t  \r\n\t\t\t\t\t\t  <ul>\r\n\t\t\t\t\t\t\t\t<li><a href='http:\/\/us.edu.pl\/instytut\/im\/strona-glownaim\/pracownicy\/statystyka-finanse\/dr-agata-lewicka\/'><p>Materia\u0142y dodatkowe<\/p><\/a><\/li><\/ul>\r\n\t\t\t\t\t<\/div>\r\n\t\t\t\t<\/div>   \r\n\t\t\t\t\t[\/vc_column][\/vc_row]<\/p>","protected":false},"excerpt":{"rendered":"<p>[vc_row][vc_column width=&#8221;1\/4&#8243;][vc_single_image image=&#8221;782&#8243; img_size=&#8221;medium&#8221; style=&#8221;vc_box_shadow_3d&#8221; onclick=&#8221;link_image&#8221;][\/vc_column][vc_column width=&#8221;3\/4&#8243;][vc_column_text] Stanowisko: Grupa: Specjalno\u015b\u0107: Pok\u00f3j: Telefon: e-mail: Adiunkt Pracownicy dydaktyczni Statystyka i Matematyka Finansowa 569 (32) 359-17-85 agata.nowak@us.edu.pl, tnga@poczta.onet.pl 0000-0001-9985-6981 &nbsp; [\/vc_column_text][\/vc_column][\/vc_row][vc_row][vc_column css=&#8221;.vc_custom_1581723704291{margin-left: -15px !important;}&#8221;][\/vc_column][\/vc_row] [&#8230;]<\/p>\n<p><a class=\"btn btn-secondary understrap-read-more-link\" href=\"https:\/\/us.edu.pl\/instytut\/im\/pracownicy\/dr-agata-lewicka\/\">Read More&#8230;<\/a><\/p>\n","protected":false},"author":1705,"featured_media":0,"parent":4259,"menu_order":0,"comment_status":"closed","ping_status":"closed","template":"page-templates\/page-with-bookmarks.php","meta":{"_expiration-date-status":"saved","_expiration-date":0,"_expiration-date-type":"","_expiration-date-categories":[],"_expiration-date-options":[]},"acf":[],"_links":{"self":[{"href":"https:\/\/us.edu.pl\/instytut\/im\/wp-json\/wp\/v2\/pages\/1311"}],"collection":[{"href":"https:\/\/us.edu.pl\/instytut\/im\/wp-json\/wp\/v2\/pages"}],"about":[{"href":"https:\/\/us.edu.pl\/instytut\/im\/wp-json\/wp\/v2\/types\/page"}],"author":[{"embeddable":true,"href":"https:\/\/us.edu.pl\/instytut\/im\/wp-json\/wp\/v2\/users\/1705"}],"replies":[{"embeddable":true,"href":"https:\/\/us.edu.pl\/instytut\/im\/wp-json\/wp\/v2\/comments?post=1311"}],"version-history":[{"count":16,"href":"https:\/\/us.edu.pl\/instytut\/im\/wp-json\/wp\/v2\/pages\/1311\/revisions"}],"predecessor-version":[{"id":4727,"href":"https:\/\/us.edu.pl\/instytut\/im\/wp-json\/wp\/v2\/pages\/1311\/revisions\/4727"}],"up":[{"embeddable":true,"href":"https:\/\/us.edu.pl\/instytut\/im\/wp-json\/wp\/v2\/pages\/4259"}],"wp:attachment":[{"href":"https:\/\/us.edu.pl\/instytut\/im\/wp-json\/wp\/v2\/media?parent=1311"}],"curies":[{"name":"wp","href":"https:\/\/api.w.org\/{rel}","templated":true}]}}