{"id":132,"date":"2020-01-17T02:48:34","date_gmt":"2020-01-17T01:48:34","guid":{"rendered":"http:\/\/us.edu.pl\/instytut\/im\/?page_id=132"},"modified":"2024-08-22T05:15:04","modified_gmt":"2024-08-22T03:15:04","slug":"dyrekcja-instytutu","status":"publish","type":"page","link":"https:\/\/us.edu.pl\/instytut\/im\/strona-glownaim\/dyrekcja-instytutu\/","title":{"rendered":"Dyrekcja Instytutu"},"content":{"rendered":"<p>[vc_row][vc_column]\r\n                <div class=\"text-modules\">\r\n                    <div class=\"container\">\r\n                        <h3 class=\"page-title text__title\">Dyrekcja Instytutu Matematyki<\/h3>\r\n                        <div class=\"text-modules__content\"><\/div>\r\n                    <\/div>\r\n                <\/div>[\/vc_column][\/vc_row][vc_row][vc_column width=&#8221;1\/6&#8243;][\/vc_column][vc_column width=&#8221;2\/6&#8243;][vc_column_text]<\/p>\n<p style=\"text-align: center;\"><span style=\"font-size: 18pt; color: #003366; font-family: 'trebuchet ms', geneva, sans-serif;\"><strong>Dyrektor Instytutu<\/strong><\/span><\/p>\n<p style=\"text-align: center;\"><span style=\"font-size: 14pt; color: #000080; font-family: 'trebuchet ms', geneva, sans-serif;\"><a style=\"color: #000080;\" href=\"https:\/\/us.edu.pl\/instytut\/im\/pracownicy\/prof-dr-hab-katarzyna-horbacz\/\">prof. dr hab. Katarzyna Horbacz<\/a><\/span><\/p>\n<p style=\"text-align: center;\"><span style=\"font-size: 14pt; color: #000080; font-family: 'trebuchet ms', geneva, sans-serif;\"><a style=\"color: #000080;\" href=\"https:\/\/us.edu.pl\/instytut\/im\/strona-glownaim\/pracownicy\/teoria-prawdopodobienstwa\/prof-dr-hab-katarzyna-horbacz\/\"><img class=\"alignnone wp-image-290\" src=\"https:\/\/us.edu.pl\/instytut\/im\/wp-content\/uploads\/sites\/43\/Nieprzypisane\/photo_Horbacz-4-240x300.jpg\" alt=\"Katarzyna Horbacz\" width=\"274\" height=\"342\" srcset=\"https:\/\/us.edu.pl\/instytut\/im\/wp-content\/uploads\/sites\/43\/Nieprzypisane\/photo_Horbacz-4-240x300.jpg 240w, https:\/\/us.edu.pl\/instytut\/im\/wp-content\/uploads\/sites\/43\/Nieprzypisane\/photo_Horbacz-4-768x960.jpg 768w, https:\/\/us.edu.pl\/instytut\/im\/wp-content\/uploads\/sites\/43\/Nieprzypisane\/photo_Horbacz-4.jpg 819w, https:\/\/us.edu.pl\/instytut\/im\/wp-content\/uploads\/sites\/43\/Nieprzypisane\/photo_Horbacz-4-460x575.jpg 460w\" sizes=\"(max-width: 274px) 100vw, 274px\" \/><\/a><\/span><\/p>\n<p style=\"text-align: center;\"><span style=\"font-size: 12pt;\">Pok\u00f3j: \u00a0<strong>565<\/strong><\/span><br \/>\n<span style=\"font-size: 12pt;\">Telefon: \u00a0<a href=\"tel:+48323591624\"><strong>32 359 16 24<\/strong><\/a><br \/>\n<\/span><span style=\"font-size: 12pt;\">E-mail: \u00a0<a href=\"mailto:katarzyna.horbacz@us.edu.pl\">katarzyna.horbacz@us.edu.pl<\/a><\/span><\/p>\n<p>[\/vc_column_text][\/vc_column][vc_column width=&#8221;2\/6&#8243;][vc_column_text]<\/p>\n<p style=\"text-align: center;\"><span style=\"font-size: 18pt; color: #003366; font-family: 'trebuchet ms', geneva, sans-serif;\"><strong>Z-ca Dyrektora Instytutu<\/strong><\/span><\/p>\n<p style=\"text-align: center;\"><span style=\"color: #000080; font-size: 14pt; font-family: 'trebuchet ms', geneva, sans-serif;\"><a style=\"color: #000080;\" href=\"https:\/\/us.edu.pl\/instytut\/im\/pracownicy\/dr-przemyslaw-koprowski\">dr hab. Przemys\u0142aw Koprowski, prof. U\u015a<\/a><\/span><\/p>\n<p style=\"text-align: center;\"><a href=\"https:\/\/us.edu.pl\/instytut\/im\/strona-glownaim\/pracownicy\/algebra\/dr-przemyslaw-koprowski\"><img class=\" wp-image-129 alignnone\" src=\"http:\/\/us.edu.pl\/instytut\/im\/wp-content\/uploads\/sites\/43\/Nieprzypisane\/photo_Koprowski-240x300.jpg\" alt=\"\" width=\"273\" height=\"342\" srcset=\"https:\/\/us.edu.pl\/instytut\/im\/wp-content\/uploads\/sites\/43\/Nieprzypisane\/photo_Koprowski-240x300.jpg 240w, https:\/\/us.edu.pl\/instytut\/im\/wp-content\/uploads\/sites\/43\/Nieprzypisane\/photo_Koprowski-768x960.jpg 768w, https:\/\/us.edu.pl\/instytut\/im\/wp-content\/uploads\/sites\/43\/Nieprzypisane\/photo_Koprowski.jpg 819w, https:\/\/us.edu.pl\/instytut\/im\/wp-content\/uploads\/sites\/43\/Nieprzypisane\/photo_Koprowski-460x575.jpg 460w\" sizes=\"(max-width: 273px) 100vw, 273px\" \/><\/a><\/p>\n<p style=\"text-align: center;\"><span style=\"font-size: 12pt;\">Pok\u00f3j: \u00a0<strong>559<\/strong><\/span><br \/>\n<span style=\"font-size: 12pt;\">Telefon: \u00a0<strong><a href=\"tel:+48323591766\">32 359 17 66<\/a><br \/>\n<\/strong><\/span><span style=\"font-size: 12pt;\">E-mail: \u00a0<a href=\"mailto:przemyslaw.koprowski@us.edu.pl\">przemyslaw.koprowski@us.edu.pl<\/a><\/span><\/p>\n<p>[\/vc_column_text][\/vc_column][vc_column width=&#8221;1\/6&#8243;][\/vc_column][\/vc_row]<\/p>","protected":false},"excerpt":{"rendered":"<p>[vc_row][vc_column][\/vc_column][\/vc_row][vc_row][vc_column width=&#8221;1\/6&#8243;][\/vc_column][vc_column width=&#8221;2\/6&#8243;][vc_column_text] Dyrektor Instytutu prof. dr hab. Katarzyna Horbacz Pok\u00f3j: \u00a0565 Telefon: \u00a032 359 16 24 E-mail: \u00a0katarzyna.horbacz@us.edu.pl [\/vc_column_text][\/vc_column][vc_column width=&#8221;2\/6&#8243;][vc_column_text] Z-ca Dyrektora Instytutu dr hab. Przemys\u0142aw Koprowski, prof. U\u015a Pok\u00f3j: \u00a0559 Telefon: \u00a032 359 17 66 E-mail: \u00a0przemyslaw.koprowski@us.edu.pl [\/vc_column_text][\/vc_column][vc_column width=&#8221;1\/6&#8243;][\/vc_column][\/vc_row] [&#8230;]<\/p>\n<p><a class=\"btn btn-secondary understrap-read-more-link\" href=\"https:\/\/us.edu.pl\/instytut\/im\/strona-glownaim\/dyrekcja-instytutu\/\">Read More&#8230;<\/a><\/p>\n","protected":false},"author":820,"featured_media":0,"parent":5,"menu_order":0,"comment_status":"closed","ping_status":"closed","template":"","meta":{"_expiration-date-status":"","_expiration-date":0,"_expiration-date-type":"","_expiration-date-categories":[],"_expiration-date-options":[]},"acf":[],"_links":{"self":[{"href":"https:\/\/us.edu.pl\/instytut\/im\/wp-json\/wp\/v2\/pages\/132"}],"collection":[{"href":"https:\/\/us.edu.pl\/instytut\/im\/wp-json\/wp\/v2\/pages"}],"about":[{"href":"https:\/\/us.edu.pl\/instytut\/im\/wp-json\/wp\/v2\/types\/page"}],"author":[{"embeddable":true,"href":"https:\/\/us.edu.pl\/instytut\/im\/wp-json\/wp\/v2\/users\/820"}],"replies":[{"embeddable":true,"href":"https:\/\/us.edu.pl\/instytut\/im\/wp-json\/wp\/v2\/comments?post=132"}],"version-history":[{"count":10,"href":"https:\/\/us.edu.pl\/instytut\/im\/wp-json\/wp\/v2\/pages\/132\/revisions"}],"predecessor-version":[{"id":6562,"href":"https:\/\/us.edu.pl\/instytut\/im\/wp-json\/wp\/v2\/pages\/132\/revisions\/6562"}],"up":[{"embeddable":true,"href":"https:\/\/us.edu.pl\/instytut\/im\/wp-json\/wp\/v2\/pages\/5"}],"wp:attachment":[{"href":"https:\/\/us.edu.pl\/instytut\/im\/wp-json\/wp\/v2\/media?parent=132"}],"curies":[{"name":"wp","href":"https:\/\/api.w.org\/{rel}","templated":true}]}}