{"id":1386,"date":"2020-02-17T05:58:27","date_gmt":"2020-02-17T04:58:27","guid":{"rendered":"http:\/\/us.edu.pl\/instytut\/im\/?page_id=1386"},"modified":"2023-12-20T18:24:37","modified_gmt":"2023-12-20T17:24:37","slug":"dziekanat","status":"publish","type":"page","link":"https:\/\/us.edu.pl\/instytut\/im\/strona-glownaim\/studia\/dziekanat\/","title":{"rendered":"Dziekanat"},"content":{"rendered":"<p>[vc_row][vc_column][vc_column_text]<\/p>\n<table style=\"border-collapse: collapse; width: 100%; height: 28px;\">\n<tbody>\n<tr style=\"height: 18px;\">\n<td style=\"width: 100%; height: 10px;\"><span style=\"font-family: 'trebuchet ms', geneva, sans-serif; font-size: 18pt; color: #003366;\"><strong>Anna Szarf<\/strong><\/span><\/td>\n<\/tr>\n<\/tbody>\n<\/table>\n<table style=\"font-size: 14px; border-collapse: collapse; width: 99.9740316909497%; height: 80px;\">\n<tbody>\n<tr style=\"height: 20px;\">\n<td style=\"width: 0.7390983000739098%; height: 20px;\"><span style=\"color: #333399; font-family: 'trebuchet ms', geneva, sans-serif; font-size: 12pt;\">Przeznaczenie:<\/span><\/td>\n<td style=\"width: 17.77124786617718%; height: 20px;\"><span style=\"font-size: 12pt; font-family: 'trebuchet ms', geneva, sans-serif;\">kierunek matematyka, studia stacjonarne I i II st. oraz niestacjonarne II st.<\/span><\/td>\n<\/tr>\n<tr style=\"height: 20px;\">\n<td style=\"width: 0.7390983000739098%; height: 20px;\"><span style=\"color: #333399; font-size: 12pt; font-family: 'trebuchet ms', geneva, sans-serif;\">pok\u00f3j:<\/span><\/td>\n<td style=\"width: 17.77124786617718%; height: 20px;\"><span style=\"font-family: 'trebuchet ms', geneva, sans-serif; font-size: 12pt;\"><strong>221<\/strong><\/span><\/td>\n<\/tr>\n<tr style=\"height: 20px;\">\n<td style=\"width: 0.7390983000739098%; height: 20px;\"><span style=\"color: #333399; font-family: 'trebuchet ms', geneva, sans-serif; font-size: 12pt;\">e-mail:<\/span><\/td>\n<td style=\"width: 17.77124786617718%; height: 20px;\"><span style=\"color: #3366ff; font-family: 'trebuchet ms', geneva, sans-serif; font-size: 12pt;\"><a style=\"color: #3366ff;\" href=\"mailto:anna.szarf@us.edu.pl\">anna.szarf@us.edu.pl<\/a><\/span><\/td>\n<\/tr>\n<tr style=\"height: 20px;\">\n<td style=\"width: 0.7390983000739098%; height: 20px;\"><span style=\"font-family: 'trebuchet ms', geneva, sans-serif; font-size: 12pt;\"><span style=\"color: #333399;\">telefon:<\/span><\/span><\/td>\n<td style=\"width: 17.77124786617718%; height: 20px;\"><span style=\"font-family: 'trebuchet ms', geneva, sans-serif; font-size: 12pt;\"><strong><a href=\"tel:+323591559\">(32) 359 15 50<\/a> (w. 20)<\/strong><\/span><\/td>\n<\/tr>\n<\/tbody>\n<\/table>\n<table style=\"border-collapse: collapse; width: 100%; height: 24px;\">\n<tbody>\n<tr style=\"height: 24px;\">\n<td style=\"width: 100%; height: 24px;\"><span style=\"color: #003366; font-size: 14pt; font-family: 'trebuchet ms', geneva, sans-serif;\"><strong><br \/>\nGodziny otwarcia dla student\u00f3w<\/strong><\/span><\/td>\n<\/tr>\n<\/tbody>\n<\/table>\n<table style=\"border-collapse: collapse; width: 100%; height: 90px;\">\n<tbody>\n<tr style=\"height: 20px;\">\n<td style=\"width: 12.237163161675468%; height: 20px;\"><span style=\"color: #333399; font-size: 12pt; font-family: 'trebuchet ms', geneva, sans-serif;\"><span style=\"color: #333399;\">Poniedzia\u0142ek<\/span><\/span><\/td>\n<td style=\"width: 87.76283683832453%; height: 20px;\"><span style=\"font-size: 12pt; font-family: 'trebuchet ms', geneva, sans-serif;\">11:00-15:00<\/span><\/td>\n<\/tr>\n<tr style=\"height: 20px;\">\n<td style=\"width: 12.237163161675468%; height: 20px;\"><span style=\"color: #333399; font-size: 12pt; font-family: 'trebuchet ms', geneva, sans-serif;\"><span style=\"color: #333399;\">Wtorek<\/span><\/span><\/td>\n<td style=\"width: 87.76283683832453%; height: 20px;\"><span style=\"font-size: 12pt; font-family: 'trebuchet ms', geneva, sans-serif;\">8:00-12:00<\/span><\/td>\n<\/tr>\n<tr style=\"height: 20px;\">\n<td style=\"width: 12.237163161675468%; height: 20px;\"><span style=\"color: #333399; font-size: 12pt; font-family: 'trebuchet ms', geneva, sans-serif;\"><span style=\"color: #333399;\">\u015aroda<\/span><\/span><\/td>\n<td style=\"width: 87.76283683832453%; height: 20px;\"><span style=\"font-size: 12pt; font-family: 'trebuchet ms', geneva, sans-serif;\">nieczynne<\/span><\/td>\n<\/tr>\n<tr style=\"height: 20px;\">\n<td style=\"width: 12.237163161675468%; height: 20px;\"><span style=\"color: #333399; font-size: 12pt; font-family: 'trebuchet ms', geneva, sans-serif;\"><span style=\"color: #333399;\">Czwartek<\/span><\/span><\/td>\n<td style=\"width: 87.76283683832453%; height: 20px;\"><span style=\"font-size: 12pt; font-family: 'trebuchet ms', geneva, sans-serif;\">11:00-14:00<\/span><\/td>\n<\/tr>\n<tr style=\"height: 20px;\">\n<td style=\"width: 12.237163161675468%; height: 10px;\"><span style=\"color: #333399; font-size: 12pt; font-family: 'trebuchet ms', geneva, sans-serif;\"><span style=\"color: #333399;\">Pi\u0105tek<\/span><\/span><\/p>\n<p>&nbsp;<\/td>\n<td style=\"width: 87.76283683832453%; height: 10px; vertical-align: top;\"><span style=\"font-size: 12pt; font-family: 'trebuchet ms', geneva, sans-serif;\">11:00-14:00<br \/>\n(do 16:00 dla studi\u00f3w niestacjonarnych)<\/span><\/td>\n<\/tr>\n<\/tbody>\n<\/table>\n<hr \/>\n<table style=\"border-collapse: collapse; width: 100%; height: 28px;\">\n<tbody>\n<tr style=\"height: 18px;\">\n<td style=\"width: 100%; height: 10px;\"><span style=\"font-family: 'trebuchet ms', geneva, sans-serif; font-size: 18pt;\"><strong>Katarzyna Go\u0142aszewska<\/strong><\/span><\/td>\n<\/tr>\n<\/tbody>\n<\/table>\n<table style=\"font-size: 14px; border-collapse: collapse; width: 99.97403169094969%; height: 80px;\">\n<tbody>\n<tr style=\"height: 20px;\">\n<td style=\"width: 0.7309941520467835%; height: 20px;\"><span style=\"color: #333399; font-family: 'trebuchet ms', geneva, sans-serif; font-size: 12pt;\">Przeznaczenie:<\/span><\/td>\n<td style=\"width: 17.779352014204306%; height: 20px;\"><span style=\"font-size: 12pt; font-family: 'trebuchet ms', geneva, sans-serif;\">studia III stopnia (doktoranci matematyki)<\/span><\/td>\n<\/tr>\n<tr style=\"height: 20px;\">\n<td style=\"width: 0.7309941520467835%; height: 20px;\"><span style=\"color: #333399; font-size: 12pt; font-family: 'trebuchet ms', geneva, sans-serif;\">pok\u00f3j:<\/span><\/td>\n<td style=\"width: 17.779352014204306%; height: 20px;\"><span style=\"font-family: 'trebuchet ms', geneva, sans-serif; font-size: 12pt;\"><strong>406 b<\/strong><\/span><\/td>\n<\/tr>\n<tr style=\"height: 20px;\">\n<td style=\"width: 0.7309941520467835%; height: 20px;\"><span style=\"color: #333399; font-family: 'trebuchet ms', geneva, sans-serif; font-size: 12pt;\">e-mail:<\/span><\/td>\n<td style=\"width: 17.779352014204306%; height: 20px;\"><span style=\"color: #3366ff; font-family: 'trebuchet ms', geneva, sans-serif; font-size: 12pt;\"><a style=\"color: #3366ff;\" href=\"mailto:katarzyna.golaszewska@us.edu.pl\">katarzyna.golaszewska@us.edu.pl<\/a><\/span><\/td>\n<\/tr>\n<tr style=\"height: 20px;\">\n<td style=\"width: 0.7309941520467835%; height: 20px;\"><span style=\"font-family: 'trebuchet ms', geneva, sans-serif; font-size: 12pt;\"><span style=\"color: #333399;\">telefon:<\/span><\/span><\/td>\n<td style=\"width: 17.779352014204306%; height: 20px;\"><a href=\"tel:+48323592471\"><span style=\"font-family: 'trebuchet ms', geneva, sans-serif; font-size: 12pt;\"><strong>(32) 359 24 71<\/strong><\/span><\/a><\/td>\n<\/tr>\n<\/tbody>\n<\/table>\n<table style=\"border-collapse: collapse; width: 100%; height: 24px;\">\n<tbody>\n<tr style=\"height: 24px;\">\n<td style=\"width: 100%; height: 24px;\"><span style=\"color: #003366; font-size: 14pt; font-family: 'trebuchet ms', geneva, sans-serif;\"><strong><br \/>\nGodziny otwarcia dla student\u00f3w<\/strong><\/span><\/td>\n<\/tr>\n<\/tbody>\n<\/table>\n<table style=\"border-collapse: collapse; width: 100%;\">\n<tbody>\n<tr>\n<td style=\"width: 12.184400172919801%;\"><span style=\"color: #333399; font-size: 12pt; font-family: 'trebuchet ms', geneva, sans-serif;\"><span style=\"color: #333399;\">Poniedzia\u0142ek<\/span><\/span><\/td>\n<td style=\"width: 87.81559982708019%;\"><span style=\"font-size: 12pt; font-family: 'trebuchet ms', geneva, sans-serif;\">8:00 &#8211; 10:00<\/span><\/td>\n<\/tr>\n<tr>\n<td style=\"width: 12.184400172919801%;\"><span style=\"color: #333399; font-size: 12pt; font-family: 'trebuchet ms', geneva, sans-serif;\"><span style=\"color: #333399;\">Wtorek<\/span><\/span><\/td>\n<td style=\"width: 87.81559982708019%;\"><span style=\"font-size: 12pt; font-family: 'trebuchet ms', geneva, sans-serif;\">14:00 &#8211; 16:00<\/span><\/td>\n<\/tr>\n<tr>\n<td style=\"width: 12.184400172919801%;\"><span style=\"color: #333399; font-size: 12pt; font-family: 'trebuchet ms', geneva, sans-serif;\"><span style=\"color: #333399;\">\u015aroda<\/span><\/span><\/td>\n<td style=\"width: 87.81559982708019%;\"><span style=\"font-size: 12pt; font-family: 'trebuchet ms', geneva, sans-serif;\">nieczynne<\/span><\/td>\n<\/tr>\n<tr>\n<td style=\"width: 12.184400172919801%;\"><span style=\"color: #333399; font-size: 12pt; font-family: 'trebuchet ms', geneva, sans-serif;\"><span style=\"color: #333399;\">Czwartek<\/span><\/span><\/td>\n<td style=\"width: 87.81559982708019%;\"><span style=\"font-size: 12pt; font-family: 'trebuchet ms', geneva, sans-serif;\">8:30 &#8211; 11:30 oraz 15:00 &#8211; 16:00<\/span><\/td>\n<\/tr>\n<tr>\n<td style=\"width: 12.184400172919801%; vertical-align: top;\"><span style=\"color: #333399; font-size: 12pt; font-family: 'trebuchet ms', geneva, sans-serif;\"><span style=\"color: #333399;\">Pi\u0105tek<\/span><\/span><\/td>\n<td style=\"width: 87.81559982708019%; vertical-align: top;\"><span style=\"font-size: 12pt; font-family: 'trebuchet ms', geneva, sans-serif;\">8:00 &#8211; 9:00 oraz 14:30 &#8211; 15:30<\/span><\/p>\n<p>&nbsp;<\/td>\n<\/tr>\n<\/tbody>\n<\/table>\n<hr \/>\n<table style=\"border-collapse: collapse; width: 100%; height: 28px;\">\n<tbody>\n<tr style=\"height: 18px;\">\n<td style=\"width: 100%; height: 10px;\"><span style=\"font-family: 'trebuchet ms', geneva, sans-serif; font-size: 18pt;\"><strong>mgr Gra\u017cyna Wdowiak-Czaka\u0144ska<\/strong><\/span><\/td>\n<\/tr>\n<\/tbody>\n<\/table>\n<table style=\"font-size: 14px; border-collapse: collapse; width: 99.97403169094969%; height: 80px;\">\n<tbody>\n<tr style=\"height: 20px;\">\n<td style=\"width: 0.7309941520467835%; height: 20px;\"><span style=\"color: #333399; font-family: 'trebuchet ms', geneva, sans-serif; font-size: 12pt;\">Przeznaczenie:<\/span><\/td>\n<td style=\"width: 17.779352014204306%; height: 20px;\"><span style=\"font-size: 12pt; font-family: 'trebuchet ms', geneva, sans-serif;\"> sprawy socjalno-bytowe<\/span><\/td>\n<\/tr>\n<tr style=\"height: 20px;\">\n<td style=\"width: 0.7309941520467835%; height: 20px;\"><span style=\"color: #333399; font-size: 12pt; font-family: 'trebuchet ms', geneva, sans-serif;\">pok\u00f3j:<\/span><\/td>\n<td style=\"width: 17.779352014204306%; height: 20px;\"><span style=\"font-family: 'trebuchet ms', geneva, sans-serif; font-size: 12pt;\"><strong>218<\/strong><\/span><\/td>\n<\/tr>\n<tr style=\"height: 20px;\">\n<td style=\"width: 0.7309941520467835%; height: 20px;\"><span style=\"color: #333399; font-family: 'trebuchet ms', geneva, sans-serif; font-size: 12pt;\">e-mail:<\/span><\/td>\n<td style=\"width: 17.779352014204306%; height: 20px;\"><span style=\"color: #3366ff; font-family: 'trebuchet ms', geneva, sans-serif; font-size: 12pt;\"><a style=\"color: #3366ff;\" href=\"mailto:grazyna.wdowiak-czakanska@us.edu.pl\">grazyna.wdowiak-czakanska@us.edu.pl<\/a><\/span><\/td>\n<\/tr>\n<tr style=\"height: 20px;\">\n<td style=\"width: 0.7309941520467835%; height: 20px;\"><span style=\"font-family: 'trebuchet ms', geneva, sans-serif; font-size: 12pt;\"><span style=\"color: #333399;\">telefon:<\/span><\/span><\/td>\n<td style=\"width: 17.779352014204306%; height: 20px;\"><span style=\"font-family: 'trebuchet ms', geneva, sans-serif; font-size: 12pt;\"><strong><a href=\"tel:+48323591130\">(32) 359 11 30<\/a> (w. 26)<\/strong><\/span><\/td>\n<\/tr>\n<\/tbody>\n<\/table>\n<table style=\"border-collapse: collapse; width: 100%; height: 24px;\">\n<tbody>\n<tr style=\"height: 24px;\">\n<td style=\"width: 100%; height: 24px;\"><span style=\"color: #003366; font-size: 14pt; font-family: 'trebuchet ms', geneva, sans-serif;\"><strong><br \/>\nGodziny otwarcia dla student\u00f3w<\/strong><\/span><\/td>\n<\/tr>\n<\/tbody>\n<\/table>\n<table style=\"border-collapse: collapse; width: 100%; height: 100px;\">\n<tbody>\n<tr style=\"height: 20px;\">\n<td style=\"width: 12.184400172919801%; height: 20px;\"><span style=\"color: #333399; font-size: 12pt; font-family: 'trebuchet ms', geneva, sans-serif;\"><span style=\"color: #333399;\">Poniedzia\u0142ek<\/span><\/span><\/td>\n<td style=\"width: 87.81559982708019%; height: 20px;\"><span style=\"font-size: 12pt; font-family: 'trebuchet ms', geneva, sans-serif;\">11:00-15:00<\/span><\/td>\n<\/tr>\n<tr style=\"height: 20px;\">\n<td style=\"width: 12.184400172919801%; height: 20px;\"><span style=\"color: #333399; font-size: 12pt; font-family: 'trebuchet ms', geneva, sans-serif;\"><span style=\"color: #333399;\">Wtorek<\/span><\/span><\/td>\n<td style=\"width: 87.81559982708019%; height: 20px;\"><span style=\"font-size: 12pt; font-family: 'trebuchet ms', geneva, sans-serif;\">8:00-11:00 oraz 13:00-14:00<\/span><\/td>\n<\/tr>\n<tr style=\"height: 20px;\">\n<td style=\"width: 12.184400172919801%; height: 20px;\"><span style=\"color: #333399; font-size: 12pt; font-family: 'trebuchet ms', geneva, sans-serif;\"><span style=\"color: #333399;\">\u015aroda<\/span><\/span><\/td>\n<td style=\"width: 87.81559982708019%; height: 20px;\"><span style=\"font-size: 12pt; font-family: 'trebuchet ms', geneva, sans-serif;\">nieczynne<\/span><\/td>\n<\/tr>\n<tr style=\"height: 20px;\">\n<td style=\"width: 12.184400172919801%; height: 20px;\"><span style=\"color: #333399; font-size: 12pt; font-family: 'trebuchet ms', geneva, sans-serif;\"><span style=\"color: #333399;\">Czwartek<\/span><\/span><\/td>\n<td style=\"width: 87.81559982708019%; height: 20px;\"><span style=\"font-family: trebuchet ms, geneva, sans-serif; font-size: medium;\">11:00-14:00<\/span><\/td>\n<\/tr>\n<tr style=\"height: 20px;\">\n<td style=\"width: 12.184400172919801%; height: 20px; vertical-align: top;\"><span style=\"color: #333399; font-size: 12pt; font-family: 'trebuchet ms', geneva, sans-serif;\"><span style=\"color: #333399;\">Pi\u0105tek<\/span><\/span><\/p>\n<p>&nbsp;<\/td>\n<td style=\"width: 87.81559982708019%; height: 20px; vertical-align: top;\"><span style=\"font-size: 12pt; font-family: 'trebuchet ms', geneva, sans-serif;\">11:00-14:00<\/span><\/td>\n<\/tr>\n<\/tbody>\n<\/table>\n<hr \/>\n<table style=\"border-collapse: collapse; width: 100%; height: 28px;\">\n<tbody>\n<tr style=\"height: 18px;\">\n<td style=\"width: 100%; height: 10px;\"><span style=\"font-family: 'trebuchet ms', geneva, sans-serif; font-size: 18pt;\"><strong>mgr Aleksandra Hankus<\/strong><\/span><\/td>\n<\/tr>\n<\/tbody>\n<\/table>\n<table style=\"font-size: 14px; border-collapse: collapse; width: 99.97403169094969%; height: 80px;\">\n<tbody>\n<tr style=\"height: 20px;\">\n<td style=\"width: 0.7309941520467835%; height: 20px;\"><span style=\"color: #333399; font-family: 'trebuchet ms', geneva, sans-serif; font-size: 12pt;\">Przeznaczenie:<\/span><\/td>\n<td style=\"width: 17.779352014204306%; height: 20px;\"><span style=\"font-size: 12pt; font-family: 'trebuchet ms', geneva, sans-serif;\">pracownicy &#8211; sprawy dydaktyczne<\/span><\/td>\n<\/tr>\n<tr style=\"height: 20px;\">\n<td style=\"width: 0.7309941520467835%; height: 20px;\"><span style=\"color: #333399; font-size: 12pt; font-family: 'trebuchet ms', geneva, sans-serif;\">pok\u00f3j:<\/span><\/td>\n<td style=\"width: 17.779352014204306%; height: 20px;\"><span style=\"font-family: 'trebuchet ms', geneva, sans-serif; font-size: 12pt;\"><strong>532<\/strong><\/span><\/td>\n<\/tr>\n<tr style=\"height: 20px;\">\n<td style=\"width: 0.7309941520467835%; height: 20px;\"><span style=\"color: #333399; font-family: 'trebuchet ms', geneva, sans-serif; font-size: 12pt;\">e-mail:<\/span><\/td>\n<td style=\"width: 17.779352014204306%; height: 20px;\"><span style=\"color: #3366ff; font-family: 'trebuchet ms', geneva, sans-serif; font-size: 12pt;\"><a style=\"color: #3366ff;\" href=\"mailto:aleksandra.hankus@us.edu.pl\">aleksandra.hankus@us.edu.pl<\/a><\/span><\/td>\n<\/tr>\n<tr style=\"height: 20px;\">\n<td style=\"width: 0.7309941520467835%; height: 20px; vertical-align: top;\"><span style=\"font-family: 'trebuchet ms', geneva, sans-serif; font-size: 12pt;\"><span style=\"color: #333399;\">telefon:<\/span><\/span><\/p>\n<p>&nbsp;<\/td>\n<td style=\"width: 17.779352014204306%; height: 20px; vertical-align: top;\"><a href=\"tel:+48323592276\"><span style=\"font-family: 'trebuchet ms', geneva, sans-serif; font-size: 12pt;\"><strong>(32) 359 22 76<\/strong><\/span><\/a><\/td>\n<\/tr>\n<\/tbody>\n<\/table>\n<hr \/>\n<table style=\"border-collapse: collapse; width: 100%; height: 28px;\">\n<tbody>\n<tr style=\"height: 18px;\">\n<td style=\"width: 100%; height: 10px;\"><span style=\"font-family: 'trebuchet ms', geneva, sans-serif; font-size: 18pt;\"><strong>dr Andrzej Turski<\/strong><\/span><\/td>\n<\/tr>\n<\/tbody>\n<\/table>\n<table style=\"font-size: 14px; border-collapse: collapse; width: 99.97403169094967%; height: 80px;\">\n<tbody>\n<tr style=\"height: 20px;\">\n<td style=\"width: 0.7309941520467835%; height: 20px;\"><span style=\"color: #333399; font-family: 'trebuchet ms', geneva, sans-serif; font-size: 12pt;\">Przeznaczenie:<\/span><\/td>\n<td style=\"width: 17.779352014204306%; height: 20px;\"><span style=\"font-size: 12pt; font-family: 'trebuchet ms', geneva, sans-serif;\">pracownicy &#8211; sprawy dydaktyczne (obs\u0142uga informatyczna)<\/span><\/td>\n<\/tr>\n<tr style=\"height: 20px;\">\n<td style=\"width: 0.7309941520467835%; height: 20px;\"><span style=\"color: #333399; font-size: 12pt; font-family: 'trebuchet ms', geneva, sans-serif;\">pok\u00f3j:<\/span><\/td>\n<td style=\"width: 17.779352014204306%; height: 20px;\"><span style=\"font-family: 'trebuchet ms', geneva, sans-serif; font-size: 12pt;\"><strong>344<\/strong><\/span><\/td>\n<\/tr>\n<tr style=\"height: 20px;\">\n<td style=\"width: 0.7309941520467835%; height: 20px;\"><span style=\"color: #333399; font-family: 'trebuchet ms', geneva, sans-serif; font-size: 12pt;\">e-mail:<\/span><\/td>\n<td style=\"width: 17.779352014204306%; height: 20px;\"><span style=\"color: #3366ff; font-family: 'trebuchet ms', geneva, sans-serif; font-size: 12pt;\"><a style=\"color: #3366ff;\" href=\"mailto:andrzej.turski@us.edu.pl\">andrzej.turski@us.edu.pl<\/a><\/span><\/td>\n<\/tr>\n<tr style=\"height: 20px;\">\n<td style=\"width: 0.7309941520467835%; height: 20px;\"><span style=\"font-family: 'trebuchet ms', geneva, sans-serif; font-size: 12pt;\"><span style=\"color: #333399;\">telefon:<\/span><\/span><\/td>\n<td style=\"width: 17.779352014204306%; height: 20px;\"><a href=\"tel:+48323591914\"><span style=\"font-family: 'trebuchet ms', geneva, sans-serif; font-size: 12pt;\"><strong>(32) 359 19 14<\/strong><\/span><\/a><\/td>\n<\/tr>\n<\/tbody>\n<\/table>\n<p>[\/vc_column_text][\/vc_column][\/vc_row]<\/p>","protected":false},"excerpt":{"rendered":"<p>[vc_row][vc_column][vc_column_text] Anna Szarf Przeznaczenie: kierunek matematyka, studia stacjonarne I i II st. oraz niestacjonarne II st. pok\u00f3j: 221 e-mail: anna.szarf@us.edu.pl telefon: (32) 359 15 50 (w. 20) Godziny otwarcia dla student\u00f3w Poniedzia\u0142ek 11:00-15:00 Wtorek 8:00-12:00 \u015aroda nieczynne Czwartek 11:00-14:00 Pi\u0105tek &nbsp; 11:00-14:00 (do 16:00 dla studi\u00f3w niestacjonarnych) Katarzyna Go\u0142aszewska Przeznaczenie: studia III stopnia (doktoranci matematyki) [&#8230;]<\/p>\n<p><a class=\"btn btn-secondary understrap-read-more-link\" href=\"https:\/\/us.edu.pl\/instytut\/im\/strona-glownaim\/studia\/dziekanat\/\">Read More&#8230;<\/a><\/p>\n","protected":false},"author":820,"featured_media":0,"parent":1079,"menu_order":0,"comment_status":"closed","ping_status":"closed","template":"page-templates\/page-with-tables.php","meta":{"_expiration-date-status":"","_expiration-date":0,"_expiration-date-type":"","_expiration-date-categories":[],"_expiration-date-options":[]},"acf":[],"_links":{"self":[{"href":"https:\/\/us.edu.pl\/instytut\/im\/wp-json\/wp\/v2\/pages\/1386"}],"collection":[{"href":"https:\/\/us.edu.pl\/instytut\/im\/wp-json\/wp\/v2\/pages"}],"about":[{"href":"https:\/\/us.edu.pl\/instytut\/im\/wp-json\/wp\/v2\/types\/page"}],"author":[{"embeddable":true,"href":"https:\/\/us.edu.pl\/instytut\/im\/wp-json\/wp\/v2\/users\/820"}],"replies":[{"embeddable":true,"href":"https:\/\/us.edu.pl\/instytut\/im\/wp-json\/wp\/v2\/comments?post=1386"}],"version-history":[{"count":10,"href":"https:\/\/us.edu.pl\/instytut\/im\/wp-json\/wp\/v2\/pages\/1386\/revisions"}],"predecessor-version":[{"id":6062,"href":"https:\/\/us.edu.pl\/instytut\/im\/wp-json\/wp\/v2\/pages\/1386\/revisions\/6062"}],"up":[{"embeddable":true,"href":"https:\/\/us.edu.pl\/instytut\/im\/wp-json\/wp\/v2\/pages\/1079"}],"wp:attachment":[{"href":"https:\/\/us.edu.pl\/instytut\/im\/wp-json\/wp\/v2\/media?parent=1386"}],"curies":[{"name":"wp","href":"https:\/\/api.w.org\/{rel}","templated":true}]}}