{"id":1600,"date":"2020-03-06T00:36:42","date_gmt":"2020-03-05T23:36:42","guid":{"rendered":"http:\/\/us.edu.pl\/instytut\/im\/?page_id=1600"},"modified":"2025-01-08T23:07:33","modified_gmt":"2025-01-08T22:07:33","slug":"konferencje","status":"publish","type":"page","link":"https:\/\/us.edu.pl\/instytut\/im\/badanie-naukowe\/konferencje\/","title":{"rendered":"Konferencje (wsp\u00f3\u0142)organizowane"},"content":{"rendered":"<p>[vc_row][vc_column]\r\n                <div class=\"text-modules\">\r\n                    <div class=\"container\">\r\n                        <h3 class=\"page-title text__title\">Konferencje (wsp\u00f3\u0142)organizowane<\/h3>\r\n                        <div class=\"text-modules__content\"><\/div>\r\n                    <\/div>\r\n                <\/div>[\/vc_column][\/vc_row][vc_row][vc_column]\r\n                <div class=\"tiles-section\" style=\"background: \">\r\n                    <div class=\"container\">\r\n                        <div class=\"tiles tiles-3\">\r\n\r\n                            <a href=\" https:\/\/us.edu.pl\/instytut\/im\/badanie-naukowe\/konferencje\/lsim\/\" class=\"tile tile_info\" style=\"background-color: #EBEBEB; border: 0 \">\r\n                                 <div class=\"tile_info__title\">Letnia Szko\u0142a Instytutu Matematyki<\/div>\r\n                                <div class=\"tile_info__subtitle\">Konferencja cykliczna organizowana przez Instytut Matematyki U\u015a. W ramach konferencji prezentowane s\u0105 wyniki bada\u0144  pracownik\u00f3w Instytutu oraz zaproszonych go\u015bci.<\/div>\r\n                            <\/a>\r\n\r\n                            <a href=\"http:\/\/www.applications-of-logic.uni.wroc.pl\" class=\"tile tile_info\" style=\"background-color: #EBEBEB; border: 0 \">\r\n                                 <div class=\"tile_info__title\">Zastosowania logiki w filozofii i podstawach matematyki<\/div>\r\n                                <div class=\"tile_info__subtitle\">Konferencja cykliczna organizowana wsp\u00f3lnie przez Uniwersytet Opolski, Uniwersytet Wroc\u0142awski oraz Instytut Matematyki U\u015a. <\/div>\r\n                            <\/a>\r\n\r\n                            <a href=\"http:\/\/alant.math.us.edu.pl\" class=\"tile tile_info\" style=\"background-color: #EBEBEB; border: 0 \">\r\n                                 <div class=\"tile_info__title\">Joint Conferences on Algebra, Logic and Number Theory<\/div>\r\n                                <div class=\"tile_info__subtitle\">Konferencje  mi\u0119dzynarodowa wsp\u00f3\u0142organizowana przez Instytut Matematyki U\u015a. Tematyka konferencji dotyczy g\u0142\u00f3wnie algebry, teorii liczb oraz teorii modeli.<\/div>\r\n                            <\/a>\r\n\r\n                            <a href=\"http:\/\/www.math.us.edu.pl\/K-DWSfe.html\" class=\"tile tile_info\" style=\"background-color: #EBEBEB; border: 0 \">\r\n                                 <div class=\"tile_info__title\">Katowice-Debrecen Winter Seminars on Functional Equations and Inequalities<\/div>\r\n                                <div class=\"tile_info__subtitle\">Cykl seminari\u00f3w po\u015bwi\u0119conych r\u00f3wnaniom i nier\u00f3wno\u015bciom funkcyjnym, organizowanych wsp\u00f3lnie przez University of Debrecen (W\u0119gry) oraz Instytut Matematyki U\u015a.<\/div>\r\n                            <\/a>\r\n\r\n                            <a href=\"https:\/\/9forum-ptm.us.edu.pl\" class=\"tile tile_info\" style=\"background-color: #EBEBEB; border: 0 \">\r\n                                 <div class=\"tile_info__title\">9. Forum Matematyk\u00f3w Polskich<\/div>\r\n                                <div class=\"tile_info__subtitle\">Forum Matematyk\u00f3w Polskich jest konferencj\u0105 organizowan\u0105 cyklicznie przez Polskie Towarzystwo Matematyczne (PTM) we wsp\u00f3\u0142pracy z r\u00f3\u017cnymi uczelniami wy\u017cszymi z ca\u0142ej Polski.  9. edycja konferencji (w 2024 r.) organizowana jest przez G\u00f3rno\u015bl\u0105ski Oddzia\u0142 PTM, wsp\u00f3lnie z Uniwersytetem \u015al\u0105skim w Katowicach oraz Politechnik\u0105 \u015al\u0105sk\u0105.<\/div>\r\n                            <\/a>\r\n\r\n                            <a href=\"https:\/\/isfspolfuzz.us.edu.pl\" class=\"tile tile_info\" style=\"background-color: #EBEBEB; border: 0 \">\r\n                                 <div class=\"tile_info__title\">6th International Symposium on Fuzzy Sets<\/div>\r\n                                <div class=\"tile_info__subtitle\">ISFS jest konferencj\u0105 mi\u0119dzynarodow\u0105, po\u015bwi\u0119con\u0105 zagadnieniom z zakresu logiki rozmytej, organizowan\u0105 cyklicznie przez Polskie Towarzystwo Zbior\u00f3w Rozmytych POLFUZZ. Pi\u0119\u0107 pierwszych zjazd\u00f3w odby\u0142o si\u0119 w Rzeszowie. Sz\u00f3sta edycja konferencji (w 2025 r.) organizowana jest w Katowicach, wsp\u00f3lnie z Uniwersytetem \u015al\u0105skim.<\/div>\r\n                            <\/a><\/div>\r\n                    <\/div>\r\n                <\/div>[\/vc_column][\/vc_row]<\/p>","protected":false},"excerpt":{"rendered":"<p>[vc_row][vc_column][\/vc_column][\/vc_row][vc_row][vc_column][\/vc_column][\/vc_row] [&#8230;]<\/p>\n<p><a class=\"btn btn-secondary understrap-read-more-link\" href=\"https:\/\/us.edu.pl\/instytut\/im\/badanie-naukowe\/konferencje\/\">Read More&#8230;<\/a><\/p>\n","protected":false},"author":820,"featured_media":0,"parent":197,"menu_order":0,"comment_status":"closed","ping_status":"closed","template":"","meta":{"_expiration-date-status":"","_expiration-date":0,"_expiration-date-type":"","_expiration-date-categories":[],"_expiration-date-options":[]},"acf":[],"_links":{"self":[{"href":"https:\/\/us.edu.pl\/instytut\/im\/wp-json\/wp\/v2\/pages\/1600"}],"collection":[{"href":"https:\/\/us.edu.pl\/instytut\/im\/wp-json\/wp\/v2\/pages"}],"about":[{"href":"https:\/\/us.edu.pl\/instytut\/im\/wp-json\/wp\/v2\/types\/page"}],"author":[{"embeddable":true,"href":"https:\/\/us.edu.pl\/instytut\/im\/wp-json\/wp\/v2\/users\/820"}],"replies":[{"embeddable":true,"href":"https:\/\/us.edu.pl\/instytut\/im\/wp-json\/wp\/v2\/comments?post=1600"}],"version-history":[{"count":10,"href":"https:\/\/us.edu.pl\/instytut\/im\/wp-json\/wp\/v2\/pages\/1600\/revisions"}],"predecessor-version":[{"id":7137,"href":"https:\/\/us.edu.pl\/instytut\/im\/wp-json\/wp\/v2\/pages\/1600\/revisions\/7137"}],"up":[{"embeddable":true,"href":"https:\/\/us.edu.pl\/instytut\/im\/wp-json\/wp\/v2\/pages\/197"}],"wp:attachment":[{"href":"https:\/\/us.edu.pl\/instytut\/im\/wp-json\/wp\/v2\/media?parent=1600"}],"curies":[{"name":"wp","href":"https:\/\/api.w.org\/{rel}","templated":true}]}}