{"id":1768,"date":"2020-05-12T01:17:00","date_gmt":"2020-05-11T23:17:00","guid":{"rendered":"http:\/\/us.edu.pl\/instytut\/im\/?page_id=1768"},"modified":"2024-12-15T23:06:20","modified_gmt":"2024-12-15T22:06:20","slug":"czasopisma","status":"publish","type":"page","link":"https:\/\/us.edu.pl\/instytut\/im\/badanie-naukowe\/czasopisma\/","title":{"rendered":"Czasopisma i serie prac naukowych"},"content":{"rendered":"<p>[vc_row][vc_column css=&#8221;.vc_custom_1581822843220{margin-top: -80px !important;}&#8221;]\r\n                <div class=\"tiles-section\" style=\"background: \">\r\n                    <div class=\"container\">\r\n                        <h3 class=\"page-title\"><\/h3>\r\n                        <div class=\"tiles tiles-3\">\r\n                            <a href=\"http:\/\/www.math.us.edu.pl\/annales\/index.html\" class=\"tile tile_ justify-content-center\" style=\"background-color: #ffffff; font-weight: ; color: #002E5A;  \">\r\n                                \r\n                                   \r\n                               \r\n                                <div class=\"tile__name\"><b>Annales Mathematicae Silesianae<\/b> <br\/>Czasopismo naukowe wydawane przez Instytut Matematyki U\u015a.<\/div>\r\n                            <\/a>\r\n                            <a href=\"https:\/\/sbc.org.pl\/dlibra\/metadatasearch?action=AdvancedSearchAction&type=-3&val1=Title:%22Prace%20Naukowe%20Uniwersytetu%20\u015al\u0105skiego%20w%20Katowicach.%20Prace%20Matematyczne%22\" class=\"tile tile_ justify-content-center\" style=\"background-color: #ffffff; font-weight: ; color: #002E5A;  \">\r\n                                \r\n                                   \r\n                               \r\n                                <div class=\"tile__name\"><b>Prace naukowe Uniwersytetu \u015al\u0105skiego w Katowicach. Prace matematyczne<\/b> <br\/>Czasopismo pod redakcj\u0105 Instytutu Matematyki U\u015a, wydawane w latach 1969-1982.<\/div>\r\n                            <\/a>\r\n                            <a href=\"http:\/\/www.math.us.edu.pl\/smdk\/index.html\" class=\"tile tile_ justify-content-center\" style=\"background-color: #ffffff; font-weight: ; color: #002E5A;  \">\r\n                                \r\n                                   \r\n                               \r\n                                <div class=\"tile__name\"><b>Series Mathematicae Cativiciensis et Debrecensis<\/b> <br\/>Cykl prac naukowych z zakresu analizy matematycznej (w szczeg\u00f3lno\u015bci z analizy funkcjonalnej, r\u00f3wna\u0144 r\u00f3\u017cniczkowych i r\u00f3wna\u0144 funkcjonalnych). <\/div>\r\n                            <\/a><\/div>\r\n                    <\/div>\r\n                <\/div>[\/vc_column][\/vc_row]<\/p>","protected":false},"excerpt":{"rendered":"<p>[vc_row][vc_column css=&#8221;.vc_custom_1581822843220{margin-top: -80px !important;}&#8221;][\/vc_column][\/vc_row] [&#8230;]<\/p>\n<p><a class=\"btn btn-secondary understrap-read-more-link\" href=\"https:\/\/us.edu.pl\/instytut\/im\/badanie-naukowe\/czasopisma\/\">Read More&#8230;<\/a><\/p>\n","protected":false},"author":820,"featured_media":0,"parent":197,"menu_order":0,"comment_status":"closed","ping_status":"closed","template":"page-templates\/page-with-tables.php","meta":{"_expiration-date-status":"","_expiration-date":0,"_expiration-date-type":"","_expiration-date-categories":[],"_expiration-date-options":[]},"acf":[],"_links":{"self":[{"href":"https:\/\/us.edu.pl\/instytut\/im\/wp-json\/wp\/v2\/pages\/1768"}],"collection":[{"href":"https:\/\/us.edu.pl\/instytut\/im\/wp-json\/wp\/v2\/pages"}],"about":[{"href":"https:\/\/us.edu.pl\/instytut\/im\/wp-json\/wp\/v2\/types\/page"}],"author":[{"embeddable":true,"href":"https:\/\/us.edu.pl\/instytut\/im\/wp-json\/wp\/v2\/users\/820"}],"replies":[{"embeddable":true,"href":"https:\/\/us.edu.pl\/instytut\/im\/wp-json\/wp\/v2\/comments?post=1768"}],"version-history":[{"count":7,"href":"https:\/\/us.edu.pl\/instytut\/im\/wp-json\/wp\/v2\/pages\/1768\/revisions"}],"predecessor-version":[{"id":7081,"href":"https:\/\/us.edu.pl\/instytut\/im\/wp-json\/wp\/v2\/pages\/1768\/revisions\/7081"}],"up":[{"embeddable":true,"href":"https:\/\/us.edu.pl\/instytut\/im\/wp-json\/wp\/v2\/pages\/197"}],"wp:attachment":[{"href":"https:\/\/us.edu.pl\/instytut\/im\/wp-json\/wp\/v2\/media?parent=1768"}],"curies":[{"name":"wp","href":"https:\/\/api.w.org\/{rel}","templated":true}]}}