{"id":1773,"date":"2020-05-12T03:23:06","date_gmt":"2020-05-12T01:23:06","guid":{"rendered":"http:\/\/us.edu.pl\/instytut\/im\/?page_id=1773"},"modified":"2026-01-17T02:32:24","modified_gmt":"2026-01-17T01:32:24","slug":"wyklad-im-prof-andrzeja-lasoty","status":"publish","type":"page","link":"https:\/\/us.edu.pl\/instytut\/im\/badanie-naukowe\/wyklad-im-prof-andrzeja-lasoty\/","title":{"rendered":"Wyk\u0142ad im. Profesora Andrzeja Lasoty"},"content":{"rendered":"<p>[vc_row][vc_column width=&#8221;1\/4&#8243;][vc_single_image image=&#8221;1777&#8243; img_size=&#8221;medium&#8221; style=&#8221;vc_box_shadow_3d&#8221; onclick=&#8221;link_image&#8221;][\/vc_column][vc_column width=&#8221;3\/4&#8243;][vc_column_text]<span style=\"color: #000000; font-family: verdana, geneva, sans-serif; font-size: 12pt;\">Dnia 28 grudnia 2006 r. zmar\u0142 nieod\u017ca\u0142owanej pami\u0119ci <strong>prof. dr hab. Andrzej Lasota<\/strong>, wybitny matematyk, d\u0142ugoletni pracownik Instytutu Matematyki Uniwersytetu \u015al\u0105skiego, doktor honoris causa U\u015a, cz\u0142onek rzeczywisty Polskiej Akademii Nauk i cz\u0142onek czynny Polskiej Akademii Umiej\u0119tno\u015bci, a przede wszystkim Wielki Cz\u0142owiek, kt\u00f3rego znaczenia dla spo\u0142eczno\u015bci Wydzia\u0142u Matematyki, Fizyki i Chemii (obecnie Wydzia\u0142u Nauk \u015acis\u0142ych i Technicznych) nie spos\u00f3b przeceni\u0107.<\/span><\/p>\n<p><span style=\"color: #000000; font-family: verdana, geneva, sans-serif; font-size: 12pt;\"><strong>Wyk\u0142ad im. Profesora Lasoty<\/strong> jest wydarzeniem cyklicznym, ustanowionym w 2008 roku\u00a0przez Rad\u0119 Wydzia\u0142u Matematyki, Fizyki i Chemii \u00a0dla uczczenia osoby i dzie\u0142a prof. Andrzeja Lasoty. W ramach corocznych spotka\u0144 do wyg\u0142oszenia wyk\u0142adu zapraszani s\u0105 uczeni o niepodwa\u017calnych osi\u0105gni\u0119ciach w zakresie teorii lub zastosowa\u0144 nauk \u015bcis\u0142ych.<\/span>[\/vc_column_text][\/vc_column][\/vc_row][vc_row][vc_column][vc_column_text]<span style=\"font-family: verdana, geneva, sans-serif;\"><span style=\"color: #000000; font-size: 12pt;\"><strong>Uchwa\u0142y\u00a0Rady Wydzia\u0142u Matematyki Fizyki i Chemii:\u00a0<\/strong><\/span><span style=\"font-size: 12pt;\"><span style=\"color: #000000;\">z dnia<\/span> <a href=\"http:\/\/www.math.us.edu.pl\/wyklad_lasoty\/uchwala.pdf\">23 pa\u017adziernika 2007 r.<\/a> <span style=\"color: #000000;\">oraz<\/span><\/span><span style=\"font-size: 12pt;\"><span style=\"color: #000000;\">\u00a0<\/span><a href=\"http:\/\/www.math.us.edu.pl\/wyklad_lasoty\/201711031156.pdf\">17 pa\u017adziernika 2017 r.<\/a><\/span><\/span><\/p>\n<ul style=\"list-style-type: square;\">\n<li><span style=\"font-size: 12pt; font-family: verdana, geneva, sans-serif;\"><a href=\"https:\/\/us.edu.pl\/instytut\/im\/pamietamy\/prof-andrzej-lasota\/\">Sylwetka prof. dr. hab. Andrzeja Lasoty<\/a><\/span><\/li>\n<li><span style=\"font-size: 12pt; font-family: verdana, geneva, sans-serif;\"><a href=\"https:\/\/us.edu.pl\/uczen-o-mistrzu-rozmowa-z-dr-hab-henrykiem-gackim-prof-us\/\"><em>Ucze\u0144 o mistrzu<\/em> &#8211; rozmowa z dr. hab. Henrykiem Gackim, prof. U\u015a<\/a>, <span style=\"color: #000000;\">przeprowadzona 7 lutego 2020 r. (wywiad wzbogacony jest o fragmenty wypowiedzi prof. Andrzeja Lasoty w postaci nagra\u0144 audio, zrealizowanych przez p. Miros\u0142awa Neinerta, dyrektora Teatru Korez w Katowicach)<\/span><\/span><\/li>\n<\/ul>\n<p>[\/vc_column_text][vc_separator][vc_column_text]<\/p>\n<h1 style=\"text-align: left;\"><span style=\"font-size: 18pt; font-family: verdana, geneva, sans-serif;\"><strong><span style=\"color: #003366;\">Za nami XIX Wyk\u0142ad im. Prof. Andrzeja Lasoty<\/span><\/strong><\/span><\/h1>\n<p><span style=\"font-size: 12pt; font-family: verdana, geneva, sans-serif; color: #000000;\">Ostatnia edycja wydarzenia, czyli <strong>XIX Wyk\u0142ad im. Profesora Andrzeja<\/strong>, odby\u0142a si\u0119 <strong>16 stycznia 2026 r.<\/strong> o godzinie <strong>15:30<\/strong> w <strong>auli 227<\/strong>, mieszcz\u0105cej si\u0119 w budynku Instytutu Matematyki przy ul. Bankowej 14 w Katowicach. Wyg\u0142oszony zosta\u0142 odczyt pt.<\/span><\/p>\n<p style=\"text-align: center;\"><span style=\"color: #003366; font-family: verdana, geneva, sans-serif;\"><span style=\"font-size: 14pt; color: #000000;\"><em style=\"font-size: 14pt;\">Dzia\u0142anie grup na rozmaito\u015bciach:<br \/>\nAspekt dynamiczny i probabilistyczny<\/em><\/span><\/span><\/p>\n<p style=\"text-align: center;\"><img class=\"wp-image-7821 size-medium aligncenter\" src=\"https:\/\/us.edu.pl\/instytut\/im\/wp-content\/uploads\/sites\/43\/Wyklad-im.-prof.-A.-Lasoty\/XIX\/Tomasz_Szarek-237x300.jpg\" alt=\"prof. Tomasz Szarek\" width=\"237\" height=\"300\" srcset=\"https:\/\/us.edu.pl\/instytut\/im\/wp-content\/uploads\/sites\/43\/Wyklad-im.-prof.-A.-Lasoty\/XIX\/Tomasz_Szarek-237x300.jpg 237w, https:\/\/us.edu.pl\/instytut\/im\/wp-content\/uploads\/sites\/43\/Wyklad-im.-prof.-A.-Lasoty\/XIX\/Tomasz_Szarek-455x575.jpg 455w, https:\/\/us.edu.pl\/instytut\/im\/wp-content\/uploads\/sites\/43\/Wyklad-im.-prof.-A.-Lasoty\/XIX\/Tomasz_Szarek.jpg 526w\" sizes=\"(max-width: 237px) 100vw, 237px\" \/><\/p>\n<p style=\"text-align: center;\"><span style=\"color: #003366; font-family: verdana, geneva, sans-serif;\"><strong><span style=\"font-size: 14pt;\">Prof. dr hab. in\u017c. Tomasz Szarek<br \/>\n<\/span><\/strong><span style=\"font-size: 14pt; color: #000000;\"><span style=\"font-size: 12pt;\">Politechnika Gda\u0144ska &amp; Instytut Matematyczny PAN<\/span><\/span><\/span><\/p>\n<p>[\/vc_column_text][vc_row_inner][vc_column_inner width=&#8221;2\/3&#8243;][vc_video link=&#8221;https:\/\/www.youtube.com\/watch?v=80pFnswBOeE&amp;t=2271s&#8221; align=&#8221;center&#8221;][\/vc_column_inner][vc_column_inner width=&#8221;1\/3&#8243;][vc_single_image image=&#8221;7820&#8243; img_size=&#8221;large&#8221; add_caption=&#8221;yes&#8221; alignment=&#8221;center&#8221; style=&#8221;vc_box_shadow&#8221; onclick=&#8221;img_link_large&#8221; img_link_target=&#8221;_blank&#8221;][\/vc_column_inner][\/vc_row_inner][\/vc_column][\/vc_row][vc_row][vc_column][vc_separator][vc_column_text]<\/p>\n<h1><span style=\"color: #003366; font-size: 18pt; font-family: verdana, geneva, sans-serif;\"><strong>Sk\u0142ad Kapitu\u0142y Wyk\u0142adu<\/strong><\/span><\/h1>\n<ul style=\"list-style-type: square;\">\n<li><span style=\"font-size: 12pt; font-family: verdana, geneva, sans-serif; color: #000000;\">Prof. dr hab. Piotr Biler<\/span><\/li>\n<li><span style=\"font-size: 12pt; color: #000000; font-family: verdana, geneva, sans-serif;\">Prof. dr hab. Tomasz D\u0142otko<\/span><\/li>\n<li><span style=\"font-size: 12pt; color: #000000; font-family: verdana, geneva, sans-serif;\">Prof. dr hab. Roman Ger (Honorowy Przewodnicz\u0105cy)<\/span><\/li>\n<li><span style=\"font-size: 12pt; font-family: verdana, geneva, sans-serif; color: #000000;\">Prof. dr hab. Katarzyna Horbacz (Dyrektor Instytutu Matematyki)<\/span><\/li>\n<li><span style=\"font-size: 12pt; font-family: verdana, geneva, sans-serif; color: #000000;\">Prof. dr hab. Ryszard Rudnicki<\/span><\/li>\n<li><span style=\"font-size: 12pt; color: #000000; font-family: verdana, geneva, sans-serif;\">Prof. dr hab. Maciej Sablik<\/span><\/li>\n<li><span style=\"font-size: 12pt; font-family: verdana, geneva, sans-serif; color: #000000;\">Prof. dr hab. Roman Srzednicki<\/span><\/li>\n<li><span style=\"font-size: 12pt; color: #000000; font-family: verdana, geneva, sans-serif;\">Prof. dr hab. \u0141ukasz Stettner (Przewodnicz\u0105cy)<\/span><\/li>\n<\/ul>\n<p>[\/vc_column_text][vc_separator][vc_column_text]<\/p>\n<h1><span style=\"color: #003366; font-size: 18pt; font-family: verdana, geneva, sans-serif;\"><strong>Dotychczasowe wyk\u0142ady<\/strong><\/span><\/h1>\n<ul style=\"list-style-type: square;\">\n<li><span style=\"font-size: 12pt; font-family: verdana, geneva, sans-serif;\"><a href=\"https:\/\/us.edu.pl\/instytut\/im\/wp-content\/uploads\/sites\/43\/Wyklad-im.-prof.-A.-Lasoty\/XIX\/Plakat_WL19-2026.png\">Prof. dr hab. in\u017c. Tomasz Szarek<\/a><span style=\"color: #000000;\">, <em>Dzia\u0142anie grup na rozmaito\u015bciach. Aspekt dynamiczny i probabilistyczny <\/em>(2026, dost\u0119pne: <a href=\"https:\/\/www.youtube.com\/watch?v=80pFnswBOeE&amp;t=2271s\" target=\"_blank\" rel=\"noopener\">amatorski zapis transmisji<\/a>)<\/span><\/span><\/li>\n<li><span style=\"font-size: 12pt; font-family: verdana, geneva, sans-serif;\"><a href=\"https:\/\/us.edu.pl\/instytut\/im\/wp-content\/uploads\/sites\/43\/Wyklad-im.-prof.-A.-Lasoty\/XVIII\/Streszczenie.pdf\">Prof. Michael Lin<\/a><span style=\"color: #000000;\">, <em>Global central limit theorems for stationary Markov chains\u00a0<\/em>(2025; dost\u0119pne: <a href=\"https:\/\/youtu.be\/ge0vfKLG9Pw\" target=\"_blank\" rel=\"noopener\">zapis transmisji<\/a>)<\/span><\/span><\/li>\n<li><span style=\"font-size: 12pt; font-family: verdana, geneva, sans-serif; color: #000000;\"><a href=\"https:\/\/us.edu.pl\/instytut\/im\/wp-content\/uploads\/sites\/43\/Wyklad-im.-prof.-A.-Lasoty\/XVII\/streszczenie-5-3-W1-2024-Int.pdf\">Prof. dr hab. Ryszard Rudnicki<\/a>, <em>With Andrzej Lasota there and back again\u00a0<\/em>(2024; <span style=\"font-size: 12pt;\"><span style=\"color: #000000;\">dost\u0119pne:\u00a0<\/span><\/span><a href=\"https:\/\/youtu.be\/Zr4IxhdJbN4\" target=\"_blank\" rel=\"noopener\">zapis transmisji<\/a>)<\/span><\/li>\n<li><span style=\"font-size: 12pt; font-family: verdana, geneva, sans-serif;\"><a href=\"https:\/\/us.edu.pl\/instytut\/im\/wp-content\/uploads\/sites\/43\/Wyklad-im.-prof.-A.-Lasoty\/WykladLasoty_XVI_calosc.pdf\">Prof. Peter Imkeller<\/a><span style=\"color: #000000;\">, <em>A Fourier analysis based new look at integration\u00a0<\/em>(2023; dost\u0119pne: <a href=\"https:\/\/www.youtube.com\/watch?v=6apU9O5GnVg\" target=\"_blank\" rel=\"noopener\">zapis transmisji<\/a>, <a href=\"https:\/\/us.edu.pl\/multimedia\/xvi-wyklad-im-profesora-andrzeja-lasoty\/\" target=\"_blank\" rel=\"noopener\">galeria zdj\u0119\u0107<\/a>)<\/span><\/span><\/li>\n<li><span style=\"font-size: 12pt; font-family: verdana, geneva, sans-serif;\"><span style=\"color: #000000;\"><a href=\"https:\/\/us.edu.pl\/instytut\/im\/wp-content\/uploads\/sites\/43\/Wyk\u0142ad-im.-prof.-A.-Lasoty\/AJakubowski_streszczenie_WL22.pdf\">Prof. dr hab. Adam Jakubowski<\/a>, \u00a0<em>Probability on submetric spaces<\/em> (2022; dost\u0119pne:<\/span>\u00a0<a href=\"https:\/\/youtu.be\/n73fI5KTsMw\" target=\"_blank\" rel=\"noopener\">zapis transmisji<\/a>, <a href=\"https:\/\/us.edu.pl\/multimedia\/xiv-i-xv-wyklad-im-prof-andrzeja-lasoty\/\" target=\"_blank\" rel=\"noopener\">galeria zdj\u0119\u0107<\/a><span style=\"color: #000000;\">)<\/span><\/span><\/li>\n<li><span style=\"font-family: verdana, geneva, sans-serif; font-size: 12pt;\"><span style=\"color: #000000;\"><a href=\"https:\/\/us.edu.pl\/instytut\/im\/wp-content\/uploads\/sites\/43\/Wyk\u0142ad-im.-prof.-A.-Lasoty\/PMarcati_streszczenie_WL2022r.pdf\">Prof. Pierangelo Marcati<\/a>, \u00a0<em>Mathematical challenges\u00a0in the theory of quantum fluids<\/em> (2022; prze\u0142o\u017cony z 2021 r.;<\/span>\u00a0<span style=\"color: #000000;\">dost\u0119pne:<\/span>\u00a0<a href=\"https:\/\/youtu.be\/5nS907vDVqo\" target=\"_blank\" rel=\"noopener\">zapis transmisji<\/a>, <a href=\"https:\/\/us.edu.pl\/multimedia\/xiv-i-xv-wyklad-im-prof-andrzeja-lasoty\/\" target=\"_blank\" rel=\"noopener\">galeria zdj\u0119\u0107<\/a><span style=\"color: #000000;\">)<\/span><\/span><\/li>\n<li><span style=\"font-family: verdana, geneva, sans-serif;\"><span style=\"font-size: 12pt;\"><a href=\"http:\/\/www.math.us.edu.pl\/wyklad_lasoty\/WykladLasoty.html\">Prof. dr hab. Feliks Przytycki<\/a>,<\/span> \u00a0<span style=\"color: #000000;\"><em><span style=\"font-size: 12pt;\">Metody formalizmu termodynamicznego<\/span><\/em> <em><span style=\"font-size: 12pt;\">w teorii iteracji przekszta\u0142ce\u0144<\/span>\u00a0<span style=\"font-size: 12pt;\">w wymiarze 1 rzeczywistym i zespolonym <\/span><\/em><span style=\"font-size: 12pt;\">(2020; dost\u0119pne: <a href=\"https:\/\/www.youtube.com\/watch?v=ZgdVeAV5Ylg\" target=\"_blank\" rel=\"noopener\">zapis transmisji<\/a>)<\/span><\/span><\/span><\/li>\n<li><span style=\"font-family: verdana, geneva, sans-serif; font-size: 12pt;\"><a href=\"http:\/\/www.math.us.edu.pl\/wyklad_lasoty\/WykladLasoty2019.html\">Prof. James A. Yorke<\/a>, \u00a0<span style=\"color: #000000;\"><em>Multi-chaos<\/em> (2019; dost\u0119pne: <a href=\"https:\/\/www.youtube.com\/watch?v=VUKZHrppNuQ&amp;pp=ygUOd3lrxYJhZCBsYXNvdHk%3D\" target=\"_blank\" rel=\"noopener\">zapis transmisji)<\/a><\/span><\/span><\/li>\n<li><span style=\"font-family: verdana, geneva, sans-serif; font-size: 12pt;\"><a href=\"http:\/\/www.math.us.edu.pl\/wyklad_lasoty\/WykladLasoty2018.html\">Prof. dr hab. Piotr Biler<\/a>,\u00a0\u00a0<span style=\"color: #000000;\"><i>Matematyczne wyzwania w teorii chemotaksji <\/i>(2018)<\/span><\/span><\/li>\n<li><span style=\"font-family: verdana, geneva, sans-serif; font-size: 12pt;\"><a href=\"http:\/\/www.math.us.edu.pl\/wyklad_lasoty\/WykladLasoty2017.html\">Prof. dr hab. Aleksander Weron<\/a>,\u00a0\u00a0<span style=\"color: #000000;\"><i>Matematyczne modele dynamiki proces\u00f3w molekularnych w \u017cywych kom\u00f3rkach biologicznych <\/i>(2017)<\/span><\/span><\/li>\n<li><span style=\"font-family: verdana, geneva, sans-serif; font-size: 12pt;\"><a href=\"http:\/\/www.math.us.edu.pl\/wyklad_lasoty\/WykladLasoty2016.html\">Prof. Arrigo Cellina<\/a>, \u00a0<span style=\"color: #000000;\"><i>Properties of solutions to variational problems <\/i>(2016)<\/span><\/span><\/li>\n<li><span style=\"font-family: verdana, geneva, sans-serif; font-size: 12pt;\"><a href=\"http:\/\/www.math.us.edu.pl\/wyklad_lasoty\/WykladLasoty2015.html\">Prof. dr hab. Roman Srzednicki<\/a>, \u00a0<span style=\"color: #000000;\"><em>O komputerowo wspieranym wykrywaniu orbit ograniczonych i okresowych<\/em> (2015)<\/span><\/span><\/li>\n<li><span style=\"font-family: verdana, geneva, sans-serif; font-size: 12pt;\"><a href=\"http:\/\/www.math.us.edu.pl\/wyklad_lasoty\/WykladLasoty2014.html\">Professor Tien-Yien Li<\/a>, \u00a0<span style=\"color: #000000;\"><em>Homotopy Continuation Method For Solving Polynomial Systems<\/em> (2014)<\/span><\/span><\/li>\n<li><span style=\"font-family: verdana, geneva, sans-serif; font-size: 12pt;\"><a href=\"http:\/\/www.math.us.edu.pl\/wyklad_lasoty\/WykladLasoty2013.html\">Prof. dr hab. \u0141ukasz Stettner<\/a>,\u00a0 <span style=\"color: #000000;\"><em>Ergodyczno\u015b\u0107 proces\u00f3w filtracji &#8211; o wieloletnim b\u0142\u0119dzie i pr\u00f3bach jego naprawienia<\/em> (2013)<\/span><\/span><\/li>\n<li><span style=\"font-family: verdana, geneva, sans-serif; font-size: 12pt;\"><a href=\"http:\/\/www.math.us.edu.pl\/wyklad_lasoty\/WykladLasoty2012.html\">Prof. Jean Mawhin<\/a>, \u00a0<span style=\"color: #000000;\"><em>Functional analysis and nonlinear boundary value problems: the legacy of Andrzej Lasota<\/em> (2012) (w ramach wyk\u0142adu jubileuszowego; zob. informacje poni\u017cej)<\/span><\/span><\/li>\n<li><span style=\"font-family: verdana, geneva, sans-serif; font-size: 12pt;\"><a href=\"http:\/\/www.math.us.edu.pl\/wyklad_lasoty\/WykladLasoty2011.html\">Prof. dr hab. Lech G\u00f3rniewicz<\/a>,\u00a0 <span style=\"color: #000000;\"><em>Inkluzje r\u00f3\u017cniczkowe &#8211; teoria zapocz\u0105tkowana przez Krakowsk\u0105 Szko\u0142\u0119 Matematyczn\u0105<\/em> (2011)<\/span><\/span><\/li>\n<li><span style=\"font-family: verdana, geneva, sans-serif; font-size: 12pt;\"><a href=\"http:\/\/www.math.us.edu.pl\/wyklad_lasoty\/WykladLasoty2010.html\">Prof. dr hab. Andrzej Pelczar<\/a>,<span style=\"color: #000000;\"><a style=\"color: #000000;\"><em>\u00a0 <span style=\"color: #000000;\">Opis matematyki. Opis w matematyce. Matematyka jako opis\u00a0<\/span><\/em><span style=\"color: #000000;\">(2010)<\/span><\/a><\/span><\/span><\/li>\n<li><span style=\"font-family: verdana, geneva, sans-serif; font-size: 12pt;\"><a href=\"http:\/\/www.math.us.edu.pl\/wyklad_lasoty\/WykladLasoty2009.html\">Prof. Michael C. Mackey<\/a>,\u00a0 <span style=\"color: #000000;\"><em>Exploring the World with Mathematics<\/em> (2009)<\/span><\/span><\/li>\n<li><span style=\"font-family: verdana, geneva, sans-serif; font-size: 12pt;\"><a href=\"http:\/\/www.math.us.edu.pl\/wyklad_lasoty\/WykladLasoty2008.html\" target=\"_top\" rel=\"noopener noreferrer\">Prof. dr hab. Czes\u0142aw Olech<\/a>,\u00a0 <em>I<\/em><span style=\"color: #000000;\"><em>nauguracyjny wyk\u0142ad im. Profesora Andrzeja Lasoty<\/em> (2008)<\/span><\/span><\/li>\n<\/ul>\n<p>[\/vc_column_text][\/vc_column][\/vc_row][vc_row][vc_column][vc_separator][vc_column_text]<\/p>\n<h1><span style=\"color: #003366; font-size: 18pt; font-family: verdana, geneva, sans-serif;\"><strong>Wyk\u0142ad Jubileuszowy<\/strong><\/span><\/h1>\n<p>[\/vc_column_text][\/vc_column][\/vc_row][vc_row][vc_column width=&#8221;1\/4&#8243;][vc_single_image image=&#8221;1801&#8243; img_size=&#8221;medium&#8221; style=&#8221;vc_box_shadow_3d&#8221; onclick=&#8221;custom_link&#8221; link=&#8221;http:\/\/www.math.us.edu.pl\/wyklad_lasoty\/book\/index.html&#8221;][vc_column_text css=&#8221;.vc_custom_1705350611135{margin-top: -30px !important;}&#8221;]<span style=\"font-family: verdana, geneva, sans-serif;\"><span style=\"font-size: 12pt;\"><em><strong><a href=\"http:\/\/www.math.us.edu.pl\/wyklad_lasoty\/book\/index.html\">\u017bycie i tw\u00f3rczo\u015b\u0107 prof. Andrzeja Lasoty<\/a><\/strong><\/em><br \/>\n<\/span><span style=\"color: #000000;\"><span style=\"font-size: 12pt;\">K<\/span><span style=\"font-size: 12pt;\">si\u0105\u017cka on-line autorstwa dr. hab. Henryka Gackiego, prof. U\u015a<\/span><\/span><\/span>[\/vc_column_text][\/vc_column][vc_column width=&#8221;3\/4&#8243;][vc_column_text]<span style=\"font-size: 12pt; font-family: verdana, geneva, sans-serif; color: #000000;\">Dnia 30\/01\/2012 w Warszawie odby\u0142a si\u0119\u00a0<a href=\"https:\/\/www.impan.pl\/BC\/Arch\/2012\/CZM.html\">Uroczysta sesja naukowa Centrum Zastosowa\u0144 Matematyki IM PAN<\/a> zorganizowana wsp\u00f3lnie z Wydzia\u0142em Matematyki, Fizyki i Chemii Uniwersytetu \u015al\u0105skiego, po\u015bwi\u0119cona <strong>80. rocznicy urodzin prof. Andrzeja Lasoty<\/strong>, po\u0142\u0105czona z <strong>V Jubileuszowym Wyk\u0142adem im. Prof. Andrzeja Lasoty<\/strong>.\u00a0Wyk\u0142ad Jubileuszowy wyg\u0142osi\u0142 prof. Jean Mawhin (Universit\u00e9 Catholique de Louvain).<\/span><\/p>\n<p><span style=\"font-size: 12pt; color: #003366; font-family: verdana, geneva, sans-serif;\">Program sesji:<\/span><\/p>\n<ul style=\"list-style-type: square;\">\n<li><span style=\"font-size: 12pt; color: #000000; font-family: verdana, geneva, sans-serif;\"><strong>Jean Mawhin<\/strong>, (Universite Catholique de Louvain,) <em>Functional Analysis and Nonlinear Boundary Value Problems: The Legacy of Andrzej Lasota<\/em><\/span><\/li>\n<li><span style=\"font-size: 12pt; color: #000000; font-family: verdana, geneva, sans-serif;\"><strong>J\u00f3zef Myjak<\/strong>, <em>Some Lasota&#8217;s Results on Differential Equations and Inclusions<\/em><\/span><\/li>\n<li><span style=\"font-size: 12pt; color: #000000; font-family: verdana, geneva, sans-serif;\"><strong>Ryszard Rudnicki<\/strong>, <em>Red Cell Production Model of Lasota-Wa \u017c ewska and Its Mathematical and Biological Implications<\/em><\/span><\/li>\n<li><span style=\"font-size: 12pt; color: #000000; font-family: verdana, geneva, sans-serif;\"><strong>Tomasz Szarek<\/strong>, <em>Invariant Measures and Stability of Markov Operators<\/em><\/span><\/li>\n<\/ul>\n<p>[\/vc_column_text][\/vc_column][\/vc_row][vc_column][\/vc_column]<\/p>","protected":false},"excerpt":{"rendered":"<p>[vc_row][vc_column width=&#8221;1\/4&#8243;][vc_single_image image=&#8221;1777&#8243; img_size=&#8221;medium&#8221; style=&#8221;vc_box_shadow_3d&#8221; onclick=&#8221;link_image&#8221;][\/vc_column][vc_column width=&#8221;3\/4&#8243;][vc_column_text]Dnia 28 grudnia 2006 r. zmar\u0142 nieod\u017ca\u0142owanej pami\u0119ci prof. dr hab. Andrzej Lasota, wybitny matematyk, d\u0142ugoletni pracownik Instytutu Matematyki Uniwersytetu \u015al\u0105skiego, doktor honoris causa U\u015a, cz\u0142onek rzeczywisty Polskiej Akademii Nauk i cz\u0142onek czynny Polskiej Akademii Umiej\u0119tno\u015bci, a przede wszystkim Wielki Cz\u0142owiek, kt\u00f3rego znaczenia dla spo\u0142eczno\u015bci Wydzia\u0142u Matematyki, Fizyki i [&#8230;]<\/p>\n<p><a class=\"btn btn-secondary understrap-read-more-link\" href=\"https:\/\/us.edu.pl\/instytut\/im\/badanie-naukowe\/wyklad-im-prof-andrzeja-lasoty\/\">Read More&#8230;<\/a><\/p>\n","protected":false},"author":820,"featured_media":0,"parent":197,"menu_order":0,"comment_status":"closed","ping_status":"closed","template":"page-templates\/page-with-tables.php","meta":{"_expiration-date-status":"","_expiration-date":0,"_expiration-date-type":"","_expiration-date-categories":[],"_expiration-date-options":[]},"acf":[],"_links":{"self":[{"href":"https:\/\/us.edu.pl\/instytut\/im\/wp-json\/wp\/v2\/pages\/1773"}],"collection":[{"href":"https:\/\/us.edu.pl\/instytut\/im\/wp-json\/wp\/v2\/pages"}],"about":[{"href":"https:\/\/us.edu.pl\/instytut\/im\/wp-json\/wp\/v2\/types\/page"}],"author":[{"embeddable":true,"href":"https:\/\/us.edu.pl\/instytut\/im\/wp-json\/wp\/v2\/users\/820"}],"replies":[{"embeddable":true,"href":"https:\/\/us.edu.pl\/instytut\/im\/wp-json\/wp\/v2\/comments?post=1773"}],"version-history":[{"count":10,"href":"https:\/\/us.edu.pl\/instytut\/im\/wp-json\/wp\/v2\/pages\/1773\/revisions"}],"predecessor-version":[{"id":7838,"href":"https:\/\/us.edu.pl\/instytut\/im\/wp-json\/wp\/v2\/pages\/1773\/revisions\/7838"}],"up":[{"embeddable":true,"href":"https:\/\/us.edu.pl\/instytut\/im\/wp-json\/wp\/v2\/pages\/197"}],"wp:attachment":[{"href":"https:\/\/us.edu.pl\/instytut\/im\/wp-json\/wp\/v2\/media?parent=1773"}],"curies":[{"name":"wp","href":"https:\/\/api.w.org\/{rel}","templated":true}]}}