{"id":197,"date":"2020-01-20T22:49:12","date_gmt":"2020-01-20T21:49:12","guid":{"rendered":"http:\/\/us.edu.pl\/instytut\/im\/?page_id=197"},"modified":"2020-11-27T22:51:21","modified_gmt":"2020-11-27T21:51:21","slug":"badanie-naukowe","status":"publish","type":"page","link":"https:\/\/us.edu.pl\/instytut\/im\/badanie-naukowe\/","title":{"rendered":"Badanie naukowe"},"content":{"rendered":"<p>[vc_row][vc_column]\r\n                <div class=\"text-modules\">\r\n                    <div class=\"container\">\r\n                        <h3 class=\"page-title text__title\">Badania naukowe<\/h3>\r\n                        <div class=\"text-modules__content\"><\/div>\r\n                    <\/div>\r\n                <\/div>[\/vc_column][\/vc_row][vc_row][vc_column css=&#8221;.vc_custom_1581822843220{margin-top: -80px !important;}&#8221;]\r\n                <div class=\"tiles-section\" style=\"background: \">\r\n                    <div class=\"container\">\r\n                        <h3 class=\"page-title\"><\/h3>\r\n                        <div class=\"tiles tiles-4\">\r\n                            <a href=\"https:\/\/us.edu.pl\/instytut\/im\/badanie-naukowe\/zespoly-badawcze\/\" class=\"tile tile_ justify-content-center\" style=\"background-color: #ffffff; font-weight: ; color: #002E5A;  \">\r\n                                \r\n                                   \r\n                               \r\n                                <div class=\"tile__name\"><b>Zespo\u0142y badawcze<\/b><br\/>Wykaz obecnie funkcjonuj\u0105cych zespo\u0142\u00f3w badawczych oraz badaczy indywidualnych<\/div>\r\n                            <\/a>\r\n                            <a href=\"https:\/\/us.edu.pl\/instytut\/im\/badanie-naukowe\/seminaria\/\" class=\"tile tile_ justify-content-center\" style=\"background-color: #ffffff; font-weight: ; color: #002E5A;  \">\r\n                                \r\n                                   \r\n                               \r\n                                <div class=\"tile__name\"><b>Seminaria naukowe<\/b> <br\/>organizowane w Instytucie Matematyki<\/div>\r\n                            <\/a>\r\n                            <a href=\"http:\/\/us.edu.pl\/instytut\/im\/studia__trashed\/plany-zajec\/konferencje\" class=\"tile tile_ justify-content-center\" style=\"background-color: #ffffff; font-weight: ; color: #002E5A;  \">\r\n                                \r\n                                   \r\n                               \r\n                                <div class=\"tile__name\"><b>Konferencje naukowe<\/b><br\/> organizowane i wsp\u00f3\u0142organizowane przez Instytut Matematyki<\/div>\r\n                            <\/a>\r\n                            <a href=\"https:\/\/us.edu.pl\/instytut\/im\/badanie-naukowe\/granty\/\" class=\"tile tile_ justify-content-center\" style=\"background-color: #ffffff; font-weight: ; color: #002E5A;  \">\r\n                                \r\n                                   \r\n                               \r\n                                <div class=\"tile__name\"><b>Granty<\/b> <br\/>finansowane ze \u015brodk\u00f3w zewn\u0119trznych<\/div>\r\n                            <\/a>\r\n                            <a href=\"https:\/\/us.edu.pl\/instytut\/im\/badanie-naukowe\/czasopisma\/\" class=\"tile tile_ justify-content-center\" style=\"background-color: #ffffff; font-weight: ; color: #002E5A;  \">\r\n                                \r\n                                   \r\n                               \r\n                                <div class=\"tile__name\"><b>Czasopisma naukowe<\/b><br\/> Czasopisma i cykle prac matematycznych pod redakcj\u0105 Instytutu Matematyki U\u015a<\/div>\r\n                            <\/a>\r\n                            <a href=\"https:\/\/us.edu.pl\/instytut\/im\/badanie-naukowe\/awanse\" class=\"tile tile_ justify-content-center\" style=\"background-color: #ffffff; font-weight: ; color: #002E5A;  \">\r\n                                \r\n                                   \r\n                               \r\n                                <div class=\"tile__name\"><b>Awanse naukowe<\/b> <br\/>post\u0119powania doktorskie i habilitacyjne oraz profesury<\/div>\r\n                            <\/a>\r\n                            <a href=\"https:\/\/us.edu.pl\/instytut\/im\/badanie-naukowe\/wyklad-im-prof-andrzeja-lasoty\/\" class=\"tile tile_ justify-content-center\" style=\"background-color: #ffffff; font-weight: ; color: #002E5A;  \">\r\n                                \r\n                                   \r\n                               \r\n                                <div class=\"tile__name\"><b>Wyk\u0142ad im. Profesora Lasoty<\/b><br\/> Wydarzenie cykliczne ustanowione przez Rad\u0119 WMFiCh w 2008 roku dla uczczenia osoby i dzie\u0142a prof. Andrzeja Lasoty <\/div>\r\n                            <\/a>\r\n                            <a href=\"https:\/\/us.edu.pl\/instytut\/im\/badanie-naukowe\/konkurs-im-marka-kuczmy\/\" class=\"tile tile_ justify-content-center\" style=\"background-color: #ffffff; font-weight: ; color: #002E5A;  \">\r\n                                \r\n                                   \r\n                               \r\n                                <div class=\"tile__name\"><b>Konkurs im. Marka Kuczmy<\/b><br\/> Doroczny og\u00f3lnopolski konkurs na najlepsz\u0105 polsk\u0105 prac\u0119 z r\u00f3wna\u0144 funkcyjnych i zagadnie\u0144 pokrewnych<\/div>\r\n                            <\/a><\/div>\r\n                    <\/div>\r\n                <\/div>[\/vc_column][\/vc_row]<\/p>","protected":false},"excerpt":{"rendered":"<p>[vc_row][vc_column][\/vc_column][\/vc_row][vc_row][vc_column css=&#8221;.vc_custom_1581822843220{margin-top: -80px !important;}&#8221;][\/vc_column][\/vc_row] [&#8230;]<\/p>\n<p><a class=\"btn btn-secondary understrap-read-more-link\" href=\"https:\/\/us.edu.pl\/instytut\/im\/badanie-naukowe\/\">Read More&#8230;<\/a><\/p>\n","protected":false},"author":820,"featured_media":0,"parent":0,"menu_order":0,"comment_status":"closed","ping_status":"closed","template":"","meta":{"_expiration-date-status":"saved","_expiration-date":0,"_expiration-date-type":"","_expiration-date-categories":[],"_expiration-date-options":[]},"acf":[],"_links":{"self":[{"href":"https:\/\/us.edu.pl\/instytut\/im\/wp-json\/wp\/v2\/pages\/197"}],"collection":[{"href":"https:\/\/us.edu.pl\/instytut\/im\/wp-json\/wp\/v2\/pages"}],"about":[{"href":"https:\/\/us.edu.pl\/instytut\/im\/wp-json\/wp\/v2\/types\/page"}],"author":[{"embeddable":true,"href":"https:\/\/us.edu.pl\/instytut\/im\/wp-json\/wp\/v2\/users\/820"}],"replies":[{"embeddable":true,"href":"https:\/\/us.edu.pl\/instytut\/im\/wp-json\/wp\/v2\/comments?post=197"}],"version-history":[{"count":11,"href":"https:\/\/us.edu.pl\/instytut\/im\/wp-json\/wp\/v2\/pages\/197\/revisions"}],"predecessor-version":[{"id":3671,"href":"https:\/\/us.edu.pl\/instytut\/im\/wp-json\/wp\/v2\/pages\/197\/revisions\/3671"}],"wp:attachment":[{"href":"https:\/\/us.edu.pl\/instytut\/im\/wp-json\/wp\/v2\/media?parent=197"}],"curies":[{"name":"wp","href":"https:\/\/api.w.org\/{rel}","templated":true}]}}