{"id":1980,"date":"2020-05-18T14:20:30","date_gmt":"2020-05-18T12:20:30","guid":{"rendered":"http:\/\/us.edu.pl\/instytut\/im\/?page_id=1980"},"modified":"2024-02-04T20:56:12","modified_gmt":"2024-02-04T19:56:12","slug":"materialy-dodatkowe-dla-studentow","status":"publish","type":"page","link":"https:\/\/us.edu.pl\/instytut\/im\/pracownicy\/dr-marcin-zygmunt\/materialy-dodatkowe-dla-studentow\/","title":{"rendered":"Materia\u0142y dodatkowe (dla student\u00f3w)"},"content":{"rendered":"<p>[vc_row][vc_column el_id=&#8221;Tytu\u0142 strony&#8221;][vc_column_text]<\/p>\n<h1><strong>Materia\u0142y dodatkowe<\/strong> <span style=\"font-size: 14pt\">(dla student\u00f3w i nie tylko\u2026)<\/span><\/h1>\n<p>[\/vc_column_text][\/vc_column][\/vc_row]<\/p>","protected":false},"excerpt":{"rendered":"<p>[vc_row][vc_column el_id=&#8221;Tytu\u0142 strony&#8221;][vc_column_text] Materia\u0142y dodatkowe (dla student\u00f3w i nie tylko\u2026) [\/vc_column_text][\/vc_column][\/vc_row] [&#8230;]<\/p>\n<p><a class=\"btn btn-secondary understrap-read-more-link\" href=\"https:\/\/us.edu.pl\/instytut\/im\/pracownicy\/dr-marcin-zygmunt\/materialy-dodatkowe-dla-studentow\/\">Read More&#8230;<\/a><\/p>\n","protected":false},"author":1696,"featured_media":0,"parent":1286,"menu_order":0,"comment_status":"closed","ping_status":"closed","template":"page-templates\/inner-page-with-bookmarks.php","meta":{"_expiration-date-status":"saved","_expiration-date":0,"_expiration-date-type":"","_expiration-date-categories":[],"_expiration-date-options":[]},"acf":[],"_links":{"self":[{"href":"https:\/\/us.edu.pl\/instytut\/im\/wp-json\/wp\/v2\/pages\/1980"}],"collection":[{"href":"https:\/\/us.edu.pl\/instytut\/im\/wp-json\/wp\/v2\/pages"}],"about":[{"href":"https:\/\/us.edu.pl\/instytut\/im\/wp-json\/wp\/v2\/types\/page"}],"author":[{"embeddable":true,"href":"https:\/\/us.edu.pl\/instytut\/im\/wp-json\/wp\/v2\/users\/1696"}],"replies":[{"embeddable":true,"href":"https:\/\/us.edu.pl\/instytut\/im\/wp-json\/wp\/v2\/comments?post=1980"}],"version-history":[{"count":11,"href":"https:\/\/us.edu.pl\/instytut\/im\/wp-json\/wp\/v2\/pages\/1980\/revisions"}],"predecessor-version":[{"id":6208,"href":"https:\/\/us.edu.pl\/instytut\/im\/wp-json\/wp\/v2\/pages\/1980\/revisions\/6208"}],"up":[{"embeddable":true,"href":"https:\/\/us.edu.pl\/instytut\/im\/wp-json\/wp\/v2\/pages\/1286"}],"wp:attachment":[{"href":"https:\/\/us.edu.pl\/instytut\/im\/wp-json\/wp\/v2\/media?parent=1980"}],"curies":[{"name":"wp","href":"https:\/\/api.w.org\/{rel}","templated":true}]}}