{"id":203,"date":"2020-01-20T22:51:03","date_gmt":"2020-01-20T21:51:03","guid":{"rendered":"http:\/\/us.edu.pl\/instytut\/im\/?page_id=203"},"modified":"2025-10-09T20:55:43","modified_gmt":"2025-10-09T18:55:43","slug":"przewody-doktorskie","status":"publish","type":"page","link":"https:\/\/us.edu.pl\/instytut\/im\/badanie-naukowe\/awanse\/przewody-doktorskie\/","title":{"rendered":"Post\u0119powania doktorskie"},"content":{"rendered":"<p>[vc_row][vc_column][vc_column_text]<span style=\"font-size: 12pt; font-family: 'trebuchet ms', geneva, sans-serif; color: #000000;\">Zestawienie uporz\u0105dkowane jest w kolejno\u015bci <strong>od<\/strong> <strong>najnowszych do najstarszych<\/strong> post\u0119powa\u0144. Klikni\u0119cie w nazwisko kandydata rozwija list\u0119 zawieraj\u0105c\u0105 \u0142\u0105cza do dokument\u00f3w zwi\u0105zanych z jego przewodem doktorskim.<\/span>[\/vc_column_text][\/vc_column][\/vc_row]<\/p>","protected":false},"excerpt":{"rendered":"<p>[vc_row][vc_column][vc_column_text]Zestawienie uporz\u0105dkowane jest w kolejno\u015bci od najnowszych do najstarszych post\u0119powa\u0144. Klikni\u0119cie w nazwisko kandydata rozwija list\u0119 zawieraj\u0105c\u0105 \u0142\u0105cza do dokument\u00f3w zwi\u0105zanych z jego przewodem doktorskim.[\/vc_column_text][\/vc_column][\/vc_row] [&#8230;]<\/p>\n<p><a class=\"btn btn-secondary understrap-read-more-link\" href=\"https:\/\/us.edu.pl\/instytut\/im\/badanie-naukowe\/awanse\/przewody-doktorskie\/\">Read More&#8230;<\/a><\/p>\n","protected":false},"author":820,"featured_media":0,"parent":200,"menu_order":0,"comment_status":"closed","ping_status":"closed","template":"page-templates\/page-with-bookmarks.php","meta":{"_expiration-date-status":"","_expiration-date":0,"_expiration-date-type":"","_expiration-date-categories":[],"_expiration-date-options":[]},"acf":[],"_links":{"self":[{"href":"https:\/\/us.edu.pl\/instytut\/im\/wp-json\/wp\/v2\/pages\/203"}],"collection":[{"href":"https:\/\/us.edu.pl\/instytut\/im\/wp-json\/wp\/v2\/pages"}],"about":[{"href":"https:\/\/us.edu.pl\/instytut\/im\/wp-json\/wp\/v2\/types\/page"}],"author":[{"embeddable":true,"href":"https:\/\/us.edu.pl\/instytut\/im\/wp-json\/wp\/v2\/users\/820"}],"replies":[{"embeddable":true,"href":"https:\/\/us.edu.pl\/instytut\/im\/wp-json\/wp\/v2\/comments?post=203"}],"version-history":[{"count":10,"href":"https:\/\/us.edu.pl\/instytut\/im\/wp-json\/wp\/v2\/pages\/203\/revisions"}],"predecessor-version":[{"id":7707,"href":"https:\/\/us.edu.pl\/instytut\/im\/wp-json\/wp\/v2\/pages\/203\/revisions\/7707"}],"up":[{"embeddable":true,"href":"https:\/\/us.edu.pl\/instytut\/im\/wp-json\/wp\/v2\/pages\/200"}],"wp:attachment":[{"href":"https:\/\/us.edu.pl\/instytut\/im\/wp-json\/wp\/v2\/media?parent=203"}],"curies":[{"name":"wp","href":"https:\/\/api.w.org\/{rel}","templated":true}]}}