{"id":226,"date":"2020-01-20T23:09:09","date_gmt":"2020-01-20T22:09:09","guid":{"rendered":"http:\/\/us.edu.pl\/instytut\/im\/?page_id=226"},"modified":"2024-12-06T19:08:31","modified_gmt":"2024-12-06T18:08:31","slug":"plany-zajec","status":"publish","type":"page","link":"https:\/\/us.edu.pl\/instytut\/im\/strona-glownaim\/studia\/plany-zajec\/","title":{"rendered":"Plany zaj\u0119\u0107"},"content":{"rendered":"<p>[vc_row][vc_column]\r\n                <div class=\"text-modules\">\r\n                    <div class=\"container\">\r\n                        <h3 class=\"page-title text__title\">Plany zaj\u0119\u0107 dla kierunku matematyka<\/h3>\r\n                        <div class=\"text-modules__content\"><\/div>\r\n                    <\/div>\r\n                <\/div>\r\n                <div class=\"text-modules\">\r\n                    <div class=\"container\">\r\n                        \r\n                        <div class=\"text-modules__content\"><p><span style=\"font-size: 24pt; color: #003366;\">Studia stacjonarne<\/span><\/p>\n<\/div>\r\n                    <\/div>\r\n                <\/div>[\/vc_column][\/vc_row][vc_row][vc_column css=&#8221;.vc_custom_1581822843220{margin-top: -80px !important;}&#8221;]\r\n                <div class=\"tiles-section\" style=\"background: \">\r\n                    <div class=\"container\">\r\n                        <h3 class=\"page-title\"><\/h3>\r\n                        <div class=\"tiles tiles-4\">\r\n                            <a href=\"http:\/\/us.edu.pl\/instytut\/im\/strona-glownaim\/studia\/plany-zajec\/plany-stac-lic\/\" class=\"tile tile_ justify-content-center\" style=\"background-color: #ffffff; font-weight: ; color: #002E5A;  \">\r\n                                \r\n                                   \r\n                               \r\n                                <div class=\"tile__name\"><b>Studia licencjackie<\/b> <br\/>(I stopie\u0144)<\/div>\r\n                            <\/a>\r\n                            <a href=\"https:\/\/us.edu.pl\/instytut\/im\/strona-glownaim\/studia\/plany-zajec\/plany-stac-mgr\" class=\"tile tile_ justify-content-center\" style=\"background-color: #ffffff; font-weight: ; color: #002E5A;  \">\r\n                                \r\n                                   \r\n                               \r\n                                <div class=\"tile__name\"><b>Studia magisterskie<\/b><br\/> (II stopie\u0144)<\/div>\r\n                            <\/a>\r\n                            <a href=\"http:\/\/plan.ii.us.edu.pl\/plan.php?type=2&id=40421\" class=\"tile tile_ justify-content-center\" style=\"background-color: #ffffff; font-weight: ; color: #002E5A;  \">\r\n                                \r\n                                   \r\n                               \r\n                                <div class=\"tile__name\"><b>Program RealMaths<\/b><br\/> (II stopie\u0144)<\/div>\r\n                            <\/a><\/div>\r\n                    <\/div>\r\n                <\/div>[vc_empty_space]\r\n                <div class=\"text-modules\">\r\n                    <div class=\"container\">\r\n                        \r\n                        <div class=\"text-modules__content\"><p><span style=\"font-size: 24pt; color: #003366;\">Studia niestacjonarne<\/span><\/p>\n<\/div>\r\n                    <\/div>\r\n                <\/div>[\/vc_column][\/vc_row][vc_row][vc_column css=&#8221;.vc_custom_1581823029487{margin-top: -80px !important;}&#8221;]\r\n                <div class=\"tiles-section\" style=\"background: \">\r\n                    <div class=\"container\">\r\n                        <h3 class=\"page-title\"><\/h3>\r\n                        <div class=\"tiles tiles-2\">\r\n                            <a href=\"https:\/\/us.edu.pl\/instytut\/im\/strona-glownaim\/studia\/plany-zajec\/plany-niestac-mgr\" class=\"tile tile_ justify-content-center\" style=\"background-color: #ffffff; font-weight: ; color: #002E5A;  \">\r\n                                \r\n                                   \r\n                               \r\n                                <div class=\"tile__name\"><b>Studia magisterskie<\/b> (II stopie\u0144)<\/div>\r\n                            <\/a><\/div>\r\n                    <\/div>\r\n                <\/div>\r\n                <div class=\"tiles-section\" style=\"background: \">\r\n                    <div class=\"container\">\r\n                        <h3 class=\"page-title\">Zbiorczy plan zaj\u0119\u0107 dla WN\u015aiT<\/h3>\r\n                        <div class=\"tiles tiles-2\">\r\n                            <a href=\"http:\/\/plan.ii.us.edu.pl\" class=\"tile tile_ justify-content-center\" style=\"background-color: #EBEBEB; font-weight: ; color: #002E5A;  \">\r\n                                \r\n                                   \r\n                               \r\n                                <div class=\"tile__name\"><b>Wielozadaniowy system planowania zaj\u0119\u0107<b\/><br\/> dla wszystkich kierunk\u00f3w WN\u015aiT<\/div>\r\n                            <\/a><\/div>\r\n                    <\/div>\r\n                <\/div>[\/vc_column][\/vc_row][vc_row][vc_column][\/vc_column][\/vc_row]<\/p>","protected":false},"excerpt":{"rendered":"<p>[vc_row][vc_column][\/vc_column][\/vc_row][vc_row][vc_column css=&#8221;.vc_custom_1581822843220{margin-top: -80px !important;}&#8221;][vc_empty_space][\/vc_column][\/vc_row][vc_row][vc_column css=&#8221;.vc_custom_1581823029487{margin-top: -80px !important;}&#8221;][\/vc_column][\/vc_row][vc_row][vc_column][\/vc_column][\/vc_row] [&#8230;]<\/p>\n<p><a class=\"btn btn-secondary understrap-read-more-link\" href=\"https:\/\/us.edu.pl\/instytut\/im\/strona-glownaim\/studia\/plany-zajec\/\">Read More&#8230;<\/a><\/p>\n","protected":false},"author":820,"featured_media":0,"parent":1079,"menu_order":0,"comment_status":"closed","ping_status":"closed","template":"","meta":{"_expiration-date-status":"","_expiration-date":0,"_expiration-date-type":"","_expiration-date-categories":[],"_expiration-date-options":[]},"acf":[],"_links":{"self":[{"href":"https:\/\/us.edu.pl\/instytut\/im\/wp-json\/wp\/v2\/pages\/226"}],"collection":[{"href":"https:\/\/us.edu.pl\/instytut\/im\/wp-json\/wp\/v2\/pages"}],"about":[{"href":"https:\/\/us.edu.pl\/instytut\/im\/wp-json\/wp\/v2\/types\/page"}],"author":[{"embeddable":true,"href":"https:\/\/us.edu.pl\/instytut\/im\/wp-json\/wp\/v2\/users\/820"}],"replies":[{"embeddable":true,"href":"https:\/\/us.edu.pl\/instytut\/im\/wp-json\/wp\/v2\/comments?post=226"}],"version-history":[{"count":10,"href":"https:\/\/us.edu.pl\/instytut\/im\/wp-json\/wp\/v2\/pages\/226\/revisions"}],"predecessor-version":[{"id":7041,"href":"https:\/\/us.edu.pl\/instytut\/im\/wp-json\/wp\/v2\/pages\/226\/revisions\/7041"}],"up":[{"embeddable":true,"href":"https:\/\/us.edu.pl\/instytut\/im\/wp-json\/wp\/v2\/pages\/1079"}],"wp:attachment":[{"href":"https:\/\/us.edu.pl\/instytut\/im\/wp-json\/wp\/v2\/media?parent=226"}],"curies":[{"name":"wp","href":"https:\/\/api.w.org\/{rel}","templated":true}]}}