{"id":2284,"date":"2020-06-17T04:08:41","date_gmt":"2020-06-17T02:08:41","guid":{"rendered":"https:\/\/us.edu.pl\/instytut\/im\/?page_id=2284"},"modified":"2020-06-17T04:15:28","modified_gmt":"2020-06-17T02:15:28","slug":"rejestracje","status":"publish","type":"page","link":"https:\/\/us.edu.pl\/instytut\/im\/strona-glownaim\/studia\/rejestracje\/","title":{"rendered":"Informacje o rejestracji na przedmioty"},"content":{"rendered":"<p>[vc_row][vc_column]\r\n                <div class=\"text-modules\">\r\n                    <div class=\"container\">\r\n                        <h3 class=\"page-title text__title\">Informacje o rejestracji na przedmioty<\/h3>\r\n                        <div class=\"text-modules__content\"><\/p>\n<h3><span style=\"color: #000000;font-family: 'trebuchet ms', geneva, sans-serif\"><strong>Rejestracja na Seminarium Dyplomowe dla II roku studi\u00f3w stacjonarnych I stopnia<\/strong><\/span><\/h3>\n<p><span style=\"font-size: 12pt;font-family: 'trebuchet ms', geneva, sans-serif\"><br \/>\nUprzejmie informujemy, \u017ce rejestracja na <strong>seminarium dyplomowe<\/strong> na V semestrze studi\u00f3w stacjonarnych I stopnia dla kierunku matematyka zostanie uruchomiona\u00a0<span style=\"color: #333399\"><strong>22 czerwca 2020 r. o godzinie 18:00<\/strong><\/span> i <span style=\"color: #ff0000\"><span style=\"color: #000000\">potrwa<\/span><span style=\"color: #333399\"><strong> do 28 czerwca do godziny 23:59<\/strong><\/span><\/span>.\u00a0<\/span><\/p>\n<p><span style=\"font-size: 12pt;font-family: 'trebuchet ms', geneva, sans-serif\">Kod rejestracji to:<\/span><\/p>\n<p><span style=\"font-size: 12pt;font-family: 'trebuchet ms', geneva, sans-serif;color: #333399\"><b>W4-MT-S1-SEMI-20\/21Z<\/b><\/span><\/p>\n<p><span style=\"font-size: 12pt;font-family: 'trebuchet ms', geneva, sans-serif\">Jednocze\u015bnie, przypominamy, \u017ce <strong>rejestracja jest obowi\u0105zkowa<\/strong> dla wszystkich student\u00f3w <strong>kierunku matematyka<\/strong>\u00a0<strong>obecnego II roku studi\u00f3w stacjonarnych I stopnia.<\/strong>\u00a0<\/span><\/p>\n<p><span style=\"font-size: 12pt;font-family: 'trebuchet ms', geneva, sans-serif\">W nadchodz\u0105cym roku akademickim proponujemy nast\u0119puj\u0105ce seminaria:<\/span><\/p>\n<ul style=\"list-style-type: square\">\n<li><span style=\"font-size: 12pt;font-family: 'trebuchet ms', geneva, sans-serif\">Algebra i teoria liczb\u00a0 (limit 10 os\u00f3b)<\/span><\/li>\n<li><span style=\"font-size: 12pt;font-family: 'trebuchet ms', geneva, sans-serif\">Analiza i r\u00f3wnania r\u00f3\u017cniczkowe (limit 10 os\u00f3b)<\/span><\/li>\n<li><span style=\"font-size: 12pt;font-family: 'trebuchet ms', geneva, sans-serif\">Informatyka i podstawy matematyki (limit 10 os\u00f3b)<\/span><\/li>\n<li><span style=\"font-size: 12pt;font-family: 'trebuchet ms', geneva, sans-serif\">Matematyka finansowa (limit 16 os\u00f3b)<\/span><\/li>\n<li><span style=\"font-size: 12pt;font-family: 'trebuchet ms', geneva, sans-serif\">Zastosowania matematyki (limit 10 os\u00f3b)<\/span><\/li>\n<li><span style=\"font-size: 12pt;font-family: 'trebuchet ms', geneva, sans-serif\">Dydaktyka matematyki (limit 10 os\u00f3b)<\/span><\/li>\n<\/ul>\n<p>&nbsp;<\/p>\n<hr \/>\n<p><span style=\"font-size: 12pt;font-family: 'trebuchet ms', geneva, sans-serif\">Rejestracji na przedmioty mo\u017cna dokona\u0107 po zalogowaniu do systemu <strong><a href=\"https:\/\/usosweb.us.edu.pl\">USOS<\/a><\/strong>, wybieraj\u0105c opcj\u0119\u00a0<strong><a href=\"https:\/\/usosweb.us.edu.pl\/kontroler.php?_action=dla_stud\/rejestracja\/kalendarz\">Rejestracja<\/a><\/strong>\u00a0w zak\u0142adce <em><strong>dla studenta<\/strong><\/em>.<\/span><\/p>\n<\/div>\r\n                    <\/div>\r\n                <\/div>[\/vc_column][\/vc_row]<\/p>","protected":false},"excerpt":{"rendered":"<p>[vc_row][vc_column][\/vc_column][\/vc_row] [&#8230;]<\/p>\n<p><a class=\"btn btn-secondary understrap-read-more-link\" href=\"https:\/\/us.edu.pl\/instytut\/im\/strona-glownaim\/studia\/rejestracje\/\">Read More&#8230;<\/a><\/p>\n","protected":false},"author":820,"featured_media":0,"parent":1079,"menu_order":0,"comment_status":"closed","ping_status":"closed","template":"","meta":{"_expiration-date-status":"saved","_expiration-date":0,"_expiration-date-type":"","_expiration-date-categories":[],"_expiration-date-options":[]},"acf":[],"_links":{"self":[{"href":"https:\/\/us.edu.pl\/instytut\/im\/wp-json\/wp\/v2\/pages\/2284"}],"collection":[{"href":"https:\/\/us.edu.pl\/instytut\/im\/wp-json\/wp\/v2\/pages"}],"about":[{"href":"https:\/\/us.edu.pl\/instytut\/im\/wp-json\/wp\/v2\/types\/page"}],"author":[{"embeddable":true,"href":"https:\/\/us.edu.pl\/instytut\/im\/wp-json\/wp\/v2\/users\/820"}],"replies":[{"embeddable":true,"href":"https:\/\/us.edu.pl\/instytut\/im\/wp-json\/wp\/v2\/comments?post=2284"}],"version-history":[{"count":4,"href":"https:\/\/us.edu.pl\/instytut\/im\/wp-json\/wp\/v2\/pages\/2284\/revisions"}],"predecessor-version":[{"id":2289,"href":"https:\/\/us.edu.pl\/instytut\/im\/wp-json\/wp\/v2\/pages\/2284\/revisions\/2289"}],"up":[{"embeddable":true,"href":"https:\/\/us.edu.pl\/instytut\/im\/wp-json\/wp\/v2\/pages\/1079"}],"wp:attachment":[{"href":"https:\/\/us.edu.pl\/instytut\/im\/wp-json\/wp\/v2\/media?parent=2284"}],"curies":[{"name":"wp","href":"https:\/\/api.w.org\/{rel}","templated":true}]}}