{"id":2502,"date":"2020-06-25T01:18:13","date_gmt":"2020-06-24T23:18:13","guid":{"rendered":"https:\/\/us.edu.pl\/instytut\/im\/?page_id=2502"},"modified":"2020-06-25T01:18:13","modified_gmt":"2020-06-24T23:18:13","slug":"sp-prof-piotr-antosik","status":"publish","type":"page","link":"https:\/\/us.edu.pl\/instytut\/im\/pamietamy\/sp-prof-piotr-antosik\/","title":{"rendered":"\u015ap. prof. Piotr Antosik"},"content":{"rendered":"<p>[vc_row][vc_column]\r\n                <div class=\"text-modules \">\r\n                    <div class=\"container\">\r\n                        <h3 class=\"section-title section-title_border-bottom\">Pami\u0119tamy o...<\/h3> <h3 class=\"subtitle text-modules__subtitle\">Profesor Piotr Antosik (1929 - 2015)<\/h3>\r\n                        <div class=\"row m-0\">\r\n                            <div class=\"text-modules__content\">\r\n                                <\/p>\n<p align=\"justify\"><span style=\"font-family: 'trebuchet ms', geneva, sans-serif;font-size: 12pt\">Piotr Antosik urodzi\u0142 si\u0119 27 czerwca 1929 r. w Skoczyk\u0142odach woj. \u0142\u00f3dzkie. W latach 1944 \u2013 1948 pobiera\u0142 nauk\u0119 wed\u0142ug programu gimnazjalnego. Do Liceum Pedagogicznego ucz\u0119szcza\u0142 w \u0141owiczu w latach 1948 \u2013 1950. Studia wy\u017csze z zakresu matematyki uko\u0144czy\u0142 w\u00a01954 r. w Pa\u0144stwowym Instytucie Pedagogicznym im. Lenina w\u00a0Moskwie.<\/span><\/p>\n<p align=\"justify\"><span style=\"font-family: 'trebuchet ms', geneva, sans-serif;font-size: 12pt\">Po przyje\u017adzie do Polski rozpocz\u0105\u0142 prac\u0119 jako asystent w Wy\u017cszej Szkole Pedagogicznej w Katowicach. Na \u015al\u0105sku spotka\u0142 Profesora Jana Mikusi\u0144skiego, wok\u00f3\u0142 kt\u00f3rego powsta\u0142a grupa m\u0142odych matematyk\u00f3w zafascynowana badaniami swojego mistrza. W roku 1964 Piotr Antosik doktoryzowa\u0142 si\u0119 na UMCS w Lublinie na podstawie rozprawy nt. <i>O funkcjach \u03b1\u2013wymiarowo niemalej\u0105cych i ich zastosowaniu w ci\u0105gowej teorii dystrybucji, <\/i>kt\u00f3rej promotorem by\u0142 prof. Jan Mikusi\u0144ski.<\/span><\/p>\n<p align=\"justify\"><span style=\"font-family: 'trebuchet ms', geneva, sans-serif;font-size: 12pt\">W 1966 zosta\u0142 zatrudniony w Instytucie Matematycznym PAN w nowo za\u0142o\u017conej Pracowni Matematyki IM PAN w Katowicach. Piotr Antosik opr\u00f3cz intensywnej pracy naukowej; zast\u0119powa\u0142 Profesora Mikusi\u0144skiego w administrowaniu Pracowni\u0105, kt\u00f3ra w latach siedemdziesi\u0105tych wchodzi\u0142a w sk\u0142ad ci\u0105gle zmieniaj\u0105cych si\u0119 jednostek PAN, mi\u0119dzy innymi Centrum Bada\u0144 Naukowych PAN w Gliwicach (1969 \u2013 1975) i Zak\u0142adu Automatyki Kompleksowej PAN w Zabrzu (1975 \u2013 1977), a w 1977 zosta\u0142a przekszta\u0142cona w Oddzia\u0142 Instytutu Matematycznego PAN.<\/span><\/p>\n<p align=\"justify\"><span style=\"font-family: 'trebuchet ms', geneva, sans-serif;font-size: 12pt\">Stopie\u0144 doktora habilitowanego otrzyma\u0142 w 1973r. w IM PAN, a tytu\u0142 profesora zosta\u0142 mu nadany &#8211; uchwa\u0142\u0105 Rady Pa\u0144stwa z dnia 15\u00a0wrze\u015bnia \u2013 w 1988 r.<\/span><\/p>\n<p align=\"justify\"><span style=\"font-family: 'trebuchet ms', geneva, sans-serif;font-size: 12pt\">Profesor Antosik prowadzi\u0142 intensywn\u0105 wsp\u00f3\u0142prac\u0119 naukow\u0105 z matematykami zar\u00f3wno z Europy Wschodniej jak i Stan\u00f3w Zjednoczonych.<\/span><\/p>\n<p align=\"justify\"><span style=\"font-family: 'trebuchet ms', geneva, sans-serif;font-size: 12pt\">W latach 1985 \u2013 1994 kierowa\u0142 Oddzia\u0142em IM PAN w Katowicach , a w latach 1988-1991, w jego zast\u0119pstwie Oddzia\u0142em kierowa\u0142 doc. dr hab. Andrzej Kami\u0144ski.<\/span><\/p>\n<p align=\"justify\"><span style=\"font-family: 'trebuchet ms', geneva, sans-serif;font-size: 12pt\">Pracowa\u0142 na r\u00f3\u017cnych uczelniach ameryka\u0144skich jako profesor wizytuj\u0105c i tak w latach 1974-75 na NCSU, Raleigh i UC SB Santa Barbara, w latach 1981-83 na NMSU Las Cruces, UTEP El Paso i UCSB, Santa Barbara, za\u015b w latach 1988-91 na UW Milwaukee i NMSU Las Cruces, 1994-95 na NMSU Las Cruces.<\/span><\/p>\n<p align=\"justify\"><span style=\"font-family: 'trebuchet ms', geneva, sans-serif;font-size: 12pt\">Profesor Antosik wypromowa\u0142 trzech doktor\u00f3w w tym Piotra Mikusi\u0144skiego, obecnie profesora Uniwersytetu w Orlando na Florydzie oraz J\u00f3zefa Burzyka i Czes\u0142awa Klisia. Prowadzi\u0142 badania naukowe w zakresie teorii funkcji uog\u00f3lnionych i analizy funkcjonalnej. G\u0142\u00f3wnym przedmiotem jego bada\u0144 s\u0105 problemy dotycz\u0105ce zbie\u017cno\u015bci ci\u0105g\u00f3w w r\u00f3\u017cnych przestrzeniach dystrybucji i grup abelowych. W szczeg\u00f3lno\u015bci problem r\u00f3wnowa\u017cno\u015bci s\u0142abej i mocnej zbie\u017cno\u015bci w r\u00f3\u017cnych przestrzeniach dystrybucji i miar przy pomocy prostych narz\u0119dzi nie wymagaj\u0105cych znajomo\u015bci topologii. Tymi narz\u0119dziami s\u0105 r\u00f3\u017cne modyfikacje diagonalnego twierdzenia Mikusi\u0144skiego i jego zastosowania do dowodzenia twierdze\u0144: Banacha-Steinhausa o jednostajnej ograniczono\u015bci, s\u0142abej i mocnej ograniczono\u015bci, twierdze\u0144 Orlicza-Pettisa, Vitaliego-Hahna-Saksa, Nikodema i wielu innych twierdze\u0144. To pozwala przedstawi\u0107 r\u00f3\u017cne problemy teorii dystrybucji w elementarny spos\u00f3b bez u\u017cycia topologii, kt\u00f3ra by\u0142a stosowana w klasycznym wyk\u0142adzie L. Schwartza. Zajmowa\u0142 si\u0119 r\u00f3wnie\u017c problemem sk\u0142adania dystrybucji i problemem istnienia iloczynu dystrybucji.<\/span><\/p>\n<p><span style=\"font-family: 'trebuchet ms', geneva, sans-serif;font-size: 12pt\">Opublikowa\u0142 oko\u0142o sze\u015b\u0107dziesi\u0119ciu prac naukowych i trzy ksi\u0105\u017cki. <span lang=\"en-US\">Jest wsp\u00f3\u0142autorem ksi\u0105\u017cek:<\/span><\/span><\/p>\n<ol>\n<li><span style=\"font-size: 12pt;font-family: 'trebuchet ms', geneva, sans-serif\">P. Antosik, J. Mikusi\u0144ski, R. Sikorski, <i>Theory of distributions the sequential approach,<\/i> <\/span><br \/>\n<span style=\"font-size: 12pt;font-family: 'trebuchet ms', geneva, sans-serif\">Elsevier Scientific Publishing Company Amsterdam, <\/span><br \/>\n<span style=\"font-size: 12pt;font-family: 'trebuchet ms', geneva, sans-serif\">PWN \u2013 Polish Scientific Publishers Warszawa, 1973.<\/span><\/li>\n<li><span style=\"font-size: 12pt;font-family: 'trebuchet ms', geneva, sans-serif\">P. Antosik, Ch. Swartz, <i>Matrix Methods in Analysis, <\/i>Lecture Notes in Mathematics, <\/span><br \/>\n<span style=\"font-size: 12pt;font-family: 'trebuchet ms', geneva, sans-serif\">Vol. 1113, Springer-Verlag 1985.<\/span><\/li>\n<li><span style=\"font-size: 12pt;font-family: 'trebuchet ms', geneva, sans-serif\">Ed.: P. Antosik, A. Kami\u0144ski, <i>Generalized functions and convergence <\/i><\/span><br \/>\n<span style=\"font-size: 12pt;font-family: 'trebuchet ms', geneva, sans-serif\">(Conference, Katowice, Poland, 13-18 June 1988)<i>, <\/i>Singapore, World Scientific 1990.<\/span><\/li>\n<\/ol>\n<p align=\"justify\"><span style=\"font-size: 12pt;font-family: 'trebuchet ms', geneva, sans-serif\">Profesor Piotr Antosik aktywnie uczestniczy\u0142 w \u017cyciu \u015bl\u0105skiego \u015brodowiska matematycznego. W latach 1984 \u2013 1986 by\u0142 prezesem Oddzia\u0142u G\u00f3rno\u015bl\u0105skiego Polskiego Towarzystwa Matematycznego, przewodnicz\u0105cym Okr\u0119gowego Komitetu Olimpiady Matematycznej w Katowicach w latach 1977 \u2013 1980. Uczestniczy\u0142 w popularyzacji matematyki w \u015brodowisku szkolnym poprzez wyk\u0142ady popularnonaukowe dla uczni\u00f3w i nauczycieli szk\u00f3\u0142 \u015brednich.<\/span><\/p>\n<p align=\"justify\"><span style=\"font-size: 12pt;font-family: 'trebuchet ms', geneva, sans-serif\">Jego udzia\u0142 w Komitetach Organizacyjnych sesji i konferencji naukowych organizowanych przez Oddzia\u0142 IM PAN w Katowicach by\u0142 znacz\u0105cy. By\u0142 g\u0142\u00f3wnym organizatorem tzw. seminari\u00f3w g\u00f3rskich, tj. tygodniowych wyjazd\u00f3w cz\u0142onk\u00f3w seminarium prof. Jana Mikusi\u0144skiego do g\u00f3rskich miejscowo\u015bci. W roku mia\u0142y miejsce dwa takie seminaria z udzia\u0142em matematyk\u00f3w zagranicznych.<\/span><\/p>\n<p align=\"justify\"><span style=\"font-size: 12pt;font-family: 'trebuchet ms', geneva, sans-serif\">Profesor Antosik by\u0142 \u017cywo zainteresowany sprawami pracownik\u00f3w Oddzia\u0142u. By\u0142 cz\u0142owiekiem skromnym. Kiedy tematyka badawcza zwi\u0105zana z funkcjami uog\u00f3lnionymi zacz\u0119\u0142a si\u0119 wyczerpywa\u0107, zatrudni\u0142 w Oddziale osoby zajmuj\u0105ce si\u0119 innymi badaniami i bez przeszk\u00f3d zgodzi\u0142 si\u0119 na zmian\u0119 profilu naukowego oddzia\u0142u. W zwi\u0105zku z tym w 2004 roku zosta\u0142a zmieniona nazwa Zak\u0142adu Oddzia\u0142u IM PAN w Katowicach z Zak\u0142ad Funkcji Uog\u00f3lnionych na Zak\u0142ad Biomatematyki.<\/span><\/p>\n<p><span style=\"font-size: 12pt;font-family: 'trebuchet ms', geneva, sans-serif\">Profesor Piotr Antosik zmar\u0142 23 pa\u017adziernika 2015 r. w Tychach. Zosta\u0142 pochowany w grobowcu rodzinnym w Wysokienicach.<\/span><\/p>\n<p><span style=\"font-size: 12pt;font-family: 'trebuchet ms', geneva, sans-serif\"><b>OPRACOWA\u0141A\u00a0 DR\u00a0 KRYSTYNA SK\u00d3RNIK<\/b><\/span> \r\n                                <div class=\"mt-3\"><\/div>\r\n                            <\/div>\r\n                            \r\n                            <div class=\"text-modules__img\"><img src=\"https:\/\/us.edu.pl\/instytut\/im\/wp-content\/uploads\/sites\/43\/Pami\u0119tamy-o\/antosik.jpg\" alt=\"img\"><\/div>\r\n                        <\/div>\r\n                    <\/div>\r\n                <\/div>[\/vc_column][\/vc_row]<\/p>","protected":false},"excerpt":{"rendered":"<p>[vc_row][vc_column][\/vc_column][\/vc_row] [&#8230;]<\/p>\n<p><a class=\"btn btn-secondary understrap-read-more-link\" href=\"https:\/\/us.edu.pl\/instytut\/im\/pamietamy\/sp-prof-piotr-antosik\/\">Read More&#8230;<\/a><\/p>\n","protected":false},"author":820,"featured_media":0,"parent":2381,"menu_order":0,"comment_status":"closed","ping_status":"closed","template":"","meta":{"_expiration-date-status":"saved","_expiration-date":0,"_expiration-date-type":"","_expiration-date-categories":[],"_expiration-date-options":[]},"acf":[],"_links":{"self":[{"href":"https:\/\/us.edu.pl\/instytut\/im\/wp-json\/wp\/v2\/pages\/2502"}],"collection":[{"href":"https:\/\/us.edu.pl\/instytut\/im\/wp-json\/wp\/v2\/pages"}],"about":[{"href":"https:\/\/us.edu.pl\/instytut\/im\/wp-json\/wp\/v2\/types\/page"}],"author":[{"embeddable":true,"href":"https:\/\/us.edu.pl\/instytut\/im\/wp-json\/wp\/v2\/users\/820"}],"replies":[{"embeddable":true,"href":"https:\/\/us.edu.pl\/instytut\/im\/wp-json\/wp\/v2\/comments?post=2502"}],"version-history":[{"count":2,"href":"https:\/\/us.edu.pl\/instytut\/im\/wp-json\/wp\/v2\/pages\/2502\/revisions"}],"predecessor-version":[{"id":2505,"href":"https:\/\/us.edu.pl\/instytut\/im\/wp-json\/wp\/v2\/pages\/2502\/revisions\/2505"}],"up":[{"embeddable":true,"href":"https:\/\/us.edu.pl\/instytut\/im\/wp-json\/wp\/v2\/pages\/2381"}],"wp:attachment":[{"href":"https:\/\/us.edu.pl\/instytut\/im\/wp-json\/wp\/v2\/media?parent=2502"}],"curies":[{"name":"wp","href":"https:\/\/api.w.org\/{rel}","templated":true}]}}