{"id":2515,"date":"2020-06-25T03:31:54","date_gmt":"2020-06-25T01:31:54","guid":{"rendered":"https:\/\/us.edu.pl\/instytut\/im\/?page_id=2515"},"modified":"2020-06-25T03:31:54","modified_gmt":"2020-06-25T01:31:54","slug":"sp-prof-czeslaw-kluczny","status":"publish","type":"page","link":"https:\/\/us.edu.pl\/instytut\/im\/pamietamy\/sp-prof-czeslaw-kluczny\/","title":{"rendered":"\u015ap. prof. Czes\u0142aw Kluczny"},"content":{"rendered":"<p>[vc_row][vc_column]\r\n                <div class=\"text-modules \">\r\n                    <div class=\"container\">\r\n                        <h3 class=\"section-title section-title_border-bottom\">Pami\u0119tamy o...<\/h3> <h3 class=\"subtitle text-modules__subtitle\">Profesor Czes\u0142aw Kluczny (1908 - 1979)<\/h3>\r\n                        <div class=\"row m-0\">\r\n                            <div class=\"text-modules__content\">\r\n                                <span style=\"font-size: 12pt;font-family: 'trebuchet ms', geneva, sans-serif\">Prof. dr hab. Czes\u0142aw Kluczny urodzi\u0142 si\u0119 6.05.1908 roku w Strzemieszycach Wielkich ( obecnie dzielnica D\u0105browy G\u00f3rniczej). Dzieci\u0144stwo sp\u0119dzi\u0142 w Wolbromie, tam te\u017c ucz\u0119szcza\u0142 do szko\u0142y powszechnej. Gimnazjum uko\u0144czy\u0142 w Olkuszu w roku 1927. W latach 1927-32 studiowa\u0142 matematyk\u0119 na Uniwersytecie Jagiello\u0144skim. W roku 1932 podj\u0105\u0142 prac\u0119 w szko\u0142ach \u015brednich w Radomiu. W roku 1942 zosta\u0142 aresztowany przez gestapo w Radomiu i zes\u0142any do oboz\u00f3w koncentracyjnych jako wi\u0119zie\u0144 polityczny. W obozach by\u0142 wi\u0119ziony przez 3 lata, najpierw w Konzentrationslager Auschwitz-Birkenau (O\u015bwi\u0119cim-Brzezinka), p\u00f3\u017aniej w Mauthausen. Zdo\u0142a\u0142 prze\u017cy\u0107. Skrajnie wyniszczony wr\u00f3ci\u0142 do kraju w jednym z pierwszych transport\u00f3w repatriacyjnych w roku 1945 i przez rok korzysta\u0142 z urlopu zdrowotnego przebywaj\u0105c wtedy w domu matki w Wolbromiu. Gdy po roku zdo\u0142a\u0142 cz\u0119\u015bciowo odzyska\u0107 si\u0142y, we wrze\u015bniu 1946 r. Podj\u0105\u0142 prac\u0119 w \u015al\u0105skich Technicznych Zak\u0142adach Naukowych w Katowicach. W styczniu 1950r. Zosta\u0142 zatrudniony w Politechnice \u015al\u0105skiej w Gliwicach, gdzie pracowa\u0142 a\u017c do przej\u015bcia na emerytur\u0119 w 1976 r. awansuj\u0105c od stanowiska asystenta do profesora:<\/span><\/p>\n<ul style=\"list-style-type: square\">\n<li><span style=\"font-size: 12pt;font-family: 'trebuchet ms', geneva, sans-serif\">1950-52 \u2013 starszy asystent<\/span><\/li>\n<li><span style=\"font-size: 12pt;font-family: 'trebuchet ms', geneva, sans-serif\">1952-54 \u2013 adiunkt<\/span><\/li>\n<li><span style=\"font-size: 12pt;font-family: 'trebuchet ms', geneva, sans-serif\">1954-61 \u2013 zast\u0119pca profesora<\/span><\/li>\n<li><span style=\"font-size: 12pt;font-family: 'trebuchet ms', geneva, sans-serif\">1962-71 \u2013 docent<\/span><\/li>\n<li><span style=\"font-size: 12pt;font-family: 'trebuchet ms', geneva, sans-serif\">1971-76 \u2013 profesor<\/span><\/li>\n<\/ul>\n<p><span style=\"font-size: 12pt;font-family: 'trebuchet ms', geneva, sans-serif\">Kolejne stopnie i tytu\u0142y uzyskiwa\u0142 w nast\u0119puj\u0105cych latach:<\/span><\/p>\n<ul style=\"list-style-type: square\">\n<li><span style=\"font-size: 12pt;font-family: 'trebuchet ms', geneva, sans-serif\">1933 \u2013 magisterium na Uniwersytecie Jagiello\u0144skim<\/span><\/li>\n<li><span style=\"font-size: 12pt;font-family: 'trebuchet ms', geneva, sans-serif\">1959 \u2013 doktorat na U.J.<\/span><\/li>\n<li><span style=\"font-size: 12pt;font-family: 'trebuchet ms', geneva, sans-serif\">1961 \u2013 habilitacja na Uniwersytecie Marii Curie-Sk\u0142odowskiej w Lublinie<\/span><\/li>\n<li><span style=\"font-size: 12pt;font-family: 'trebuchet ms', geneva, sans-serif\">1971 \u2013 tytu\u0142 profesora nadzwyczajnego.<\/span><\/li>\n<\/ul>\n<p><span style=\"font-size: 12pt;font-family: 'trebuchet ms', geneva, sans-serif\">Profesor Czes\u0142aw Kluczny prowadzi\u0142 r\u00f3wnocze\u015bnie wyk\u0142ady i seminaria w WSP w Katowicach (nast\u0119pnie na U \u015al.) oraz w WSP w Cz\u0119stochowie. Prof. Cz. Kluczny by\u0142 promotorem sze\u015bciu przewod\u00f3w doktorskich ( z tego trzech nie zd\u0105\u017cy\u0142 zako\u0144czy\u0107 z powodu przedwczesnej \u015bmierci), by\u0142 opiekunem jednego przewodu habilitacyjnego oraz promotorem oko\u0142o 120 prac magisterskich.<\/span><\/p>\n<p><span style=\"font-size: 12pt;font-family: 'trebuchet ms', geneva, sans-serif\">By\u0142 wsp\u00f3\u0142tw\u00f3rc\u0105 Gliwickiego Oddzia\u0142u PTM (obecnie G\u00f3rno\u015bl\u0105ski Oddzia\u0142 PTM), by\u0142 cz\u0142onkiem Komitetu Nauk Matematycznych PAN.<\/span><\/p>\n<p><span style=\"font-size: 12pt;font-family: 'trebuchet ms', geneva, sans-serif\">Praca naukowa prof. Cz. Klucznego dotyczy\u0142a bada\u0144 w dziedzinie jako\u015bciowej teorii r\u00f3wna\u0144 r\u00f3\u017cniczkowych we wsp\u00f3\u0142pracy z matematycznymi o\u015brodkami naukowymi w Krakowie (szko\u0142a T.Wa\u017cewskiego) i w Lublinie.<\/span><\/p>\n<p><span style=\"font-size: 12pt;font-family: 'trebuchet ms', geneva, sans-serif\">Droga \u017cyciowa i naukowa prof. Cz. Klucznego naznaczona by\u0142a ogromnymi trudno\u015bciami i ci\u0119\u017ckimi przeciwno\u015bciami jakimi do\u015bwiadcza\u0142 go los. Jako ma\u0142e dziecko traci ojca, \u017cyje w biedzie przez ca\u0142y czas nauki od szko\u0142y powszechnej do magisterium, trzyletni pobyt w niemieckich obozach koncentracyjnych, zniszczone zdrowie a w konsekwencji przedwczesna \u015bmier\u0107.<\/span><\/p>\n<p><span style=\"font-size: 12pt;font-family: 'trebuchet ms', geneva, sans-serif\">Prof. Cz.Kluczny zmar\u0142 6 maja 1979 r. i zosta\u0142 pochowany na cmentarzu w Wolbromiu (ko\u0142o Olkusza), w miejscowo\u015bci, gdzie sp\u0119dzi\u0142 m\u0142odo\u015b\u0107, sk\u0105d wywodzi\u0142 si\u0119 r\u00f3d jego matki.<\/span><\/p>\n<p><span style=\"font-size: 12pt;font-family: 'trebuchet ms', geneva, sans-serif\">Najwa\u017cniejsze prace naukowe:<\/span><\/p>\n<ol>\n<li><span style=\"font-size: 12pt;font-family: 'trebuchet ms', geneva, sans-serif\">On the characteristic exponents of the solutions of a system of ordinary differential equations, Ann. Polonici Mathematici, VIII, 1960<\/span><\/li>\n<li><span style=\"font-size: 12pt;font-family: 'trebuchet ms', geneva, sans-serif\">Sur certaines familles de courbes en relation avec la theorie des equations differentialles ordinaires, I Ann. Univ. Marie Curie-Sk\u0142odowska, Lublin, Sectio A, vol.XV 2, 1961<\/span><\/li>\n<li><span style=\"font-size: 12pt;font-family: 'trebuchet ms', geneva, sans-serif\">Unicite du systeme d\u2019equations differentielles ordinaires dans un unsemble de points, Colloquium Math. VII, 1, 1959<\/span><\/li>\n<li><span style=\"font-size: 12pt;font-family: 'trebuchet ms', geneva, sans-serif\">On the asymtotic behaviour of the solutions of a system of ordinary differential equations, Folia Soc. Scientiarum Lubliniensis 2, 1962<\/span><\/li>\n<\/ol>\n<p><span style=\"font-size: 12pt;font-family: 'trebuchet ms', geneva, sans-serif\"><b>OPRACOWA\u0141 DR BRONIS\u0141AW SZL\u0118K <\/b>(w oparciu o prac\u0119\u00a0A.Flisowskiego \u201cProf Czes\u0142aw Kluczny \u2013 \u017cycie i dzia\u0142alno\u015b\u0107 naukowa\u201d, Zeszyty Naukowe Pol .\u015al. Matematyka_Fizyka, z.53, Gliwice 1989)<\/span> \r\n                                <div class=\"mt-3\"><\/div>\r\n                            <\/div>\r\n                            \r\n                            \r\n                        <\/div>\r\n                    <\/div>\r\n                <\/div>[\/vc_column][\/vc_row]<\/p>","protected":false},"excerpt":{"rendered":"<p>[vc_row][vc_column][\/vc_column][\/vc_row] [&#8230;]<\/p>\n<p><a class=\"btn btn-secondary understrap-read-more-link\" href=\"https:\/\/us.edu.pl\/instytut\/im\/pamietamy\/sp-prof-czeslaw-kluczny\/\">Read More&#8230;<\/a><\/p>\n","protected":false},"author":820,"featured_media":0,"parent":2381,"menu_order":0,"comment_status":"closed","ping_status":"closed","template":"","meta":{"_expiration-date-status":"saved","_expiration-date":0,"_expiration-date-type":"","_expiration-date-categories":[],"_expiration-date-options":[]},"acf":[],"_links":{"self":[{"href":"https:\/\/us.edu.pl\/instytut\/im\/wp-json\/wp\/v2\/pages\/2515"}],"collection":[{"href":"https:\/\/us.edu.pl\/instytut\/im\/wp-json\/wp\/v2\/pages"}],"about":[{"href":"https:\/\/us.edu.pl\/instytut\/im\/wp-json\/wp\/v2\/types\/page"}],"author":[{"embeddable":true,"href":"https:\/\/us.edu.pl\/instytut\/im\/wp-json\/wp\/v2\/users\/820"}],"replies":[{"embeddable":true,"href":"https:\/\/us.edu.pl\/instytut\/im\/wp-json\/wp\/v2\/comments?post=2515"}],"version-history":[{"count":1,"href":"https:\/\/us.edu.pl\/instytut\/im\/wp-json\/wp\/v2\/pages\/2515\/revisions"}],"predecessor-version":[{"id":2517,"href":"https:\/\/us.edu.pl\/instytut\/im\/wp-json\/wp\/v2\/pages\/2515\/revisions\/2517"}],"up":[{"embeddable":true,"href":"https:\/\/us.edu.pl\/instytut\/im\/wp-json\/wp\/v2\/pages\/2381"}],"wp:attachment":[{"href":"https:\/\/us.edu.pl\/instytut\/im\/wp-json\/wp\/v2\/media?parent=2515"}],"curies":[{"name":"wp","href":"https:\/\/api.w.org\/{rel}","templated":true}]}}