{"id":2520,"date":"2020-06-25T02:44:11","date_gmt":"2020-06-25T00:44:11","guid":{"rendered":"https:\/\/us.edu.pl\/instytut\/im\/?page_id=2520"},"modified":"2020-06-25T03:37:27","modified_gmt":"2020-06-25T01:37:27","slug":"sp-jan-konior","status":"publish","type":"page","link":"https:\/\/us.edu.pl\/instytut\/im\/pamietamy\/sp-jan-konior\/","title":{"rendered":"\u015ap. prof. Jan Konior"},"content":{"rendered":"<p>[vc_row][vc_column]\r\n                <div class=\"text-modules \">\r\n                    <div class=\"container\">\r\n                        <h3 class=\"section-title section-title_border-bottom\">Pami\u0119tamy o...<\/h3> <h3 class=\"subtitle text-modules__subtitle\">Profesor Jan Konior (1935-2007)<\/h3>\r\n                        <div class=\"row m-0\">\r\n                            <div class=\"text-modules__content\">\r\n                                <span style=\"font-size: 12pt;font-family: 'trebuchet ms', geneva, sans-serif\">Prof. dr hab. Jan Konior by\u0142 wybitnym specjalist\u0105 w zakresie dydaktyki matematyki, jednym z prekursor\u00f3w bada\u0144 nad budow\u0105 i percepcj\u0105 tekst\u00f3w matematycznych przez uczni\u00f3w i student\u00f3w oraz tw\u00f3rc\u0105 metod badawczych w zakresie tej problematyki.<\/span><\/p>\n<p><span style=\"font-size: 12pt;font-family: 'trebuchet ms', geneva, sans-serif\">Jan Konior urodzi\u0142 si\u0119 25 grudnia 1935 roku w Lipowej (ko\u0142o \u017bywca). Studia na Wydziale Matematyki, Fizyki i Chemii Wy\u017cszej Szko\u0142y Pedagogicznej w Katowicach odbywa\u0142 w latach 1959 \u2013 1964 (magisterium z matematyki obroni\u0142 25.07.1964r.). Po uzyskaniu dyplomu zosta\u0142 zatrudniony w Katedrze Matematyki WSP w Katowicach, a od momentu powstania Uniwersytetu \u015al\u0105skiego (14.06.1968r.) pracowa\u0142 w Instytucie Matematyki U\u015a.<\/span><\/p>\n<p><span style=\"font-size: 12pt;font-family: 'trebuchet ms', geneva, sans-serif\">Wraz z podj\u0119ciem pracy w szkolnictwie wy\u017cszym zosta\u0142 sta\u0142ym uczestnikiem seminarium z dydaktyki matematyki prowadzonego w Krakowie przez prof. dr A. Z. Krygowsk\u0105. Bra\u0142 w nim aktywny udzia\u0142 blisko 25 lat, przyst\u0119puj\u0105c \u2013 niezale\u017cnie od prac seminaryjnych \u2013 do innych program\u00f3w badawczych i organizacyjnych, realizowanych pod kierunkiem prof. dr A. Z. Krygowskiej.<\/span><\/p>\n<p><span style=\"font-size: 12pt;font-family: 'trebuchet ms', geneva, sans-serif\">Stopnie naukowe Profesor Jan Konior uzyska\u0142 na nast\u0119puj\u0105cych wydzia\u0142ach (prowadz\u0105cych kierunek matematyka):<\/span><\/p>\n<ul style=\"list-style-type: square\">\n<li><span style=\"font-size: 12pt;font-family: 'trebuchet ms', geneva, sans-serif\">stopie\u0144 doktora nauk matematycznych w zakresie ich dydaktyki 21.11.1973r. na Wydziale Matematyki, Fizyki i Techniki Wy\u017cszej Szko\u0142y Pedagogicznej w Krakowie (tytu\u0142 dysertacji doktorskiej: Organizacja nauczania matematyki oparta na lokalnych dedukcjach, promotor prof. dr A. Z. Krygowska),<\/span><\/li>\n<li><span style=\"font-size: 12pt;font-family: 'trebuchet ms', geneva, sans-serif\">stopie\u0144 doktora habilitowanego nauk matematycznych w zakresie dydaktyki matematyki 21.05.1985r. na Wydziale Matematyki, Fizyki i Chemii Uniwersytetu \u015al\u0105skiego w Katowicach (tytu\u0142 rozprawy habilitacyjnej: Analiza tekstu dowodu jako \u015brodka przekazu w matematyce).<\/span><\/li>\n<\/ul>\n<p><span style=\"font-size: 12pt;font-family: 'trebuchet ms', geneva, sans-serif\">Postanowieniem z dnia 4 kwietnia 2005 roku przez \u00f3wczesnego Prezydenta Rzeczypospolitej Polskiej Aleksandra Kwa\u015bniewskiego nadany zosta\u0142 mu tytu\u0142 profesora nauk matematycznych.<\/span><\/p>\n<p><span style=\"font-size: 12pt;font-family: 'trebuchet ms', geneva, sans-serif\">Wieloletni udzia\u0142 w r\u00f3\u017cnych formach nauczycielskiego kszta\u0142cenia pozwoli\u0142 Mu wypracowa\u0107 w Instytucie Matematyki U\u015a standardy wyk\u0142adu i \u0107wicze\u0144 z dydaktyki matematyki, a tak\u017ce \u2013 r\u00f3wnolegle \u2013 model studenckich praktyk pedagogicznych, \u015br\u00f3drocznych i ci\u0105g\u0142ych, dostosowany do profilu studi\u00f3w matematycznych i lokalnych warunk\u00f3w.<\/span><\/p>\n<p><span style=\"font-size: 12pt;font-family: 'trebuchet ms', geneva, sans-serif\">Od momentu powstania Zak\u0142adu Dydaktyki Matematyki (1969\/70), z wyj\u0105tkiem lat siedemdziesi\u0105tych, pe\u0142ni\u0142 funkcj\u0119 kierownika tego Zak\u0142adu. Zreorganizowa\u0142 sk\u0142ad zespo\u0142u, przygotowuj\u0105c kwalifikowan\u0105 kadr\u0119 do pracy naukowej i zada\u0144 zwi\u0105zanych z kszta\u0142ceniem nauczycieli. Za osi\u0105gni\u0119cia w pracy naukowej otrzyma\u0142 nagrod\u0119 ministra (indywidualna III stopnia, 1987r.) oraz kilkakrotnie nagrod\u0119 Rektora U\u015a za osi\u0105gni\u0119cia naukowe i dydaktyczne. By\u0142 odznaczony Z\u0142otym Krzy\u017cem Zas\u0142ugi oraz Krzy\u017c Kawalerskim Orderu Odrodzenia Polski.<\/span><\/p>\n<p><span style=\"font-size: 12pt;font-family: 'trebuchet ms', geneva, sans-serif\">Profesor Jan Konior zmar\u0142 2 czerwca 2007 r.<\/span><\/p>\n<p><strong><span style=\"font-size: 12pt;font-family: 'trebuchet ms', geneva, sans-serif\">OPRACOWA\u0141Y: Joanna Samsel Opalla i Natalia Cie\u015blar<\/span><\/strong> \r\n                                <div class=\"mt-3\"><\/div>\r\n                            <\/div>\r\n                            \r\n                            <div class=\"text-modules__img\"><img src=\"https:\/\/us.edu.pl\/instytut\/im\/wp-content\/uploads\/sites\/43\/Pami\u0119tamy-o\/Konior-234x300.png\" alt=\"img\"><\/div>\r\n                        <\/div>\r\n                    <\/div>\r\n                <\/div>[\/vc_column][\/vc_row]<\/p>","protected":false},"excerpt":{"rendered":"<p>[vc_row][vc_column][\/vc_column][\/vc_row] [&#8230;]<\/p>\n<p><a class=\"btn btn-secondary understrap-read-more-link\" href=\"https:\/\/us.edu.pl\/instytut\/im\/pamietamy\/sp-jan-konior\/\">Read More&#8230;<\/a><\/p>\n","protected":false},"author":820,"featured_media":0,"parent":2381,"menu_order":0,"comment_status":"closed","ping_status":"closed","template":"","meta":{"_expiration-date-status":"saved","_expiration-date":0,"_expiration-date-type":"","_expiration-date-categories":[],"_expiration-date-options":[]},"acf":[],"_links":{"self":[{"href":"https:\/\/us.edu.pl\/instytut\/im\/wp-json\/wp\/v2\/pages\/2520"}],"collection":[{"href":"https:\/\/us.edu.pl\/instytut\/im\/wp-json\/wp\/v2\/pages"}],"about":[{"href":"https:\/\/us.edu.pl\/instytut\/im\/wp-json\/wp\/v2\/types\/page"}],"author":[{"embeddable":true,"href":"https:\/\/us.edu.pl\/instytut\/im\/wp-json\/wp\/v2\/users\/820"}],"replies":[{"embeddable":true,"href":"https:\/\/us.edu.pl\/instytut\/im\/wp-json\/wp\/v2\/comments?post=2520"}],"version-history":[{"count":6,"href":"https:\/\/us.edu.pl\/instytut\/im\/wp-json\/wp\/v2\/pages\/2520\/revisions"}],"predecessor-version":[{"id":2543,"href":"https:\/\/us.edu.pl\/instytut\/im\/wp-json\/wp\/v2\/pages\/2520\/revisions\/2543"}],"up":[{"embeddable":true,"href":"https:\/\/us.edu.pl\/instytut\/im\/wp-json\/wp\/v2\/pages\/2381"}],"wp:attachment":[{"href":"https:\/\/us.edu.pl\/instytut\/im\/wp-json\/wp\/v2\/media?parent=2520"}],"curies":[{"name":"wp","href":"https:\/\/api.w.org\/{rel}","templated":true}]}}