{"id":2526,"date":"2020-06-25T02:52:49","date_gmt":"2020-06-25T00:52:49","guid":{"rendered":"https:\/\/us.edu.pl\/instytut\/im\/?page_id=2526"},"modified":"2020-06-25T02:52:49","modified_gmt":"2020-06-25T00:52:49","slug":"sp-prof-mieczyslaw-kucharzewski","status":"publish","type":"page","link":"https:\/\/us.edu.pl\/instytut\/im\/pamietamy\/sp-prof-mieczyslaw-kucharzewski\/","title":{"rendered":"\u015ap. prof. Mieczys\u0142aw Kucharzewski"},"content":{"rendered":"<p>[vc_row][vc_column]\r\n                <div class=\"text-modules \">\r\n                    <div class=\"container\">\r\n                        <h3 class=\"section-title section-title_border-bottom\">Pami\u0119tamy o...<\/h3> <h3 class=\"subtitle text-modules__subtitle\">Profesor Mieczys\u0142aw Kucharzewski (1920 - 1993)<\/h3>\r\n                        <div class=\"row m-0\">\r\n                            <div class=\"text-modules__content\">\r\n                                <span style=\"font-size: 12pt;font-family: 'trebuchet ms', geneva, sans-serif\">Mieczys\u0142aw Kucharzewski urodzi\u0142 si\u0119 we wsi Wierbka ko\u0142o Pilicy, w powiecie olkuskim. Ucz\u0119szcza\u0142 do Pa\u0144stwowego Gimnazjum M\u0119skiego im. K. Wielkiego w Olkuszu, gdzie w 1938 r. zda\u0142 matur\u0119 typu humanistycznego. Jego matematyczne studia, rozpocz\u0119te na Uniwersytecie J. Pi\u0142sudskiego w Warszawie w 1938 r., przerwa\u0142 wybuch II wojny \u015bwiatowej. Lata okupacji sp\u0119dzi\u0142 w rodzinnych stronach, gdzie na terenie Wierbki i Pilicy, w latach 1940-1944, prowadzi\u0142 tajne nauczanie.<\/span><\/p>\n<p><span style=\"font-size: 12pt;font-family: 'trebuchet ms', geneva, sans-serif\">Do studi\u00f3w uniwersyteckich Mieczys\u0142aw Kucharzewski wr\u00f3ci\u0142 w kwietniu 1945 r. na Uniwersytecie Jagiello\u0144skin i uko\u0144czy\u0142 je na Wydziale Matematyczno-Przyrodniczym dnia 21 grudnia 1950 roku, uzyskuj\u0105c stopie\u0144 magistra w zakresie matematyki. Prac\u0119 magistersk\u0105 nt. W\u0142asno\u015bci charakterystyczne elips napisa\u0142 pod kierunkiem Profesora S. Go\u0142\u0105ba. W roku 1959 na Wydziale Mat.-Fiz.-Chem. UJ otrzyma\u0142 stopie\u0144 doktora na podstawie rozprawy Die Differenzietrbarkeit der homogenen Funktionen und die geometrischen Eigenschaften der Indicatriz von Carath\u00e9odory, kt\u00f3rej promotorem by\u0142 r\u00f3wnie\u017c prof. S. Go\u0142\u0105b. Na tym samym Wydziale, 29 czerwca 1962 roku, uzyska\u0142 stopie\u0144 doktora habilitowanego na podstawie rozprawy pt. Skalarne i wektorowe komitanty wzgl\u0119dne wektor\u00f3w ko- i kontrawariantnych. Docentem zosta\u0142 mianowany 12 wrze\u015bnia 1963 roku, a uchwa\u0142\u0105 z 14 wrze\u015bnia 1972 roku Rada Pa\u0144stwa mianowa\u0142a go profesorem nadzwyczajnym, 3 lipca 1984 roku za\u015b &#8211; profesorem zwyczajnym.<\/span><\/p>\n<p><span style=\"font-size: 12pt;font-family: 'trebuchet ms', geneva, sans-serif\">W pa\u017adzierniku 1948 roku, b\u0119d\u0105c studentem, rozpocz\u0105\u0142 prac\u0119 na 1\/2 etatu jako asystent u prof. S.Go\u0142\u0105ba. Pracowa\u0142 na Akademii G\u00f3rniczo-Hutniczej (1948-1951), na UJ w Krakowie (1951-1956), w Studium Wieczorowym P\u015al. w Katowicach (1956-1961). Od 1 lipca 1956 roku rozpocz\u0105\u0142 prac\u0119 jako adiunkt w IM PAN w Warszawie pocz\u0105tkowo na 1\/2 etatu, a od 1961 roku na ca\u0142ym etacie. Jednocze\u015bnie, w latach 1956-1965, pracowa\u0142 w wymiarze 1\/2 etatu lub na godzinach zleconych w WSP w Katowicach. Aktywnie uczestniczy\u0142 w organizacji Filii UJ w Katowicach. a tak\u017ce Uniwersytetu \u015al\u0105skiego. Na uczelniach tych pracowa\u0142 w latach 1963-1970, gdzie pe\u0142ni\u0142 funkcj\u0119 kierownika Katedry Geometrii. Z dniem 1 stycznia 1974 r. zosta\u0142 przeniesiony s\u0142u\u017cbowo do Instytutu Matematyki P\u015al. w Gliwicach, gdzie pracowa\u0142 do emerytury, tzn. do 30 wrze\u015bnia 1990 r. W Instytucie Matematyki P\u015al. by\u0142 kierownikiem Zak\u0142adu Geometrii, pe\u0142ni\u0142 funkcj\u0119 dyrektora w latach 1976-1978, a do przej\u015bcia na emerytur\u0119 by\u0142 zast\u0119pc\u0105 dyrektora ds. nauki. W latach 1974-1977 pracowa\u0142 na 1\/2 etatu na WSP w Cz\u0119stochowie. <\/span><\/p>\n<p><span style=\"font-size: 12pt;font-family: 'trebuchet ms', geneva, sans-serif\">Zainteresowania naukowe prof. Kucharzewskiego zwi\u0105zane by\u0142y z nast\u0119puj\u0105cymi tematami: teoria obiekt\u00f3w geometrycznych wraz z geometri\u0105 Kleina, geometria r\u00f3\u017cniczkowa przy s\u0142abych za\u0142o\u017ceniach regularno\u015bci, r\u00f3wnania funkcyjne, topologia r\u00f3\u017cniczkowa. Opublikowa\u0142 ponad 100 prac naukowych w czasopismach w kraju i za granic\u0105, a tak\u017ce sze\u015b\u0107 ksi\u0105\u017cek (skrypt\u00f3w), dwie monografie (z M. Kuczm\u0105): Basic concepts of the theory of geometric objects, Klassifikation der linearen homogenen geometrischen Objekte von Typus J mit drei Komponenten. By\u0142 promotorem 13 prac doktorskich.<\/span><\/p>\n<p><span style=\"font-family: 'trebuchet ms', geneva, sans-serif\"><b><span style=\"font-size: small\"><span style=\"font-size: 12pt\">OPRACOWA\u0141A: DR KRYSTYNA SK\u00d3RNIK<\/span> <\/span><\/b><\/span> \r\n                                <div class=\"mt-3\"><\/div>\r\n                            <\/div>\r\n                            \r\n                            <div class=\"text-modules__img\"><img src=\"https:\/\/us.edu.pl\/instytut\/im\/wp-content\/uploads\/sites\/43\/Pami\u0119tamy-o\/Kucharzewski.jpeg\" alt=\"img\"><\/div>\r\n                        <\/div>\r\n                    <\/div>\r\n                <\/div>[\/vc_column][\/vc_row]<\/p>","protected":false},"excerpt":{"rendered":"<p>[vc_row][vc_column][\/vc_column][\/vc_row] [&#8230;]<\/p>\n<p><a class=\"btn btn-secondary understrap-read-more-link\" href=\"https:\/\/us.edu.pl\/instytut\/im\/pamietamy\/sp-prof-mieczyslaw-kucharzewski\/\">Read More&#8230;<\/a><\/p>\n","protected":false},"author":820,"featured_media":0,"parent":2381,"menu_order":0,"comment_status":"closed","ping_status":"closed","template":"","meta":{"_expiration-date-status":"saved","_expiration-date":0,"_expiration-date-type":"","_expiration-date-categories":[],"_expiration-date-options":[]},"acf":[],"_links":{"self":[{"href":"https:\/\/us.edu.pl\/instytut\/im\/wp-json\/wp\/v2\/pages\/2526"}],"collection":[{"href":"https:\/\/us.edu.pl\/instytut\/im\/wp-json\/wp\/v2\/pages"}],"about":[{"href":"https:\/\/us.edu.pl\/instytut\/im\/wp-json\/wp\/v2\/types\/page"}],"author":[{"embeddable":true,"href":"https:\/\/us.edu.pl\/instytut\/im\/wp-json\/wp\/v2\/users\/820"}],"replies":[{"embeddable":true,"href":"https:\/\/us.edu.pl\/instytut\/im\/wp-json\/wp\/v2\/comments?post=2526"}],"version-history":[{"count":2,"href":"https:\/\/us.edu.pl\/instytut\/im\/wp-json\/wp\/v2\/pages\/2526\/revisions"}],"predecessor-version":[{"id":2529,"href":"https:\/\/us.edu.pl\/instytut\/im\/wp-json\/wp\/v2\/pages\/2526\/revisions\/2529"}],"up":[{"embeddable":true,"href":"https:\/\/us.edu.pl\/instytut\/im\/wp-json\/wp\/v2\/pages\/2381"}],"wp:attachment":[{"href":"https:\/\/us.edu.pl\/instytut\/im\/wp-json\/wp\/v2\/media?parent=2526"}],"curies":[{"name":"wp","href":"https:\/\/api.w.org\/{rel}","templated":true}]}}