{"id":2976,"date":"2020-08-31T00:41:04","date_gmt":"2020-08-30T22:41:04","guid":{"rendered":"https:\/\/us.edu.pl\/instytut\/im\/?page_id=2976"},"modified":"2020-08-31T00:41:04","modified_gmt":"2020-08-30T22:41:04","slug":"sp-mgr-bronislawa-blaszczyk","status":"publish","type":"page","link":"https:\/\/us.edu.pl\/instytut\/im\/pamietamy\/sp-mgr-bronislawa-blaszczyk\/","title":{"rendered":"\u015ap. mgr Bronis\u0142awa B\u0142aszczyk-\u015awi\u0105tkiewicz"},"content":{"rendered":"<p>[vc_row][vc_column]\r\n                <div class=\"text-modules \">\r\n                    <div class=\"container\">\r\n                        <h3 class=\"section-title section-title_border-bottom\">Pami\u0119tamy o...<\/h3> <h3 class=\"subtitle text-modules__subtitle\">Magister Bronis\u0142awa B\u0142aszczyk-\u015awi\u0105tkiewicz (1950 - 1994)<\/h3>\r\n                        <div class=\"row m-0\">\r\n                            <div class=\"text-modules__content\">\r\n                                <\/p>\n<div class=\"page\" title=\"Page 1\">\n<div class=\"layoutArea\">\n<div class=\"column\">\n<p><span style=\"font-size: 12pt;font-family: 'trebuchet ms', geneva, sans-serif;color: #000000\">Bronis\u0142awa B\u0142aszczyk-\u015awi\u0105tkiewicz urodzi\u0142a si\u0119 1 lutego 1950 roku w Rudzie \u015al\u0105skiej. Tam te\u017c uzyska\u0142a swoje podstawowe i \u015brednie wykszta\u0142cenie. W latach 1968-1973 studiowa\u0142a matematyk\u0119 na specjalno\u015bci teoretycznej na Uniwersytecie \u015al\u0105skim w Katowicach. Prac\u0119 magistersk\u0105 pt. Formy kwadratowe nad pier\u015bcieniami napisa\u0142a pod kierunkiem prof. dr. hab. K. Szymiczka.<\/span><\/p>\n<p><span style=\"font-size: 12pt;font-family: 'trebuchet ms', geneva, sans-serif;color: #000000\">W roku akademickim 1973\/74 podj\u0119\u0142a prac\u0119 w Zak\u0142adzie Algebry i Teorii Liczb w Instytucie Matematyki Uniwersytetu \u015al\u0105skiego, gdzie pracowa\u0142a a\u017c do \u015bmierci, najpierw na stanowisku asystenta, a nast\u0119pnie starszego asystenta oraz wyk\u0142adowcy.<\/span><\/p>\n<p><span style=\"font-size: 12pt;font-family: 'trebuchet ms', geneva, sans-serif;color: #000000\">Opublikowa\u0142a 4 artyku\u0142y naukowe z zakresu teorii form kwadratowych nad cia\u0142ami, zauwa\u017cone w wa\u017cnej w teorii form kwadratowych monografii Quadratic and hermitian forms W. Scharlaua. By\u0142a r\u00f3wnie\u017c wsp\u00f3\u0142autork\u0105 Zbioru zada\u0144 z teorii grup wydanego przez Wydawnictwo Uniwersytetu \u015al\u0105skiego.<\/span><\/p>\n<p><span style=\"font-size: 12pt;font-family: 'trebuchet ms', geneva, sans-serif;color: #000000\">Bronis\u0142awa B\u0142aszczyk-\u015awi\u0105tkiewicz anga\u017cowa\u0142a si\u0119 tak\u017ce w prac\u0119 spo\u0142eczn\u0105 z uzdolnion\u0105 m\u0142odzie\u017c\u0105, by\u0142a cz\u0142onkiem Komitetu Okr\u0119gowego Olimpiady Matematycznej. Zmar\u0142a po d\u0142ugiej chorobie 11 listopada 1994 roku. <\/span><\/p>\n<\/div>\n<\/div>\n<\/div>\n<div class=\"page\" title=\"Page 3\">\n<div class=\"layoutArea\">\n<div class=\"column\">\n<p><span style=\"font-size: 12pt;font-family: 'trebuchet ms', geneva, sans-serif\"><strong>Opracowa\u0142: dr hab. Andrzej S\u0142adek, prof. U\u015a<\/strong><\/span><\/p>\n<\/div>\n<\/div>\n<\/div>\n<div class=\"mt-3\"><\/div>\r\n                            <\/div>\r\n                            \r\n                            \r\n                        <\/div>\r\n                    <\/div>\r\n                <\/div>[\/vc_column][\/vc_row]<\/p>","protected":false},"excerpt":{"rendered":"<p>[vc_row][vc_column][\/vc_column][\/vc_row] [&#8230;]<\/p>\n<p><a class=\"btn btn-secondary understrap-read-more-link\" href=\"https:\/\/us.edu.pl\/instytut\/im\/pamietamy\/sp-mgr-bronislawa-blaszczyk\/\">Read More&#8230;<\/a><\/p>\n","protected":false},"author":820,"featured_media":0,"parent":2381,"menu_order":0,"comment_status":"closed","ping_status":"closed","template":"","meta":{"_expiration-date-status":"saved","_expiration-date":0,"_expiration-date-type":"","_expiration-date-categories":[],"_expiration-date-options":[]},"acf":[],"_links":{"self":[{"href":"https:\/\/us.edu.pl\/instytut\/im\/wp-json\/wp\/v2\/pages\/2976"}],"collection":[{"href":"https:\/\/us.edu.pl\/instytut\/im\/wp-json\/wp\/v2\/pages"}],"about":[{"href":"https:\/\/us.edu.pl\/instytut\/im\/wp-json\/wp\/v2\/types\/page"}],"author":[{"embeddable":true,"href":"https:\/\/us.edu.pl\/instytut\/im\/wp-json\/wp\/v2\/users\/820"}],"replies":[{"embeddable":true,"href":"https:\/\/us.edu.pl\/instytut\/im\/wp-json\/wp\/v2\/comments?post=2976"}],"version-history":[{"count":1,"href":"https:\/\/us.edu.pl\/instytut\/im\/wp-json\/wp\/v2\/pages\/2976\/revisions"}],"predecessor-version":[{"id":2977,"href":"https:\/\/us.edu.pl\/instytut\/im\/wp-json\/wp\/v2\/pages\/2976\/revisions\/2977"}],"up":[{"embeddable":true,"href":"https:\/\/us.edu.pl\/instytut\/im\/wp-json\/wp\/v2\/pages\/2381"}],"wp:attachment":[{"href":"https:\/\/us.edu.pl\/instytut\/im\/wp-json\/wp\/v2\/media?parent=2976"}],"curies":[{"name":"wp","href":"https:\/\/api.w.org\/{rel}","templated":true}]}}