{"id":2989,"date":"2020-08-31T01:27:42","date_gmt":"2020-08-30T23:27:42","guid":{"rendered":"https:\/\/us.edu.pl\/instytut\/im\/?page_id=2989"},"modified":"2020-08-31T01:32:59","modified_gmt":"2020-08-30T23:32:59","slug":"sp-dr-marzena-ciemala","status":"publish","type":"page","link":"https:\/\/us.edu.pl\/instytut\/im\/pamietamy\/sp-dr-marzena-ciemala\/","title":{"rendered":"\u015ap. dr Marzena Ciema\u0142a"},"content":{"rendered":"<p>[vc_row][vc_column]\r\n                <div class=\"text-modules \">\r\n                    <div class=\"container\">\r\n                        <h3 class=\"section-title section-title_border-bottom\">Pami\u0119tamy o...<\/h3> <h3 class=\"subtitle text-modules__subtitle\">Doktor Marzena Ciema\u0142a (1975 - 2006)<\/h3>\r\n                        <div class=\"row m-0\">\r\n                            <div class=\"text-modules__content\">\r\n                                <\/p>\n<div class=\"page\" title=\"Page 1\">\n<div class=\"layoutArea\">\n<div class=\"column\">\n<p><span style=\"font-size: 12pt;font-family: 'trebuchet ms', geneva, sans-serif;color: #000000\">Marzena Ciema\u0142a urodzi\u0142a si\u0119 10 lipca 1975 roku w Wi\u015blicy ko\u0142o Skoczowa.<\/span><\/p>\n<p><span style=\"font-size: 12pt;font-family: 'trebuchet ms', geneva, sans-serif;color: #000000\">Uko\u0144czy\u0142a Liceum Og\u00f3lnokszta\u0142c\u0105ce im. Antoniego Osuchowskiego w Cieszynie. W latach 1994-1999 studiowa\u0142a matematyk\u0119 ze specjalno\u015bci\u0105 zastosowania matematyki na Uniwersytecie \u015al\u0105skim w Katowicach. Prac\u0119 magistersk\u0105 pt. <em>Pier\u015bcienie Witta globalnych cia\u0142 funkcji wymiernych<\/em> napisa\u0142a pod kierunkiem prof. dr. hab. K. Szymiczka.<\/span><\/p>\n<p><span style=\"font-size: 12pt;font-family: 'trebuchet ms', geneva, sans-serif;color: #000000\">W roku akademickim 1999\/2000 pracowa\u0142a na stanowisku asystenta w Instytucie Matematyki Uniwersytetu \u015al\u0105skiego, a nast\u0119pnie w roku 2000 rozpocz\u0119\u0142a studia doktoranckie w Instytucie Matematyki U. \u015al. Przew\u00f3d doktorski Marzeny Ciema\u0142y uzyska\u0142 wsparcie Komitetu Bada\u0144 Naukowych w formie grantu promotorskiego. Prac\u0119 doktorsk\u0105 pt. <em>Pier\u015bcienie Witta jednowymiarowych pier\u015bcieni noetherowskich<\/em> obroni\u0142a w czerwcu 2004 roku i 29 czerwca 2004 r. Rada Instytutu Matematyki U. \u015al. nada\u0142a jej stopie\u0144 doktora nauk matematycznych. Promotorem by\u0142 prof. dr hab. K. Szymiczek. Od 1 pa\u017adziernika 2004 roku zosta\u0142a zatrudniona na stanowisku adiunkta w Instytucie Matematyki U. \u015al.<\/span><\/p>\n<p><span style=\"font-size: 12pt;font-family: 'trebuchet ms', geneva, sans-serif;color: #000000\">Marzena Ciema\u0142a opublikowa\u0142a 6 prac naukowych. Pierwsze dwie prace, opublikowane w roku 2000, zawieraj\u0105 rozwini\u0119cie rezultat\u00f3w uzyskanych w pracy magisterskiej. Cztery pozosta\u0142e prace (w tym jedna opublikowana w (Proc. Amer. Math. Soc.) zawieraj\u0105 rozwini\u0119cie rezultat\u00f3w rozprawy doktorskiej. W pracach tych podj\u0119te zosta\u0142y nowe problemy dotycz\u0105ce naturalnych homomorfizm\u00f3w pier\u015bcieni Witta nieregularnych pier\u015bcieni noetherowskich w pier\u015bcienie Witta ich cia\u0142 u\u0142amk\u00f3w. Udowodniono, \u017ce w wielu podstawowych przypadkach homomorfizmy te nie s\u0105 injektywne, a tak\u017ce, \u017ce ich j\u0105dra s\u0105 nilidea\u0142ami. Pokazano tak\u017ce, \u017ce homomorfizm naturalny pier\u015bcienia Witta ordynku w pier\u015bcie\u0144 Witta ordynku maksymalnego jest surjektywny dla ka\u017cdego ordynku w niesko\u0144czenie wielu cia\u0142ach kwadratowych. Rezultaty te by\u0142y prezentowane na konferencjach mi\u0119dzynarodowych z teorii liczb w Bratys\u0142awie w roku 2003 oraz w Malenovicach w roku 2005.<\/span><\/p>\n<p><span style=\"font-size: 12pt;font-family: 'trebuchet ms', geneva, sans-serif;color: #000000\">Marzena Ciema\u0142a anga\u017cowa\u0142a si\u0119 tak\u017ce w prac\u0119 spo\u0142eczn\u0105 z uzdolnion\u0105 m\u0142odzie\u017c\u0105, by\u0142a cz\u0142onkiem jury XX Og\u00f3lnopolskiego Sejmiku Matematyk\u00f3w.<\/span><\/p>\n<p><span style=\"font-size: 12pt;font-family: 'trebuchet ms', geneva, sans-serif;color: #000000\">Marzena Ciema\u0142a zmar\u0142a 9 lipca 2006 roku wskutek obra\u017ce\u0144 w wypadku samochodowym.<\/span><\/p>\n<\/div>\n<\/div>\n<\/div>\n<div class=\"page\" title=\"Page 3\">\n<div class=\"layoutArea\">\n<div class=\"column\">\n<p><span style=\"font-size: 12pt;font-family: 'trebuchet ms', geneva, sans-serif\"><strong>Opracowa\u0142: prof. dr hab. Kazimierz Szymiczek<\/strong><\/span><\/p>\n<\/div>\n<\/div>\n<\/div>\n<div class=\"mt-3\"><\/div>\r\n                            <\/div>\r\n                            \r\n                            <div class=\"text-modules__img\"><img src=\"https:\/\/us.edu.pl\/instytut\/im\/wp-content\/uploads\/sites\/43\/Pami\u0119tamy-o\/Ciemala.jpg\" alt=\"img\"><\/div>\r\n                        <\/div>\r\n                    <\/div>\r\n                <\/div>[\/vc_column][\/vc_row]<\/p>","protected":false},"excerpt":{"rendered":"<p>[vc_row][vc_column][\/vc_column][\/vc_row] [&#8230;]<\/p>\n<p><a class=\"btn btn-secondary understrap-read-more-link\" href=\"https:\/\/us.edu.pl\/instytut\/im\/pamietamy\/sp-dr-marzena-ciemala\/\">Read More&#8230;<\/a><\/p>\n","protected":false},"author":820,"featured_media":0,"parent":2381,"menu_order":0,"comment_status":"closed","ping_status":"closed","template":"","meta":{"_expiration-date-status":"saved","_expiration-date":0,"_expiration-date-type":"","_expiration-date-categories":[],"_expiration-date-options":[]},"acf":[],"_links":{"self":[{"href":"https:\/\/us.edu.pl\/instytut\/im\/wp-json\/wp\/v2\/pages\/2989"}],"collection":[{"href":"https:\/\/us.edu.pl\/instytut\/im\/wp-json\/wp\/v2\/pages"}],"about":[{"href":"https:\/\/us.edu.pl\/instytut\/im\/wp-json\/wp\/v2\/types\/page"}],"author":[{"embeddable":true,"href":"https:\/\/us.edu.pl\/instytut\/im\/wp-json\/wp\/v2\/users\/820"}],"replies":[{"embeddable":true,"href":"https:\/\/us.edu.pl\/instytut\/im\/wp-json\/wp\/v2\/comments?post=2989"}],"version-history":[{"count":2,"href":"https:\/\/us.edu.pl\/instytut\/im\/wp-json\/wp\/v2\/pages\/2989\/revisions"}],"predecessor-version":[{"id":2993,"href":"https:\/\/us.edu.pl\/instytut\/im\/wp-json\/wp\/v2\/pages\/2989\/revisions\/2993"}],"up":[{"embeddable":true,"href":"https:\/\/us.edu.pl\/instytut\/im\/wp-json\/wp\/v2\/pages\/2381"}],"wp:attachment":[{"href":"https:\/\/us.edu.pl\/instytut\/im\/wp-json\/wp\/v2\/media?parent=2989"}],"curies":[{"name":"wp","href":"https:\/\/api.w.org\/{rel}","templated":true}]}}