{"id":2991,"date":"2020-08-31T01:33:32","date_gmt":"2020-08-30T23:33:32","guid":{"rendered":"https:\/\/us.edu.pl\/instytut\/im\/?page_id=2991"},"modified":"2020-08-31T01:33:32","modified_gmt":"2020-08-30T23:33:32","slug":"sp-mgr-grazyna-fudala","status":"publish","type":"page","link":"https:\/\/us.edu.pl\/instytut\/im\/pamietamy\/sp-mgr-grazyna-fudala\/","title":{"rendered":"\u015ap. mgr Gra\u017cyna Fuda\u0142a"},"content":{"rendered":"<p>[vc_row][vc_column]\r\n                <div class=\"text-modules \">\r\n                    <div class=\"container\">\r\n                        <h3 class=\"section-title section-title_border-bottom\">Pami\u0119tamy o...<\/h3> <h3 class=\"subtitle text-modules__subtitle\">Magister Gra\u017cyna Fuda\u0142a (1950 - 1991)<\/h3>\r\n                        <div class=\"row m-0\">\r\n                            <div class=\"text-modules__content\">\r\n                                <\/p>\n<div class=\"page\" title=\"Page 1\">\n<div class=\"layoutArea\">\n<div class=\"column\">\n<p><span style=\"font-size: 12pt;font-family: 'trebuchet ms', geneva, sans-serif;color: #000000\">Gra\u017cyna Fudala urodzi\u0142a si\u0119 16 listopada 1950 r. w Gliwicach<\/span><\/p>\n<p><span style=\"font-size: 12pt;font-family: 'trebuchet ms', geneva, sans-serif;color: #000000\">W latach 1968-1973 studiowa\u0142a na Wydziale Matematyki, Fizyki i Chemii Uniwersytetu \u015al\u0105skiego na kierunku matematyka.<\/span><\/p>\n<p><span style=\"font-size: 12pt;font-family: 'trebuchet ms', geneva, sans-serif;color: #000000\">Dnia 1.10.1972, b\u0119d\u0105c jeszcze studentk\u0105 V roku, zatrudniona zosta\u0142a na stanowisku asystenta sta\u017cysty w Zak\u0142adzie Dydaktyki Matematyki IM U\u015a, w kt\u00f3rym pracowa\u0142a do 26.10.1979 roku. Po prawie trzyletnim urlopie bezp\u0142atnym z tytu\u0142u opieki nad ma\u0142ym dzieckiem powr\u00f3ci\u0142a do pracy w Uniwersytecie na stanowisko operatora system\u00f3w w Centrum Techniki Obliczeniowej.<\/span><\/p>\n<p><span style=\"font-size: 12pt;font-family: 'trebuchet ms', geneva, sans-serif;color: #000000\">Dnia 24.09.1984 oddelegowana zosta\u0142a do Biblioteki G\u0142\u00f3wnej do pracy przy opracowywaniu ksi\u0119gozbioru matematycznego na stanowisku starszego technika.<\/span><\/p>\n<p><span style=\"font-size: 12pt;font-family: 'trebuchet ms', geneva, sans-serif;color: #000000\">Prac\u0119 w Uniwersytecie zako\u0144czy\u0142a 31.10.1984 przechodz\u0105c do pracy w Centralnym O\u015brodku Informatyki G\u00f3rnictwa w Katowicach. Z powodu d\u0142ugotrwa\u0142ej choroby przesz\u0142a na rent\u0119. Zmar\u0142a 21 grudnia 1991 roku. <\/span><\/p>\n<\/div>\n<\/div>\n<\/div>\n<div class=\"page\" title=\"Page 3\">\n<div class=\"layoutArea\">\n<div class=\"column\">\n<p><span style=\"font-size: 12pt;font-family: 'trebuchet ms', geneva, sans-serif\"><strong>Opracowa\u0142: dr hab. Andrzej S\u0142adek, prof. U\u015a<\/strong><\/span><\/p>\n<\/div>\n<\/div>\n<\/div>\n<div class=\"mt-3\"><\/div>\r\n                            <\/div>\r\n                            \r\n                            \r\n                        <\/div>\r\n                    <\/div>\r\n                <\/div>[\/vc_column][\/vc_row]<\/p>","protected":false},"excerpt":{"rendered":"<p>[vc_row][vc_column][\/vc_column][\/vc_row] [&#8230;]<\/p>\n<p><a class=\"btn btn-secondary understrap-read-more-link\" href=\"https:\/\/us.edu.pl\/instytut\/im\/pamietamy\/sp-mgr-grazyna-fudala\/\">Read More&#8230;<\/a><\/p>\n","protected":false},"author":820,"featured_media":0,"parent":2381,"menu_order":0,"comment_status":"closed","ping_status":"closed","template":"","meta":{"_expiration-date-status":"saved","_expiration-date":0,"_expiration-date-type":"","_expiration-date-categories":[],"_expiration-date-options":[]},"acf":[],"_links":{"self":[{"href":"https:\/\/us.edu.pl\/instytut\/im\/wp-json\/wp\/v2\/pages\/2991"}],"collection":[{"href":"https:\/\/us.edu.pl\/instytut\/im\/wp-json\/wp\/v2\/pages"}],"about":[{"href":"https:\/\/us.edu.pl\/instytut\/im\/wp-json\/wp\/v2\/types\/page"}],"author":[{"embeddable":true,"href":"https:\/\/us.edu.pl\/instytut\/im\/wp-json\/wp\/v2\/users\/820"}],"replies":[{"embeddable":true,"href":"https:\/\/us.edu.pl\/instytut\/im\/wp-json\/wp\/v2\/comments?post=2991"}],"version-history":[{"count":1,"href":"https:\/\/us.edu.pl\/instytut\/im\/wp-json\/wp\/v2\/pages\/2991\/revisions"}],"predecessor-version":[{"id":2992,"href":"https:\/\/us.edu.pl\/instytut\/im\/wp-json\/wp\/v2\/pages\/2991\/revisions\/2992"}],"up":[{"embeddable":true,"href":"https:\/\/us.edu.pl\/instytut\/im\/wp-json\/wp\/v2\/pages\/2381"}],"wp:attachment":[{"href":"https:\/\/us.edu.pl\/instytut\/im\/wp-json\/wp\/v2\/media?parent=2991"}],"curies":[{"name":"wp","href":"https:\/\/api.w.org\/{rel}","templated":true}]}}