{"id":2994,"date":"2020-08-31T01:38:42","date_gmt":"2020-08-30T23:38:42","guid":{"rendered":"https:\/\/us.edu.pl\/instytut\/im\/?page_id=2994"},"modified":"2020-08-31T01:38:42","modified_gmt":"2020-08-30T23:38:42","slug":"sp-dr-zbigniew-gajda","status":"publish","type":"page","link":"https:\/\/us.edu.pl\/instytut\/im\/pamietamy\/sp-dr-zbigniew-gajda\/","title":{"rendered":"\u015ap. dr Zbigniew Gajda"},"content":{"rendered":"<p>[vc_row][vc_column]\r\n                <div class=\"text-modules \">\r\n                    <div class=\"container\">\r\n                        <h3 class=\"section-title section-title_border-bottom\">Pami\u0119tamy o...<\/h3> <h3 class=\"subtitle text-modules__subtitle\">Doktor Zbigniew Gajda (1958-1992)<\/h3>\r\n                        <div class=\"row m-0\">\r\n                            <div class=\"text-modules__content\">\r\n                                <\/p>\n<div class=\"page\" title=\"Page 1\">\n<div class=\"layoutArea\">\n<div class=\"column\">\n<p><span style=\"color: #000000;font-size: 12pt;font-family: 'trebuchet ms', geneva, sans-serif\">Zbigniew Gajda urodzi\u0142 si\u0119 7 lutego 1958 r. w Sosnowcu, a zmar\u0142 6 kwietnia 1992 r. w Katowicach.<\/span><\/p>\n<p><span style=\"color: #000000;font-size: 12pt;font-family: 'trebuchet ms', geneva, sans-serif\">W 1977 r. uko\u0144czy\u0142 szko\u0142\u0119 \u015bredni\u0105 sk\u0142adaj\u0105c egzamin dojrza\u0142o\u015bci w sosnowieckim Liceum Og\u00f3lnokszta\u0142c\u0105cym im. Emilii Plater. W latach 1977-1981 studiowa\u0142 matematyk\u0119 na Wydziale Matematyki, Fizyki i Chemii Uniwersytetu \u015bl\u0105skiego w Katowicach (od 3 roku &#8211; w programie indywidualnym). W czasie studi\u00f3w otrzyma\u0142 nagrod\u0119 specjaln\u0105 Sekretarza Naukowego PAN. Studia uko\u0144czy\u0142 z wyr\u00f3\u017cnieniem w roku 1981 (ze \u015bredni\u0105 5,0). Jego praca magisterska O zbiorach H-wypuk\u0142ych i przestrzeniach lokalnie H-wypuk\u0142ych, uzyska\u0142a III nagrod\u0119 w Og\u00f3lnopolskim Konkursie im. J. Marcinkiewicza na Najlepsz\u0105 Prac\u0119 Studenck\u0105 z Zakresu Matematyki Teoretycznej i zosta\u0142a opublikowana w (w\u00f3wczas) jugos\u0142owia\u0144skim czasopi\u015bmie Glasnik Matemati\u010dki..<\/span><\/p>\n<p><span style=\"color: #000000;font-size: 12pt;font-family: 'trebuchet ms', geneva, sans-serif\">W pa\u017adzierniku 1981 r. podj\u0105\u0142 prac\u0119 w Zak\u0142adzie R\u00f3wna\u0144 Funkcyjnych Instytutu Matematyki U\u015a; przez rok pracowa\u0142 na stanowisku asystenta naukowo-badawczego, a p\u00f3\u017aniej &#8211; przez 3 lata &#8211; jako asystent naukowy. W kwietniu 1985 r. obroni\u0142 rozpraw\u0119 doktorsk\u0105 zatytu\u0142owan\u0105 W\u0142asno\u015b\u0107 r\u00f3\u017cnicowa wy\u017cszych rz\u0119d\u00f3w w r\u00f3\u017cnych klasach odwzorowa\u0144. Od pa\u017adziernika 1985 r. pracowa\u0142 na stanowisku adiunkta w Zak\u0142adzie R\u00f3wna\u0144 Funkcyjnych Instytutu Matematyki U\u015a. Przygotowa\u0142 rozpraw\u0119 habilitacyjn\u0105 nt. Invariant means and representations of semigroups in the theory of functional equations (Prace Naukowe Uniwersytetu \u015bl\u0105skiego w Katowicach nr 1273, Katowice 1992). Nie doczeka\u0142 jednak jej wydania ani colloquium habilitacyjnego wobec tragicznej \u015bmierci w kwietniu 1992 r.<\/span><\/p>\n<p><span style=\"color: #000000;font-size: 12pt;font-family: 'trebuchet ms', geneva, sans-serif\">Rozw\u00f3j naukowy pana dra Zbigniewa Gajdy by\u0142 b\u0142yskotliwy. Jego poka\u017any, bo licz\u0105cy 25 prac napisanych w ci\u0105gu 10 lat, dorobek naukowy zyska\u0142 mu rozg\u0142os nie tylko w krajowym, ale i mi\u0119dzynarodowym \u015brodowisku specjalist\u00f3w. Zainteresowania naukowe dra Gajdy by\u0142y wielorakie; dotyczy\u0142y rozmaitych aspekt\u00f3w teorii r\u00f3wna\u0144 i nier\u00f3wno\u015bci funkcyjnych, m.in. stabilno\u015bci, w\u0142asno\u015bci r\u00f3\u017cnicowej, selekcji odwzorowa\u0144 wielowarto\u015bciowych, rozwi\u0105za\u0144 christensenowsko-mierzalnych, aplikacji metod r\u00f3wna\u0144 funkcyjnych w analizie funkcjonalnej i harmonicznej oraz teorii \u015brednich niezmienniczych. Jego prace odznaczaj\u0105 si\u0119 wnikliwo\u015bci\u0105, precyzj\u0105, prostot\u0105 i elegancj\u0105 metod; uog\u00f3lniaj\u0105 i pog\u0142\u0119biaj\u0105 szereg wynik\u00f3w N.G. de Bruijna, Carolla, Koehla, Laczkovicza, Szekelyhidiego, Fischera i innych. Dr Gajda by\u0142 wi\u0119c zapraszany do wyg\u0142aszania odczyt\u00f3w m.in w Austrii, RFN, Czecho-S\u0142owacji i na W\u0119grzech.<\/span><\/p>\n<p><span style=\"color: #000000;font-size: 12pt;font-family: 'trebuchet ms', geneva, sans-serif\">Nale\u017ca\u0142 do najzdolniejszych i najbardziej efektywnych matematyk\u00f3w w naszym \u015brodowisku. Matematyka by\u0142a jego pasj\u0105 i tre\u015bci\u0105 \u017cycia. W niej widzia\u0142 sens swojej egzystencji. Mimo ci\u0119\u017ckiego fizycznego kalectwa, z kt\u00f3rym przysz\u0142o mu si\u0119 zmaga\u0107 od urodzenia, by\u0142 otwarty na innych i szuka\u0142 kontaktu z lud\u017ami, mia\u0142 wspania\u0142e plany.<\/span><\/p>\n<p><span style=\"color: #000000;font-size: 12pt;font-family: 'trebuchet ms', geneva, sans-serif\">Szok zwi\u0105zany z dramatycznie nieci\u0105g\u0142ym zako\u0144czeniem tw\u00f3rczo\u015bci doskonale ju\u017c ukszta\u0142towanego matematyka jest do dzi\u015b udzia\u0142em wsp\u00f3\u0142pracownik\u00f3w, przyjaci\u00f3\u0142 i znajomych, a przede wszystkim Rodzic\u00f3w dra Gajdy, dla kt\u00f3rych sukcesy syna by\u0142y \u017ar\u00f3d\u0142em g\u0142\u0119bokiej i wielkiej rado\u015bci, satysfakcji i rekompensat\u0105 za nieustanny trud wk\u0142adany w umo\u017cliwianie synowi normalnego funkcjonowania. <\/span><\/p>\n<\/div>\n<\/div>\n<\/div>\n<div class=\"page\" title=\"Page 3\">\n<div class=\"layoutArea\">\n<div class=\"column\">\n<p><span style=\"font-size: 12pt;font-family: 'trebuchet ms', geneva, sans-serif\"><strong>Opracowa\u0142: prof. dr hab. Roman Ger<\/strong><\/span><\/p>\n<\/div>\n<\/div>\n<\/div>\n<div class=\"mt-3\"><\/div>\r\n                            <\/div>\r\n                            \r\n                            \r\n                        <\/div>\r\n                    <\/div>\r\n                <\/div>[\/vc_column][\/vc_row]<\/p>","protected":false},"excerpt":{"rendered":"<p>[vc_row][vc_column][\/vc_column][\/vc_row] [&#8230;]<\/p>\n<p><a class=\"btn btn-secondary understrap-read-more-link\" href=\"https:\/\/us.edu.pl\/instytut\/im\/pamietamy\/sp-dr-zbigniew-gajda\/\">Read More&#8230;<\/a><\/p>\n","protected":false},"author":820,"featured_media":0,"parent":2381,"menu_order":0,"comment_status":"closed","ping_status":"closed","template":"","meta":{"_expiration-date-status":"saved","_expiration-date":0,"_expiration-date-type":"","_expiration-date-categories":[],"_expiration-date-options":[]},"acf":[],"_links":{"self":[{"href":"https:\/\/us.edu.pl\/instytut\/im\/wp-json\/wp\/v2\/pages\/2994"}],"collection":[{"href":"https:\/\/us.edu.pl\/instytut\/im\/wp-json\/wp\/v2\/pages"}],"about":[{"href":"https:\/\/us.edu.pl\/instytut\/im\/wp-json\/wp\/v2\/types\/page"}],"author":[{"embeddable":true,"href":"https:\/\/us.edu.pl\/instytut\/im\/wp-json\/wp\/v2\/users\/820"}],"replies":[{"embeddable":true,"href":"https:\/\/us.edu.pl\/instytut\/im\/wp-json\/wp\/v2\/comments?post=2994"}],"version-history":[{"count":1,"href":"https:\/\/us.edu.pl\/instytut\/im\/wp-json\/wp\/v2\/pages\/2994\/revisions"}],"predecessor-version":[{"id":2995,"href":"https:\/\/us.edu.pl\/instytut\/im\/wp-json\/wp\/v2\/pages\/2994\/revisions\/2995"}],"up":[{"embeddable":true,"href":"https:\/\/us.edu.pl\/instytut\/im\/wp-json\/wp\/v2\/pages\/2381"}],"wp:attachment":[{"href":"https:\/\/us.edu.pl\/instytut\/im\/wp-json\/wp\/v2\/media?parent=2994"}],"curies":[{"name":"wp","href":"https:\/\/api.w.org\/{rel}","templated":true}]}}