{"id":2996,"date":"2020-08-31T01:42:42","date_gmt":"2020-08-30T23:42:42","guid":{"rendered":"https:\/\/us.edu.pl\/instytut\/im\/?page_id=2996"},"modified":"2021-03-21T19:25:04","modified_gmt":"2021-03-21T18:25:04","slug":"blp-mgr-bernard-glat","status":"publish","type":"page","link":"https:\/\/us.edu.pl\/instytut\/im\/pamietamy\/blp-mgr-bernard-glat\/","title":{"rendered":"B\u0142.p. mgr Bernard Glat"},"content":{"rendered":"<p>[vc_row][vc_column]\r\n                <div class=\"text-modules \">\r\n                    <div class=\"container\">\r\n                        <h3 class=\"section-title section-title_border-bottom\">Pami\u0119tamy o...<\/h3> <h3 class=\"subtitle text-modules__subtitle\">Magister Bernard Glat (1904-1968)<\/h3>\r\n                        <div class=\"row m-0\">\r\n                            <div class=\"text-modules__content\">\r\n                                <\/p>\n<div class=\"page\" title=\"Page 1\">\n<div class=\"layoutArea\">\n<div class=\"column\">\n<div class=\"page\" title=\"Page 1\">\n<div class=\"layoutArea\">\n<div class=\"column\">\n<p><span style=\"font-size: 12pt;font-family: 'trebuchet ms', geneva, sans-serif;color: #000000\">Bernard Glat (30.04.1904 &#8211; 25.04.1968) urodzi\u0142 si\u0119 w Ko\u0142omyji (woj. stanis\u0142awowskie) w Galicji, jako dziewi\u0105te dziecko w rodzinie, w kt\u00f3rej by\u0142o ju\u017c osiem c\u00f3rek. Podstawowe wykszta\u0142cenie odebra\u0142 w chederze, tj. w \u017cydowskiej szkole religijnej, w kt\u00f3rej uczyli si\u0119 ch\u0142opcy w wieku szko\u0142y podstawowej. Nast\u0119pnie wst\u0105pi\u0142 do jesziwy, szko\u0142y o poziomie \u015brednim, gdzie wyk\u0142adano Talmud i zasady judaizmu. Po trzech latach opu\u015bci\u0142 jesziw\u0119 i zda\u0142 matur\u0119 zaocznie w szkole polskiej.<\/span><\/p>\n<p><span style=\"font-size: 12pt;font-family: 'trebuchet ms', geneva, sans-serif;color: #000000\">W latach 1925\/26 &#8211; 1928\/29 odby\u0142 studia w Uniwersytecie Jagiello\u0144skim na Wydziale Filozoficznym w zakresie matematyki. Przedstawi\u0142 prac\u0119 magistersk\u0105 pt. <em>Badanie przebiegu charakterystyk r\u00f3wna\u0144 Y(x,y) dx = X(x,y) dy w s\u0105siedztwie punktu osobliwego (charakter topologiczny)<\/em>. Na Jego dyplomie magistra filozofii (dyplom UJ: l 221\/37\/38) czytamy: &#8222;Rada Wydzia\u0142u Filozoficznego Uniwersytetu Jagiello\u0144skiego na wniosek Komisji Egzaminacyjnej nada\u0142a Panu Glattowi Berlowi stopie\u0144 magistra filozofii jako dow\u00f3d zako\u0144czenia studi\u00f3w w zakresie matematyki.&#8221;<\/span><\/p>\n<p><span style=\"font-size: 12pt;font-family: 'trebuchet ms', geneva, sans-serif;color: #000000\">Przez kilka lat uczy\u0142 matematyki w liceum w Ko\u0142omyji. Do wybuchu wojny mieszka\u0142 w Krakowie. Jego pierwsza \u017cona i syn zgin\u0119li w czasie wojny w Krakowie, a Bernard Glat po tu\u0142aczce w r\u00f3\u017cnych republikach ZSRR wr\u00f3ci\u0142 w 1945 roku do Polski. Zamieszka\u0142 w Bytomiu, o\u017ceni\u0142 si\u0119 po raz drugi. W 1950 roku B. Glat wraz z rodzin\u0105 przeprowadzi\u0142 si\u0119 do Katowic, gdzie uczestniczy\u0142 w tworzeniu Wydzia\u0142u Matematyki, Fizyki i Chemii Wy\u017cszej Szko\u0142y Pedagogicznej. Pracowa\u0142 na WSP jako wyk\u0142adowca, z-ca profesora i starszy wyk\u0142adowca przez ca\u0142y czas jej istnienia, tzn. od 1950 do 1968 roku. By\u0142 kierownikiem Katedry Matematyki (od chwili powstania WSP) i Zak\u0142adu Matematyki Stosowanej, a p\u00f3\u017aniej Katedry Analizy Matematycznej i Zak\u0142adu Matematyki Stosowanej. W\u0142o\u017cy\u0142 du\u017co pracy w organizacj\u0119 Sekcji Matematyk WSP w Katowicach i rozw\u00f3j m\u0142odej kadry. W ten spos\u00f3b przyczyni\u0142 si\u0119 do rozwoju \u015bl\u0105skiego \u015brodowiska matematycznego.<\/span><\/p>\n<p><span style=\"font-size: 12pt;font-family: 'trebuchet ms', geneva, sans-serif;color: #000000\">Zmar\u0142 po ci\u0119\u017ckiej chorobie (rak w\u0105troby) 25 kwietnia 1968 roku. Pochowany zosta\u0142 na cmentarzu \u017cydowskim w Katowicach.<\/span><\/p>\n<\/div>\n<\/div>\n<\/div>\n<div class=\"page\" title=\"Page 3\">\n<div class=\"layoutArea\">\n<div class=\"column\">\n<p><span style=\"font-size: 12pt;font-family: 'trebuchet ms', geneva, sans-serif\"><strong>Opracowa\u0142a: dr Krystyna Sk\u00f3rnik <\/strong>(uaktualniono 19 marca 2021 r.)<\/span><\/p>\n<\/div>\n<\/div>\n<\/div>\n<\/div>\n<\/div>\n<\/div>\n<div class=\"mt-3\"><\/div>\r\n                            <\/div>\r\n                            \r\n                            <div class=\"text-modules__img\"><img src=\"https:\/\/us.edu.pl\/instytut\/im\/wp-content\/uploads\/sites\/43\/Pami\u0119tamy-o\/Glat.jpg\" alt=\"img\"><\/div>\r\n                        <\/div>\r\n                    <\/div>\r\n                <\/div>[\/vc_column][\/vc_row]<\/p>","protected":false},"excerpt":{"rendered":"<p>[vc_row][vc_column][\/vc_column][\/vc_row] [&#8230;]<\/p>\n<p><a class=\"btn btn-secondary understrap-read-more-link\" href=\"https:\/\/us.edu.pl\/instytut\/im\/pamietamy\/blp-mgr-bernard-glat\/\">Read More&#8230;<\/a><\/p>\n","protected":false},"author":820,"featured_media":0,"parent":2381,"menu_order":0,"comment_status":"closed","ping_status":"closed","template":"","meta":{"_expiration-date-status":"saved","_expiration-date":0,"_expiration-date-type":"","_expiration-date-categories":[],"_expiration-date-options":[]},"acf":[],"_links":{"self":[{"href":"https:\/\/us.edu.pl\/instytut\/im\/wp-json\/wp\/v2\/pages\/2996"}],"collection":[{"href":"https:\/\/us.edu.pl\/instytut\/im\/wp-json\/wp\/v2\/pages"}],"about":[{"href":"https:\/\/us.edu.pl\/instytut\/im\/wp-json\/wp\/v2\/types\/page"}],"author":[{"embeddable":true,"href":"https:\/\/us.edu.pl\/instytut\/im\/wp-json\/wp\/v2\/users\/820"}],"replies":[{"embeddable":true,"href":"https:\/\/us.edu.pl\/instytut\/im\/wp-json\/wp\/v2\/comments?post=2996"}],"version-history":[{"count":4,"href":"https:\/\/us.edu.pl\/instytut\/im\/wp-json\/wp\/v2\/pages\/2996\/revisions"}],"predecessor-version":[{"id":4171,"href":"https:\/\/us.edu.pl\/instytut\/im\/wp-json\/wp\/v2\/pages\/2996\/revisions\/4171"}],"up":[{"embeddable":true,"href":"https:\/\/us.edu.pl\/instytut\/im\/wp-json\/wp\/v2\/pages\/2381"}],"wp:attachment":[{"href":"https:\/\/us.edu.pl\/instytut\/im\/wp-json\/wp\/v2\/media?parent=2996"}],"curies":[{"name":"wp","href":"https:\/\/api.w.org\/{rel}","templated":true}]}}