{"id":2998,"date":"2020-08-31T01:46:35","date_gmt":"2020-08-30T23:46:35","guid":{"rendered":"https:\/\/us.edu.pl\/instytut\/im\/?page_id=2998"},"modified":"2020-08-31T01:47:40","modified_gmt":"2020-08-30T23:47:40","slug":"sp-mgr-eugeniusz-glowacki","status":"publish","type":"page","link":"https:\/\/us.edu.pl\/instytut\/im\/pamietamy\/sp-mgr-eugeniusz-glowacki\/","title":{"rendered":"\u015ap. mgr Eugeniusz G\u0142owacki"},"content":{"rendered":"<p>[vc_row][vc_column]\r\n                <div class=\"text-modules \">\r\n                    <div class=\"container\">\r\n                        <h3 class=\"section-title section-title_border-bottom\">Pami\u0119tamy o...<\/h3> <h3 class=\"subtitle text-modules__subtitle\">Magister Eugeniusz G\u0142owacki (1940-1995)<\/h3>\r\n                        <div class=\"row m-0\">\r\n                            <div class=\"text-modules__content\">\r\n                                <\/p>\n<div class=\"page\" title=\"Page 1\">\n<div class=\"layoutArea\">\n<div class=\"column\">\n<p><span style=\"font-size: 12pt;font-family: 'trebuchet ms', geneva, sans-serif;color: #000000\">Eugeniusz G\u0142owacki urodzi\u0142 si\u0119 23 stycznia 1940 roku w Policznej. Uko\u0144czy\u0142 Technikum Chemiczne w Pionkach, a nast\u0119pnie podj\u0105\u0142 studia matematyczne w Uniwersytecie Jagiello\u0144skim, kt\u00f3re uko\u0144czy\u0142 w roku 1963. Prac\u0119 magistersk\u0105 pt. <em>Dow\u00f3d twierdzenia Hartogsa metod\u0105 F. Leji<\/em> napisa\u0142 pod kierunkiem prof. J. Siciaka.<\/span><\/p>\n<p><span style=\"font-size: 12pt;font-family: 'trebuchet ms', geneva, sans-serif;color: #000000\">Bezpo\u015brednio po uko\u0144czeniu studi\u00f3w podj\u0105\u0142 prac\u0119 w Filii Uniwersytetu Jagiello\u0144skiego w Katowicach, gdzie pe\u0142ni\u0142 r\u00f3wnie\u017c funkcj\u0119 kierownika biblioteki Instytutu Matematyki. Po utworzeniu Uniwersytetu \u015al\u0105skiego zosta\u0142 zatrudniony w Zak\u0142adzie R\u00f3wna\u0144 Funkcyjnych Instytutu Matematyki. Pracowa\u0142 najpierw na stanowisku starszego asystenta, a nast\u0119pnie wyk\u0142adowcy i starszego wyk\u0142adowcy.<\/span><\/p>\n<p><span style=\"font-size: 12pt;font-family: 'trebuchet ms', geneva, sans-serif;color: #000000\">Eugeniusz G\u0142owacki opublikowa\u0142 4 artyku\u0142y naukowe z zakresu teorii r\u00f3wna\u0144 funkcyjnych. By\u0142 cenionym pracownikiem dydaktycznym. W roku 1984 Rada Pa\u0144stwa odznaczy\u0142a go Z\u0142otym Krzy\u017cem Zas\u0142ugi. Zmar\u0142 19 czerwca 1995 roku.<\/span><\/p>\n<\/div>\n<\/div>\n<\/div>\n<div class=\"page\" title=\"Page 3\">\n<div class=\"layoutArea\">\n<div class=\"column\">\n<p><span style=\"font-size: 12pt;font-family: 'trebuchet ms', geneva, sans-serif\"><strong>Opracowa\u0142: dr hab. Andrzej S\u0142adek, prof. U\u015a<\/strong><\/span><\/p>\n<\/div>\n<\/div>\n<\/div>\n<div class=\"mt-3\"><\/div>\r\n                            <\/div>\r\n                            \r\n                            \r\n                        <\/div>\r\n                    <\/div>\r\n                <\/div>[\/vc_column][\/vc_row]<\/p>","protected":false},"excerpt":{"rendered":"<p>[vc_row][vc_column][\/vc_column][\/vc_row] [&#8230;]<\/p>\n<p><a class=\"btn btn-secondary understrap-read-more-link\" href=\"https:\/\/us.edu.pl\/instytut\/im\/pamietamy\/sp-mgr-eugeniusz-glowacki\/\">Read More&#8230;<\/a><\/p>\n","protected":false},"author":820,"featured_media":0,"parent":2381,"menu_order":0,"comment_status":"closed","ping_status":"closed","template":"","meta":{"_expiration-date-status":"saved","_expiration-date":0,"_expiration-date-type":"","_expiration-date-categories":[],"_expiration-date-options":[]},"acf":[],"_links":{"self":[{"href":"https:\/\/us.edu.pl\/instytut\/im\/wp-json\/wp\/v2\/pages\/2998"}],"collection":[{"href":"https:\/\/us.edu.pl\/instytut\/im\/wp-json\/wp\/v2\/pages"}],"about":[{"href":"https:\/\/us.edu.pl\/instytut\/im\/wp-json\/wp\/v2\/types\/page"}],"author":[{"embeddable":true,"href":"https:\/\/us.edu.pl\/instytut\/im\/wp-json\/wp\/v2\/users\/820"}],"replies":[{"embeddable":true,"href":"https:\/\/us.edu.pl\/instytut\/im\/wp-json\/wp\/v2\/comments?post=2998"}],"version-history":[{"count":1,"href":"https:\/\/us.edu.pl\/instytut\/im\/wp-json\/wp\/v2\/pages\/2998\/revisions"}],"predecessor-version":[{"id":2999,"href":"https:\/\/us.edu.pl\/instytut\/im\/wp-json\/wp\/v2\/pages\/2998\/revisions\/2999"}],"up":[{"embeddable":true,"href":"https:\/\/us.edu.pl\/instytut\/im\/wp-json\/wp\/v2\/pages\/2381"}],"wp:attachment":[{"href":"https:\/\/us.edu.pl\/instytut\/im\/wp-json\/wp\/v2\/media?parent=2998"}],"curies":[{"name":"wp","href":"https:\/\/api.w.org\/{rel}","templated":true}]}}