{"id":3000,"date":"2020-08-31T01:52:06","date_gmt":"2020-08-30T23:52:06","guid":{"rendered":"https:\/\/us.edu.pl\/instytut\/im\/?page_id=3000"},"modified":"2020-08-31T01:52:06","modified_gmt":"2020-08-30T23:52:06","slug":"sp-mgr-martin-grinc","status":"publish","type":"page","link":"https:\/\/us.edu.pl\/instytut\/im\/pamietamy\/sp-mgr-martin-grinc\/","title":{"rendered":"\u015ap. mgr Martin Grin\u010d"},"content":{"rendered":"<p>[vc_row][vc_column]\r\n                <div class=\"text-modules \">\r\n                    <div class=\"container\">\r\n                        <h3 class=\"section-title section-title_border-bottom\">Pami\u0119tamy o...<\/h3> <h3 class=\"subtitle text-modules__subtitle\">Magister Martin Grin\u010d (1970-1999)<\/h3>\r\n                        <div class=\"row m-0\">\r\n                            <div class=\"text-modules__content\">\r\n                                <\/p>\n<div class=\"page\" title=\"Page 1\">\n<div class=\"layoutArea\">\n<div class=\"column\">\n<p><span style=\"font-size: 12pt;color: #000000;font-family: 'trebuchet ms', geneva, sans-serif\">Martin Grin\u010d urodzi\u0142 si\u0119 15 kwietnia 1970 roku w Starej Lubowni na S\u0142owacji, a zmar\u0142 18 stycznia 1999 roku. <\/span><\/p>\n<p><span style=\"font-size: 12pt;color: #000000;font-family: 'trebuchet ms', geneva, sans-serif\">W roku 1988 podj\u0105\u0142 studia w Instytucie Matematyki Uniwersytetu \u015al\u0105skiego. Uko\u0144czy\u0142 je z wyr\u00f3\u017cnieniem, uzyskuj\u0105c dyplom magistra matematyki. 21 czerwca 1993 roku obroni\u0142 prac\u0119 magistersk\u0105 <em>O zbiorach miary zero w przestrzeniach liniowo-topologicznych<\/em>, napisan\u0105 pod kierunkiem prof. dra hab. Karola Barona.<\/span><\/p>\n<p><span style=\"font-size: 12pt;color: #000000;font-family: 'trebuchet ms', geneva, sans-serif\">1 wrze\u015bnia 1993 roku rozpocz\u0105\u0142 prac\u0119 na Uniwersytecie \u015al\u0105skim w Zak\u0142adzie Analizy Rzeczywistej Instytutu Matematyki, gdzie pracowa\u0142 a\u017c do \u015bmierci. Miesi\u0105c p\u00f3\u017aniej w instytucie tym podj\u0105\u0142 studia doktoranckie, na kt\u00f3re otrzyma\u0142 4-letnie stypendium Ministerstwa Szkolnictwa Republiki S\u0142owackiej. 23 czerwca 1998 roku Rada Wydzia\u0142u Matematyki, Fizyki i Chemii Uniwersytetu \u015al\u0105skiego wszcz\u0119\u0142a przew\u00f3d doktorski mgrowi Mar-tinowi Grinczowi. Promotorem w tym przewodzie zosta\u0142 dr hab. Witold Jarczyk. W styczniu 1999 roku mgr Grin\u010d z\u0142o\u017cy\u0142 rozpraw\u0119 doktorsk\u0105 na temat O pewnych klasach przekszta\u0142ce\u0144 odcinka i kwadratu zwi\u0105zanych ze zbiorami niezmienniczymi. 12 stycznia Rada Instytutu postanowi\u0142a zaproponowa\u0107 recenzent\u00f3w i sk\u0142ady komisji egzaminacyjnych w jego przewodzie doktorskim. Sze\u015b\u0107 dni p\u00f3\u017aniej, po d\u0142ugiej walce z chorob\u0105, mgr Martin Grin\u010d zmar\u0142. <\/span><\/p>\n<p><span style=\"font-size: 12pt;color: #000000;font-family: 'trebuchet ms', geneva, sans-serif\">Bra\u0142 czynny udzia\u0142 w trzech mi\u0119dzynarodowych konferencjach naukowych z teorii iteracji i uk\u0142ad\u00f3w dynamicznych, by\u0142 uczestnikiem seminari\u00f3w naukowych z analizy rzeczywistej i z r\u00f3wna\u0144 funkcyjnych w Katowicach oraz seminari\u00f3w i warsztat\u00f3w w Bratys\u0142awie i Ba\u0144skiej Bystrzycy na S\u0142owacji i w Opawie w Czechach. Opublikowa\u0142 sze\u015b\u0107 artyku\u0142\u00f3w, w tym: <\/span><\/p>\n<ol>\n<li><span style=\"font-size: 12pt;color: #000000;font-family: 'trebuchet ms', geneva, sans-serif\"><em>A nonchaotic map with an infinite set \u03a9(f)\\\u03c9(f)<\/em>, Tatra Mountains Mathematical Publications 8 (1996), 239-245.<\/span><\/li>\n<li><span style=\"font-size: 12pt;color: #000000;font-family: 'trebuchet ms', geneva, sans-serif\"><em>On common fixed points of commuting triangular maps<\/em>, Bulletin of the Polish Academy of Sciences. Mathematics 47 (1999), 61-67.<\/span><\/li>\n<li><span style=\"font-size: 12pt;color: #000000;font-family: 'trebuchet ms', geneva, sans-serif\">(wsp\u00f3lna z Romanem Hricem i Liubomirem Snoh\u0105) <em>The structure of the space C(I,I) from the point of view of Sharkovsky stratification<\/em>, Topology 39 (2000), 937-946.<\/span><\/li>\n<li><span style=\"font-size: 12pt;color: #000000;font-family: 'trebuchet ms', geneva, sans-serif\">(wsp\u00f3lna z Liubomirem Snoh\u0105) <em>Jungck theorem for triangular maps and related results<\/em>, Applied General Topology 1 (2000), 83-92.<\/span><\/li>\n<\/ol>\n<p><span style=\"font-size: 12pt;color: #000000;font-family: 'trebuchet ms', geneva, sans-serif\">Pisa\u0142 te\u017c wiersze, kt\u00f3re publikowa\u0142 w Go\u015bciu Niedzielnym.<\/span><\/p>\n<\/div>\n<\/div>\n<\/div>\n<div class=\"page\" title=\"Page 3\">\n<div class=\"layoutArea\">\n<div class=\"column\">\n<p><span style=\"font-size: 12pt;font-family: 'trebuchet ms', geneva, sans-serif\"><strong>Opracowa\u0142: dr hab. Witold Jarczyk<\/strong><\/span><\/p>\n<\/div>\n<\/div>\n<\/div>\n<div class=\"mt-3\"><\/div>\r\n                            <\/div>\r\n                            \r\n                            \r\n                        <\/div>\r\n                    <\/div>\r\n                <\/div>[\/vc_column][\/vc_row]<\/p>","protected":false},"excerpt":{"rendered":"<p>[vc_row][vc_column][\/vc_column][\/vc_row] [&#8230;]<\/p>\n<p><a class=\"btn btn-secondary understrap-read-more-link\" href=\"https:\/\/us.edu.pl\/instytut\/im\/pamietamy\/sp-mgr-martin-grinc\/\">Read More&#8230;<\/a><\/p>\n","protected":false},"author":820,"featured_media":0,"parent":2381,"menu_order":0,"comment_status":"closed","ping_status":"closed","template":"","meta":{"_expiration-date-status":"saved","_expiration-date":0,"_expiration-date-type":"","_expiration-date-categories":[],"_expiration-date-options":[]},"acf":[],"_links":{"self":[{"href":"https:\/\/us.edu.pl\/instytut\/im\/wp-json\/wp\/v2\/pages\/3000"}],"collection":[{"href":"https:\/\/us.edu.pl\/instytut\/im\/wp-json\/wp\/v2\/pages"}],"about":[{"href":"https:\/\/us.edu.pl\/instytut\/im\/wp-json\/wp\/v2\/types\/page"}],"author":[{"embeddable":true,"href":"https:\/\/us.edu.pl\/instytut\/im\/wp-json\/wp\/v2\/users\/820"}],"replies":[{"embeddable":true,"href":"https:\/\/us.edu.pl\/instytut\/im\/wp-json\/wp\/v2\/comments?post=3000"}],"version-history":[{"count":1,"href":"https:\/\/us.edu.pl\/instytut\/im\/wp-json\/wp\/v2\/pages\/3000\/revisions"}],"predecessor-version":[{"id":3001,"href":"https:\/\/us.edu.pl\/instytut\/im\/wp-json\/wp\/v2\/pages\/3000\/revisions\/3001"}],"up":[{"embeddable":true,"href":"https:\/\/us.edu.pl\/instytut\/im\/wp-json\/wp\/v2\/pages\/2381"}],"wp:attachment":[{"href":"https:\/\/us.edu.pl\/instytut\/im\/wp-json\/wp\/v2\/media?parent=3000"}],"curies":[{"name":"wp","href":"https:\/\/api.w.org\/{rel}","templated":true}]}}