{"id":3002,"date":"2020-08-31T01:55:32","date_gmt":"2020-08-30T23:55:32","guid":{"rendered":"https:\/\/us.edu.pl\/instytut\/im\/?page_id=3002"},"modified":"2020-08-31T01:55:32","modified_gmt":"2020-08-30T23:55:32","slug":"sp-mgr-jozef-kozyra","status":"publish","type":"page","link":"https:\/\/us.edu.pl\/instytut\/im\/pamietamy\/sp-mgr-jozef-kozyra\/","title":{"rendered":"\u015ap. mgr J\u00f3zef Kozyra"},"content":{"rendered":"<p>[vc_row][vc_column]\r\n                <div class=\"text-modules \">\r\n                    <div class=\"container\">\r\n                        <h3 class=\"section-title section-title_border-bottom\">Pami\u0119tamy o...<\/h3> <h3 class=\"subtitle text-modules__subtitle\">Magister J\u00f3zef Kozyra (1940-1990)<\/h3>\r\n                        <div class=\"row m-0\">\r\n                            <div class=\"text-modules__content\">\r\n                                <\/p>\n<div class=\"page\" title=\"Page 1\">\n<div class=\"layoutArea\">\n<div class=\"column\">\n<p><span style=\"font-size: 12pt;color: #000000;font-family: 'trebuchet ms', geneva, sans-serif\">J\u00f3zef Kozyra urodzi\u0142 si\u0119 18 wrze\u015bnia 1940 r. w Katowicach.<\/span><\/p>\n<p><span style=\"font-size: 12pt;color: #000000;font-family: 'trebuchet ms', geneva, sans-serif\">W roku 1959 podj\u0105\u0142 studia w Wy\u017cszej Szkole Pedagogicznej w Katowicach. Tytu\u0142 zawodowy magistra matematyki uzyska\u0142 w roku 1965. Po studiach podj\u0105\u0142 prac\u0119 w Katedrze Matematyki WSP w Katowicach w Zak\u0142adzie Matematyki Stosowanej. <\/span><\/p>\n<p><span style=\"font-size: 12pt;color: #000000;font-family: 'trebuchet ms', geneva, sans-serif\">Pracowa\u0142 kolejno na stanowiskach asystenta sta\u017cysty, asystenta i starszego asystenta. Po utworzeniu Uniwersytetu \u015al\u0105skiego przeszed\u0142 do pracy w Instytucie Matematyki. Od 1.06.1975 pracowa\u0142 najpierw na stanowisku specjalisty matematyka, a nast\u0119pnie na stanowisku specjalisty in\u017cynieryjno-technicznego. D\u0142ugotrwa\u0142a choroba spowodowa\u0142a, \u017ce 30.06.1987 roku przeszed\u0142 na rent\u0119.<\/span><\/p>\n<p><span style=\"font-size: 12pt;color: #000000;font-family: 'trebuchet ms', geneva, sans-serif\">Zmar\u0142 3 lipca 1990r. <\/span><\/p>\n<\/div>\n<\/div>\n<\/div>\n<div class=\"page\" title=\"Page 3\">\n<div class=\"layoutArea\">\n<div class=\"column\">\n<p><span style=\"font-size: 12pt;font-family: 'trebuchet ms', geneva, sans-serif\"><strong>Opracowa\u0142: dr hab. Andrzej S\u0142adek, prof U\u015a<\/strong><\/span><\/p>\n<\/div>\n<\/div>\n<\/div>\n<div class=\"mt-3\"><\/div>\r\n                            <\/div>\r\n                            \r\n                            \r\n                        <\/div>\r\n                    <\/div>\r\n                <\/div>[\/vc_column][\/vc_row]<\/p>","protected":false},"excerpt":{"rendered":"<p>[vc_row][vc_column][\/vc_column][\/vc_row] [&#8230;]<\/p>\n<p><a class=\"btn btn-secondary understrap-read-more-link\" href=\"https:\/\/us.edu.pl\/instytut\/im\/pamietamy\/sp-mgr-jozef-kozyra\/\">Read More&#8230;<\/a><\/p>\n","protected":false},"author":820,"featured_media":0,"parent":2381,"menu_order":0,"comment_status":"closed","ping_status":"closed","template":"","meta":{"_expiration-date-status":"saved","_expiration-date":0,"_expiration-date-type":"","_expiration-date-categories":[],"_expiration-date-options":[]},"acf":[],"_links":{"self":[{"href":"https:\/\/us.edu.pl\/instytut\/im\/wp-json\/wp\/v2\/pages\/3002"}],"collection":[{"href":"https:\/\/us.edu.pl\/instytut\/im\/wp-json\/wp\/v2\/pages"}],"about":[{"href":"https:\/\/us.edu.pl\/instytut\/im\/wp-json\/wp\/v2\/types\/page"}],"author":[{"embeddable":true,"href":"https:\/\/us.edu.pl\/instytut\/im\/wp-json\/wp\/v2\/users\/820"}],"replies":[{"embeddable":true,"href":"https:\/\/us.edu.pl\/instytut\/im\/wp-json\/wp\/v2\/comments?post=3002"}],"version-history":[{"count":1,"href":"https:\/\/us.edu.pl\/instytut\/im\/wp-json\/wp\/v2\/pages\/3002\/revisions"}],"predecessor-version":[{"id":3003,"href":"https:\/\/us.edu.pl\/instytut\/im\/wp-json\/wp\/v2\/pages\/3002\/revisions\/3003"}],"up":[{"embeddable":true,"href":"https:\/\/us.edu.pl\/instytut\/im\/wp-json\/wp\/v2\/pages\/2381"}],"wp:attachment":[{"href":"https:\/\/us.edu.pl\/instytut\/im\/wp-json\/wp\/v2\/media?parent=3002"}],"curies":[{"name":"wp","href":"https:\/\/api.w.org\/{rel}","templated":true}]}}