{"id":3005,"date":"2020-08-31T02:26:31","date_gmt":"2020-08-31T00:26:31","guid":{"rendered":"https:\/\/us.edu.pl\/instytut\/im\/?page_id=3005"},"modified":"2020-08-31T02:32:48","modified_gmt":"2020-08-31T00:32:48","slug":"sp-dr-marian-panczakiewicz","status":"publish","type":"page","link":"https:\/\/us.edu.pl\/instytut\/im\/pamietamy\/sp-dr-marian-panczakiewicz\/","title":{"rendered":"\u015ap. dr Marian Panczakiewicz"},"content":{"rendered":"<p>[vc_row][vc_column]\r\n                <div class=\"text-modules \">\r\n                    <div class=\"container\">\r\n                        <h3 class=\"section-title section-title_border-bottom\">Pami\u0119tamy o...<\/h3> <h3 class=\"subtitle text-modules__subtitle\">Doktor Marian Panczakiewicz (1903-1997)<\/h3>\r\n                        <div class=\"row m-0\">\r\n                            <div class=\"text-modules__content\">\r\n                                <\/p>\n<div class=\"page\" title=\"Page 1\">\n<div class=\"layoutArea\">\n<div class=\"column\">\n<p><span style=\"font-size: 12pt;font-family: 'trebuchet ms', geneva, sans-serif;color: #000000\">Marian Panczakiewicz (11.01.1903 &#8211; 01.07.1997) urodzi\u0142 si\u0119 w Tarnowie. Czteroletni\u0105 szko\u0142\u0119 podstawow\u0105 uko\u0144czy\u0142 w Gorlicach w 1913 r., o\u015bmioletnie gimnazjum klasyczne w 1922 r. w I Pa\u0144stwowym Gimnazjum im. J. D\u0142ugosza w Nowym S\u0105czu. W latach 1922 do 1926 studiowa\u0142 matematyk\u0119 i fizyk\u0119 na Wydziale Filozoficznym Uniwersytetu Jagiello\u0144skiego w Krakowie. W okresie mi\u0119dzywojennym pracowa\u0142 w szkolnictwie \u015brednim w Bielsku (1926 &#8211; 1934), a nast\u0119pnie w Miko\u0142owie (do wybuchu wojny). Po wybuchu wojny zmuszony by\u0142 opu\u015bci\u0107 \u015al\u0105sk. Osiedli\u0142 si\u0119 najpierw przy rodzinie w Nowym S\u0105czu. Od 1940 r. obj\u0105\u0142 posad\u0119 nauczyciela w szkole podstawowej w Mszanie Dolnej, gdzie pracowa\u0142 do 6 marca 1945. R\u00f3wnocze\u015bnie od wrze\u015bnia 1940 r. do 20 stycznia 1945 r. prowadzi\u0142 tajne nauczanie z matematyki i fizyki na terenie powiatu limanowskiego. Po wojnie, od 7.03.1945 r. do 31.08.1945 r., pracowa\u0142 jako nauczyciel matematyki w Pa\u0144stwowym Gimnazjum i Liceum im. A. Mickiewicza w Katowicach, a w okresie od 1.09.1945 do 31.08.1951, by\u0142 nauczycielem matematyki w \u015al\u0105skich Technicznych Zak\u0142adach Naukowych w Katowicach. <\/span><\/p>\n<p><span style=\"font-size: 12pt;font-family: 'trebuchet ms', geneva, sans-serif;color: #000000\">Dnia 5 marca 1948 r. otrzyma\u0142 dyplom magistra matematyki na Wydziale Matematyczno-Przyrodniczym Uniwersytetu Jagiello\u0144skiego w Krakowie. Dnia 1 wrze\u015bnia 1951 r. zosta\u0142 przeniesiony do WSP w Katowicach. Pracowa\u0142 tam na stanowisku starszego wyk\u0142adowcy przez ca\u0142y czas istnienia WSP, tj. do r. 1968, pe\u0142ni\u0105c w latach akademickich 1954\/5 &#8211; 1957\/8 funkcj\u0119 prodziekana Wydzia\u0142u Mat.-Fiz.-Chem. W powsta\u0142ym Uniwersytecie \u015al\u0105skim pracowa\u0142 tylko jeden rok; wskutek utraty wzroku zmuszony by\u0142 przej\u015b\u0107 na emerytur\u0119 (01.09.1069). <\/span><\/p>\n<p><span style=\"font-size: 12pt;font-family: 'trebuchet ms', geneva, sans-serif;color: #000000\">Doktoryzowa\u0142 si\u0119 29 stycznia 1964 r. na podstawie rozprawy pt. <em>Poj\u0119cie funkcji w nauce i nauczaniu<\/em>, kt\u00f3rej promotorem by\u0142 prof. dr Jerzy S\u0142upecki z WSP w Opolu.<\/span><\/p>\n<p><span style=\"font-size: 12pt;font-family: 'trebuchet ms', geneva, sans-serif;color: #000000\">Dr Marian Panczakiewicz jest autorem trzech prac naukowych, opublikowanych w Zeszytach Naukowych WSP w Katowicach oraz podr\u0119cznika pt. Logika matematyczna, wydanego w r. 1970 przez Uniwersytet \u015al\u0105ski.<\/span><\/p>\n<\/div>\n<\/div>\n<\/div>\n<div class=\"page\" title=\"Page 3\">\n<div class=\"layoutArea\">\n<div class=\"column\">\n<p><span style=\"font-size: 12pt;font-family: 'trebuchet ms', geneva, sans-serif\"><strong>Opracowa\u0142a: dr Krystyna Sk\u00f3rnik<\/strong><\/span><\/p>\n<\/div>\n<\/div>\n<\/div>\n<div class=\"mt-3\"><\/div>\r\n                            <\/div>\r\n                            \r\n                            \r\n                        <\/div>\r\n                    <\/div>\r\n                <\/div>[\/vc_column][\/vc_row]<\/p>","protected":false},"excerpt":{"rendered":"<p>[vc_row][vc_column][\/vc_column][\/vc_row] [&#8230;]<\/p>\n<p><a class=\"btn btn-secondary understrap-read-more-link\" href=\"https:\/\/us.edu.pl\/instytut\/im\/pamietamy\/sp-dr-marian-panczakiewicz\/\">Read More&#8230;<\/a><\/p>\n","protected":false},"author":820,"featured_media":0,"parent":2381,"menu_order":0,"comment_status":"closed","ping_status":"closed","template":"","meta":{"_expiration-date-status":"saved","_expiration-date":0,"_expiration-date-type":"","_expiration-date-categories":[],"_expiration-date-options":[]},"acf":[],"_links":{"self":[{"href":"https:\/\/us.edu.pl\/instytut\/im\/wp-json\/wp\/v2\/pages\/3005"}],"collection":[{"href":"https:\/\/us.edu.pl\/instytut\/im\/wp-json\/wp\/v2\/pages"}],"about":[{"href":"https:\/\/us.edu.pl\/instytut\/im\/wp-json\/wp\/v2\/types\/page"}],"author":[{"embeddable":true,"href":"https:\/\/us.edu.pl\/instytut\/im\/wp-json\/wp\/v2\/users\/820"}],"replies":[{"embeddable":true,"href":"https:\/\/us.edu.pl\/instytut\/im\/wp-json\/wp\/v2\/comments?post=3005"}],"version-history":[{"count":2,"href":"https:\/\/us.edu.pl\/instytut\/im\/wp-json\/wp\/v2\/pages\/3005\/revisions"}],"predecessor-version":[{"id":3009,"href":"https:\/\/us.edu.pl\/instytut\/im\/wp-json\/wp\/v2\/pages\/3005\/revisions\/3009"}],"up":[{"embeddable":true,"href":"https:\/\/us.edu.pl\/instytut\/im\/wp-json\/wp\/v2\/pages\/2381"}],"wp:attachment":[{"href":"https:\/\/us.edu.pl\/instytut\/im\/wp-json\/wp\/v2\/media?parent=3005"}],"curies":[{"name":"wp","href":"https:\/\/api.w.org\/{rel}","templated":true}]}}