{"id":3007,"date":"2020-08-31T02:30:56","date_gmt":"2020-08-31T00:30:56","guid":{"rendered":"https:\/\/us.edu.pl\/instytut\/im\/?page_id=3007"},"modified":"2024-11-21T01:43:33","modified_gmt":"2024-11-21T00:43:33","slug":"sp-prof-tadeusz-pruncal","status":"publish","type":"page","link":"https:\/\/us.edu.pl\/instytut\/im\/pamietamy\/sp-prof-tadeusz-pruncal\/","title":{"rendered":"\u015ap. prof. Tadeusz Prucnal"},"content":{"rendered":"<p>[vc_row][vc_column]\r\n                <div class=\"text-modules \">\r\n                    <div class=\"container\">\r\n                        <h3 class=\"section-title section-title_border-bottom\">Profesor Tadeusz Prucnal (1939 - 1998)<\/h3> \r\n                        <div class=\"row m-0\">\r\n                            <div class=\"text-modules__content\">\r\n                                <\/p>\n<div class=\"page\" title=\"Page 1\">\n<div class=\"layoutArea\">\n<div class=\"column\">\n<p><span style=\"font-size: 12pt; color: #000000; font-family: 'trebuchet ms', geneva, sans-serif;\">Urodzony 25 kwietnia 1939 w Sza\u0144cu k. Buska Zdroju, zmar\u0142 28 lutego 1998 roku w Kielcach. Studia matematyczne w Wy\u017cszej Szkole Pedagogicznej w Opolu (obecnie Uniwersytet Opolski) w latach 1958-63. Po uko\u0144czeniu studi\u00f3w, przez rok, pracuje jako nauczyciel w Liceum Ekonomicznym w Opolu, a nast\u0119pnie jako asystent w WSP. Stopie\u0144 doktora nauk matematycznych uzyskuje w Uniwersytecie \u015al\u0105skim w 1970 roku; promotorem rozprawy jest prof. dr hab. Witold A. Pogorzelski. W tym te\u017c roku podejmuje prac\u0119 w Instytucie Matematyki Uniwersytetu \u015al\u0105skiego na stanowisku adiunkta. Od 1975, do przedwczesnej \u015bmierci, zatrudniony jest w Wy\u017cszej Szkole Pedagogicznej w Kielcach, pocz\u0105tkowo na stanowisku adiunkta, a nast\u0119pnie profesora nadzwyczajnego. Stopie\u0144 doktora habilitowanego nauk matematycznych uzyskuje w Uniwersytecie Miko\u0142aja Kopernika w Toruniu, w 1983 roku.<\/span><\/p>\n<p><span style=\"font-size: 12pt; color: #000000; font-family: 'trebuchet ms', geneva, sans-serif;\">Tw\u00f3rczo\u015b\u0107 naukowa Tadeusza Prucnala, licz\u0105ca 39 pozycji, dotyczy szerokiego spektrum zagadnie\u0144 z zakresu logiki matematycznej, podstaw matematyki i arytmetyki teoretycznej. Spora cz\u0119\u015b\u0107 dorobku, ponad 12 pozycji (w tym najistotniejsze prace), powsta\u0142a w okresie pobytu w Uniwersytecie \u015al\u0105skim; szczeg\u00f3lnie inspiruj\u0105ca by\u0142a wsp\u00f3\u0142praca naukowa z Witoldem A. Pogorzelskim. Najbardziej znanym wynikiem jest strukturalna zupe\u0142no\u015b\u0107 logiki Medvedeva pozwalaj\u0105ca na pozytywne rozwi\u0105zanie jednego z problem\u00f3w Harveya Fiedmana.<\/span><\/p>\n<\/div>\n<\/div>\n<\/div>\n<div class=\"page\" title=\"Page 3\">\n<div class=\"layoutArea\">\n<div class=\"column\">\n<p><span style=\"font-size: 12pt; font-family: 'trebuchet ms', geneva, sans-serif; color: #000000;\"><strong>Opracowa\u0142a: dr Krystyna Sk\u00f3rnik<\/strong><\/span><\/p>\n<\/div>\n<\/div>\n<\/div>\n<div class=\"mt-3\"><\/div>\r\n                            <\/div>\r\n                            \r\n                            <div class=\"text-modules__img\"><img src=\"https:\/\/us.edu.pl\/instytut\/im\/wp-content\/uploads\/sites\/43\/Pamietamy-o\/T_Prucnal-2-230x300.png\" alt=\"img\"><\/div>\r\n                        <\/div>\r\n                    <\/div>\r\n                <\/div>[\/vc_column][\/vc_row]<\/p>","protected":false},"excerpt":{"rendered":"<p>[vc_row][vc_column][\/vc_column][\/vc_row] [&#8230;]<\/p>\n<p><a class=\"btn btn-secondary understrap-read-more-link\" href=\"https:\/\/us.edu.pl\/instytut\/im\/pamietamy\/sp-prof-tadeusz-pruncal\/\">Read More&#8230;<\/a><\/p>\n","protected":false},"author":820,"featured_media":0,"parent":2381,"menu_order":0,"comment_status":"closed","ping_status":"closed","template":"","meta":{"_expiration-date-status":"","_expiration-date":0,"_expiration-date-type":"","_expiration-date-categories":[],"_expiration-date-options":[]},"acf":[],"_links":{"self":[{"href":"https:\/\/us.edu.pl\/instytut\/im\/wp-json\/wp\/v2\/pages\/3007"}],"collection":[{"href":"https:\/\/us.edu.pl\/instytut\/im\/wp-json\/wp\/v2\/pages"}],"about":[{"href":"https:\/\/us.edu.pl\/instytut\/im\/wp-json\/wp\/v2\/types\/page"}],"author":[{"embeddable":true,"href":"https:\/\/us.edu.pl\/instytut\/im\/wp-json\/wp\/v2\/users\/820"}],"replies":[{"embeddable":true,"href":"https:\/\/us.edu.pl\/instytut\/im\/wp-json\/wp\/v2\/comments?post=3007"}],"version-history":[{"count":5,"href":"https:\/\/us.edu.pl\/instytut\/im\/wp-json\/wp\/v2\/pages\/3007\/revisions"}],"predecessor-version":[{"id":6922,"href":"https:\/\/us.edu.pl\/instytut\/im\/wp-json\/wp\/v2\/pages\/3007\/revisions\/6922"}],"up":[{"embeddable":true,"href":"https:\/\/us.edu.pl\/instytut\/im\/wp-json\/wp\/v2\/pages\/2381"}],"wp:attachment":[{"href":"https:\/\/us.edu.pl\/instytut\/im\/wp-json\/wp\/v2\/media?parent=3007"}],"curies":[{"name":"wp","href":"https:\/\/api.w.org\/{rel}","templated":true}]}}