{"id":3010,"date":"2020-08-31T02:37:26","date_gmt":"2020-08-31T00:37:26","guid":{"rendered":"https:\/\/us.edu.pl\/instytut\/im\/?page_id=3010"},"modified":"2020-08-31T02:37:26","modified_gmt":"2020-08-31T00:37:26","slug":"sp-mgr-stefan-sedlak","status":"publish","type":"page","link":"https:\/\/us.edu.pl\/instytut\/im\/pamietamy\/sp-mgr-stefan-sedlak\/","title":{"rendered":"\u015ap. mgr Stefan Sedlak"},"content":{"rendered":"<p>[vc_row][vc_column]\r\n                <div class=\"text-modules \">\r\n                    <div class=\"container\">\r\n                        <h3 class=\"section-title section-title_border-bottom\">Pami\u0119tamy o...<\/h3> <h3 class=\"subtitle text-modules__subtitle\">Magister Stefan Sedlak (1908 - 1987)<\/h3>\r\n                        <div class=\"row m-0\">\r\n                            <div class=\"text-modules__content\">\r\n                                <\/p>\n<div class=\"page\" title=\"Page 1\">\n<div class=\"layoutArea\">\n<div class=\"column\">\n<p><span style=\"font-size: 12pt;font-family: 'trebuchet ms', geneva, sans-serif\">Stefan Sedlak (06.06.1908.- 09.03.1987.) urodzi\u0142 si\u0119 w Kro\u015bnie. Szko\u0142\u0119 \u015bredni\u0105 uko\u0144czy\u0142 w Krakowie 27 maja 1926 r. W latach 1926 do 1931 odby\u0142 studia w Uniwersytecie Jagiello\u0144skim w Krakowie na Wydziale Filozoficznym w zakresie matematyki. Dnia 2 czerwca 1933 r Rada Wydzia\u0142u Filozoficznego UJ na wniosek Komisji Egzaminacyjnej (po zdaniu ostatecznego egzaminu i przedstawieniu pracy magisterskiej pt. <em>O poj\u0119ciu niezmiennika<\/em>) nada\u0142a S. Sedlakowi stopie\u0144 magistra filozofii jako dow\u00f3d zako\u0144czenia studi\u00f3w wy\u017cszych w zakresie matematyki. Jego wyk\u0142adowcami byli, mi\u0119dzy innymi, profesorowie: Tadeusz Wa\u017cewski, Leon Chwistek, Antoni Hoborski, I.P. Natanson, Witold Wilkosz, Stanis\u0142aw Zaremba. <\/span><\/p>\n<p><span style=\"font-size: 12pt;font-family: 'trebuchet ms', geneva, sans-serif\">Od 1931 r. do 1939 r. uczy\u0142 na \u015al\u0105sku matematyki w szko\u0142ach \u015brednich (Miko\u0142\u00f3w, Bielsko). W czasie okupacji bra\u0142 udzia\u0142 w tajnym nauczaniu w Krakowie. Dnia 1 marca 1945 r. rozpocz\u0105\u0142 prac\u0119 w szkolnictwie \u015brednim w Katowicach. Uczy\u0142 matematyki, geometrii wykre\u015blnej, wytrzyma\u0142o\u015bci materia\u0142\u00f3w w \u015aTZN do 1951 r. Od chwili powstania Politechniki \u015al\u0105skiej dnia 15 maja 1945 r., gdy Uczelnia mie\u015bci\u0142a si\u0119 jeszcze w Krakowie, pracowa\u0142 przez rok jako starszy asystent na Wydziale Budowlanym.<\/span><\/p>\n<p><span style=\"font-size: 12pt;font-family: 'trebuchet ms', geneva, sans-serif\">W latach 1946-1949 wyk\u0142ada\u0142 matematyk\u0119 i logik\u0119 matematyczn\u0105 w Instytucie Pedagogicznym w Katowicach. Od 1948 r. kontynuowa\u0142 prac\u0119 na Pol. \u015al. w Gliwicach jako starszy asystent, a potem jako adiunkt, z-ca prof. do momentu przej\u015bcia na emerytur\u0119 01.10.1973 r. Od 1950 r. by\u0142 zatrudniony r\u00f3wnie\u017c w Wy\u017cszej Szkole Pedagogicznej w Katowicach: w latach 1950-1954 jako docent kontraktowy, p\u00f3\u017aniej jako z-ca prof. do 1961 r. W latach 1953-1959 by\u0142 pierwszym dziekanem utworzonego na WSP Wydzia\u0142u Mat.-Fiz.-Chem. Od 1949 r. prowadzi\u0142 wyk\u0142ady z matematyki i metod numerycznych na studium dziennym, a od 1961 r. na Wieczorowej Szkole In\u017cynieryjnej w Katowicach, kt\u00f3r\u0105 potem przemianowano na Studium Wieczorowe dla pracuj\u0105cych przy Politechnice \u015al\u0105skiej. Og\u0142osi\u0142 drukiem ponad 10 prac z zakresu matematyki i dydaktyki nauczania matematyki, napisa\u0142 2 skrypty dla uczni\u00f3w \u015aTZN i skrypt Compendium algebry liniowej dla student\u00f3w WSP w Katowicach. By\u0142 cz\u0142onkiem Komisji Weryfikacyjnej okresu okupacji dla Nauczycieli Szk\u00f3\u0142 \u015brednich przy \u015al\u0105skim Kuratorium Szkolnym, mianowanym przez Ministerstwo O\u015bwiaty.<\/span><\/p>\n<p><span style=\"font-size: 12pt;font-family: 'trebuchet ms', geneva, sans-serif\">Mgr Stefan Sedlak z wielkim zapa\u0142em i energi\u0105 uczestniczy\u0142 w organizacji matematycznego o\u015brodka akademickiego na \u015al\u0105sku, by\u0142 aktywnym cz\u0142onkiem Polskiego Towarzystwa Matematycznego, \u015bwietnym popularyzatorem matematyki. Wyg\u0142asza\u0142 odczyty dla nauczycieli z zakresu matematyki i dydaktyki matematyki w O\u015brodku Metodycznym Matematyki przy Kuratorium \u015al\u0105skiego Okr\u0119gu Szkolnego w Katowicach, a tak\u017ce w Cieszynie, Opolu, Bytomiu, Chorzowie i innych miastach. Wyg\u0142asza\u0142 odczyty dla uczni\u00f3w szk\u00f3\u0142 \u015brednich i na posiedzeniach naukowych Polskiego Towarzystwa Matematycznego.<\/span><\/p>\n<\/div>\n<\/div>\n<\/div>\n<div class=\"page\" title=\"Page 3\">\n<div class=\"layoutArea\">\n<div class=\"column\">\n<p><span style=\"font-size: 12pt;font-family: 'trebuchet ms', geneva, sans-serif\"><strong>Opracowa\u0142a: dr Krystyna Sk\u00f3rnik<\/strong><\/span><\/p>\n<\/div>\n<\/div>\n<\/div>\n<div class=\"mt-3\"><\/div>\r\n                            <\/div>\r\n                            \r\n                            <div class=\"text-modules__img\"><img src=\"https:\/\/us.edu.pl\/instytut\/im\/wp-content\/uploads\/sites\/43\/Pami\u0119tamy-o\/sedlak.jpg\" alt=\"img\"><\/div>\r\n                        <\/div>\r\n                    <\/div>\r\n                <\/div>[\/vc_column][\/vc_row]<\/p>","protected":false},"excerpt":{"rendered":"<p>[vc_row][vc_column][\/vc_column][\/vc_row] [&#8230;]<\/p>\n<p><a class=\"btn btn-secondary understrap-read-more-link\" href=\"https:\/\/us.edu.pl\/instytut\/im\/pamietamy\/sp-mgr-stefan-sedlak\/\">Read More&#8230;<\/a><\/p>\n","protected":false},"author":820,"featured_media":0,"parent":2381,"menu_order":0,"comment_status":"closed","ping_status":"closed","template":"","meta":{"_expiration-date-status":"saved","_expiration-date":0,"_expiration-date-type":"","_expiration-date-categories":[],"_expiration-date-options":[]},"acf":[],"_links":{"self":[{"href":"https:\/\/us.edu.pl\/instytut\/im\/wp-json\/wp\/v2\/pages\/3010"}],"collection":[{"href":"https:\/\/us.edu.pl\/instytut\/im\/wp-json\/wp\/v2\/pages"}],"about":[{"href":"https:\/\/us.edu.pl\/instytut\/im\/wp-json\/wp\/v2\/types\/page"}],"author":[{"embeddable":true,"href":"https:\/\/us.edu.pl\/instytut\/im\/wp-json\/wp\/v2\/users\/820"}],"replies":[{"embeddable":true,"href":"https:\/\/us.edu.pl\/instytut\/im\/wp-json\/wp\/v2\/comments?post=3010"}],"version-history":[{"count":1,"href":"https:\/\/us.edu.pl\/instytut\/im\/wp-json\/wp\/v2\/pages\/3010\/revisions"}],"predecessor-version":[{"id":3011,"href":"https:\/\/us.edu.pl\/instytut\/im\/wp-json\/wp\/v2\/pages\/3010\/revisions\/3011"}],"up":[{"embeddable":true,"href":"https:\/\/us.edu.pl\/instytut\/im\/wp-json\/wp\/v2\/pages\/2381"}],"wp:attachment":[{"href":"https:\/\/us.edu.pl\/instytut\/im\/wp-json\/wp\/v2\/media?parent=3010"}],"curies":[{"name":"wp","href":"https:\/\/api.w.org\/{rel}","templated":true}]}}