{"id":3012,"date":"2020-08-31T03:04:30","date_gmt":"2020-08-31T01:04:30","guid":{"rendered":"https:\/\/us.edu.pl\/instytut\/im\/?page_id=3012"},"modified":"2020-08-31T03:05:24","modified_gmt":"2020-08-31T01:05:24","slug":"sp-dr-krystyna-skornik","status":"publish","type":"page","link":"https:\/\/us.edu.pl\/instytut\/im\/pamietamy\/sp-dr-krystyna-skornik\/","title":{"rendered":"\u015ap. dr Krystyna Sk\u00f3rnik"},"content":{"rendered":"<p>[vc_row][vc_column]\r\n                <div class=\"text-modules \">\r\n                    <div class=\"container\">\r\n                        <h3 class=\"section-title section-title_border-bottom\">Pami\u0119tamy o...<\/h3> <h3 class=\"subtitle text-modules__subtitle\">Doktor Krystyna Sk\u00f3rnik (1939 \u2013 2017)<\/h3>\r\n                        <div class=\"row m-0\">\r\n                            <div class=\"text-modules__content\">\r\n                                <\/p>\n<div class=\"page\" title=\"Page 1\">\n<div class=\"layoutArea\">\n<div class=\"column\">\n<p><span style=\"font-size: 12pt;font-family: 'trebuchet ms', geneva, sans-serif;color: #000000\">Krystyna Sk\u00f3rnik, z domu Augustyniak, urodzi\u0142a si\u0119 3 kwietnia 1939 roku w Rudzie \u015al\u0105skiej. Tam te\u017c ucz\u0119szcza\u0142a do II LO im. Gustawa Morcinka. Po maturze w 1957 roku rozpocz\u0119\u0142a w Wy\u017cszej Szkole Pedagogicznej w Katowicach studia matematyczne, kt\u00f3re uko\u0144czy\u0142a w 1961 roku. Prac\u0119 magistersk\u0105 napisa\u0142a pod kierunkiem Mieczys\u0142awa Kucharzewskiego. W Wy\u017cszej Szkole Pedagogicznej, kt\u00f3ra w 1968 roku wesz\u0142a w sk\u0142ad powsta\u0142ego w\u00f3wczas Uniwersytetu \u015al\u0105skiego, pracowa\u0142a na etacie asystenta, a p\u00f3\u017aniej starszego asystenta do 1970 roku, kiedy to przesz\u0142a do Pracowni Matematycznej PAN w Katowicach, kierowanej przez Jana Mikusi\u0144skiego. Pod jego kierunkiem w 1971 roku napisa\u0142a prac\u0119 doktorsk\u0105, kt\u00f3r\u0105 obroni\u0142a w IM PAN. Tematyk\u0119 zapocz\u0105tkowan\u0105 przez prac\u0119 <em>Dystrybucje periodyczne zredukowane<\/em> rozwija\u0142a te\u017c w p\u00f3\u017aniejszych latach, poszerzaj\u0105c j\u0105 o inne dziedziny matematyki uprawiane w Katowicach. Ma w dorobku ponad sze\u015b\u0107dziesi\u0105t publikacji, a w\u015br\u00f3d nich ksi\u0105\u017ck\u0119 <em>Operational Calculus and Related Topics<\/em> opublikowan\u0105 w 2006 roku wsp\u00f3lnie z H. -J. Glaeskem i A. P. Prudnikowem. Jej aktywno\u015b\u0107 naukowa przejawia\u0142a si\u0119 te\u017c poprzez udzia\u0142 w licznych konferencjach, cz\u0119sto wyst\u0119powa\u0142a w roli ich wsp\u00f3\u0142organizatora. W Akademii Nauk ZSRR w Moskwie odby\u0142a zagraniczny sta\u017c naukowy w roku akademickim 1979\/1980.<\/span><\/p>\n<p><span style=\"font-size: 12pt;font-family: 'trebuchet ms', geneva, sans-serif;color: #000000\">By\u0142a osob\u0105 niezwykle pracowit\u0105, z wielkim oddaniem realizuj\u0105c\u0105 stoj\u0105ce przed ni\u0105 zadania. Jej najwi\u0119ksz\u0105 pasj\u0105 okaza\u0142o si\u0119 jednak nauczanie i popularyzowanie matematyki. Z tego zapewne powodu nie stara\u0142a si\u0119 o kolejne stopnie w karierze naukowej. W 1989 roku zosta\u0142a nauczycielem matematyki w VIII Liceum Og\u00f3lnokszta\u0142c\u0105cym im. Marii Sk\u0142odowskiej-Curie w Katowicach. Jak sama o sobie powiedzia\u0142a: \u201eprzysz\u0142am na zast\u0119pstwo, a zosta\u0142am na dwadzie\u015bcia pi\u0119\u0107 lat\u201d. Wychowankowie wspominaj\u0105 j\u0105 jako nauczyciela bardzo \u017cyczliwego, cierpliwego, \u015bwietnego wyk\u0142adowc\u0119. Potrafi\u0142a zaszczepi\u0107 m\u0142odzie\u017cy zainteresowanie matematyk\u0105. Wielu spo\u015br\u00f3d jej uczni\u00f3w uko\u0144czy\u0142o studia matematyczne, a cz\u0119\u015b\u0107 z nich rozwija karier\u0119 naukow\u0105 na uczelniach krajowych i zagranicznych.<\/span><\/p>\n<p><span style=\"font-size: 12pt;font-family: 'trebuchet ms', geneva, sans-serif;color: #000000\">Krystyna Sk\u00f3rnik inspirowa\u0142a uzdolnionych matematycznie uczni\u00f3w do udzia\u0142u w Olimpiadzie Matematycznej i innych konkursach matematycznych. Mia\u0142a szczeg\u00f3lny dar odkrywania talent\u00f3w oraz umiej\u0119tno\u015b\u0107 przekonywania m\u0142odych ludzi do wiary we w\u0142asne mo\u017cliwo\u015bci. W\u015br\u00f3d jej uczni\u00f3w jest trzech laureat\u00f3w i jedenastu finalist\u00f3w Olimpiady Matematycznej, reprezentant Polski na Second Middle European Mathematical Olympiad oraz br\u0105zowy medalista Mi\u0119dzynarodowej Olimpiady Matematycznej. Zosta\u0142a odznaczona Medalem Komisji Edukacji Narodowej, Medalem Pi\u0119\u0107dziesi\u0119ciolecia Olimpiady Matematycznej oraz Medalem Sze\u015b\u0107dziesi\u0119ciolecia Olimpiady Matematycznej.<\/span><\/p>\n<p><span style=\"font-size: 12pt;font-family: 'trebuchet ms', geneva, sans-serif;color: #000000\">Krystyna Sk\u00f3rnik by\u0142a zwi\u0105zana z Polskim Towarzystwem Matematycznym od pocz\u0105tku swojej dzia\u0142alno\u015bci naukowej. W latach 1977\u20131979 oraz 1984\u20131986 pe\u0142ni\u0142a funkcj\u0119 sekretarza Oddzia\u0142u G\u00f3rno\u015bl\u0105skiego, a w latach 1992\u20131996 wiceprezesa. Prezesem Oddzia\u0142u G\u00f3rno\u015bl\u0105skiego zosta\u0142a w roku 1996 i pe\u0142ni\u0142a t\u0119 funkcj\u0119 nieprzerwanie przez dwadzie\u015bcia lat. Wcieli\u0142a w tym okresie w \u017cycie wiele przedsi\u0119wzi\u0119\u0107, kt\u00f3re do dzi\u015b przynosz\u0105 efekty dla spo\u0142eczno\u015bci matematycznej na G\u00f3rnym \u015al\u0105sku. To z jej inicjatywy powsta\u0142a monografia P\u00f3\u0142 wieku matematyki na G\u00f3rnym \u015al\u0105sku, wydana w 2003 roku nak\u0142adem Wydawnictwa Uniwersytetu \u015al\u0105skiego. Z racji funkcji pe\u0142nionych w PTM by\u0142a \u015bci\u015ble zwi\u0105zana z organizacj\u0105 konkurs\u00f3w matematycznych na \u015al\u0105sku. Szczeg\u00f3ln\u0105 rol\u0119 odegra\u0142a w zbudowaniu od podstaw \u015al\u0105skiego Konkursu Matematycznego, kt\u00f3ry jest organizowany od 2003 roku pod egid\u0105 Oddzia\u0142u G\u00f3rno\u015bl\u0105skiego PTM. Grup\u0119 za\u0142o\u017cycielsk\u0105 stanowi\u0142o kilku nauczycieli matematyki \u2013 cz\u0142onk\u00f3w PTM, w\u015br\u00f3d kt\u00f3rych opr\u00f3cz Krystyny Sk\u00f3rnik byli m.in. J\u00f3zef Siwy i Tomasz Szymczyk. Co roku w konkursie bierze udzia\u0142 kilkuset uczni\u00f3w wojew\u00f3dztwa \u015bl\u0105skiego, z czego oko\u0142o stu zostaje zakwalifikowanych do rywalizacji fina\u0142owej. Z jej inicjatywy podczas zawod\u00f3w fina\u0142owych odbywaj\u0105 si\u0119 r\u00f3wnolegle warsztaty dla nauczycieli, a zako\u0144czenie konkursu ma uroczysty charakter, tradycyjnie u\u015bwietniony wyk\u0142adem wyg\u0142oszonym przez kogo\u015b ze znanych popularyzator\u00f3w matematyki. W uznaniu zas\u0142ug Krystyny Sk\u00f3rnik, dla uczczenia jej pami\u0119ci, Zarz\u0105d Oddzia\u0142u G\u00f3rno\u015bl\u0105skiego PTM postanowi\u0142, \u017ce od 2018 roku b\u0119dzie to \u015al\u0105ski <em>Konkurs Matematyczny im. Krystyny Sk\u00f3rnik<\/em>.<\/span><\/p>\n<p><span style=\"font-size: 12pt;font-family: 'trebuchet ms', geneva, sans-serif;color: #000000\">B\u0119d\u0105c nauczycielem z powo\u0142ania, Krystyna Sk\u00f3rnik mia\u0142a na uwadze rozw\u00f3j ka\u017cdego ucznia, r\u00f3wnie\u017c tego, kt\u00f3ry nie widzi siebie w rozgrywkach konkursowych. Z my\u015bl\u0105 o nich zorganizowa\u0142a w 1990 roku Mi\u0119dzyszkolne Ko\u0142o Matematyczne, przygotowuj\u0105ce m.in. do matury. K\u0142ad\u0142a te\u017c du\u017cy nacisk na popularyzacj\u0119 matematyki. Organizowa\u0142a odczyty popularnonaukowe dla m\u0142odzie\u017cy, zapraszaj\u0105c na nie znanych wyk\u0142adowc\u00f3w z r\u00f3\u017cnych o\u015brodk\u00f3w naukowych z ca\u0142ej Polski. W 2002 roku wyk\u0142ady przyj\u0119\u0142y form\u0119 bardziej zorganizowan\u0105. Zach\u0119cona zaanga\u017cowaniem i ch\u0119ci\u0105 dzia\u0142ania kilkorga nauczycieli z rejonu Katowic, podj\u0119\u0142a decyzj\u0119 o organizacji corocznej sesji popularnonaukowej o nazwie <em>Spotkania z Matematyk\u0105<\/em>. Wsp\u00f3\u0142organizatorami sesji s\u0105 Oddzia\u0142 G\u00f3rno\u015bl\u0105ski PTM i Liceum Og\u00f3lnokszta\u0142c\u0105ce im. Marii Sk\u0142odowskiej-Curie w Katowicach. Nawi\u0105za\u0142a w ten spos\u00f3b do Wieczornic Matematycznych organizowanych przed kilkudziesi\u0119ciu laty w Wy\u017cszej Szkole Pedagogicznej w Katowicach. Dba\u0142o\u015b\u0107 o kontynuacj\u0119 inicjatyw poprzednik\u00f3w oraz zachowanie tradycji i dobrych wzor\u00f3w dla przysz\u0142ych pokole\u0144 by\u0142y jednymi z wa\u017cnych cech wyr\u00f3\u017cniaj\u0105cych Krystyn\u0119 Sk\u00f3rnik. Przyjaciele pami\u0119taj\u0105 jej zaanga\u017cowanie w redakcj\u0119 i wydanie r\u00f3\u017cnych publikacji. Wielokrotnie pisa\u0142a do Wiadomo\u015bci Matematycznych wspomnienia o zmar\u0142ych matematykach. Dzi\u015b nadszed\u0142 czas, aby to jej pami\u0119ci po\u015bwieci\u0107 niniejszy artyku\u0142.<\/span><\/p>\n<p><span style=\"font-size: 12pt;font-family: 'trebuchet ms', geneva, sans-serif;color: #000000\">Krystyna Sk\u00f3rnik mia\u0142a dwoje dzieci. Syn Aleksander jest ekonomist\u0105 i pracuje w bankowo\u015bci w Luksemburgu. Natomiast c\u00f3rka Urszula posz\u0142a w \u015blady matki. Obroni\u0142a prac\u0119 doktorsk\u0105 z matematyki w Instytucie Matematycznym PAN i pracuje w SGGW w Warszawie. \u017bycie rodzinne by\u0142o dla Krystyny bardzo wa\u017cne \u2013 \u017cy\u0142a sprawami swoich dzieci, a w ostatnich latach r\u00f3wnie\u017c wnuk\u00f3w. Razem z m\u0119\u017cem Franciszkiem (zmar\u0142ym kilkana\u015bcie lat temu) prowadzili dom otwarty. Go\u015bcili u siebie wiele os\u00f3b, w tym liczne grono matematyk\u00f3w z kraju i zagranicy. Odesz\u0142a po ci\u0119\u017ckiej chorobie 23 wrze\u015bnia 2017 roku. Pracowita, rzetelna, serdeczna, otwarta na drugiego cz\u0142owieka \u2013 tak\u0105 j\u0105 zapami\u0119taj\u0105 najbli\u017csi, wsp\u00f3\u0142pracownicy, uczniowie oraz kole\u017canki i koledzy z Polskiego Towarzystwa Matematycznego<\/span>.<\/p>\n<\/div>\n<\/div>\n<\/div>\n<div class=\"page\" title=\"Page 3\">\n<div class=\"layoutArea\">\n<div class=\"column\">\n<p><span style=\"font-size: 12pt;font-family: 'trebuchet ms', geneva, sans-serif\"><strong>Opracowali: <\/strong><\/span><span style=\"font-size: 12pt;font-family: 'trebuchet ms', geneva, sans-serif\"><strong>prof. dr hab. Aleksander B\u0142aszczyk i mgr Renata Suchanek<\/strong><\/span><\/p>\n<p><span style=\"font-size: 12pt;font-family: 'trebuchet ms', geneva, sans-serif\"><strong>\u0179r\u00f3d\u0142o: <\/strong><a href=\"http:\/\/www.math.us.edu.pl\/instytut\/historia\/skornik\/skornik.pdf\">Wiadomo\u015bci Matematyczne 53 (2) 2017, 413-415<\/a>\u00a0\u00a9 2017 Polskie Towarzystwo Matematyczne<\/span><\/p>\n<\/div>\n<\/div>\n<\/div>\n<div class=\"mt-3\"><\/div>\r\n                            <\/div>\r\n                            \r\n                            <div class=\"text-modules__img\"><a href=\"https:\/\/us.edu.pl\/instytut\/im\/wp-content\/uploads\/sites\/43\/Pami\u0119tamy-o\/skornik.png\" target=\"_blank\"><img src=\"https:\/\/us.edu.pl\/instytut\/im\/wp-content\/uploads\/sites\/43\/Pami\u0119tamy-o\/skornik-222x300.png\" alt=\"img\"><\/a><\/div>\r\n                        <\/div>\r\n                    <\/div>\r\n                <\/div>[\/vc_column][\/vc_row]<\/p>","protected":false},"excerpt":{"rendered":"<p>[vc_row][vc_column][\/vc_column][\/vc_row] [&#8230;]<\/p>\n<p><a class=\"btn btn-secondary understrap-read-more-link\" href=\"https:\/\/us.edu.pl\/instytut\/im\/pamietamy\/sp-dr-krystyna-skornik\/\">Read More&#8230;<\/a><\/p>\n","protected":false},"author":820,"featured_media":0,"parent":2381,"menu_order":0,"comment_status":"closed","ping_status":"closed","template":"","meta":{"_expiration-date-status":"saved","_expiration-date":0,"_expiration-date-type":"","_expiration-date-categories":[],"_expiration-date-options":[]},"acf":[],"_links":{"self":[{"href":"https:\/\/us.edu.pl\/instytut\/im\/wp-json\/wp\/v2\/pages\/3012"}],"collection":[{"href":"https:\/\/us.edu.pl\/instytut\/im\/wp-json\/wp\/v2\/pages"}],"about":[{"href":"https:\/\/us.edu.pl\/instytut\/im\/wp-json\/wp\/v2\/types\/page"}],"author":[{"embeddable":true,"href":"https:\/\/us.edu.pl\/instytut\/im\/wp-json\/wp\/v2\/users\/820"}],"replies":[{"embeddable":true,"href":"https:\/\/us.edu.pl\/instytut\/im\/wp-json\/wp\/v2\/comments?post=3012"}],"version-history":[{"count":4,"href":"https:\/\/us.edu.pl\/instytut\/im\/wp-json\/wp\/v2\/pages\/3012\/revisions"}],"predecessor-version":[{"id":3016,"href":"https:\/\/us.edu.pl\/instytut\/im\/wp-json\/wp\/v2\/pages\/3012\/revisions\/3016"}],"up":[{"embeddable":true,"href":"https:\/\/us.edu.pl\/instytut\/im\/wp-json\/wp\/v2\/pages\/2381"}],"wp:attachment":[{"href":"https:\/\/us.edu.pl\/instytut\/im\/wp-json\/wp\/v2\/media?parent=3012"}],"curies":[{"name":"wp","href":"https:\/\/api.w.org\/{rel}","templated":true}]}}