{"id":3017,"date":"2020-08-31T03:10:25","date_gmt":"2020-08-31T01:10:25","guid":{"rendered":"https:\/\/us.edu.pl\/instytut\/im\/?page_id=3017"},"modified":"2020-08-31T03:10:25","modified_gmt":"2020-08-31T01:10:25","slug":"sp-mgr-marek-strok","status":"publish","type":"page","link":"https:\/\/us.edu.pl\/instytut\/im\/pamietamy\/sp-mgr-marek-strok\/","title":{"rendered":"\u015ap. mgr Marek Strok"},"content":{"rendered":"<p>[vc_row][vc_column]\r\n                <div class=\"text-modules \">\r\n                    <div class=\"container\">\r\n                        <h3 class=\"section-title section-title_border-bottom\">Pami\u0119tamy o...<\/h3> <h3 class=\"subtitle text-modules__subtitle\">Magister Marek Strok (1948-2005)<\/h3>\r\n                        <div class=\"row m-0\">\r\n                            <div class=\"text-modules__content\">\r\n                                <\/p>\n<div class=\"page\" title=\"Page 1\">\n<div class=\"layoutArea\">\n<div class=\"column\">\n<p><span style=\"font-size: 12pt;font-family: 'trebuchet ms', geneva, sans-serif;color: #000000\">Urodzony 18 grudnia 1948 roku w Bytomiu. Studia matematyczne, 1968 &#8211; 1972, na Uniwersytecie \u015al\u0105skim w Katowicach. Magisterium: <em>Aproksymacje wielo\u015bcianami<\/em>. Od roku 1972 asystent Zak\u0142adu Topologii Instytutu Matematyki tego\u017c Uniwersytetu; w latach 1974 &#8211; 1980 pobyt naukowy w Warszawie, w latach stypendysta Centrum Banacha w Warszawie. Autor wa\u017cnych prac z zakresu topologii po\u015bwi\u0119conych aproksymacjom wielo\u015bcianami, granicom odwrotnym i teorii kszta\u0142tu Borsuka, wsp\u00f3\u0142autor maj\u0105cej trwa\u0142e miejsce w literaturze pracy o superzwarto\u015bci przestrzeni metrycznych zwartych. Odczyt <em>Combinatorial group theory &#8211; applications to shape<\/em> na Mi\u0119dzynarodowej Konferencji z Topologii, Warszawa 1984. W latach 90- doktorant na Uniwersytecie \u015al\u0105skim; nauczyciel Kolegium Nauczycielskiego w Bytomiu w Bytomiu. Zmar\u0142 w lipcu 2005 roku w Bytomiu<\/span><\/p>\n<\/div>\n<\/div>\n<\/div>\n<div class=\"page\" title=\"Page 3\">\n<div class=\"layoutArea\">\n<div class=\"column\">\n<p><span style=\"font-size: 12pt;font-family: 'trebuchet ms', geneva, sans-serif\"><strong>Opracowa\u0142: <\/strong><\/span><span style=\"font-size: 12pt;font-family: 'trebuchet ms', geneva, sans-serif\"><strong>prof. dr hab. Jerzy Mioduszewski<\/strong><\/span><\/p>\n<\/div>\n<\/div>\n<\/div>\n<div class=\"mt-3\"><\/div>\r\n                            <\/div>\r\n                            \r\n                            \r\n                        <\/div>\r\n                    <\/div>\r\n                <\/div>[\/vc_column][\/vc_row]<\/p>","protected":false},"excerpt":{"rendered":"<p>[vc_row][vc_column][\/vc_column][\/vc_row] [&#8230;]<\/p>\n<p><a class=\"btn btn-secondary understrap-read-more-link\" href=\"https:\/\/us.edu.pl\/instytut\/im\/pamietamy\/sp-mgr-marek-strok\/\">Read More&#8230;<\/a><\/p>\n","protected":false},"author":820,"featured_media":0,"parent":2381,"menu_order":0,"comment_status":"closed","ping_status":"closed","template":"","meta":{"_expiration-date-status":"saved","_expiration-date":0,"_expiration-date-type":"","_expiration-date-categories":[],"_expiration-date-options":[]},"acf":[],"_links":{"self":[{"href":"https:\/\/us.edu.pl\/instytut\/im\/wp-json\/wp\/v2\/pages\/3017"}],"collection":[{"href":"https:\/\/us.edu.pl\/instytut\/im\/wp-json\/wp\/v2\/pages"}],"about":[{"href":"https:\/\/us.edu.pl\/instytut\/im\/wp-json\/wp\/v2\/types\/page"}],"author":[{"embeddable":true,"href":"https:\/\/us.edu.pl\/instytut\/im\/wp-json\/wp\/v2\/users\/820"}],"replies":[{"embeddable":true,"href":"https:\/\/us.edu.pl\/instytut\/im\/wp-json\/wp\/v2\/comments?post=3017"}],"version-history":[{"count":1,"href":"https:\/\/us.edu.pl\/instytut\/im\/wp-json\/wp\/v2\/pages\/3017\/revisions"}],"predecessor-version":[{"id":3018,"href":"https:\/\/us.edu.pl\/instytut\/im\/wp-json\/wp\/v2\/pages\/3017\/revisions\/3018"}],"up":[{"embeddable":true,"href":"https:\/\/us.edu.pl\/instytut\/im\/wp-json\/wp\/v2\/pages\/2381"}],"wp:attachment":[{"href":"https:\/\/us.edu.pl\/instytut\/im\/wp-json\/wp\/v2\/media?parent=3017"}],"curies":[{"name":"wp","href":"https:\/\/api.w.org\/{rel}","templated":true}]}}