{"id":3019,"date":"2020-08-31T03:17:25","date_gmt":"2020-08-31T01:17:25","guid":{"rendered":"https:\/\/us.edu.pl\/instytut\/im\/?page_id=3019"},"modified":"2020-08-31T03:17:25","modified_gmt":"2020-08-31T01:17:25","slug":"sp-mgr-bonifacy-szczepanik","status":"publish","type":"page","link":"https:\/\/us.edu.pl\/instytut\/im\/pamietamy\/sp-mgr-bonifacy-szczepanik\/","title":{"rendered":"\u015ap. mgr Bonifacy Szczepanik"},"content":{"rendered":"<p>[vc_row][vc_column]\r\n                <div class=\"text-modules \">\r\n                    <div class=\"container\">\r\n                        <h3 class=\"section-title section-title_border-bottom\">Pami\u0119tamy o...<\/h3> <h3 class=\"subtitle text-modules__subtitle\">Magister Bonifacy Szczepanik (1943-2009)<\/h3>\r\n                        <div class=\"row m-0\">\r\n                            <div class=\"text-modules__content\">\r\n                                <\/p>\n<div class=\"page\" title=\"Page 1\">\n<div class=\"layoutArea\">\n<div class=\"column\">\n<p><span style=\"font-size: 12pt;font-family: 'trebuchet ms', geneva, sans-serif;color: #000000\">Bonifacy Szczepanik urodzi\u0142 si\u0119 30 pa\u017adziernika 1943 roku w Ratyzbonie. W czerwcu 1967 uko\u0144czy\u0142 z tytu\u0142em magistra studia w Wy\u017cszej Szkole Pedagogicznej w Katowicach. Pierwszego pa\u017adziernika tego samego roku rozpocz\u0105\u0142 tam prac\u0119, a od 1968 sta\u0142 si\u0119 pracownikiem Uniwersytetu \u015al\u0105skiego. By\u0142 kolejno asystentem i wyk\u0142adowc\u0105, a od 1 pa\u017adziernika 1990 roku, zosta\u0142 starszym wyk\u0142adowc\u0105 na Uniwersytecie. Od roku 1974 uczestniczy\u0142 czynnie w seminariach Zak\u0142adu Algebry i Teorii Liczb, wyg\u0142aszaj\u0105c liczne referaty. W 1975 roku Magister Szczepanik opublikowa\u0142 prac\u0119 zatytu\u0142owan\u0105 <em>The number of quaternion algebras over a field<\/em>\u00a0(Uniwersytet \u015al\u0105ski w Katowicach Prace Naukowe No. 87, Prace Mat. No. 6). By\u0142 r\u00f3wnie\u017c wsp\u00f3\u0142autorem zbioru zada\u0144 z teorii grup <em>A collection of problems on group theory<\/em> (Uniwersytet \u015al\u0105ski 1979).<\/span><\/p>\n<p><span style=\"font-size: 12pt;font-family: 'trebuchet ms', geneva, sans-serif;color: #000000\">Jako cz\u0142onek komitetu organizacyjnego Polsko-Czesko-S\u0142owackich Konferencji z Teorii Liczb, wsp\u00f3\u0142organizowanych przez Instytut Matematyki Uniwersytetu \u015al\u0105skiego w Katowicach, czuwa\u0142 nad stron\u0105 finansow\u0105 tego przedsi\u0119wzi\u0119cia.<\/span><\/p>\n<p><span style=\"font-size: 12pt;font-family: 'trebuchet ms', geneva, sans-serif;color: #000000\">Magister Bonifacy Szczepanik by\u0142 cz\u0142onkiem Rady Zak\u0142adowej Zwi\u0105zku Nauczycielstwa Polskiego przy Uniwersytecie \u015al\u0105skim. W latach 2003-2006 pe\u0142ni\u0142 funkcje ksi\u0119gowego Zwi\u0105zku. By\u0142 ponadto cz\u0142onkiem G\u00f3rno\u015bl\u0105skiego\u00a0 Oddzia\u0142u Polskiego Towarzystwa Matematycznego, oraz nauczycielem w Zespole Szk\u00f3\u0142 Zawodowych nr 1 w Chorzowie.<\/span><\/p>\n<p><span style=\"font-size: 12pt;font-family: 'trebuchet ms', geneva, sans-serif;color: #000000\">Mimo wielu pe\u0142nionych funkcji i zwi\u0105zanych z tym licznych obowi\u0105zk\u00f3w, Magister Szczepanik wielokrotnie udziela\u0142 si\u0119 spo\u0142ecznie, miedzy innymi w pracowni matematyki Pa\u0142acu M\u0142odzie\u017cy w Katowicach. Za zas\u0142ugi dla szkolnictwa, 14 pa\u017adziernika 2004 roku, zosta\u0142 uhonorowany Medalem Komisji Edukacji Narodowej.<\/span><\/p>\n<p><span style=\"font-size: 12pt;font-family: 'trebuchet ms', geneva, sans-serif;color: #000000\">12 czerwca 2006 roku podczas konferencji delegat\u00f3w ZNP,\u00a0 zosta\u0142 ponownie wybrany do Rady Zwi\u0105zku Nauczycielstwa Polskiego przy Uniwersytecie \u015al\u0105skim na czteroletni\u0105 kadencj\u0119 2006 \u2013 2010. Nie doczeka\u0142 jednak jej ko\u0144ca. Jako kochaj\u0105cy m\u0105\u017c, ojciec i dziadek, odszed\u0142 29 kwietnia 2009 roku. <\/span><\/p>\n<p><span style=\"font-size: 12pt;font-family: 'trebuchet ms', geneva, sans-serif;color: #000000\">W naszej pami\u0119ci na zawsze pozostanie, jako serdeczny i wyrozumia\u0142y wyk\u0142adowca.<\/span><\/p>\n<\/div>\n<\/div>\n<\/div>\n<div class=\"page\" title=\"Page 3\">\n<div class=\"layoutArea\">\n<div class=\"column\">\n<p><span style=\"font-size: 12pt;font-family: 'trebuchet ms', geneva, sans-serif\"><strong>Opracowali: <\/strong><\/span><span style=\"font-size: 12pt;font-family: 'trebuchet ms', geneva, sans-serif\"><strong>Damian Cisowski i Krzysztof Zelner<\/strong><\/span><\/p>\n<\/div>\n<\/div>\n<\/div>\n<div class=\"mt-3\"><\/div>\r\n                            <\/div>\r\n                            \r\n                            <div class=\"text-modules__img\"><a href=\"https:\/\/us.edu.pl\/instytut\/im\/wp-content\/uploads\/sites\/43\/Pami\u0119tamy-o\/skornik.png\" target=\"_blank\"><img src=\"https:\/\/us.edu.pl\/instytut\/im\/wp-content\/uploads\/sites\/43\/Pami\u0119tamy-o\/szczepanik-238x300.jpg\" alt=\"img\"><\/a><\/div>\r\n                        <\/div>\r\n                    <\/div>\r\n                <\/div>[\/vc_column][\/vc_row]<\/p>","protected":false},"excerpt":{"rendered":"<p>[vc_row][vc_column][\/vc_column][\/vc_row] [&#8230;]<\/p>\n<p><a class=\"btn btn-secondary understrap-read-more-link\" href=\"https:\/\/us.edu.pl\/instytut\/im\/pamietamy\/sp-mgr-bonifacy-szczepanik\/\">Read More&#8230;<\/a><\/p>\n","protected":false},"author":820,"featured_media":0,"parent":2381,"menu_order":0,"comment_status":"closed","ping_status":"closed","template":"","meta":{"_expiration-date-status":"saved","_expiration-date":0,"_expiration-date-type":"","_expiration-date-categories":[],"_expiration-date-options":[]},"acf":[],"_links":{"self":[{"href":"https:\/\/us.edu.pl\/instytut\/im\/wp-json\/wp\/v2\/pages\/3019"}],"collection":[{"href":"https:\/\/us.edu.pl\/instytut\/im\/wp-json\/wp\/v2\/pages"}],"about":[{"href":"https:\/\/us.edu.pl\/instytut\/im\/wp-json\/wp\/v2\/types\/page"}],"author":[{"embeddable":true,"href":"https:\/\/us.edu.pl\/instytut\/im\/wp-json\/wp\/v2\/users\/820"}],"replies":[{"embeddable":true,"href":"https:\/\/us.edu.pl\/instytut\/im\/wp-json\/wp\/v2\/comments?post=3019"}],"version-history":[{"count":2,"href":"https:\/\/us.edu.pl\/instytut\/im\/wp-json\/wp\/v2\/pages\/3019\/revisions"}],"predecessor-version":[{"id":3021,"href":"https:\/\/us.edu.pl\/instytut\/im\/wp-json\/wp\/v2\/pages\/3019\/revisions\/3021"}],"up":[{"embeddable":true,"href":"https:\/\/us.edu.pl\/instytut\/im\/wp-json\/wp\/v2\/pages\/2381"}],"wp:attachment":[{"href":"https:\/\/us.edu.pl\/instytut\/im\/wp-json\/wp\/v2\/media?parent=3019"}],"curies":[{"name":"wp","href":"https:\/\/api.w.org\/{rel}","templated":true}]}}