{"id":3024,"date":"2020-08-31T03:26:47","date_gmt":"2020-08-31T01:26:47","guid":{"rendered":"https:\/\/us.edu.pl\/instytut\/im\/?page_id=3024"},"modified":"2020-08-31T03:26:47","modified_gmt":"2020-08-31T01:26:47","slug":"sp-dr-zdzislaw-wyderka","status":"publish","type":"page","link":"https:\/\/us.edu.pl\/instytut\/im\/pamietamy\/sp-dr-zdzislaw-wyderka\/","title":{"rendered":"\u015ap. dr Zdzis\u0142aw Wyderka"},"content":{"rendered":"<p>[vc_row][vc_column]\r\n                <div class=\"text-modules \">\r\n                    <div class=\"container\">\r\n                        <h3 class=\"section-title section-title_border-bottom\">Pami\u0119tamy o...<\/h3> <h3 class=\"subtitle text-modules__subtitle\">Doktor Zdzis\u0142aw Wyderka (1950 - 1996)<\/h3>\r\n                        <div class=\"row m-0\">\r\n                            <div class=\"text-modules__content\">\r\n                                <\/p>\n<div class=\"page\" title=\"Page 1\">\n<div class=\"layoutArea\">\n<div class=\"column\">\n<p><span style=\"font-size: 12pt;font-family: 'trebuchet ms', geneva, sans-serif;color: #000000\">Zdzis\u0142aw Wyderka urodzi\u0142 si\u0119 18.08.1950 r. w Rogo\u017aniku, woj. \u015bl\u0105skie. Zmar\u0142 13.02.1996 r. Studiowa\u0142 na Wydziale Mat-Fiz-Chem. U\u015al uzyskuj\u0105c w 1973 r. stopie\u0144 magistra matematyki. Stopie\u0144 doktora nauk matematycznych uzyska\u0142 w 1980 roku. Promotorem jego pracy magisterskiej i rozprawy doktorskiej by\u0142 prof. dr hab. Tadeusz D\u0142otko.<\/span><\/p>\n<p><span style=\"font-size: 12pt;font-family: 'trebuchet ms', geneva, sans-serif;color: #000000\">Z. Wyderka rozpocz\u0105\u0142 prac\u0119 jako asystent w Instytucie Matematyki U\u015al. w roku 1972. Od 1980 roku pracowa\u0142 tam jako adiunkt. Odby\u0142 trzy sta\u017ce naukowe: dwa semestralne w Mi\u0119dzynarodowym Centrum Matematycznym im. S. Banacha w Warszawie w 1974 i 1980 oraz semestralny na Uniwersytecie Leningradzkim w 1984 roku. Jego zainteresowania naukowe dotyczy\u0142y g\u0142\u00f3wnie r\u00f3wna\u0144 r\u00f3\u017cniczkowych zwyczajnych ze wsp\u00f3\u0142czynnikami miarowymi oraz szeroko rozumianych zagadnie\u0144 optymalizacyjnych, sterowania optymalnego i teorii gier.<\/span><\/p>\n<p><span style=\"font-size: 12pt;font-family: 'trebuchet ms', geneva, sans-serif;color: #000000\">Dorobek naukowy Z. Wyderki obejmuje: monografi\u0119 habilitacyjn\u0105 na temat sterowania optymalnego systemami opisywanymi r\u00f3wnaniami r\u00f3\u017cniczkowymi zwyczajnymi ze wsp\u00f3\u0142czynnikami miarowymi, skrypt z teorii sterowania optymalnego oraz ponad 30 artyku\u0142\u00f3w naukowych. By\u0142 r\u00f3wnie\u017c wsp\u00f3\u0142autorem monografii na temat optymalizacji treningu sportowego, kt\u00f3ra powsta\u0142a jako efekt jego d\u0142ugoletniej wsp\u00f3\u0142pracy z prof. I. Rygu\u0142\u0105 z AWF w Katowicach. Z. Wyderka by\u0142 d\u0142ugoletnim recenzentem w Zentralblatt f\u0171r Mathematik i w Mathematical Reviews, cz\u0142onkiem Polskiego Towarzystwa Matematycznego i American Mathematical Society. By\u0142 promotorem ponad 20 prac magisterskich.<\/span><\/p>\n<\/div>\n<\/div>\n<\/div>\n<div class=\"page\" title=\"Page 3\">\n<div class=\"layoutArea\">\n<div class=\"column\">\n<p><span style=\"font-size: 12pt;font-family: 'trebuchet ms', geneva, sans-serif\"><strong>Opracowa\u0142: dr hab. Wies\u0142aw Kotarski, prof U\u015a<\/strong><\/span><\/p>\n<\/div>\n<\/div>\n<\/div>\n<div class=\"mt-3\"><\/div>\r\n                            <\/div>\r\n                            \r\n                            \r\n                        <\/div>\r\n                    <\/div>\r\n                <\/div>[\/vc_column][\/vc_row]<\/p>","protected":false},"excerpt":{"rendered":"<p>[vc_row][vc_column][\/vc_column][\/vc_row] [&#8230;]<\/p>\n<p><a class=\"btn btn-secondary understrap-read-more-link\" href=\"https:\/\/us.edu.pl\/instytut\/im\/pamietamy\/sp-dr-zdzislaw-wyderka\/\">Read More&#8230;<\/a><\/p>\n","protected":false},"author":820,"featured_media":0,"parent":2381,"menu_order":0,"comment_status":"closed","ping_status":"closed","template":"","meta":{"_expiration-date-status":"saved","_expiration-date":0,"_expiration-date-type":"","_expiration-date-categories":[],"_expiration-date-options":[]},"acf":[],"_links":{"self":[{"href":"https:\/\/us.edu.pl\/instytut\/im\/wp-json\/wp\/v2\/pages\/3024"}],"collection":[{"href":"https:\/\/us.edu.pl\/instytut\/im\/wp-json\/wp\/v2\/pages"}],"about":[{"href":"https:\/\/us.edu.pl\/instytut\/im\/wp-json\/wp\/v2\/types\/page"}],"author":[{"embeddable":true,"href":"https:\/\/us.edu.pl\/instytut\/im\/wp-json\/wp\/v2\/users\/820"}],"replies":[{"embeddable":true,"href":"https:\/\/us.edu.pl\/instytut\/im\/wp-json\/wp\/v2\/comments?post=3024"}],"version-history":[{"count":1,"href":"https:\/\/us.edu.pl\/instytut\/im\/wp-json\/wp\/v2\/pages\/3024\/revisions"}],"predecessor-version":[{"id":3025,"href":"https:\/\/us.edu.pl\/instytut\/im\/wp-json\/wp\/v2\/pages\/3024\/revisions\/3025"}],"up":[{"embeddable":true,"href":"https:\/\/us.edu.pl\/instytut\/im\/wp-json\/wp\/v2\/pages\/2381"}],"wp:attachment":[{"href":"https:\/\/us.edu.pl\/instytut\/im\/wp-json\/wp\/v2\/media?parent=3024"}],"curies":[{"name":"wp","href":"https:\/\/api.w.org\/{rel}","templated":true}]}}