{"id":3027,"date":"2020-08-31T03:35:22","date_gmt":"2020-08-31T01:35:22","guid":{"rendered":"https:\/\/us.edu.pl\/instytut\/im\/?page_id=3027"},"modified":"2020-08-31T03:35:22","modified_gmt":"2020-08-31T01:35:22","slug":"sp-mgr-maria-zajaczkowska","status":"publish","type":"page","link":"https:\/\/us.edu.pl\/instytut\/im\/pamietamy\/sp-mgr-maria-zajaczkowska\/","title":{"rendered":"\u015ap. mgr Maria Zaj\u0105czkowska"},"content":{"rendered":"<p>[vc_row][vc_column]\r\n                <div class=\"text-modules \">\r\n                    <div class=\"container\">\r\n                        <h3 class=\"section-title section-title_border-bottom\">Pami\u0119tamy o...<\/h3> <h3 class=\"subtitle text-modules__subtitle\">Magister Maria Zaj\u0105czkowska (1909 - 2003)<\/h3>\r\n                        <div class=\"row m-0\">\r\n                            <div class=\"text-modules__content\">\r\n                                <\/p>\n<div class=\"page\" title=\"Page 1\">\n<div class=\"layoutArea\">\n<div class=\"column\">\n<p><span style=\"font-size: 12pt;font-family: 'trebuchet ms', geneva, sans-serif;color: #000000\">Maria Zaj\u0105czkowska (22.03.1909 &#8211; 03.01.2003) urodzi\u0142a si\u0119 w Wiedniu. Swoje m\u0142odzie\u0144cze lata sp\u0119dzi\u0142a we Lwowie. Tam ucz\u0119szcza\u0142a do szko\u0142y podstawowej i gimnazjum. Studiowa\u0142a matematyk\u0119 na Wydziale Mat.-Fiz.-Chem. Uniwersytetu Jana Kazimierza we Lwowie. Jej wyk\u0142adowcami byli, mi\u0119dzy innymi: Stefan Banach, Hugo Steinhaus, Juliusz Schauder, Stanis\u0142aw Mazur, W\u0142adys\u0142aw Orlicz, Eustachy \u017byli\u0144ski. <\/span><\/p>\n<p><span style=\"font-size: 12pt;font-family: 'trebuchet ms', geneva, sans-serif;color: #000000\">Bezpo\u015brednio po uko\u0144czeniu studi\u00f3w w 1933 roku odby\u0142a, jako wolontariusz, praktyk\u0119 nauczycielsk\u0105 w Pa\u0144stwowym Gimnazjum \u017be\u0144skim im. Kr\u00f3lowej Jadwigi we Lwowie, w roku 1934 uczy\u0142a w Prywatnym Gimnazjum \u017be\u0144skim SS Urszulanek w Stanis\u0142awowie, a od roku 1936 do wybuchu wojny by\u0142a nauczycielk\u0105 w Prywatnym Gimnazjum PP Benedyktynek w Przemy\u015blu.W czasie okupacji niemieckiej prowadzi\u0142a tajne nauczanie w organizowanych kompletach we Lwowie oraz w powiatach proszowickim, miechowskim i gorlickim.<\/span><\/p>\n<p><span style=\"font-size: 12pt;font-family: 'trebuchet ms', geneva, sans-serif;color: #000000\">Po wojnie znalaz\u0142a si\u0119 na \u015al\u0105sku i od 1945 roku uczy\u0142a matematyki: w Pa\u0144stwowym Gimnazjum im. B. Prusa w Sosnowcu, w Liceum Handlowym, a w latach 1948-1951 tak\u017ce w Liceum im. Emilii Plater. By\u0142a te\u017c nauczycielk\u0105 na kursie przygotowawczym na wy\u017csze uczelnie dla wytypowanych przez w\u0142adze robotnik\u00f3w. Od roku 1951 pracowa\u0142a w Wy\u017cszej Szkole Pedagogicznej w Katowicach, kolejno jako starszy asystent, potem przez wiele lat jako adiunkt, a nast\u0119pnie wyk\u0142adowca. W tym charakterze podj\u0119\u0142a prac\u0119 na utworzonym w 1968 roku Uniwersytecie \u015al\u0105skim. Po przej\u015bciu na emerytur\u0119 w 1969 roku w dalszym ci\u0105gu prowadzi\u0142a na Uniwersytecie \u015al\u0105skim zaj\u0119cia dydaktyczne w ramach prac zleconych. <\/span><\/p>\n<p><span style=\"font-size: 12pt;font-family: 'trebuchet ms', geneva, sans-serif;color: #000000\">Recenzowa\u0142a podr\u0119czniki matematyki dla klas licealnych i zasadniczych szk\u00f3\u0142 zawodowych, projekty nauczania matematyki w liceach og\u00f3lnokszta\u0142c\u0105cych, projekty programu nauczania matematyki na Studiach Nauczycielskich. Pisa\u0142a wiersze i artyku\u0142y do gazet. Jako pierwsza w Katowicach &#8211; by\u0142y to lata pi\u0119\u0107dziesi\u0105te i sze\u015b\u0107dziesi\u0105te ubieg\u0142ego wieku &#8211; zorganizowa\u0142a i prowadzi\u0142a Mi\u0119dzyszkolne K\u00f3\u0142ko Matematyczne. Pocz\u0105wszy od 1955 roku, dla uczni\u00f3w klas licealnych, urz\u0105dza\u0142a Wieczornice Matematyczne i konkursy uczniowskie. <\/span><\/p>\n<p><span style=\"font-size: 12pt;font-family: 'trebuchet ms', geneva, sans-serif;color: #000000\">Od roku szkolnego 1963\/64 przygotowywa\u0142a nauczycieli do wprowadzenia nowego programu matematyki w szko\u0142ach \u015brednich, kt\u00f3rego realizacj\u0119 rozpocz\u0119to w roku szkolnym 1967\/68. Kszta\u0142ci\u0142a nauczycieli szk\u00f3\u0142 \u015brednich z zakresu geometrii i rachunku prawdopodobie\u0144stwa. <\/span><\/p>\n<p><span style=\"font-size: 12pt;font-family: 'trebuchet ms', geneva, sans-serif;color: #000000\">Za swoje zas\u0142ugi otrzyma\u0142a liczne odznaczenia. W dorobku Marii Zaj\u0105czkowskiej jest 10 publikacji z zakresu dydaktyki matematyki, zamieszczonych w czasopi\u015bmie dla nauczycieli Matematyka i innych czasopismach polskich oraz niemieckich. S\u0105 w\u015br\u00f3d nich: <em>Metoda przekszta\u0142ce\u0144 w geometrii<\/em>, Matematyka, nr 2 (1965); <em>Funktion in der Schulunterricht<\/em>, Mathematik in der Schule, nr 6 (1963).<\/span><\/p>\n<\/div>\n<\/div>\n<\/div>\n<div class=\"page\" title=\"Page 3\">\n<div class=\"layoutArea\">\n<div class=\"column\">\n<p><span style=\"font-size: 12pt;font-family: 'trebuchet ms', geneva, sans-serif\"><strong>Opracowa\u0142a: dr Krystyna Sk\u00f3rnik<\/strong><\/span><\/p>\n<\/div>\n<\/div>\n<\/div>\n<div class=\"mt-3\"><\/div>\r\n                            <\/div>\r\n                            \r\n                            <div class=\"text-modules__img\"><a href=\"https:\/\/us.edu.pl\/instytut\/im\/wp-content\/uploads\/sites\/43\/Pami\u0119tamy-o\/skornik.png\" target=\"_blank\"><img src=\"https:\/\/us.edu.pl\/instytut\/im\/wp-content\/uploads\/sites\/43\/Pami\u0119tamy-o\/zajaczkowska.jpg\" alt=\"img\"><\/a><\/div>\r\n                        <\/div>\r\n                    <\/div>\r\n                <\/div>[\/vc_column][\/vc_row]<\/p>","protected":false},"excerpt":{"rendered":"<p>[vc_row][vc_column][\/vc_column][\/vc_row] [&#8230;]<\/p>\n<p><a class=\"btn btn-secondary understrap-read-more-link\" href=\"https:\/\/us.edu.pl\/instytut\/im\/pamietamy\/sp-mgr-maria-zajaczkowska\/\">Read More&#8230;<\/a><\/p>\n","protected":false},"author":820,"featured_media":0,"parent":2381,"menu_order":0,"comment_status":"closed","ping_status":"closed","template":"","meta":{"_expiration-date-status":"saved","_expiration-date":0,"_expiration-date-type":"","_expiration-date-categories":[],"_expiration-date-options":[]},"acf":[],"_links":{"self":[{"href":"https:\/\/us.edu.pl\/instytut\/im\/wp-json\/wp\/v2\/pages\/3027"}],"collection":[{"href":"https:\/\/us.edu.pl\/instytut\/im\/wp-json\/wp\/v2\/pages"}],"about":[{"href":"https:\/\/us.edu.pl\/instytut\/im\/wp-json\/wp\/v2\/types\/page"}],"author":[{"embeddable":true,"href":"https:\/\/us.edu.pl\/instytut\/im\/wp-json\/wp\/v2\/users\/820"}],"replies":[{"embeddable":true,"href":"https:\/\/us.edu.pl\/instytut\/im\/wp-json\/wp\/v2\/comments?post=3027"}],"version-history":[{"count":1,"href":"https:\/\/us.edu.pl\/instytut\/im\/wp-json\/wp\/v2\/pages\/3027\/revisions"}],"predecessor-version":[{"id":3028,"href":"https:\/\/us.edu.pl\/instytut\/im\/wp-json\/wp\/v2\/pages\/3027\/revisions\/3028"}],"up":[{"embeddable":true,"href":"https:\/\/us.edu.pl\/instytut\/im\/wp-json\/wp\/v2\/pages\/2381"}],"wp:attachment":[{"href":"https:\/\/us.edu.pl\/instytut\/im\/wp-json\/wp\/v2\/media?parent=3027"}],"curies":[{"name":"wp","href":"https:\/\/api.w.org\/{rel}","templated":true}]}}