{"id":3030,"date":"2020-08-31T03:45:58","date_gmt":"2020-08-31T01:45:58","guid":{"rendered":"https:\/\/us.edu.pl\/instytut\/im\/?page_id=3030"},"modified":"2020-08-31T03:45:58","modified_gmt":"2020-08-31T01:45:58","slug":"sp-dr-kazimierz-zima","status":"publish","type":"page","link":"https:\/\/us.edu.pl\/instytut\/im\/pamietamy\/sp-dr-kazimierz-zima\/","title":{"rendered":"\u015ap. dr Kazimierz Zima"},"content":{"rendered":"<p>[vc_row][vc_column]\r\n                <div class=\"text-modules \">\r\n                    <div class=\"container\">\r\n                        <h3 class=\"section-title section-title_border-bottom\">Pami\u0119tamy o...<\/h3> <h3 class=\"subtitle text-modules__subtitle\">Doktor Kazimierz Zima (1928 - 2000)<\/h3>\r\n                        <div class=\"row m-0\">\r\n                            <div class=\"text-modules__content\">\r\n                                <\/p>\n<div class=\"page\" title=\"Page 1\">\n<div class=\"layoutArea\">\n<div class=\"column\">\n<p><span style=\"font-size: 12pt;font-family: 'trebuchet ms', geneva, sans-serif;color: #000000\">Kazimierz Zima urodzi\u0142 si\u0119 4 wrze\u015bnia 1928 roku w Lubatowej (wojew\u00f3dztwo podkarpackie). W 1946 roku uko\u0144czy\u0142 szko\u0142\u0119 podstawow\u0105 w Miejscu Piastowym. W latach 1946-1950 ucz\u0119szcza\u0142 do Liceum Og\u00f3lnokszta\u0142c\u0105cego im. Miko\u0142aja Kopernika w Kro\u015bnie. W 1950 roku rozpocz\u0105\u0142 studia I stopnia na kierunku matematyka na Wydziale Matematyki, Fizyki i Chemii Wy\u017cszej Szko\u0142y Pedagogicznej w Katowicach. Jeszcze podczas studi\u00f3w, w 1952 roku zosta\u0142 zatrudniony na tej uczelni na stanowisku m\u0142odszego asystenta. Studia uko\u0144czy\u0142 w 1953 roku. <\/span><\/p>\n<p><span style=\"font-size: 12pt;font-family: 'trebuchet ms', geneva, sans-serif;color: #000000\">Od 15 sierpnia do 30 wrze\u015bnia 1953 roku pracowa\u0142 jako nauczyciel matematyki w I Liceum Og\u00f3lnokszta\u0142c\u0105cym w Mielcu, po czym zosta\u0142 skierowany na uzupe\u0142niaj\u0105ce studia magisterskie na kierunku matematyka na Wydziale Matematyki, Fizyki i Chemii Uniwersytetu Jagiello\u0144skiego. Studia te uko\u0144czy\u0142 18 czerwca 1955 roku. W latach 1955-1967 pracowa\u0142 w Wy\u017cszej Szkole Pedagogicznej w Katowicach na stanowiskach asystenta, starszego asystenta i adiunkta.<\/span><\/p>\n<p><span style=\"font-size: 12pt;font-family: 'trebuchet ms', geneva, sans-serif;color: #000000\">W dniu 26 marca 1964 roku uzyska\u0142 stopie\u0144 doktora nauk matematyczno-fizycznych na Wydziale Matematyki, Fizyki i Chemii Uniwersytetu Jagiello\u0144skiego. Promotorem rozprawy <em>Nier\u00f3wno\u015bci r\u00f3\u017cniczkowe z op\u00f3\u017anionym argumentem<\/em> by\u0142 prof. dr hab. Jacek Szarski.<\/span><\/p>\n<p><span style=\"font-size: 12pt;font-family: 'trebuchet ms', geneva, sans-serif;color: #000000\">W 1967 roku przeni\u00f3s\u0142 si\u0119 do Wy\u017cszej Szko\u0142y Pedagogicznej w Rzeszowie. Od 1968 roku pracowa\u0142 na tej uczelni na stanowisku docenta etatowego. W latach 1968-1973 by\u0142 dziekanem Wydzia\u0142u Matematyki, Fizyki i Wychowania Technicznego WSP w Rzeszowie. W latach 1984-1990 pe\u0142ni\u0142 funkcj\u0119 prodziekana ds. studi\u00f3w zaocznych Wydzia\u0142u Matematyki i Fizyki WSP w Rzeszowie. Ponadto w latach 1976-1980 by\u0142 kierownikiem Katedry Matematyki WSP w Rzeszowie, a w latach 1968-1990 kierownikiem Zak\u0142adu Analizy Matematycznej. Wypromowa\u0142 ponad 200 magistrant\u00f3w na studiach dziennych i zaocznych. Przeszed\u0142 na emerytur\u0119 w 1988 roku.<\/span><\/p>\n<p><span style=\"font-size: 12pt;font-family: 'trebuchet ms', geneva, sans-serif;color: #000000\">W swojej pracy naukowej zajmowa\u0142 si\u0119 g\u0142ownie r\u00f3wnaniami i nier\u00f3wno\u015bciami r\u00f3\u017cniczkowymi z przesuni\u0119tym argumentem. Opublikowa\u0142 ponad 30 prac naukowych. By\u0142 recenzentem \u201eMathematical Reviews\u201d, a tak\u017ce recenzowa\u0142 prace naukowe dla czasopism matematycznych. <\/span><\/p>\n<p><span style=\"font-size: 12pt;font-family: 'trebuchet ms', geneva, sans-serif;color: #000000\">W 1958 roku zosta\u0142 cz\u0142onkiem Oddzia\u0142u Gliwickiego (obecnie Oddzia\u0142 G\u00f3rno\u015bl\u0105ski) Polskiego Towarzystwa Matematycznego, a od roku 1968 by\u0142 cz\u0142onkiem Oddzia\u0142u Rzeszowskiego PTM. Przez jedn\u0105 kadencj\u0119 pe\u0142ni\u0142 funkcj\u0119 prezesa tego Oddzia\u0142u.<\/span><\/p>\n<p><span style=\"font-size: 12pt;font-family: 'trebuchet ms', geneva, sans-serif;color: #000000\">Kazimierz Zima zmar\u0142 9 marca 2000 roku w Rzeszowie.<\/span><\/p>\n<\/div>\n<\/div>\n<\/div>\n<div class=\"page\" title=\"Page 3\">\n<div class=\"layoutArea\">\n<div class=\"column\">\n<p><span style=\"font-size: 12pt;font-family: 'trebuchet ms', geneva, sans-serif\"><strong>Opracowa\u0142a: dr Krystyna Sk\u00f3rnik<\/strong><\/span><\/p>\n<\/div>\n<\/div>\n<\/div>\n<div class=\"mt-3\"><\/div>\r\n                            <\/div>\r\n                            \r\n                            <div class=\"text-modules__img\"><a href=\"https:\/\/us.edu.pl\/instytut\/im\/wp-content\/uploads\/sites\/43\/Pami\u0119tamy-o\/skornik.png\" target=\"_blank\"><img src=\"https:\/\/us.edu.pl\/instytut\/im\/wp-content\/uploads\/sites\/43\/Pami\u0119tamy-o\/zima.jpg\" alt=\"img\"><\/a><\/div>\r\n                        <\/div>\r\n                    <\/div>\r\n                <\/div>[\/vc_column][\/vc_row]<\/p>","protected":false},"excerpt":{"rendered":"<p>[vc_row][vc_column][\/vc_column][\/vc_row] [&#8230;]<\/p>\n<p><a class=\"btn btn-secondary understrap-read-more-link\" href=\"https:\/\/us.edu.pl\/instytut\/im\/pamietamy\/sp-dr-kazimierz-zima\/\">Read More&#8230;<\/a><\/p>\n","protected":false},"author":820,"featured_media":0,"parent":2381,"menu_order":0,"comment_status":"closed","ping_status":"closed","template":"","meta":{"_expiration-date-status":"saved","_expiration-date":0,"_expiration-date-type":"","_expiration-date-categories":[],"_expiration-date-options":[]},"acf":[],"_links":{"self":[{"href":"https:\/\/us.edu.pl\/instytut\/im\/wp-json\/wp\/v2\/pages\/3030"}],"collection":[{"href":"https:\/\/us.edu.pl\/instytut\/im\/wp-json\/wp\/v2\/pages"}],"about":[{"href":"https:\/\/us.edu.pl\/instytut\/im\/wp-json\/wp\/v2\/types\/page"}],"author":[{"embeddable":true,"href":"https:\/\/us.edu.pl\/instytut\/im\/wp-json\/wp\/v2\/users\/820"}],"replies":[{"embeddable":true,"href":"https:\/\/us.edu.pl\/instytut\/im\/wp-json\/wp\/v2\/comments?post=3030"}],"version-history":[{"count":1,"href":"https:\/\/us.edu.pl\/instytut\/im\/wp-json\/wp\/v2\/pages\/3030\/revisions"}],"predecessor-version":[{"id":3031,"href":"https:\/\/us.edu.pl\/instytut\/im\/wp-json\/wp\/v2\/pages\/3030\/revisions\/3031"}],"up":[{"embeddable":true,"href":"https:\/\/us.edu.pl\/instytut\/im\/wp-json\/wp\/v2\/pages\/2381"}],"wp:attachment":[{"href":"https:\/\/us.edu.pl\/instytut\/im\/wp-json\/wp\/v2\/media?parent=3030"}],"curies":[{"name":"wp","href":"https:\/\/api.w.org\/{rel}","templated":true}]}}